{"id":9419,"date":"2022-02-28T16:59:47","date_gmt":"2022-02-28T15:59:47","guid":{"rendered":"https:\/\/cbndeutschland.org\/?page_id=9419"},"modified":"2024-02-22T17:06:44","modified_gmt":"2024-02-22T16:06:44","slug":"spenden-ukraine","status":"publish","type":"page","link":"https:\/\/cbndeutschland.org\/de\/spenden-ukraine\/","title":{"rendered":"Ukraine Hilfe \u2013 Unser Einsatz im Ukraine Konflikt"},"content":{"rendered":"<div class=\"wpb-content-wrapper\">[vc_row fullwidth=&#8220;true&#8220; visibility=&#8220;hidden-sm&#8220;][vc_column][vc_single_image image=&#8220;9735&#8243; img_size=&#8220;full&#8220;][vc_empty_space][\/vc_column][\/vc_row][vc_row fullwidth=&#8220;true&#8220; visibility=&#8220;visible-sm&#8220;][vc_column][vc_single_image image=&#8220;9750&#8243; img_size=&#8220;1100&#215;995&#8243;][vc_empty_space height=&#8220;40px&#8220;][\/vc_column][\/vc_row][vc_row][vc_column][vc_btn title=&#8220;JETZT SPENDEN&#8220; color=&#8220;primary&#8220; align=&#8220;center&#8220; link=&#8220;url:%23SpendeUkraine&#8220;][vc_column_text css=&#8220;.vc_custom_1652091395593{margin-bottom: 0px !important;}&#8220;]\n<h1 style=\"text-align: center; color: #2c35dd;\"><strong>So helfen wir Fl\u00fcchtlingen, Frauen und Kindern<\/strong><\/h1>\n[\/vc_column_text][vc_column_text css=&#8220;.vc_custom_1652091421988{margin-bottom: 0px !important;}&#8220;]<strong>Die Auswirkungen des Ukraine-Kriegs auf die Bev\u00f6lkerung sind katastrophal. Die CBN-Hilfswerke sind vor Ort: An den Grenzen in Polen und Rum\u00e4nien versorgen sie u.a. ankommende Gefl\u00fcchtete und haben mehrere Lagerh\u00e4user eingerichtet, die Hilfsg\u00fcter verteilen.<\/strong>[\/vc_column_text][vc_row_inner][vc_column_inner width=&#8220;1\/2&#8243;][vc_video link=&#8220;https:\/\/www.youtube.com\/watch?v=KWcK7XVJdBw&#8220;][mk_divider style=&#8220;padding_space&#8220;][\/vc_column_inner][vc_column_inner width=&#8220;1\/2&#8243;][vc_video link=&#8220;https:\/\/www.youtube.com\/watch?v=5kojDjFDZQA&#8220;][mk_divider style=&#8220;padding_space&#8220;][\/vc_column_inner][\/vc_row_inner][vc_column_text css=&#8220;.vc_custom_1652091534328{margin-bottom: 0px !important;}&#8220;]Der Fl\u00fcchtlingsstrom an den Grenzen der Ukraine ist nicht abgebrochen. Immer noch erreichen Frauen und Kinder die \u00dcberg\u00e4nge in andere L\u00e4nder. Die CBN-Hilfswerke \u201eOrphan\u2019s Promise\u201c und \u201eOperation Blessing\u201c sind in Polen und Rum\u00e4nien aktiv. In Polen wurde ein riesiges Zelt aufgebaut, in dem die teilweise traumatisierten Gefl\u00fcchteten mit Lebensmitteln, Decken und warmen Getr\u00e4nken versorgt werden. Dort k\u00f6nnen sie sich ausruhen. Zudem stehen russischsprachige Therapeuten f\u00fcr Gespr\u00e4che bereit und unterst\u00fctzen Familien das Erlebte zu verarbeiten. Es gibt auch einen extra eingerichteten Kinderbereich mit Spielsachen, Kinderb\u00fcchern und der Kinderserie Superbuch in ihrer eigenen Sprache. CBN unterst\u00fctzt \u00e4hnliche Projekte in Rum\u00e4nien, die Gefl\u00fcchtete aufnehmen, sie versorgen und ihnen eine Weiterreise erm\u00f6glichen.<\/p>\n<p>In der Ukraine wurde ein Lagerhaus eingerichtet, von dem aus ukrainische Kollegen und freiwillige Helfer die Hilfsg\u00fcter innerhalb des Landes verteilen, weil Versorgungsengp\u00e4sse dort zu gro\u00dfer Not und Hunger gef\u00fchrt haben. Ein weiteres Lagerhaus in Polen beliefert Kirchen, welche wiederum die G\u00fcter an die Fl\u00fcchtlinge dort verteilen.<\/p>\n<p>Die CBN-Hilfswerke waren lange vor dem Krieg bereits in der Ukraine aktiv. So konnten sie bei Ausbruch des Krieges sofort mit der Nothilfe beginnen. In keinem Land gibt es mehr Projekte des Kinderhilfswerks \u201eOrphan\u2019s Promise\u201c als in der Ukraine.[\/vc_column_text][vc_row_inner][vc_column_inner][\/vc_column_inner][\/vc_row_inner][vc_row_inner][vc_column_inner][vc_empty_space][\/vc_column_inner][\/vc_row_inner][\/vc_column][\/vc_row][vc_row fullwidth=&#8220;true&#8220; css=&#8220;.vc_custom_1708617280911{background-color: #f2f2f2 !important;}&#8220;][vc_column width=&#8220;1\/4&#8243;][\/vc_column][vc_column width=&#8220;1\/2&#8243;][vc_empty_space el_id=&#8220;SpendeUkraine&#8220;][\/vc_column][vc_column width=&#8220;1\/4&#8243;][\/vc_column][\/vc_row][vc_row fullwidth=&#8220;true&#8220; css=&#8220;.vc_custom_1708617280911{background-color: #f2f2f2 !important;}&#8220;][vc_column width=&#8220;1\/4&#8243;][\/vc_column][vc_column width=&#8220;1\/2&#8243; css=&#8220;.vc_custom_1708617913205{background-color: #ffffff !important;}&#8220;][vc_empty_space][vc_column_text css=&#8220;.vc_custom_1708617934112{margin-bottom: 0px !important;}&#8220;]\n<h2 style=\"text-align: center;\"><strong>Helfen Sie mit Ihrer Spende den Menschen in Katastrophengebieten<\/strong><\/h2>\n[\/vc_column_text][vc_empty_space][vc_raw_js]JTVCdHdpbmdsZSUyMHByb2plY3QlM0QlMjJ0dzY1ZDc2NDM2ZGZiMTclMjIlMjB0eXBlJTNEZm9ybSU1RA==[\/vc_raw_js][vc_column_text css=&#8220;.vc_custom_1708617041561{margin-bottom: 0px !important;}&#8220;]\n<p style=\"text-align: center; font-size: 90%;\">Ihre Spende an CBN Deutschland k\u00f6nnen Sie steuerlich geltend machen.<\/p>\n[\/vc_column_text][\/vc_column][vc_column width=&#8220;1\/4&#8243;][\/vc_column][\/vc_row][vc_row fullwidth=&#8220;true&#8220; css=&#8220;.vc_custom_1708617280911{background-color: #f2f2f2 !important;}&#8220;][vc_column width=&#8220;1\/4&#8243;][\/vc_column][vc_column width=&#8220;1\/2&#8243;][vc_empty_space][vc_column_text css=&#8220;.vc_custom_1708617406250{margin-bottom: 0px !important;}&#8220;]\n<p style=\"font-size: 200%; text-align: center;\">\u00a0<strong>Herzlichen Dank f\u00fcr Ihre Unterst\u00fctzung.<\/strong><\/p>\n[\/vc_column_text][vc_empty_space][\/vc_column][vc_column width=&#8220;1\/4&#8243;][\/vc_column][\/vc_row][vc_row][vc_column][\/vc_column][\/vc_row][vc_row][vc_column][\/vc_column][\/vc_row]\n<\/div>","protected":false},"excerpt":{"rendered":"<p>[vc_row fullwidth=&#8220;true&#8220; visibility=&#8220;hidden-sm&#8220;][vc_column][vc_single_image image=&#8220;9735&#8243; img_size=&#8220;full&#8220;][vc_empty_space][\/vc_column][\/vc_row][vc_row fullwidth=&#8220;true&#8220; visibility=&#8220;visible-sm&#8220;][vc_column][vc_single_image image=&#8220;9750&#8243; img_size=&#8220;1100&#215;995&#8243;][vc_empty_space height=&#8220;40px&#8220;][\/vc_column][\/vc_row][vc_row][vc_column][vc_btn title=&#8220;JETZT SPENDEN&#8220; color=&#8220;primary&#8220; align=&#8220;center&#8220; link=&#8220;url:%23SpendeUkraine&#8220;][vc_column_text css=&#8220;.vc_custom_1652091395593{margin-bottom: 0px !important;}&#8220;] So helfen wir Fl\u00fcchtlingen, Frauen und Kindern [\/vc_column_text][vc_column_text css=&#8220;.vc_custom_1652091421988{margin-bottom: 0px !important;}&#8220;]Die Auswirkungen des Ukraine-Kriegs auf die Bev\u00f6lkerung sind katastrophal. Die CBN-Hilfswerke sind vor Ort: An den Grenzen in Polen und Rum\u00e4nien versorgen sie u.a. ankommende Gefl\u00fcchtete und [&hellip;]<\/p>\n","protected":false},"author":2,"featured_media":0,"parent":0,"menu_order":0,"comment_status":"closed","ping_status":"closed","template":"","meta":{"footnotes":"","_links_to":"","_links_to_target":""},"class_list":["post-9419","page","type-page","status-publish","hentry"],"yoast_head":"<!-- This site is optimized with the Yoast SEO plugin v27.1.1 - https:\/\/yoast.com\/product\/yoast-seo-wordpress\/ -->\n<title>Ukraine Hilfe \u2013 Unser Einsatz im Ukraine Konflikt - CBN Deutschland<\/title>\n<meta name=\"description\" content=\"Die CBN Hilfswerke Orphan\u2019s Promise und Operation Blessing arbeiten weiter in der Ukraine. Helfen Sie jetzt mit Ihrer Spende!\" \/>\n<meta name=\"robots\" content=\"index, follow, max-snippet:-1, max-image-preview:large, max-video-preview:-1\" \/>\n<link rel=\"canonical\" href=\"https:\/\/cbndeutschland.org\/de\/spenden-ukraine\/\" \/>\n<meta property=\"og:locale\" content=\"de_DE\" \/>\n<meta property=\"og:type\" content=\"article\" \/>\n<meta property=\"og:title\" content=\"Ukraine Hilfe \u2013 Unser Einsatz im Ukraine Konflikt - CBN Deutschland\" \/>\n<meta property=\"og:description\" content=\"Die CBN Hilfswerke Orphan\u2019s Promise und Operation Blessing arbeiten weiter in der Ukraine. Helfen Sie jetzt mit Ihrer Spende!\" \/>\n<meta property=\"og:url\" content=\"https:\/\/cbndeutschland.org\/de\/spenden-ukraine\/\" \/>\n<meta property=\"og:site_name\" content=\"CBN Deutschland\" \/>\n<meta property=\"article:modified_time\" content=\"2024-02-22T16:06:44+00:00\" \/>\n<meta name=\"twitter:card\" content=\"summary_large_image\" \/>\n<meta name=\"twitter:label1\" content=\"Est. reading time\" \/>\n\t<meta name=\"twitter:data1\" content=\"2 Minuten\" \/>\n<script type=\"application\/ld+json\" class=\"yoast-schema-graph\">{\"@context\":\"https:\/\/schema.org\",\"@graph\":[{\"@type\":\"WebPage\",\"@id\":\"https:\/\/cbndeutschland.org\/de\/spenden-ukraine\/\",\"url\":\"https:\/\/cbndeutschland.org\/de\/spenden-ukraine\/\",\"name\":\"Ukraine Hilfe \u2013 Unser Einsatz im Ukraine Konflikt - CBN Deutschland\",\"isPartOf\":{\"@id\":\"https:\/\/cbndeutschland.org\/de\/#website\"},\"datePublished\":\"2022-02-28T15:59:47+00:00\",\"dateModified\":\"2024-02-22T16:06:44+00:00\",\"description\":\"Die CBN Hilfswerke Orphan\u2019s Promise und Operation Blessing arbeiten weiter in der Ukraine. Helfen Sie jetzt mit Ihrer Spende!\",\"breadcrumb\":{\"@id\":\"https:\/\/cbndeutschland.org\/de\/spenden-ukraine\/#breadcrumb\"},\"inLanguage\":\"de-DE\",\"potentialAction\":[{\"@type\":\"ReadAction\",\"target\":[\"https:\/\/cbndeutschland.org\/de\/spenden-ukraine\/\"]}]},{\"@type\":\"BreadcrumbList\",\"@id\":\"https:\/\/cbndeutschland.org\/de\/spenden-ukraine\/#breadcrumb\",\"itemListElement\":[{\"@type\":\"ListItem\",\"position\":1,\"name\":\"Startseite\",\"item\":\"https:\/\/cbndeutschland.org\/de\/\"},{\"@type\":\"ListItem\",\"position\":2,\"name\":\"Ukraine Hilfe \u2013 Unser Einsatz im Ukraine Konflikt\"}]},{\"@type\":\"WebSite\",\"@id\":\"https:\/\/cbndeutschland.org\/de\/#website\",\"url\":\"https:\/\/cbndeutschland.org\/de\/\",\"name\":\"CBN Deutschland\",\"description\":\"CBN Deutschland\",\"publisher\":{\"@id\":\"https:\/\/cbndeutschland.org\/de\/#organization\"},\"potentialAction\":[{\"@type\":\"SearchAction\",\"target\":{\"@type\":\"EntryPoint\",\"urlTemplate\":\"https:\/\/cbndeutschland.org\/de\/?s={search_term_string}\"},\"query-input\":{\"@type\":\"PropertyValueSpecification\",\"valueRequired\":true,\"valueName\":\"search_term_string\"}}],\"inLanguage\":\"de-DE\"},{\"@type\":\"Organization\",\"@id\":\"https:\/\/cbndeutschland.org\/de\/#organization\",\"name\":\"CBN Deutschland\",\"url\":\"https:\/\/cbndeutschland.org\/de\/\",\"logo\":{\"@type\":\"ImageObject\",\"inLanguage\":\"de-DE\",\"@id\":\"https:\/\/cbndeutschland.org\/de\/#\/schema\/logo\/image\/\",\"url\":\"https:\/\/cbndeutschland.org\/wp-content\/uploads\/2017\/02\/cbn-logo-web-blue.png\",\"contentUrl\":\"https:\/\/cbndeutschland.org\/wp-content\/uploads\/2017\/02\/cbn-logo-web-blue.png\",\"width\":385,\"height\":55,\"caption\":\"CBN Deutschland\"},\"image\":{\"@id\":\"https:\/\/cbndeutschland.org\/de\/#\/schema\/logo\/image\/\"}}]}<\/script>\n<!-- \/ Yoast SEO plugin. -->","yoast_head_json":{"title":"Ukraine Hilfe \u2013 Unser Einsatz im Ukraine Konflikt - CBN Deutschland","description":"Die CBN Hilfswerke Orphan\u2019s Promise und Operation Blessing arbeiten weiter in der Ukraine. Helfen Sie jetzt mit Ihrer Spende!","robots":{"index":"index","follow":"follow","max-snippet":"max-snippet:-1","max-image-preview":"max-image-preview:large","max-video-preview":"max-video-preview:-1"},"canonical":"https:\/\/cbndeutschland.org\/de\/spenden-ukraine\/","og_locale":"de_DE","og_type":"article","og_title":"Ukraine Hilfe \u2013 Unser Einsatz im Ukraine Konflikt - CBN Deutschland","og_description":"Die CBN Hilfswerke Orphan\u2019s Promise und Operation Blessing arbeiten weiter in der Ukraine. Helfen Sie jetzt mit Ihrer Spende!","og_url":"https:\/\/cbndeutschland.org\/de\/spenden-ukraine\/","og_site_name":"CBN Deutschland","article_modified_time":"2024-02-22T16:06:44+00:00","twitter_card":"summary_large_image","twitter_misc":{"Est. reading time":"2 Minuten"},"schema":{"@context":"https:\/\/schema.org","@graph":[{"@type":"WebPage","@id":"https:\/\/cbndeutschland.org\/de\/spenden-ukraine\/","url":"https:\/\/cbndeutschland.org\/de\/spenden-ukraine\/","name":"Ukraine Hilfe \u2013 Unser Einsatz im Ukraine Konflikt - CBN Deutschland","isPartOf":{"@id":"https:\/\/cbndeutschland.org\/de\/#website"},"datePublished":"2022-02-28T15:59:47+00:00","dateModified":"2024-02-22T16:06:44+00:00","description":"Die CBN Hilfswerke Orphan\u2019s Promise und Operation Blessing arbeiten weiter in der Ukraine. Helfen Sie jetzt mit Ihrer Spende!","breadcrumb":{"@id":"https:\/\/cbndeutschland.org\/de\/spenden-ukraine\/#breadcrumb"},"inLanguage":"de-DE","potentialAction":[{"@type":"ReadAction","target":["https:\/\/cbndeutschland.org\/de\/spenden-ukraine\/"]}]},{"@type":"BreadcrumbList","@id":"https:\/\/cbndeutschland.org\/de\/spenden-ukraine\/#breadcrumb","itemListElement":[{"@type":"ListItem","position":1,"name":"Startseite","item":"https:\/\/cbndeutschland.org\/de\/"},{"@type":"ListItem","position":2,"name":"Ukraine Hilfe \u2013 Unser Einsatz im Ukraine Konflikt"}]},{"@type":"WebSite","@id":"https:\/\/cbndeutschland.org\/de\/#website","url":"https:\/\/cbndeutschland.org\/de\/","name":"CBN Deutschland","description":"CBN Deutschland","publisher":{"@id":"https:\/\/cbndeutschland.org\/de\/#organization"},"potentialAction":[{"@type":"SearchAction","target":{"@type":"EntryPoint","urlTemplate":"https:\/\/cbndeutschland.org\/de\/?s={search_term_string}"},"query-input":{"@type":"PropertyValueSpecification","valueRequired":true,"valueName":"search_term_string"}}],"inLanguage":"de-DE"},{"@type":"Organization","@id":"https:\/\/cbndeutschland.org\/de\/#organization","name":"CBN Deutschland","url":"https:\/\/cbndeutschland.org\/de\/","logo":{"@type":"ImageObject","inLanguage":"de-DE","@id":"https:\/\/cbndeutschland.org\/de\/#\/schema\/logo\/image\/","url":"https:\/\/cbndeutschland.org\/wp-content\/uploads\/2017\/02\/cbn-logo-web-blue.png","contentUrl":"https:\/\/cbndeutschland.org\/wp-content\/uploads\/2017\/02\/cbn-logo-web-blue.png","width":385,"height":55,"caption":"CBN Deutschland"},"image":{"@id":"https:\/\/cbndeutschland.org\/de\/#\/schema\/logo\/image\/"}}]}},"_links":{"self":[{"href":"https:\/\/cbndeutschland.org\/de\/wp-json\/wp\/v2\/pages\/9419","targetHints":{"allow":["GET"]}}],"collection":[{"href":"https:\/\/cbndeutschland.org\/de\/wp-json\/wp\/v2\/pages"}],"about":[{"href":"https:\/\/cbndeutschland.org\/de\/wp-json\/wp\/v2\/types\/page"}],"author":[{"embeddable":true,"href":"https:\/\/cbndeutschland.org\/de\/wp-json\/wp\/v2\/users\/2"}],"replies":[{"embeddable":true,"href":"https:\/\/cbndeutschland.org\/de\/wp-json\/wp\/v2\/comments?post=9419"}],"version-history":[{"count":47,"href":"https:\/\/cbndeutschland.org\/de\/wp-json\/wp\/v2\/pages\/9419\/revisions"}],"predecessor-version":[{"id":13026,"href":"https:\/\/cbndeutschland.org\/de\/wp-json\/wp\/v2\/pages\/9419\/revisions\/13026"}],"wp:attachment":[{"href":"https:\/\/cbndeutschland.org\/de\/wp-json\/wp\/v2\/media?parent=9419"}],"curies":[{"name":"wp","href":"https:\/\/api.w.org\/{rel}","templated":true}]}}