{"id":9,"date":"2017-01-10T13:33:43","date_gmt":"2017-01-10T12:33:43","guid":{"rendered":"https:\/\/cbndeutschland.org\/?page_id=9"},"modified":"2024-10-02T18:49:42","modified_gmt":"2024-10-02T16:49:42","slug":"unsere-geschichte","status":"publish","type":"page","link":"https:\/\/cbndeutschland.org\/de\/ueber-uns\/unsere-geschichte\/","title":{"rendered":"Unsere Geschichte"},"content":{"rendered":"<div class=\"wpb-content-wrapper\">[vc_row fullwidth=&#8220;true&#8220; animation=&#8220;fade-in&#8220;][vc_column][vc_single_image image=&#8220;14107&#8243; img_size=&#8220;full&#8220; alignment=&#8220;center&#8220; css_animation=&#8220;none&#8220;][\/vc_column][\/vc_row][vc_row][vc_column][vc_empty_space height=&#8220;50px&#8220;][mk_fancy_title tag_name=&#8220;span&#8220; font_family=&#8220;none&#8220; animation=&#8220;fade-in&#8220;]\n<h1 style=\"text-align: center;\">Die Geschichte von CBN<\/h1>\n[\/mk_fancy_title][vc_empty_space height=&#8220;40px&#8220;][vc_column_text align=&#8220;center&#8220; animation=&#8220;fade-in&#8220; css=&#8220;.vc_custom_1714658027931{margin-bottom: 0px !important;}&#8220;]\n<p style=\"text-align: left;\"><span style=\"font-size: 120%;\">CBN Deutschland geh\u00f6rt zum international t\u00e4tigen Christian Broadcasting Network (kurz CBN). Die Non-Profit-Organisation wurde 1960 als TV-Sender in den USA gegr\u00fcndet und ist heute eines der gr\u00f6\u00dften (TV-)Ministries der Welt. Videoformate von CBN sind in rund 145 L\u00e4ndern in \u00fcber 60 Sprachen verf\u00fcgbar. Die Vision von CBN ist es, die frohe Botschaft von Jesus Christus bekannt zu machen. Dabei nutzt CBN nicht mehr nur das Fernsehen, sondern auch moderne Medien. Zudem engagiert es sich mit Partnerhilfswerken Operation Blessing und Orphan&#8217;s Promise stark in humanit\u00e4ren Projekten, um Menschen auch ganz praktisch zu helfen.<\/span><\/p>\n[\/vc_column_text][vc_empty_space height=&#8220;60px&#8220;][\/vc_column][\/vc_row][vc_row fullwidth=&#8220;true&#8220; fullwidth_content=&#8220;false&#8220; css=&#8220;.vc_custom_1714651821856{background-color: #f3f3f3 !important;}&#8220;][vc_column width=&#8220;1\/4&#8243;][vc_empty_space height=&#8220;70px&#8220;][vc_single_image image=&#8220;2929&#8243; img_size=&#8220;full&#8220; add_caption=&#8220;yes&#8220; alignment=&#8220;center&#8220;][\/vc_column][vc_column width=&#8220;3\/4&#8243;][vc_empty_space height=&#8220;60px&#8220;][vc_column_text align=&#8220;center&#8220; animation=&#8220;fade-in&#8220; css=&#8220;.vc_custom_1714660487880{margin-bottom: 0px !important;}&#8220;]\n<h2 style=\"text-align: left;\"><strong>Die Entstehung von CBN in Deutschland<\/strong><\/h2>\n<p style=\"text-align: left;\">Der deutsche Zweig von CBN wurde 2007 unter der Gesch\u00e4ftsf\u00fchrung von Andreas Waldmann als CBN Deutschland \/ Club700 e.V. ins Leben gerufen. \u00a0Die Idee zu einem deutschen Ableger entstand aber schon zwei Jahre fr\u00fcher, im Jahre 2005, als\u00a0 der Schweizer Produzent Marc Villiger und Peter Darg, der damalige Leiter von CBN England die Idee hatten, eine deutschsprachige Version von \u201eThe 700 Club\u201c zu produzieren. The 700 Club ist eine TV-Sendung von CBN, in der Menschen von ihren Erlebnissen mit Gott berichten und in der mit den Zuschauern gebetet wird. Sie entstand aus einem Spendenaufruf im Jahr 1961, in der 700 Partner gesucht wurden, die bereit waren, mit einem monatlichen Beitrag von 10 Dollar das Fortbestehen des Werks zu erm\u00f6glichen. Die Sendung fand so viel Zuspruch bei den Zuschauern, dass The 700 Club fortan ein festes Format und damit fester Bestandteil der Fernseharbeit wurde. Bis heute ist The 700 Club das Flagschiff von CBN und eine der am l\u00e4ngsten fortlaufend ausgestrahlten TV-Sendungen der Welt.<\/p>\n[\/vc_column_text][vc_empty_space height=&#8220;60px&#8220;][\/vc_column][\/vc_row][vc_row][vc_column][vc_row_inner animation=&#8220;fade-in&#8220;][vc_column_inner width=&#8220;1\/4&#8243;][vc_empty_space height=&#8220;70px&#8220;][vc_single_image image=&#8220;2442&#8243; img_size=&#8220;medium&#8220;][\/vc_column_inner][vc_column_inner width=&#8220;3\/4&#8243;][vc_empty_space height=&#8220;60px&#8220;][vc_column_text css=&#8220;.vc_custom_1714660479839{margin-bottom: 0px !important;}&#8220;]\n<h2 style=\"text-align: left;\"><strong>Das TV-Magazin<\/strong><\/h2>\n<p style=\"text-align: left;\">2007 ging die deutsche Version von Club<em>700<\/em> erstmals on Air. Das Moderatorenteam Sabine Bhandari und Andreas Waldmann f\u00fchrten \u00fcber eine lange Zeit von 435 Folgen durch die Sendung. Seit Ende 2018 werden die beiden durch eine weitere Moderatorin unterst\u00fctzt: Mirjam Nitsch. Aufgezeichnet wurde die Sendung zun\u00e4chst in den USA. 2010 Wurde die Produktion dann nach Europa verlagert. Von 2013-2019 produzierte ein internationales Team das Magazin mit den franz\u00f6sischen Kollegen im CBN Studio in Br\u00fcssel.<\/p>\n[\/vc_column_text][vc_empty_space height=&#8220;10px&#8220;][\/vc_column_inner][\/vc_row_inner][vc_row_inner animation=&#8220;fade-in&#8220;][vc_column_inner width=&#8220;1\/4&#8243;][\/vc_column_inner][vc_column_inner width=&#8220;1\/2&#8243;][vc_column_text css=&#8220;.vc_custom_1714660473741{margin-bottom: 0px !important;}&#8220;]\n<h3 style=\"text-align: left;\"><strong>Club700 wird zu Erlebt TV<\/strong><\/h3>\n<p style=\"text-align: left;\">Nach \u00fcber 10 Jahren erhielt die Sendung einen komplett neuen Look: angefangen beim Studio, den Grafiken bis hin zum Namen wurde die Sendung \u00fcberarbeitet und modernisiert &#8211; gleich geblieben sind jedoch die beliebten Inhalte! Ab Dezember 2019 ging das TV-Magazin unter dem Titel Erlebt TV auf Sendung. 2019 wurde in den Hamburger B\u00fcror\u00e4umen ein Studio eingerichtet. Seitdem wird Erlebt TV in Deutschland aufgezeichnet.<\/p>\n[\/vc_column_text][vc_empty_space height=&#8220;60px&#8220;][\/vc_column_inner][vc_column_inner width=&#8220;1\/4&#8243;][vc_empty_space height=&#8220;40px&#8220;][vc_single_image image=&#8220;11106&#8243; img_size=&#8220;medium&#8220;][vc_empty_space height=&#8220;60px&#8220;][\/vc_column_inner][\/vc_row_inner][\/vc_column][\/vc_row][vc_row fullwidth=&#8220;true&#8220; fullwidth_content=&#8220;false&#8220; visibility=&#8220;visible-sm&#8220; animation=&#8220;fade-in&#8220; css=&#8220;.vc_custom_1714660018051{background-color: #f3f3f3 !important;}&#8220;][vc_column width=&#8220;1\/4&#8243;][vc_empty_space height=&#8220;70px&#8220;][vc_empty_space height=&#8220;60px&#8220;][vc_single_image image=&#8220;3576&#8243; img_size=&#8220;medium&#8220;][\/vc_column][vc_column width=&#8220;3\/4&#8243;][vc_empty_space height=&#8220;60px&#8220;][vc_column_text align=&#8220;center&#8220; css=&#8220;.vc_custom_1714660465793{margin-bottom: 0px !important;}&#8220;]\n<h2 style=\"text-align: left;\"><strong>Die Gebetshotline<\/strong><\/h2>\n<p style=\"text-align: left;\">Im Fr\u00fchjahr 2007 wurde die Gebetshotline in Deutschland eingerichtet. Sie ist von Anfang an ein fester Bestandteil und eine wichtige S\u00e4ule in der Arbeit von CBN Deutschland. Wenig sp\u00e4ter kamen eigene Hotlines in \u00d6sterreich und der Schweiz dazu. Tausende Anrufe und Emails werden vom Gebetsteam jedes Jahr beantwortet.<\/p>\n[\/vc_column_text][vc_empty_space height=&#8220;60px&#8220;][\/vc_column][\/vc_row][vc_row fullwidth=&#8220;true&#8220; fullwidth_content=&#8220;false&#8220; visibility=&#8220;hidden-sm&#8220; animation=&#8220;fade-in&#8220; css=&#8220;.vc_custom_1714660028248{background-color: #f3f3f3 !important;}&#8220;][vc_column width=&#8220;1\/4&#8243;][vc_empty_space height=&#8220;70px&#8220;][vc_empty_space height=&#8220;60px&#8220;][vc_single_image image=&#8220;3576&#8243; img_size=&#8220;medium&#8220;][\/vc_column][vc_column width=&#8220;3\/4&#8243;][vc_empty_space height=&#8220;60px&#8220;][vc_empty_space height=&#8220;60px&#8220;][vc_column_text align=&#8220;center&#8220; css=&#8220;.vc_custom_1714660459087{margin-bottom: 0px !important;}&#8220;]\n<h2 style=\"text-align: left;\"><strong>Die Gebetshotline<\/strong><\/h2>\n<p style=\"text-align: left;\">Im Fr\u00fchjahr 2007 wurde die Gebetshotline in Deutschland eingerichtet. Sie ist von Anfang an ein fester Bestandteil und eine wichtige S\u00e4ule in der Arbeit von CBN Deutschland. Wenig sp\u00e4ter kamen eigene Hotlines in \u00d6sterreich und der Schweiz dazu. Tausende Anrufe und Emails werden vom Gebetsteam jedes Jahr beantwortet.<\/p>\n[\/vc_column_text][vc_empty_space height=&#8220;60px&#8220;][vc_empty_space height=&#8220;60px&#8220;][\/vc_column][\/vc_row][vc_row fullwidth=&#8220;true&#8220; fullwidth_content=&#8220;false&#8220; animation=&#8220;fade-in&#8220;][vc_column width=&#8220;1\/4&#8243;][vc_empty_space height=&#8220;70px&#8220;][vc_single_image image=&#8220;8147&#8243; img_size=&#8220;medium&#8220;][vc_empty_space height=&#8220;60px&#8220;][\/vc_column][vc_column width=&#8220;3\/4&#8243;][vc_empty_space height=&#8220;60px&#8220;][vc_column_text css=&#8220;.vc_custom_1714660452277{margin-bottom: 0px !important;}&#8220;]\n<h2 style=\"text-align: left;\"><strong>CBN f\u00fcr Kinder \u2013 Superbuch<\/strong><\/h2>\n<p style=\"text-align: left;\">2015 konnte dann endlich ein weiteres, langersehntes Projekt umgesetzt werden. Schon lange hatte CBN Deutschland es auf dem Herzen, auch Kindern die Geschichten der Bibel n\u00e4herzubringen. Mit der Animationsserie Superbuch brachte CBN Deutschland dann erstmalig die Neuauflage des weltweit erfolgreichen CBN Zeichentrickklassikers auf den deutschen Markt. Speziell f\u00fcr den Gebrauch von Superbuch im Kindergottesdienst wurde zudem die ChurchEdition entwickelt, die seit 2016 erh\u00e4ltlich ist.<\/p>\n[\/vc_column_text][vc_empty_space height=&#8220;60px&#8220;][\/vc_column][\/vc_row][vc_row fullwidth=&#8220;true&#8220; fullwidth_content=&#8220;false&#8220; visibility=&#8220;visible-sm&#8220; animation=&#8220;fade-in&#8220; css=&#8220;.vc_custom_1714660385081{background-color: #f3f3f3 !important;}&#8220;][vc_column width=&#8220;1\/4&#8243;][vc_empty_space height=&#8220;70px&#8220;][vc_single_image image=&#8220;11108&#8243; img_size=&#8220;full&#8220;][\/vc_column][vc_column width=&#8220;3\/4&#8243;][vc_empty_space height=&#8220;60px&#8220;][vc_column_text css=&#8220;.vc_custom_1714660438357{margin-bottom: 0px !important;}&#8220;]\n<h2 style=\"text-align: left;\"><strong>Das ERLEBT Magazin<\/strong><\/h2>\n<p style=\"text-align: left;\">Im Februar 2017 publiziert CBN Deutschland erstmals das ERLEBT Magazin. In jeder Ausgabe des Printmagazins, das an Partner und CBN-Interessierte gerichtet ist, finden sich inspirierende und ermutigende Impulse f\u00fcr den Alltag und ein Leben mit Gott. Au\u00dferdem informiert das Heft \u00fcber die einzelnen Arbeitsbereiche und Projekte und dar\u00fcber, was das Team bei CBN aktuell bewegt.<\/p>\n[\/vc_column_text][vc_empty_space height=&#8220;60px&#8220;][\/vc_column][\/vc_row][vc_row fullwidth=&#8220;true&#8220; fullwidth_content=&#8220;false&#8220; visibility=&#8220;hidden-sm&#8220; animation=&#8220;fade-in&#8220; css=&#8220;.vc_custom_1714660375792{background-color: #f3f3f3 !important;}&#8220;][vc_column width=&#8220;1\/4&#8243;][vc_empty_space height=&#8220;70px&#8220;][vc_empty_space height=&#8220;60px&#8220;][vc_single_image image=&#8220;11108&#8243; img_size=&#8220;full&#8220;][\/vc_column][vc_column width=&#8220;3\/4&#8243;][vc_empty_space height=&#8220;60px&#8220;][vc_empty_space height=&#8220;60px&#8220;][vc_column_text css=&#8220;.vc_custom_1714660445207{margin-bottom: 0px !important;}&#8220;]\n<h2 style=\"text-align: left;\"><strong>Das ERLEBT Magazin<\/strong><\/h2>\n<p style=\"text-align: left;\">Im Februar 2017 publiziert CBN Deutschland erstmals das ERLEBT Magazin. In jeder Ausgabe des Printmagazins, das an Partner und CBN-Interessierte gerichtet ist, finden sich inspirierende und ermutigende Impulse f\u00fcr den Alltag und ein Leben mit Gott. Au\u00dferdem informiert das Heft \u00fcber die einzelnen Arbeitsbereiche und Projekte und dar\u00fcber, was das Team bei CBN aktuell bewegt.<\/p>\n[\/vc_column_text][vc_empty_space height=&#8220;60px&#8220;][vc_empty_space height=&#8220;60px&#8220;][\/vc_column][\/vc_row][vc_row fullwidth=&#8220;true&#8220; fullwidth_content=&#8220;false&#8220; animation=&#8220;fade-in&#8220;][vc_column width=&#8220;1\/4&#8243;][vc_empty_space height=&#8220;70px&#8220;][vc_row_inner][vc_column_inner][vc_single_image image=&#8220;10561&#8243; img_size=&#8220;full&#8220; add_caption=&#8220;yes&#8220; alignment=&#8220;center&#8220;][\/vc_column_inner][\/vc_row_inner][\/vc_column][vc_column width=&#8220;3\/4&#8243;][vc_empty_space height=&#8220;60px&#8220;][vc_column_text css=&#8220;.vc_custom_1714661292548{margin-bottom: 0px !important;}&#8220;]\n<h2 style=\"text-align: left;\"><strong>CBN heute<\/strong><\/h2>\n<p style=\"text-align: left;\">CBN Deutschland befindet sich seit Jahren in stetigem Wachstum. Was 2007\u00a0 als kleines Team mit Ehepaar Ruth und Marc Villiger in der Schweiz und\u00a0 Andreas Waldmann in S\u00fcddeutschland begann, ist heute ein amtliches B\u00fcro in Hamburg mit festen Mitarbeitern und zahlreichen Ehrenamtlichen, die sich in der Gebetshotline engagieren. Als Nachfolger von Andreas Waldmann \u00fcbernahm im September 2018 Andreas Heerwagen die Gesch\u00e4ftsf\u00fchrung.<\/p>\n[\/vc_column_text][vc_empty_space height=&#8220;60px&#8220;][\/vc_column][\/vc_row][vc_row][vc_column][vc_empty_space height=&#8220;52px&#8220;][\/vc_column][\/vc_row][vc_row][vc_column][\/vc_column][\/vc_row]\n<\/div>","protected":false},"excerpt":{"rendered":"<p>[vc_row fullwidth=&#8220;true&#8220; animation=&#8220;fade-in&#8220;][vc_column][vc_single_image image=&#8220;14107&#8243; img_size=&#8220;full&#8220; alignment=&#8220;center&#8220; css_animation=&#8220;none&#8220;][\/vc_column][\/vc_row][vc_row][vc_column][vc_empty_space height=&#8220;50px&#8220;][mk_fancy_title tag_name=&#8220;span&#8220; font_family=&#8220;none&#8220; animation=&#8220;fade-in&#8220;] Die Geschichte von CBN [\/mk_fancy_title][vc_empty_space height=&#8220;40px&#8220;][vc_column_text align=&#8220;center&#8220; animation=&#8220;fade-in&#8220; css=&#8220;.vc_custom_1714658027931{margin-bottom: 0px !important;}&#8220;] CBN Deutschland geh\u00f6rt zum international t\u00e4tigen Christian Broadcasting Network (kurz CBN). Die Non-Profit-Organisation wurde 1960 als TV-Sender in den USA gegr\u00fcndet und ist heute eines der gr\u00f6\u00dften (TV-)Ministries der Welt. Videoformate von CBN [&hellip;]<\/p>\n","protected":false},"author":1,"featured_media":0,"parent":180,"menu_order":9,"comment_status":"closed","ping_status":"closed","template":"","meta":{"footnotes":"","_links_to":"","_links_to_target":""},"class_list":["post-9","page","type-page","status-publish","hentry"],"yoast_head":"<!-- This site is optimized with the Yoast SEO plugin v27.1.1 - https:\/\/yoast.com\/product\/yoast-seo-wordpress\/ -->\n<title>Die Geschichte von CBN - CBN Deutschland<\/title>\n<meta name=\"description\" content=\"CBN ist Teil des Christian Broadcasting Networkes in den USA. Wie CBN nach Deutschland kam, erfahren Sie hier.\" \/>\n<meta name=\"robots\" content=\"index, follow, max-snippet:-1, max-image-preview:large, max-video-preview:-1\" \/>\n<link rel=\"canonical\" href=\"https:\/\/cbndeutschland.org\/de\/ueber-uns\/unsere-geschichte\/\" \/>\n<meta property=\"og:locale\" content=\"de_DE\" \/>\n<meta property=\"og:type\" content=\"article\" \/>\n<meta property=\"og:title\" content=\"Die Geschichte von CBN - CBN Deutschland\" \/>\n<meta property=\"og:description\" content=\"CBN ist Teil des Christian Broadcasting Networkes in den USA. Wie CBN nach Deutschland kam, erfahren Sie hier.\" \/>\n<meta property=\"og:url\" content=\"https:\/\/cbndeutschland.org\/de\/ueber-uns\/unsere-geschichte\/\" \/>\n<meta property=\"og:site_name\" content=\"CBN Deutschland\" \/>\n<meta property=\"article:modified_time\" content=\"2024-10-02T16:49:42+00:00\" \/>\n<meta name=\"twitter:card\" content=\"summary_large_image\" \/>\n<meta name=\"twitter:label1\" content=\"Est. reading time\" \/>\n\t<meta name=\"twitter:data1\" content=\"8 Minuten\" \/>\n<script type=\"application\/ld+json\" class=\"yoast-schema-graph\">{\"@context\":\"https:\/\/schema.org\",\"@graph\":[{\"@type\":\"WebPage\",\"@id\":\"https:\/\/cbndeutschland.org\/de\/ueber-uns\/unsere-geschichte\/\",\"url\":\"https:\/\/cbndeutschland.org\/de\/ueber-uns\/unsere-geschichte\/\",\"name\":\"Die Geschichte von CBN - CBN Deutschland\",\"isPartOf\":{\"@id\":\"https:\/\/cbndeutschland.org\/de\/#website\"},\"datePublished\":\"2017-01-10T12:33:43+00:00\",\"dateModified\":\"2024-10-02T16:49:42+00:00\",\"description\":\"CBN ist Teil des Christian Broadcasting Networkes in den USA. Wie CBN nach Deutschland kam, erfahren Sie hier.\",\"breadcrumb\":{\"@id\":\"https:\/\/cbndeutschland.org\/de\/ueber-uns\/unsere-geschichte\/#breadcrumb\"},\"inLanguage\":\"de-DE\",\"potentialAction\":[{\"@type\":\"ReadAction\",\"target\":[\"https:\/\/cbndeutschland.org\/de\/ueber-uns\/unsere-geschichte\/\"]}]},{\"@type\":\"BreadcrumbList\",\"@id\":\"https:\/\/cbndeutschland.org\/de\/ueber-uns\/unsere-geschichte\/#breadcrumb\",\"itemListElement\":[{\"@type\":\"ListItem\",\"position\":1,\"name\":\"Startseite\",\"item\":\"https:\/\/cbndeutschland.org\/de\/\"},{\"@type\":\"ListItem\",\"position\":2,\"name\":\"\u00dcber uns\",\"item\":\"\/unsere-vision\/\"},{\"@type\":\"ListItem\",\"position\":3,\"name\":\"Unsere Geschichte\"}]},{\"@type\":\"WebSite\",\"@id\":\"https:\/\/cbndeutschland.org\/de\/#website\",\"url\":\"https:\/\/cbndeutschland.org\/de\/\",\"name\":\"CBN Deutschland\",\"description\":\"CBN Deutschland\",\"publisher\":{\"@id\":\"https:\/\/cbndeutschland.org\/de\/#organization\"},\"potentialAction\":[{\"@type\":\"SearchAction\",\"target\":{\"@type\":\"EntryPoint\",\"urlTemplate\":\"https:\/\/cbndeutschland.org\/de\/?s={search_term_string}\"},\"query-input\":{\"@type\":\"PropertyValueSpecification\",\"valueRequired\":true,\"valueName\":\"search_term_string\"}}],\"inLanguage\":\"de-DE\"},{\"@type\":\"Organization\",\"@id\":\"https:\/\/cbndeutschland.org\/de\/#organization\",\"name\":\"CBN Deutschland\",\"url\":\"https:\/\/cbndeutschland.org\/de\/\",\"logo\":{\"@type\":\"ImageObject\",\"inLanguage\":\"de-DE\",\"@id\":\"https:\/\/cbndeutschland.org\/de\/#\/schema\/logo\/image\/\",\"url\":\"https:\/\/cbndeutschland.org\/wp-content\/uploads\/2017\/02\/cbn-logo-web-blue.png\",\"contentUrl\":\"https:\/\/cbndeutschland.org\/wp-content\/uploads\/2017\/02\/cbn-logo-web-blue.png\",\"width\":385,\"height\":55,\"caption\":\"CBN Deutschland\"},\"image\":{\"@id\":\"https:\/\/cbndeutschland.org\/de\/#\/schema\/logo\/image\/\"}}]}<\/script>\n<!-- \/ Yoast SEO plugin. -->","yoast_head_json":{"title":"Die Geschichte von CBN - CBN Deutschland","description":"CBN ist Teil des Christian Broadcasting Networkes in den USA. Wie CBN nach Deutschland kam, erfahren Sie hier.","robots":{"index":"index","follow":"follow","max-snippet":"max-snippet:-1","max-image-preview":"max-image-preview:large","max-video-preview":"max-video-preview:-1"},"canonical":"https:\/\/cbndeutschland.org\/de\/ueber-uns\/unsere-geschichte\/","og_locale":"de_DE","og_type":"article","og_title":"Die Geschichte von CBN - CBN Deutschland","og_description":"CBN ist Teil des Christian Broadcasting Networkes in den USA. Wie CBN nach Deutschland kam, erfahren Sie hier.","og_url":"https:\/\/cbndeutschland.org\/de\/ueber-uns\/unsere-geschichte\/","og_site_name":"CBN Deutschland","article_modified_time":"2024-10-02T16:49:42+00:00","twitter_card":"summary_large_image","twitter_misc":{"Est. reading time":"8 Minuten"},"schema":{"@context":"https:\/\/schema.org","@graph":[{"@type":"WebPage","@id":"https:\/\/cbndeutschland.org\/de\/ueber-uns\/unsere-geschichte\/","url":"https:\/\/cbndeutschland.org\/de\/ueber-uns\/unsere-geschichte\/","name":"Die Geschichte von CBN - CBN Deutschland","isPartOf":{"@id":"https:\/\/cbndeutschland.org\/de\/#website"},"datePublished":"2017-01-10T12:33:43+00:00","dateModified":"2024-10-02T16:49:42+00:00","description":"CBN ist Teil des Christian Broadcasting Networkes in den USA. Wie CBN nach Deutschland kam, erfahren Sie hier.","breadcrumb":{"@id":"https:\/\/cbndeutschland.org\/de\/ueber-uns\/unsere-geschichte\/#breadcrumb"},"inLanguage":"de-DE","potentialAction":[{"@type":"ReadAction","target":["https:\/\/cbndeutschland.org\/de\/ueber-uns\/unsere-geschichte\/"]}]},{"@type":"BreadcrumbList","@id":"https:\/\/cbndeutschland.org\/de\/ueber-uns\/unsere-geschichte\/#breadcrumb","itemListElement":[{"@type":"ListItem","position":1,"name":"Startseite","item":"https:\/\/cbndeutschland.org\/de\/"},{"@type":"ListItem","position":2,"name":"\u00dcber uns","item":"\/unsere-vision\/"},{"@type":"ListItem","position":3,"name":"Unsere Geschichte"}]},{"@type":"WebSite","@id":"https:\/\/cbndeutschland.org\/de\/#website","url":"https:\/\/cbndeutschland.org\/de\/","name":"CBN Deutschland","description":"CBN Deutschland","publisher":{"@id":"https:\/\/cbndeutschland.org\/de\/#organization"},"potentialAction":[{"@type":"SearchAction","target":{"@type":"EntryPoint","urlTemplate":"https:\/\/cbndeutschland.org\/de\/?s={search_term_string}"},"query-input":{"@type":"PropertyValueSpecification","valueRequired":true,"valueName":"search_term_string"}}],"inLanguage":"de-DE"},{"@type":"Organization","@id":"https:\/\/cbndeutschland.org\/de\/#organization","name":"CBN Deutschland","url":"https:\/\/cbndeutschland.org\/de\/","logo":{"@type":"ImageObject","inLanguage":"de-DE","@id":"https:\/\/cbndeutschland.org\/de\/#\/schema\/logo\/image\/","url":"https:\/\/cbndeutschland.org\/wp-content\/uploads\/2017\/02\/cbn-logo-web-blue.png","contentUrl":"https:\/\/cbndeutschland.org\/wp-content\/uploads\/2017\/02\/cbn-logo-web-blue.png","width":385,"height":55,"caption":"CBN Deutschland"},"image":{"@id":"https:\/\/cbndeutschland.org\/de\/#\/schema\/logo\/image\/"}}]}},"_links":{"self":[{"href":"https:\/\/cbndeutschland.org\/de\/wp-json\/wp\/v2\/pages\/9","targetHints":{"allow":["GET"]}}],"collection":[{"href":"https:\/\/cbndeutschland.org\/de\/wp-json\/wp\/v2\/pages"}],"about":[{"href":"https:\/\/cbndeutschland.org\/de\/wp-json\/wp\/v2\/types\/page"}],"author":[{"embeddable":true,"href":"https:\/\/cbndeutschland.org\/de\/wp-json\/wp\/v2\/users\/1"}],"replies":[{"embeddable":true,"href":"https:\/\/cbndeutschland.org\/de\/wp-json\/wp\/v2\/comments?post=9"}],"version-history":[{"count":60,"href":"https:\/\/cbndeutschland.org\/de\/wp-json\/wp\/v2\/pages\/9\/revisions"}],"predecessor-version":[{"id":16321,"href":"https:\/\/cbndeutschland.org\/de\/wp-json\/wp\/v2\/pages\/9\/revisions\/16321"}],"up":[{"embeddable":true,"href":"https:\/\/cbndeutschland.org\/de\/wp-json\/wp\/v2\/pages\/180"}],"wp:attachment":[{"href":"https:\/\/cbndeutschland.org\/de\/wp-json\/wp\/v2\/media?parent=9"}],"curies":[{"name":"wp","href":"https:\/\/api.w.org\/{rel}","templated":true}]}}