{"id":8606,"date":"2021-09-16T14:00:01","date_gmt":"2021-09-16T12:00:01","guid":{"rendered":"https:\/\/cbndeutschland.org\/?page_id=8606"},"modified":"2024-04-30T12:31:16","modified_gmt":"2024-04-30T10:31:16","slug":"testamentspende","status":"publish","type":"page","link":"https:\/\/cbndeutschland.org\/de\/spenden\/testamentspende\/","title":{"rendered":"Testamentspende"},"content":{"rendered":"<div class=\"wpb-content-wrapper\">[vc_row fullwidth=&#8220;true&#8220;][vc_column][vc_single_image image=&#8220;8952&#8243; img_size=&#8220;full&#8220; alignment=&#8220;center&#8220;][\/vc_column][\/vc_row][vc_row][vc_column][vc_empty_space height=&#8220;60px&#8220;][mk_fancy_title tag_name=&#8220;h1&#8243; font_family=&#8220;none&#8220;]\n<h1 style=\"text-align: center;\">Testamentspende<\/h1>\n[\/mk_fancy_title][vc_empty_space height=&#8220;20px&#8220;][vc_column_text css=&#8220;.vc_custom_1714472907710{margin-bottom: 0px !important;}&#8220;]<span style=\"font-size: 120%;\">Leben bedeutet immer auch, Verantwortung zu \u00fcbernehmen und verantwortlich zu handeln \u2013 f\u00fcr Andere und besonders auch f\u00fcr uns selbst. F\u00fcr uns Christen gilt dies in besonderem Ma\u00dfe. Daher ist es gut und richtig, dass wir ganz bewusst \u00fcber unsere Zeit auf der Erde hinausdenken und ggf. auch handeln, so wie wir dies auf dem Herzen haben. Und auf diese Weise selbstbestimmt entscheiden, was nach unserem Leben geschieht und wie unser Andenken gepr\u00e4gt wird.\u00a0<\/span><span style=\"font-size: 120%;\"><strong>Mit CBN k\u00f6nnen Sie ein Zeichen setzen und ein Segen f\u00fcr andere Menschen sein. Sie haben damit Anteil daran, dass auch die n\u00e4chsten Generationen mit der Liebe Gottes erreicht werden.<\/strong><\/span>[\/vc_column_text][vc_empty_space height=&#8220;40px&#8220;][\/vc_column][\/vc_row][vc_row fullwidth=&#8220;true&#8220; fullwidth_content=&#8220;false&#8220; css=&#8220;.vc_custom_1714472315564{background-color: #f3f3f3 !important;}&#8220;][vc_column][vc_empty_space height=&#8220;40px&#8220;][vc_empty_space height=&#8220;40px&#8220;][mk_fancy_title font_family=&#8220;none&#8220;]\n<h2 style=\"text-align: center;\">\u00dcber Ihr irdisches Leben hinaus ein Zeichen setzen<\/h2>\n[\/mk_fancy_title][vc_empty_space height=&#8220;20px&#8220;][vc_column_text css=&#8220;.vc_custom_1714472792093{margin-bottom: 0px !important;}&#8220;]\n<p style=\"text-align: left;\">Unsere Zeit auf dieser Erde ist begrenzt und was kann wertvoller sein, als Werte f\u00fcr die Ewigkeit zu schaffen, indem wir das Unsere dazu tun, dass Menschen durch die Liebe Jesu gerettet werden?\u00a0<strong>Nutzen Sie einen Teil Ihres Verm\u00f6gens und investieren Sie es gezielt in das Erreichen von Menschen mit dem Evangelium. Sie investieren damit direkt in das Reich Gottes und schaffen Werte, die ewigen Bestand haben.<\/strong><\/p>\n<p style=\"text-align: left;\">Wir als Verein CBN Deutschland e.V. laden Sie herzlich dazu ein, unseren Verein in Ihrem Testament zu bedenken.<\/p>\n<p style=\"text-align: left;\">Wenn Sie sich hierdurch angesprochen f\u00fchlen, freut uns das sehr. <strong>F\u00fcr den Fall, dass Sie Fragen zu diesem Thema haben, vermitteln wir Ihnen sehr gerne einen kostenlosen Telefontermin bei unserem Spezialisten rund um das Thema Nachlassangelegenheiten, Herrn Steuerberater Marcus Junga.<\/strong> Herr Junga wird Ihnen gerne ein kompetenter Ansprechpartner sein.<\/p>\n[\/vc_column_text][vc_empty_space height=&#8220;60px&#8220;][\/vc_column][\/vc_row][vc_row][vc_column][vc_empty_space height=&#8220;50px&#8220;][vc_empty_space height=&#8220;50px&#8220;][vc_toggle title=&#8220;Kontaktinformation&#8220; style=&#8220;arrow&#8220; size=&#8220;lg&#8220;]\n<p style=\"text-align: left;\">Marcus Junga<\/p>\n<p style=\"text-align: left;\">Telefon: +49 (0)212 242 300<br \/>\nE-Mail: <a href=\"mailto:kontakt@cbndeutschland.org\">kontakt@cbndeutschland.org<\/a><\/p>\n[\/vc_toggle][\/vc_column][\/vc_row][vc_row][vc_column][vc_empty_space height=&#8220;60px&#8220;][\/vc_column][\/vc_row]\n<\/div>","protected":false},"excerpt":{"rendered":"<p>[vc_row fullwidth=&#8220;true&#8220;][vc_column][vc_single_image image=&#8220;8952&#8243; img_size=&#8220;full&#8220; alignment=&#8220;center&#8220;][\/vc_column][\/vc_row][vc_row][vc_column][vc_empty_space height=&#8220;60px&#8220;][mk_fancy_title tag_name=&#8220;h1&#8243; font_family=&#8220;none&#8220;] Testamentspende [\/mk_fancy_title][vc_empty_space height=&#8220;20px&#8220;][vc_column_text css=&#8220;.vc_custom_1714472907710{margin-bottom: 0px !important;}&#8220;]Leben bedeutet immer auch, Verantwortung zu \u00fcbernehmen und verantwortlich zu handeln \u2013 f\u00fcr Andere und besonders auch f\u00fcr uns selbst. F\u00fcr uns Christen gilt dies in besonderem Ma\u00dfe. Daher ist es gut und richtig, dass wir ganz bewusst \u00fcber unsere Zeit auf [&hellip;]<\/p>\n","protected":false},"author":2,"featured_media":0,"parent":5502,"menu_order":0,"comment_status":"closed","ping_status":"closed","template":"","meta":{"footnotes":"","_links_to":"","_links_to_target":""},"class_list":["post-8606","page","type-page","status-publish","hentry"],"yoast_head":"<!-- This site is optimized with the Yoast SEO plugin v27.1.1 - https:\/\/yoast.com\/product\/yoast-seo-wordpress\/ -->\n<title>Testamentspende - CBN Deutschland<\/title>\n<meta name=\"description\" content=\"Mit CBN k\u00f6nnen Sie auch \u00fcber ihr irdisches Leben hinaus ein Zeichen setzen und ein Segen f\u00fcr andere Menschen sein.\" \/>\n<meta name=\"robots\" content=\"index, follow, max-snippet:-1, max-image-preview:large, max-video-preview:-1\" \/>\n<link rel=\"canonical\" href=\"https:\/\/cbndeutschland.org\/de\/spenden\/testamentspende\/\" \/>\n<meta property=\"og:locale\" content=\"de_DE\" \/>\n<meta property=\"og:type\" content=\"article\" \/>\n<meta property=\"og:title\" content=\"Testamentspende - CBN Deutschland\" \/>\n<meta property=\"og:description\" content=\"Mit CBN k\u00f6nnen Sie auch \u00fcber ihr irdisches Leben hinaus ein Zeichen setzen und ein Segen f\u00fcr andere Menschen sein.\" \/>\n<meta property=\"og:url\" content=\"https:\/\/cbndeutschland.org\/de\/spenden\/testamentspende\/\" \/>\n<meta property=\"og:site_name\" content=\"CBN Deutschland\" \/>\n<meta property=\"article:modified_time\" content=\"2024-04-30T10:31:16+00:00\" \/>\n<meta name=\"twitter:card\" content=\"summary_large_image\" \/>\n<meta name=\"twitter:label1\" content=\"Est. reading time\" \/>\n\t<meta name=\"twitter:data1\" content=\"2 Minuten\" \/>\n<script type=\"application\/ld+json\" class=\"yoast-schema-graph\">{\"@context\":\"https:\/\/schema.org\",\"@graph\":[{\"@type\":\"WebPage\",\"@id\":\"https:\/\/cbndeutschland.org\/de\/spenden\/testamentspende\/\",\"url\":\"https:\/\/cbndeutschland.org\/de\/spenden\/testamentspende\/\",\"name\":\"Testamentspende - CBN Deutschland\",\"isPartOf\":{\"@id\":\"https:\/\/cbndeutschland.org\/de\/#website\"},\"datePublished\":\"2021-09-16T12:00:01+00:00\",\"dateModified\":\"2024-04-30T10:31:16+00:00\",\"description\":\"Mit CBN k\u00f6nnen Sie auch \u00fcber ihr irdisches Leben hinaus ein Zeichen setzen und ein Segen f\u00fcr andere Menschen sein.\",\"breadcrumb\":{\"@id\":\"https:\/\/cbndeutschland.org\/de\/spenden\/testamentspende\/#breadcrumb\"},\"inLanguage\":\"de-DE\",\"potentialAction\":[{\"@type\":\"ReadAction\",\"target\":[\"https:\/\/cbndeutschland.org\/de\/spenden\/testamentspende\/\"]}]},{\"@type\":\"BreadcrumbList\",\"@id\":\"https:\/\/cbndeutschland.org\/de\/spenden\/testamentspende\/#breadcrumb\",\"itemListElement\":[{\"@type\":\"ListItem\",\"position\":1,\"name\":\"Startseite\",\"item\":\"https:\/\/cbndeutschland.org\/de\/\"},{\"@type\":\"ListItem\",\"position\":2,\"name\":\"Spenden\",\"item\":\"https:\/\/cbndeutschland.org\/de\/spenden\/\"},{\"@type\":\"ListItem\",\"position\":3,\"name\":\"Testamentspende\"}]},{\"@type\":\"WebSite\",\"@id\":\"https:\/\/cbndeutschland.org\/de\/#website\",\"url\":\"https:\/\/cbndeutschland.org\/de\/\",\"name\":\"CBN Deutschland\",\"description\":\"CBN Deutschland\",\"publisher\":{\"@id\":\"https:\/\/cbndeutschland.org\/de\/#organization\"},\"potentialAction\":[{\"@type\":\"SearchAction\",\"target\":{\"@type\":\"EntryPoint\",\"urlTemplate\":\"https:\/\/cbndeutschland.org\/de\/?s={search_term_string}\"},\"query-input\":{\"@type\":\"PropertyValueSpecification\",\"valueRequired\":true,\"valueName\":\"search_term_string\"}}],\"inLanguage\":\"de-DE\"},{\"@type\":\"Organization\",\"@id\":\"https:\/\/cbndeutschland.org\/de\/#organization\",\"name\":\"CBN Deutschland\",\"url\":\"https:\/\/cbndeutschland.org\/de\/\",\"logo\":{\"@type\":\"ImageObject\",\"inLanguage\":\"de-DE\",\"@id\":\"https:\/\/cbndeutschland.org\/de\/#\/schema\/logo\/image\/\",\"url\":\"https:\/\/cbndeutschland.org\/wp-content\/uploads\/2017\/02\/cbn-logo-web-blue.png\",\"contentUrl\":\"https:\/\/cbndeutschland.org\/wp-content\/uploads\/2017\/02\/cbn-logo-web-blue.png\",\"width\":385,\"height\":55,\"caption\":\"CBN Deutschland\"},\"image\":{\"@id\":\"https:\/\/cbndeutschland.org\/de\/#\/schema\/logo\/image\/\"}}]}<\/script>\n<!-- \/ Yoast SEO plugin. -->","yoast_head_json":{"title":"Testamentspende - CBN Deutschland","description":"Mit CBN k\u00f6nnen Sie auch \u00fcber ihr irdisches Leben hinaus ein Zeichen setzen und ein Segen f\u00fcr andere Menschen sein.","robots":{"index":"index","follow":"follow","max-snippet":"max-snippet:-1","max-image-preview":"max-image-preview:large","max-video-preview":"max-video-preview:-1"},"canonical":"https:\/\/cbndeutschland.org\/de\/spenden\/testamentspende\/","og_locale":"de_DE","og_type":"article","og_title":"Testamentspende - CBN Deutschland","og_description":"Mit CBN k\u00f6nnen Sie auch \u00fcber ihr irdisches Leben hinaus ein Zeichen setzen und ein Segen f\u00fcr andere Menschen sein.","og_url":"https:\/\/cbndeutschland.org\/de\/spenden\/testamentspende\/","og_site_name":"CBN Deutschland","article_modified_time":"2024-04-30T10:31:16+00:00","twitter_card":"summary_large_image","twitter_misc":{"Est. reading time":"2 Minuten"},"schema":{"@context":"https:\/\/schema.org","@graph":[{"@type":"WebPage","@id":"https:\/\/cbndeutschland.org\/de\/spenden\/testamentspende\/","url":"https:\/\/cbndeutschland.org\/de\/spenden\/testamentspende\/","name":"Testamentspende - CBN Deutschland","isPartOf":{"@id":"https:\/\/cbndeutschland.org\/de\/#website"},"datePublished":"2021-09-16T12:00:01+00:00","dateModified":"2024-04-30T10:31:16+00:00","description":"Mit CBN k\u00f6nnen Sie auch \u00fcber ihr irdisches Leben hinaus ein Zeichen setzen und ein Segen f\u00fcr andere Menschen sein.","breadcrumb":{"@id":"https:\/\/cbndeutschland.org\/de\/spenden\/testamentspende\/#breadcrumb"},"inLanguage":"de-DE","potentialAction":[{"@type":"ReadAction","target":["https:\/\/cbndeutschland.org\/de\/spenden\/testamentspende\/"]}]},{"@type":"BreadcrumbList","@id":"https:\/\/cbndeutschland.org\/de\/spenden\/testamentspende\/#breadcrumb","itemListElement":[{"@type":"ListItem","position":1,"name":"Startseite","item":"https:\/\/cbndeutschland.org\/de\/"},{"@type":"ListItem","position":2,"name":"Spenden","item":"https:\/\/cbndeutschland.org\/de\/spenden\/"},{"@type":"ListItem","position":3,"name":"Testamentspende"}]},{"@type":"WebSite","@id":"https:\/\/cbndeutschland.org\/de\/#website","url":"https:\/\/cbndeutschland.org\/de\/","name":"CBN Deutschland","description":"CBN Deutschland","publisher":{"@id":"https:\/\/cbndeutschland.org\/de\/#organization"},"potentialAction":[{"@type":"SearchAction","target":{"@type":"EntryPoint","urlTemplate":"https:\/\/cbndeutschland.org\/de\/?s={search_term_string}"},"query-input":{"@type":"PropertyValueSpecification","valueRequired":true,"valueName":"search_term_string"}}],"inLanguage":"de-DE"},{"@type":"Organization","@id":"https:\/\/cbndeutschland.org\/de\/#organization","name":"CBN Deutschland","url":"https:\/\/cbndeutschland.org\/de\/","logo":{"@type":"ImageObject","inLanguage":"de-DE","@id":"https:\/\/cbndeutschland.org\/de\/#\/schema\/logo\/image\/","url":"https:\/\/cbndeutschland.org\/wp-content\/uploads\/2017\/02\/cbn-logo-web-blue.png","contentUrl":"https:\/\/cbndeutschland.org\/wp-content\/uploads\/2017\/02\/cbn-logo-web-blue.png","width":385,"height":55,"caption":"CBN Deutschland"},"image":{"@id":"https:\/\/cbndeutschland.org\/de\/#\/schema\/logo\/image\/"}}]}},"_links":{"self":[{"href":"https:\/\/cbndeutschland.org\/de\/wp-json\/wp\/v2\/pages\/8606","targetHints":{"allow":["GET"]}}],"collection":[{"href":"https:\/\/cbndeutschland.org\/de\/wp-json\/wp\/v2\/pages"}],"about":[{"href":"https:\/\/cbndeutschland.org\/de\/wp-json\/wp\/v2\/types\/page"}],"author":[{"embeddable":true,"href":"https:\/\/cbndeutschland.org\/de\/wp-json\/wp\/v2\/users\/2"}],"replies":[{"embeddable":true,"href":"https:\/\/cbndeutschland.org\/de\/wp-json\/wp\/v2\/comments?post=8606"}],"version-history":[{"count":38,"href":"https:\/\/cbndeutschland.org\/de\/wp-json\/wp\/v2\/pages\/8606\/revisions"}],"predecessor-version":[{"id":11878,"href":"https:\/\/cbndeutschland.org\/de\/wp-json\/wp\/v2\/pages\/8606\/revisions\/11878"}],"up":[{"embeddable":true,"href":"https:\/\/cbndeutschland.org\/de\/wp-json\/wp\/v2\/pages\/5502"}],"wp:attachment":[{"href":"https:\/\/cbndeutschland.org\/de\/wp-json\/wp\/v2\/media?parent=8606"}],"curies":[{"name":"wp","href":"https:\/\/api.w.org\/{rel}","templated":true}]}}