{"id":7139,"date":"2020-11-19T12:44:01","date_gmt":"2020-11-19T11:44:01","guid":{"rendered":"https:\/\/cbndeutschland.org\/?page_id=7139"},"modified":"2026-04-23T11:09:14","modified_gmt":"2026-04-23T09:09:14","slug":"gespraechsimpulse","status":"publish","type":"page","link":"https:\/\/cbndeutschland.org\/de\/superbuch\/gespraechsimpulse\/","title":{"rendered":"Gespr\u00e4chsimpulse"},"content":{"rendered":"<div class=\"wpb-content-wrapper\">[vc_row fullwidth=&#8220;true&#8220;][vc_column][vc_single_image image=&#8220;11610&#8243; img_size=&#8220;full&#8220; alignment=&#8220;center&#8220;][\/vc_column][\/vc_row][vc_row][vc_column][vc_empty_space height=&#8220;50px&#8220;][mk_fancy_title tag_name=&#8220;span&#8220; size=&#8220;32&#8243; font_family=&#8220;none&#8220;]\n<h1 style=\"text-align: center;\">Superbuch Gespr\u00e4chsimpulse<\/h1>\n[\/mk_fancy_title][vc_column_text css=&#8220;.vc_custom_1715002489068{margin-bottom: 0px !important;}&#8220;]<span style=\"font-size: 120%;\"><strong>Kommt mit euren Kindern ins Gespr\u00e4ch!<\/strong> Mit den tollen Gespr\u00e4chsimpulsen von Superbuch habt ihr zu jeder Folge Fragen und Bibelstellen, die euch helfen, die <strong>3 Hauptthemen<\/strong> <strong>der Folge<\/strong> mit euren Kindern zu vertiefen. Die <strong>Gespr\u00e4chsimpulse bieten wertvolle Hintergr\u00fcnde, Denkanst\u00f6\u00dfe und Fragen und schlie\u00dfen mit einem Gebet ab.<\/strong> Taucht mit euren Kids tiefer in die biblischen Geschichten ein und lernt, was ihr von den Abenteuern f\u00fcr eurer eigenes Leben mitnehmen k\u00f6nnt. <strong>Jetzt hier kostenlos downloaden!<\/strong><\/span>[\/vc_column_text][vc_empty_space height=&#8220;50px&#8220;][vc_row_inner][vc_column_inner width=&#8220;1\/5&#8243;][vc_single_image image=&#8220;7284&#8243; img_size=&#8220;large&#8220; alignment=&#8220;center&#8220; onclick=&#8220;link_image&#8220;][mk_fancy_title tag_name=&#8220;span&#8220; size=&#8220;32&#8243; font_family=&#8220;none&#8220;]\n<p style=\"text-align: center;\"><strong>Staffel 1<\/strong><\/p>\n[\/mk_fancy_title][mk_button dimension=&#8220;two&#8220; corner_style=&#8220;rounded&#8220; size=&#8220;large&#8220; icon=&#8220;mk-moon-download-2&#8243; url=&#8220;https:\/\/cbndeutschland.org\/wp-content\/uploads\/2020\/11\/sb_staffel1_fdg.pdf&#8220; align=&#8220;center&#8220;]IMPULSE STAFFEL 1[\/mk_button][\/vc_column_inner][vc_column_inner width=&#8220;1\/5&#8243;][vc_single_image image=&#8220;7286&#8243; img_size=&#8220;large&#8220; alignment=&#8220;center&#8220; onclick=&#8220;link_image&#8220;][mk_fancy_title tag_name=&#8220;span&#8220; size=&#8220;32&#8243; font_family=&#8220;none&#8220;]\n<p style=\"text-align: center;\"><strong>Staffel 2<\/strong><\/p>\n[\/mk_fancy_title][mk_button dimension=&#8220;two&#8220; corner_style=&#8220;rounded&#8220; size=&#8220;large&#8220; icon=&#8220;mk-moon-download-2&#8243; url=&#8220;https:\/\/cbndeutschland.org\/wp-content\/uploads\/2020\/11\/sb_staffel2_fdg-1.pdf&#8220; align=&#8220;center&#8220;]IMPULSE STAFFEL 2[\/mk_button][\/vc_column_inner][vc_column_inner width=&#8220;1\/5&#8243;][vc_single_image image=&#8220;7288&#8243; img_size=&#8220;large&#8220; alignment=&#8220;center&#8220; onclick=&#8220;link_image&#8220;][mk_fancy_title tag_name=&#8220;span&#8220; size=&#8220;32&#8243; font_family=&#8220;none&#8220;]\n<p style=\"text-align: center;\"><strong>Staffel 3<\/strong><\/p>\n[\/mk_fancy_title][mk_button dimension=&#8220;two&#8220; corner_style=&#8220;rounded&#8220; size=&#8220;large&#8220; icon=&#8220;mk-moon-download-2&#8243; url=&#8220;https:\/\/cbndeutschland.org\/wp-content\/uploads\/2020\/11\/sb_staffel3_fdg.pdf&#8220; align=&#8220;center&#8220;]IMPULSE STAFFEL 3[\/mk_button][\/vc_column_inner][vc_column_inner width=&#8220;1\/5&#8243;][vc_single_image image=&#8220;7290&#8243; img_size=&#8220;large&#8220; add_caption=&#8220;yes&#8220; alignment=&#8220;center&#8220; onclick=&#8220;link_image&#8220;][mk_fancy_title tag_name=&#8220;span&#8220; size=&#8220;32&#8243; font_family=&#8220;none&#8220;]\n<p style=\"text-align: center;\"><strong>Staffel 4<\/strong><\/p>\n[\/mk_fancy_title][mk_button dimension=&#8220;two&#8220; corner_style=&#8220;rounded&#8220; size=&#8220;large&#8220; icon=&#8220;mk-moon-download-2&#8243; url=&#8220;https:\/\/cbndeutschland.org\/wp-content\/uploads\/2020\/11\/staffel4fdg_komplett_de.pdf&#8220; align=&#8220;center&#8220;]IMPULSE STAFFEL 4[\/mk_button][\/vc_column_inner][vc_column_inner width=&#8220;1\/5&#8243;][vc_single_image image=&#8220;12073&#8243; img_size=&#8220;large&#8220; add_caption=&#8220;yes&#8220; alignment=&#8220;center&#8220; onclick=&#8220;link_image&#8220;][mk_fancy_title tag_name=&#8220;span&#8220; size=&#8220;32&#8243; font_family=&#8220;none&#8220;]\n<p style=\"text-align: center;\"><strong>Staffel 5<\/strong><\/p>\n[\/mk_fancy_title][mk_button dimension=&#8220;two&#8220; corner_style=&#8220;rounded&#8220; size=&#8220;large&#8220; icon=&#8220;mk-moon-download-2&#8243; url=&#8220;https:\/\/cbndeutschland.org\/wp-content\/uploads\/2023\/11\/staffel5fdg_komplett_final.pdf&#8220; align=&#8220;center&#8220;]IMPULSE STAFFEL 5[\/mk_button][\/vc_column_inner][\/vc_row_inner][vc_empty_space height=&#8220;50px&#8220;][vc_empty_space height=&#8220;25px&#8220;][vc_column_text css=&#8220;.vc_custom_1776934610562{margin-bottom: 0px !important;}&#8220;]\n<p style=\"text-align: center;\"><span style=\"font-size: 130%;\"><strong>Die Staffeln 1-5 sind bei uns im CBN-Shop erh\u00e4ltlich:<\/strong><\/span><\/p>\n[\/vc_column_text][vc_empty_space height=&#8220;30px&#8220;][mk_button dimension=&#8220;two&#8220; corner_style=&#8220;rounded&#8220; size=&#8220;large&#8220; url=&#8220;https:\/\/shop-cbn.eu&#8220; align=&#8220;center&#8220;]SUPERBUCH IM SHOP BESTELLEN[\/mk_button][vc_empty_space height=&#8220;30px&#8220;][vc_empty_space height=&#8220;60px&#8220;][\/vc_column][\/vc_row][vc_row fullwidth=&#8220;true&#8220; fullwidth_content=&#8220;false&#8220; css=&#8220;.vc_custom_1715002716179{background-color: #f3f3f3 !important;}&#8220;][vc_column][vc_empty_space height=&#8220;55px&#8220;][vc_column_text margin_bottom=&#8220;0&#8243; css=&#8220;.vc_custom_1776935344329{margin-bottom: 0px !important;}&#8220;]\n<p style=\"text-align: center;\"><span style=\"font-size: 130%;\"><strong>Coming Soon: <\/strong><\/span><\/p>\n<h2 style=\"text-align: center;\"><span style=\"font-size: 130%;\"><strong>Die \u201eBibelreise\u201c \u2013 das Superbuch-Spiel<\/strong><\/span><\/h2>\n[\/vc_column_text][vc_empty_space height=&#8220;25px&#8220;][vc_column_text disable_pattern=&#8220;false&#8220; css=&#8220;.vc_custom_1776934403705{margin-bottom: 0px !important;}&#8220;]\n<p style=\"text-align: center;\"><span style=\"font-size: 130%;\"><strong>Das W\u00fcrfelspiel findet ihr bald hier zum Ausdrucken verf\u00fcgbar.<\/strong><\/span><\/p>\n[\/vc_column_text][vc_empty_space height=&#8220;55px&#8220;][\/vc_column][\/vc_row][vc_row fullwidth=&#8220;true&#8220; fullwidth_content=&#8220;false&#8220;][vc_column][vc_empty_space height=&#8220;55px&#8220;][vc_column_text css=&#8220;.vc_custom_1721726287974{margin-bottom: 0px !important;}&#8220;]\n<h2 style=\"text-align: center;\"><span style=\"font-size: 130%;\"><strong>Ausmalbilder zum Selbstausdrucken<\/strong><\/span><\/h2>\n[\/vc_column_text][vc_row_inner visibility=&#8220;hidden-sm&#8220;][vc_column_inner width=&#8220;1\/3&#8243;][vc_empty_space height=&#8220;25px&#8220;][vc_single_image image=&#8220;15528&#8243; img_size=&#8220;medium&#8220; alignment=&#8220;center&#8220; onclick=&#8220;custom_link&#8220; link=&#8220;https:\/\/cbndeutschland.org\/wp-content\/uploads\/2020\/03\/suprbuch-ausmalbuch-downloaden.pdf&#8220;][vc_empty_space height=&#8220;25px&#8220;][mk_button dimension=&#8220;two&#8220; corner_style=&#8220;rounded&#8220; size=&#8220;large&#8220; icon=&#8220;mk-moon-download-2&#8243; url=&#8220;https:\/\/cbndeutschland.org\/wp-content\/uploads\/2020\/03\/suprbuch-ausmalbuch-downloaden.pdf&#8220; align=&#8220;center&#8220;]Ausmalbuch[\/mk_button][\/vc_column_inner][vc_column_inner width=&#8220;1\/3&#8243;][vc_empty_space height=&#8220;25px&#8220;][vc_single_image image=&#8220;15524&#8243; img_size=&#8220;medium&#8220; alignment=&#8220;center&#8220; onclick=&#8220;custom_link&#8220; link=&#8220;https:\/\/cbndeutschland.org\/wp-content\/uploads\/2024\/04\/ausmalbild-jesus.pdf&#8220;][vc_empty_space height=&#8220;94px&#8220;][mk_button dimension=&#8220;two&#8220; corner_style=&#8220;rounded&#8220; size=&#8220;large&#8220; icon=&#8220;mk-moon-download-2&#8243; url=&#8220;https:\/\/cbndeutschland.org\/wp-content\/uploads\/2024\/04\/ausmalbild-jesus.pdf&#8220; align=&#8220;center&#8220;]Ausmalbild Jesus[\/mk_button][\/vc_column_inner][vc_column_inner width=&#8220;1\/3&#8243;][vc_empty_space height=&#8220;25px&#8220;][vc_single_image image=&#8220;15526&#8243; img_size=&#8220;medium&#8220; alignment=&#8220;center&#8220; onclick=&#8220;custom_link&#8220; link=&#8220;https:\/\/cbndeutschland.org\/wp-content\/uploads\/2021\/11\/superbuch_ausmalbild_das-erste-weihnachten_neu.pdf&#8220;][vc_empty_space height=&#8220;24px&#8220;][mk_button dimension=&#8220;two&#8220; corner_style=&#8220;rounded&#8220; size=&#8220;large&#8220; icon=&#8220;mk-moon-download-2&#8243; url=&#8220;https:\/\/cbndeutschland.org\/wp-content\/uploads\/2021\/11\/superbuch_ausmalbild_das-erste-weihnachten_neu.pdf&#8220; align=&#8220;center&#8220;]Ausmalbild Krippe[\/mk_button][\/vc_column_inner][\/vc_row_inner][vc_row_inner visibility=&#8220;visible-sm&#8220;][vc_column_inner width=&#8220;1\/3&#8243;][vc_empty_space height=&#8220;25px&#8220;][vc_single_image image=&#8220;15528&#8243; img_size=&#8220;medium&#8220; alignment=&#8220;center&#8220; onclick=&#8220;custom_link&#8220; link=&#8220;https:\/\/cbndeutschland.org\/wp-content\/uploads\/2020\/03\/suprbuch-ausmalbuch-downloaden.pdf&#8220;][vc_empty_space height=&#8220;25px&#8220;][mk_button dimension=&#8220;two&#8220; corner_style=&#8220;rounded&#8220; size=&#8220;large&#8220; icon=&#8220;mk-moon-download-2&#8243; url=&#8220;https:\/\/cbndeutschland.org\/wp-content\/uploads\/2020\/03\/suprbuch-ausmalbuch-downloaden.pdf&#8220; align=&#8220;center&#8220;]Ausmalbuch[\/mk_button][\/vc_column_inner][vc_column_inner width=&#8220;1\/3&#8243;][vc_empty_space height=&#8220;25px&#8220;][vc_single_image image=&#8220;15524&#8243; img_size=&#8220;medium&#8220; alignment=&#8220;center&#8220; onclick=&#8220;custom_link&#8220; link=&#8220;https:\/\/cbndeutschland.org\/wp-content\/uploads\/2024\/04\/ausmalbild-jesus.pdf&#8220;][vc_empty_space height=&#8220;25px&#8220;][mk_button dimension=&#8220;two&#8220; corner_style=&#8220;rounded&#8220; size=&#8220;large&#8220; icon=&#8220;mk-moon-download-2&#8243; url=&#8220;https:\/\/cbndeutschland.org\/wp-content\/uploads\/2024\/04\/ausmalbild-jesus.pdf&#8220; align=&#8220;center&#8220;]Ausmalbild Jesus[\/mk_button][\/vc_column_inner][vc_column_inner width=&#8220;1\/3&#8243;][vc_empty_space height=&#8220;25px&#8220;][vc_single_image image=&#8220;15526&#8243; img_size=&#8220;medium&#8220; alignment=&#8220;center&#8220; onclick=&#8220;custom_link&#8220; link=&#8220;https:\/\/cbndeutschland.org\/wp-content\/uploads\/2021\/11\/superbuch_ausmalbild_das-erste-weihnachten_neu.pdf&#8220;][vc_empty_space height=&#8220;24px&#8220;][mk_button dimension=&#8220;two&#8220; corner_style=&#8220;rounded&#8220; size=&#8220;large&#8220; icon=&#8220;mk-moon-download-2&#8243; url=&#8220;https:\/\/cbndeutschland.org\/wp-content\/uploads\/2021\/11\/superbuch_ausmalbild_das-erste-weihnachten_neu.pdf&#8220; align=&#8220;center&#8220;]Ausmalbild Krippe[\/mk_button][\/vc_column_inner][\/vc_row_inner][vc_empty_space height=&#8220;55px&#8220;][\/vc_column][\/vc_row][vc_row fullwidth=&#8220;true&#8220; fullwidth_content=&#8220;false&#8220; css=&#8220;.vc_custom_1721722158484{background-color: #f3f3f3 !important;}&#8220;][vc_column][vc_empty_space height=&#8220;55px&#8220;][vc_column_text css=&#8220;.vc_custom_1721727548013{margin-bottom: 0px !important;}&#8220;]\n<h2 style=\"text-align: center;\"><span style=\"font-size: 130%;\"><strong>Stadt-Land-Superbuch zur Ostergeschichte<\/strong><\/span><\/h2>\n[\/vc_column_text][vc_empty_space height=&#8220;25px&#8220;][vc_row_inner][vc_column_inner][vc_single_image image=&#8220;15522&#8243; img_size=&#8220;medium&#8220; alignment=&#8220;center&#8220; onclick=&#8220;custom_link&#8220; link=&#8220;https:\/\/cbndeutschland.org\/wp-content\/uploads\/2024\/03\/stadt-land-superbuch.pdf&#8220;][\/vc_column_inner][\/vc_row_inner][vc_empty_space height=&#8220;25px&#8220;][mk_button dimension=&#8220;two&#8220; corner_style=&#8220;rounded&#8220; size=&#8220;large&#8220; icon=&#8220;mk-moon-download-2&#8243; url=&#8220;https:\/\/cbndeutschland.org\/wp-content\/uploads\/2024\/03\/stadt-land-superbuch.pdf&#8220; align=&#8220;center&#8220;]Stadt-Land-Superbuch[\/mk_button][vc_empty_space height=&#8220;55px&#8220;][\/vc_column][\/vc_row][vc_row fullwidth=&#8220;true&#8220; fullwidth_content=&#8220;false&#8220;][vc_column][vc_empty_space][vc_empty_space][vc_column_text css=&#8220;.vc_custom_1721728173421{margin-bottom: 0px !important;}&#8220;]\n<p style=\"text-align: center;\"><span style=\"font-size: 130%;\"><strong>Viel Spa\u00df!<\/strong><\/span><\/p>\n[\/vc_column_text][vc_empty_space][vc_single_image image=&#8220;7300&#8243; img_size=&#8220;full&#8220; alignment=&#8220;center&#8220;][vc_empty_space][\/vc_column][\/vc_row]\n<\/div>","protected":false},"excerpt":{"rendered":"<p>[vc_row fullwidth=&#8220;true&#8220;][vc_column][vc_single_image image=&#8220;11610&#8243; img_size=&#8220;full&#8220; alignment=&#8220;center&#8220;][\/vc_column][\/vc_row][vc_row][vc_column][vc_empty_space height=&#8220;50px&#8220;][mk_fancy_title tag_name=&#8220;span&#8220; size=&#8220;32&#8243; font_family=&#8220;none&#8220;] Superbuch Gespr\u00e4chsimpulse [\/mk_fancy_title][vc_column_text css=&#8220;.vc_custom_1715002489068{margin-bottom: 0px !important;}&#8220;]Kommt mit euren Kindern ins Gespr\u00e4ch! Mit den tollen Gespr\u00e4chsimpulsen von Superbuch habt ihr zu jeder Folge Fragen und Bibelstellen, die euch helfen, die 3 Hauptthemen der Folge mit euren Kindern zu vertiefen. Die Gespr\u00e4chsimpulse bieten wertvolle Hintergr\u00fcnde, Denkanst\u00f6\u00dfe und Fragen [&hellip;]<\/p>\n","protected":false},"author":2,"featured_media":0,"parent":19,"menu_order":0,"comment_status":"closed","ping_status":"closed","template":"","meta":{"footnotes":"","_links_to":"","_links_to_target":""},"class_list":["post-7139","page","type-page","status-publish","hentry"],"yoast_head":"<!-- This site is optimized with the Yoast SEO plugin v27.1.1 - https:\/\/yoast.com\/product\/yoast-seo-wordpress\/ -->\n<title>Gespr\u00e4chsimpulse f\u00fcr die ganze Familie Gespr\u00e4chsimpulse - CBN Deutschland<\/title>\n<meta name=\"description\" content=\"Kommt als Familie ins Gespr\u00e4ch zu den verschiedenen Bibelgeschichten der Superbuch-Episoden \u2013 mit den CBN-Gespr\u00e4chsimpulsen.\" \/>\n<meta name=\"robots\" content=\"index, follow, max-snippet:-1, max-image-preview:large, max-video-preview:-1\" \/>\n<link rel=\"canonical\" href=\"https:\/\/cbndeutschland.org\/de\/superbuch\/gespraechsimpulse\/\" \/>\n<meta property=\"og:locale\" content=\"de_DE\" \/>\n<meta property=\"og:type\" content=\"article\" \/>\n<meta property=\"og:title\" content=\"Gespr\u00e4chsimpulse f\u00fcr die ganze Familie Gespr\u00e4chsimpulse - CBN Deutschland\" \/>\n<meta property=\"og:description\" content=\"Kommt als Familie ins Gespr\u00e4ch zu den verschiedenen Bibelgeschichten der Superbuch-Episoden \u2013 mit den CBN-Gespr\u00e4chsimpulsen.\" \/>\n<meta property=\"og:url\" content=\"https:\/\/cbndeutschland.org\/de\/superbuch\/gespraechsimpulse\/\" \/>\n<meta property=\"og:site_name\" content=\"CBN Deutschland\" \/>\n<meta property=\"article:modified_time\" content=\"2026-04-23T09:09:14+00:00\" \/>\n<meta name=\"twitter:card\" content=\"summary_large_image\" \/>\n<meta name=\"twitter:label1\" content=\"Est. reading time\" \/>\n\t<meta name=\"twitter:data1\" content=\"5 Minuten\" \/>\n<script type=\"application\/ld+json\" class=\"yoast-schema-graph\">{\"@context\":\"https:\/\/schema.org\",\"@graph\":[{\"@type\":\"WebPage\",\"@id\":\"https:\/\/cbndeutschland.org\/de\/superbuch\/gespraechsimpulse\/\",\"url\":\"https:\/\/cbndeutschland.org\/de\/superbuch\/gespraechsimpulse\/\",\"name\":\"Gespr\u00e4chsimpulse f\u00fcr die ganze Familie Gespr\u00e4chsimpulse - CBN Deutschland\",\"isPartOf\":{\"@id\":\"https:\/\/cbndeutschland.org\/de\/#website\"},\"datePublished\":\"2020-11-19T11:44:01+00:00\",\"dateModified\":\"2026-04-23T09:09:14+00:00\",\"description\":\"Kommt als Familie ins Gespr\u00e4ch zu den verschiedenen Bibelgeschichten der Superbuch-Episoden \u2013 mit den CBN-Gespr\u00e4chsimpulsen.\",\"breadcrumb\":{\"@id\":\"https:\/\/cbndeutschland.org\/de\/superbuch\/gespraechsimpulse\/#breadcrumb\"},\"inLanguage\":\"de-DE\",\"potentialAction\":[{\"@type\":\"ReadAction\",\"target\":[\"https:\/\/cbndeutschland.org\/de\/superbuch\/gespraechsimpulse\/\"]}]},{\"@type\":\"BreadcrumbList\",\"@id\":\"https:\/\/cbndeutschland.org\/de\/superbuch\/gespraechsimpulse\/#breadcrumb\",\"itemListElement\":[{\"@type\":\"ListItem\",\"position\":1,\"name\":\"Startseite\",\"item\":\"https:\/\/cbndeutschland.org\/de\/\"},{\"@type\":\"ListItem\",\"position\":2,\"name\":\"Superbuch\",\"item\":\"\/superbuch\/ueber-superbuch\/\"},{\"@type\":\"ListItem\",\"position\":3,\"name\":\"Gespr\u00e4chsimpulse\"}]},{\"@type\":\"WebSite\",\"@id\":\"https:\/\/cbndeutschland.org\/de\/#website\",\"url\":\"https:\/\/cbndeutschland.org\/de\/\",\"name\":\"CBN Deutschland\",\"description\":\"CBN Deutschland\",\"publisher\":{\"@id\":\"https:\/\/cbndeutschland.org\/de\/#organization\"},\"potentialAction\":[{\"@type\":\"SearchAction\",\"target\":{\"@type\":\"EntryPoint\",\"urlTemplate\":\"https:\/\/cbndeutschland.org\/de\/?s={search_term_string}\"},\"query-input\":{\"@type\":\"PropertyValueSpecification\",\"valueRequired\":true,\"valueName\":\"search_term_string\"}}],\"inLanguage\":\"de-DE\"},{\"@type\":\"Organization\",\"@id\":\"https:\/\/cbndeutschland.org\/de\/#organization\",\"name\":\"CBN Deutschland\",\"url\":\"https:\/\/cbndeutschland.org\/de\/\",\"logo\":{\"@type\":\"ImageObject\",\"inLanguage\":\"de-DE\",\"@id\":\"https:\/\/cbndeutschland.org\/de\/#\/schema\/logo\/image\/\",\"url\":\"https:\/\/cbndeutschland.org\/wp-content\/uploads\/2017\/02\/cbn-logo-web-blue.png\",\"contentUrl\":\"https:\/\/cbndeutschland.org\/wp-content\/uploads\/2017\/02\/cbn-logo-web-blue.png\",\"width\":385,\"height\":55,\"caption\":\"CBN Deutschland\"},\"image\":{\"@id\":\"https:\/\/cbndeutschland.org\/de\/#\/schema\/logo\/image\/\"}}]}<\/script>\n<!-- \/ Yoast SEO plugin. -->","yoast_head_json":{"title":"Gespr\u00e4chsimpulse f\u00fcr die ganze Familie Gespr\u00e4chsimpulse - CBN Deutschland","description":"Kommt als Familie ins Gespr\u00e4ch zu den verschiedenen Bibelgeschichten der Superbuch-Episoden \u2013 mit den CBN-Gespr\u00e4chsimpulsen.","robots":{"index":"index","follow":"follow","max-snippet":"max-snippet:-1","max-image-preview":"max-image-preview:large","max-video-preview":"max-video-preview:-1"},"canonical":"https:\/\/cbndeutschland.org\/de\/superbuch\/gespraechsimpulse\/","og_locale":"de_DE","og_type":"article","og_title":"Gespr\u00e4chsimpulse f\u00fcr die ganze Familie Gespr\u00e4chsimpulse - CBN Deutschland","og_description":"Kommt als Familie ins Gespr\u00e4ch zu den verschiedenen Bibelgeschichten der Superbuch-Episoden \u2013 mit den CBN-Gespr\u00e4chsimpulsen.","og_url":"https:\/\/cbndeutschland.org\/de\/superbuch\/gespraechsimpulse\/","og_site_name":"CBN Deutschland","article_modified_time":"2026-04-23T09:09:14+00:00","twitter_card":"summary_large_image","twitter_misc":{"Est. reading time":"5 Minuten"},"schema":{"@context":"https:\/\/schema.org","@graph":[{"@type":"WebPage","@id":"https:\/\/cbndeutschland.org\/de\/superbuch\/gespraechsimpulse\/","url":"https:\/\/cbndeutschland.org\/de\/superbuch\/gespraechsimpulse\/","name":"Gespr\u00e4chsimpulse f\u00fcr die ganze Familie Gespr\u00e4chsimpulse - CBN Deutschland","isPartOf":{"@id":"https:\/\/cbndeutschland.org\/de\/#website"},"datePublished":"2020-11-19T11:44:01+00:00","dateModified":"2026-04-23T09:09:14+00:00","description":"Kommt als Familie ins Gespr\u00e4ch zu den verschiedenen Bibelgeschichten der Superbuch-Episoden \u2013 mit den CBN-Gespr\u00e4chsimpulsen.","breadcrumb":{"@id":"https:\/\/cbndeutschland.org\/de\/superbuch\/gespraechsimpulse\/#breadcrumb"},"inLanguage":"de-DE","potentialAction":[{"@type":"ReadAction","target":["https:\/\/cbndeutschland.org\/de\/superbuch\/gespraechsimpulse\/"]}]},{"@type":"BreadcrumbList","@id":"https:\/\/cbndeutschland.org\/de\/superbuch\/gespraechsimpulse\/#breadcrumb","itemListElement":[{"@type":"ListItem","position":1,"name":"Startseite","item":"https:\/\/cbndeutschland.org\/de\/"},{"@type":"ListItem","position":2,"name":"Superbuch","item":"\/superbuch\/ueber-superbuch\/"},{"@type":"ListItem","position":3,"name":"Gespr\u00e4chsimpulse"}]},{"@type":"WebSite","@id":"https:\/\/cbndeutschland.org\/de\/#website","url":"https:\/\/cbndeutschland.org\/de\/","name":"CBN Deutschland","description":"CBN Deutschland","publisher":{"@id":"https:\/\/cbndeutschland.org\/de\/#organization"},"potentialAction":[{"@type":"SearchAction","target":{"@type":"EntryPoint","urlTemplate":"https:\/\/cbndeutschland.org\/de\/?s={search_term_string}"},"query-input":{"@type":"PropertyValueSpecification","valueRequired":true,"valueName":"search_term_string"}}],"inLanguage":"de-DE"},{"@type":"Organization","@id":"https:\/\/cbndeutschland.org\/de\/#organization","name":"CBN Deutschland","url":"https:\/\/cbndeutschland.org\/de\/","logo":{"@type":"ImageObject","inLanguage":"de-DE","@id":"https:\/\/cbndeutschland.org\/de\/#\/schema\/logo\/image\/","url":"https:\/\/cbndeutschland.org\/wp-content\/uploads\/2017\/02\/cbn-logo-web-blue.png","contentUrl":"https:\/\/cbndeutschland.org\/wp-content\/uploads\/2017\/02\/cbn-logo-web-blue.png","width":385,"height":55,"caption":"CBN Deutschland"},"image":{"@id":"https:\/\/cbndeutschland.org\/de\/#\/schema\/logo\/image\/"}}]}},"_links":{"self":[{"href":"https:\/\/cbndeutschland.org\/de\/wp-json\/wp\/v2\/pages\/7139","targetHints":{"allow":["GET"]}}],"collection":[{"href":"https:\/\/cbndeutschland.org\/de\/wp-json\/wp\/v2\/pages"}],"about":[{"href":"https:\/\/cbndeutschland.org\/de\/wp-json\/wp\/v2\/types\/page"}],"author":[{"embeddable":true,"href":"https:\/\/cbndeutschland.org\/de\/wp-json\/wp\/v2\/users\/2"}],"replies":[{"embeddable":true,"href":"https:\/\/cbndeutschland.org\/de\/wp-json\/wp\/v2\/comments?post=7139"}],"version-history":[{"count":58,"href":"https:\/\/cbndeutschland.org\/de\/wp-json\/wp\/v2\/pages\/7139\/revisions"}],"predecessor-version":[{"id":21086,"href":"https:\/\/cbndeutschland.org\/de\/wp-json\/wp\/v2\/pages\/7139\/revisions\/21086"}],"up":[{"embeddable":true,"href":"https:\/\/cbndeutschland.org\/de\/wp-json\/wp\/v2\/pages\/19"}],"wp:attachment":[{"href":"https:\/\/cbndeutschland.org\/de\/wp-json\/wp\/v2\/media?parent=7139"}],"curies":[{"name":"wp","href":"https:\/\/api.w.org\/{rel}","templated":true}]}}