{"id":6519,"date":"2020-05-11T15:52:13","date_gmt":"2020-05-11T13:52:13","guid":{"rendered":"https:\/\/cbndeutschland.org\/?page_id=6519"},"modified":"2025-11-17T13:45:24","modified_gmt":"2025-11-17T12:45:24","slug":"dokus","status":"publish","type":"page","link":"https:\/\/cbndeutschland.org\/de\/dokus\/","title":{"rendered":"Unsere Dokumentationen"},"content":{"rendered":"<div class=\"wpb-content-wrapper\">[vc_row fullwidth=&#8220;true&#8220; animation=&#8220;fade-in&#8220;][vc_column][vc_single_image image=&#8220;14401&#8243; img_size=&#8220;full&#8220; alignment=&#8220;center&#8220; onclick=&#8220;custom_link&#8220; css_animation=&#8220;fadeIn&#8220; link=&#8220;https:\/\/shop-cbn.eu\/products\/superbuch-staffel-3-komplettpaket&#8220;][vc_empty_space][\/vc_column][\/vc_row][vc_row animation=&#8220;fade-in&#8220; css=&#8220;.vc_custom_1714731005313{margin-left: 5px !important;border-left-width: 5px !important;padding-left: 5px !important;}&#8220;][vc_column css=&#8220;.vc_custom_1485775217162{margin-right: 2px !important;}&#8220;][vc_column_text animation=&#8220;fade-in&#8220; css=&#8220;.vc_custom_1714730890909{margin-bottom: 0px !important;}&#8220;]\n<h1 style=\"text-align: center;\"><strong>CBN Dokus<\/strong><\/h1>\n[\/vc_column_text][vc_empty_space height=&#8220;28px&#8220;][vc_column_text css=&#8220;.vc_custom_1714730907971{margin-bottom: 0px !important;}&#8220;]\n<h2 style=\"text-align: center;\"><strong>Hochwertige Filme <\/strong><strong>\u00fcber j\u00fcdische und christliche Geschichte<\/strong><\/h2>\n[\/vc_column_text][vc_empty_space height=&#8220;28px&#8220;][vc_column_text css=&#8220;.vc_custom_1714730946285{margin-bottom: 0px !important;}&#8220;]\n<p style=\"text-align: left;\"><span style=\"font-size: 120%;\">Das CBN Documentary Team produziert <strong>hochwertige Filme, die sich vor allem mit der j\u00fcdischen und christlichen Geschichte sowie biblischer Arch\u00e4ologie im Mittleren Osten auseinandersetzen.<\/strong> Durch <strong>fundierte Recherchen, Zeitzeugen und Expertenstimmen<\/strong> werden die CBN Dokus zu einem hochwertigen Erlebnis. <strong>Reenactmentszenen und der Dreh an Originalschaupl\u00e4tzen<\/strong> machen dem Zuschauer biblische Themen zus\u00e4tzlich anschaulich. Lernen Sie mehr \u00fcber die <strong>Zeit, Hintergr\u00fcnde und Geheimnisse<\/strong> des Glaubens von Juden und Christen.<\/span><\/p>\n[\/vc_column_text][vc_column_text css=&#8220;.vc_custom_1714730994142{margin-bottom: 0px !important;}&#8220;]\n<p style=\"text-align: left;\"><strong><span style=\"font-size: 120%;\">Alle Dokumentationen gibt es in unserem Shop je nach Produkt zum Kauf auf DVD, als Online-Stream oder zum Online-Ausleihen f\u00fcr 3 Tage.<\/span><\/strong><\/p>\n[\/vc_column_text][vc_empty_space height=&#8220;80px&#8220;][\/vc_column][\/vc_row][vc_row fullwidth=&#8220;true&#8220; fullwidth_content=&#8220;false&#8220; css=&#8220;.vc_custom_1714731327617{background-color: #f3f3f3 !important;}&#8220;][vc_column][vc_empty_space height=&#8220;70px&#8220;][vc_row_inner][vc_column_inner width=&#8220;1\/3&#8243;][vc_column_text css=&#8220;.vc_custom_1763382210688{margin-bottom: 0px !important;}&#8220;]\n<h3 style=\"text-align: center;\"><strong>Jesus \u2013 Zufall oder Vorsehung?<\/strong><\/h3>\n[\/vc_column_text][vc_single_image image=&#8220;6566&#8243; img_size=&#8220;300&#215;400&#8243; alignment=&#8220;center&#8220; onclick=&#8220;custom_link&#8220; css=&#8220;&#8220; link=&#8220;https:\/\/shop-cbn.eu\/products\/superbuch-staffel-3-komplettpaket&#8220;][vc_empty_space height=&#8220;0px&#8220;][vc_column_text css=&#8220;.vc_custom_1589198776253{margin-bottom: 0px !important;}&#8220;]Niemand hat den Verlauf der Geschichte so tiefgreifend beeinflusst wie Jesus von Nazareth. Seine Rolle als Messias Israels und damit verbunden seine Bedeutung f\u00fcr den Rest der Welt wird jedoch von manchen bis heute angezweifelt. Zurecht? In einer sechsteiligen TV-Sendereihe geht CBN diesen fragen nach. <strong>Historiker, Arch\u00e4ologen und Bibelforscher kommen zu Wort und verdeutlichen anschaulich die Zusammenh\u00e4nge alttestamentlicher Prophethien mit dem Kommen des Messias.<\/strong>[\/vc_column_text][vc_column_text css=&#8220;.vc_custom_1763382064466{margin-bottom: 0px !important;}&#8220;]\n<p style=\"text-align: center;\"><strong>Als DVD f\u00fcr 8.90 \u20ac *<\/strong><\/p>\n[\/vc_column_text][vc_empty_space height=&#8220;65px&#8220;][mk_button dimension=&#8220;two&#8220; corner_style=&#8220;rounded&#8220; size=&#8220;large&#8220; url=&#8220;https:\/\/shop-cbn.eu\/collections\/cbn-dokus\/products\/jesus-zufall-oder-vorsehung-1&#8243; align=&#8220;center&#8220;]Zum Shop[\/mk_button][vc_empty_space height=&#8220;100px&#8220;][\/vc_column_inner][vc_column_inner width=&#8220;1\/3&#8243;][vc_column_text css=&#8220;.vc_custom_1763382203090{margin-bottom: 0px !important;}&#8220;]\n<h3 style=\"text-align: center;\"><strong>In Our Hands \u2013 Der Kampf um Jerusalem<\/strong><\/h3>\n[\/vc_column_text][vc_single_image image=&#8220;14177&#8243; img_size=&#8220;300&#215;400&#8243; alignment=&#8220;center&#8220; css=&#8220;&#8220;][vc_empty_space height=&#8220;0px&#8220;][vc_column_text css=&#8220;.vc_custom_1589198743213{margin-bottom: 0px !important;}&#8220;]Als sich die arabischen Nationen im Mai 1967 zusammenschlossen, einte sie das Ziel, Israel von der Landkarte zu entfernen. Die Existenz des kaum 20 Jahre jungen Staates war bedroht \u2013 doch 2018 existiert er noch! <strong>Sehen Sie in einer bewegenden Dokumentation \u00fcber den Kampf um Jerusalem, wie 6 Tage im Juni 1967 die Geschichte f\u00fcr immer ver\u00e4nderten!<\/strong>[\/vc_column_text][vc_column_text css=&#8220;.vc_custom_1589198707140{margin-bottom: 0px !important;}&#8220;]*** F\u00dcR JEDE VERKAUFTE DVD SPENDET CBN DEUTSCHLAND 1\u20ac AN HILFSPROJEKTE IN ISRAEL***[\/vc_column_text][vc_empty_space height=&#8220;8px&#8220;][vc_column_text css=&#8220;.vc_custom_1763382995694{margin-bottom: 0px !important;}&#8220;]\n<p style=\"text-align: center;\"><strong>Als DVD f\u00fcr 14.99 \u20ac *<br \/>\nZum Streamen f\u00fcr 5,99 \u20ac<br \/>\nStream 3 Tage leihen f\u00fcr 1,49 \u20ac\u00a0<\/strong><\/p>\n[\/vc_column_text][vc_empty_space height=&#8220;10px&#8220;][mk_button dimension=&#8220;two&#8220; corner_style=&#8220;rounded&#8220; size=&#8220;large&#8220; url=&#8220;https:\/\/shop-cbn.eu\/collections\/cbn-dokus\/products\/in-our-hands-der-kampf-um-jerusalem&#8220; align=&#8220;center&#8220;]Zum Shop[\/mk_button][vc_empty_space height=&#8220;10px&#8220;][vc_empty_space height=&#8220;10px&#8220;][vc_empty_space height=&#8220;10px&#8220;][vc_empty_space height=&#8220;10px&#8220;][vc_video link=&#8220;https:\/\/youtu.be\/i2lfyU3kG58&#8243;][\/vc_column_inner][vc_column_inner width=&#8220;1\/3&#8243;][vc_column_text css=&#8220;.vc_custom_1589211525132{margin-bottom: 0px !important;}&#8220;]\n<h3 style=\"text-align: center;\"><strong>Das Geheimnis des Tempelschatzes<\/strong><\/h3>\n<p>&nbsp;<\/p>\n[\/vc_column_text][vc_single_image image=&#8220;6555&#8243; img_size=&#8220;250*350&#8243; alignment=&#8220;center&#8220; css=&#8220;&#8220;][vc_empty_space height=&#8220;0px&#8220;][vc_column_text css=&#8220;.vc_custom_1763382654030{margin-bottom: 0px !important;}&#8220;]Im Jahr 70 n. Chr. zerst\u00f6rten r\u00f6mische Legionen den zweiten Tempel in Jerusalem. Augenzeugen berichteten jedoch \u00fcber mehrere Jahrhunderte hinweg, dass die Sch\u00e4tze des Tempels nicht zerst\u00f6rt, sondern nach Rom, Karthago und Byzanz verschleppt wurden. Dort verschwanden sie jedoch spurlos.<strong> Wo befindet sich also der Tempelschatz heute?<\/strong><\/p>\n<p><strong>Spannende CBN Doku auf den Spuren einer geheimnisvollen Geschichte!<\/strong>[\/vc_column_text][vc_empty_space height=&#8220;39px&#8220;][vc_column_text css=&#8220;.vc_custom_1763381875832{margin-bottom: 0px !important;}&#8220;]\n<p style=\"text-align: center;\"><strong>Zum Streamen f\u00fcr 3,99 \u20ac<br \/>\n<\/strong><strong>Stream 3 Tage leihen f\u00fcr 0,99 \u20ac<\/strong><\/p>\n[\/vc_column_text][vc_empty_space height=&#8220;30px&#8220;][mk_button dimension=&#8220;two&#8220; corner_style=&#8220;rounded&#8220; size=&#8220;large&#8220; url=&#8220;https:\/\/shop-cbn.eu\/collections\/cbn-dokus\/products\/das-geheimnis-des-tempelschatzes&#8220; align=&#8220;center&#8220;]Zum Shop[\/mk_button][vc_empty_space height=&#8220;44px&#8220;][vc_video link=&#8220;https:\/\/www.youtube.com\/watch?v=MbG3mHJ-y3w&#8220;][\/vc_column_inner][\/vc_row_inner][vc_empty_space height=&#8220;80px&#8220;][vc_column_text css=&#8220;.vc_custom_1589198892360{margin-bottom: 0px !important;}&#8220;]<em>* Alle Preise verstehen sich inkl. MwSt. und ggf. plus Versandkosten. Schon ab 30,00\u20ac entfallen die Verandkosten. Die durchgestrichenen Preise stellen die urspr\u00fcnglich unverbindlichen Preise dar. Die Lieferfrist betr\u00e4gt ca. 1-3 Tage.<\/em>[\/vc_column_text][\/vc_column][\/vc_row][vc_row][vc_column][vc_empty_space height=&#8220;100px&#8220;][\/vc_column][\/vc_row][vc_row][vc_column][\/vc_column][\/vc_row]\n<\/div>","protected":false},"excerpt":{"rendered":"<p>[vc_row fullwidth=&#8220;true&#8220; animation=&#8220;fade-in&#8220;][vc_column][vc_single_image image=&#8220;14401&#8243; img_size=&#8220;full&#8220; alignment=&#8220;center&#8220; onclick=&#8220;custom_link&#8220; css_animation=&#8220;fadeIn&#8220; link=&#8220;https:\/\/shop-cbn.eu\/products\/superbuch-staffel-3-komplettpaket&#8220;][vc_empty_space][\/vc_column][\/vc_row][vc_row animation=&#8220;fade-in&#8220; css=&#8220;.vc_custom_1714731005313{margin-left: 5px !important;border-left-width: 5px !important;padding-left: 5px !important;}&#8220;][vc_column css=&#8220;.vc_custom_1485775217162{margin-right: 2px !important;}&#8220;][vc_column_text animation=&#8220;fade-in&#8220; css=&#8220;.vc_custom_1714730890909{margin-bottom: 0px !important;}&#8220;] CBN Dokus [\/vc_column_text][vc_empty_space height=&#8220;28px&#8220;][vc_column_text css=&#8220;.vc_custom_1714730907971{margin-bottom: 0px !important;}&#8220;] Hochwertige Filme \u00fcber j\u00fcdische und christliche Geschichte [\/vc_column_text][vc_empty_space height=&#8220;28px&#8220;][vc_column_text css=&#8220;.vc_custom_1714730946285{margin-bottom: 0px !important;}&#8220;] Das CBN Documentary Team produziert hochwertige Filme, die sich vor allem mit [&hellip;]<\/p>\n","protected":false},"author":2,"featured_media":0,"parent":0,"menu_order":0,"comment_status":"closed","ping_status":"closed","template":"","meta":{"footnotes":"","_links_to":"","_links_to_target":""},"class_list":["post-6519","page","type-page","status-publish","hentry"],"yoast_head":"<!-- This site is optimized with the Yoast SEO plugin v27.1.1 - https:\/\/yoast.com\/product\/yoast-seo-wordpress\/ -->\n<title>Unsere Dokumentationen - CBN Deutschland<\/title>\n<meta name=\"description\" content=\"Hochwertige Filme, die sich vor allem mit der j\u00fcdischen und christlichen Geschichte und biblischer Arch\u00e4ologie im Mittleren Osten befassen.\" \/>\n<meta name=\"robots\" content=\"index, follow, max-snippet:-1, max-image-preview:large, max-video-preview:-1\" \/>\n<link rel=\"canonical\" href=\"https:\/\/cbndeutschland.org\/de\/dokus\/\" \/>\n<meta property=\"og:locale\" content=\"de_DE\" \/>\n<meta property=\"og:type\" content=\"article\" \/>\n<meta property=\"og:title\" content=\"Unsere Dokumentationen - CBN Deutschland\" \/>\n<meta property=\"og:description\" content=\"Hochwertige Filme, die sich vor allem mit der j\u00fcdischen und christlichen Geschichte und biblischer Arch\u00e4ologie im Mittleren Osten befassen.\" \/>\n<meta property=\"og:url\" content=\"https:\/\/cbndeutschland.org\/de\/dokus\/\" \/>\n<meta property=\"og:site_name\" content=\"CBN Deutschland\" \/>\n<meta property=\"article:modified_time\" content=\"2025-11-17T12:45:24+00:00\" \/>\n<meta name=\"twitter:card\" content=\"summary_large_image\" \/>\n<meta name=\"twitter:label1\" content=\"Est. reading time\" \/>\n\t<meta name=\"twitter:data1\" content=\"4 Minuten\" \/>\n<script type=\"application\/ld+json\" class=\"yoast-schema-graph\">{\"@context\":\"https:\/\/schema.org\",\"@graph\":[{\"@type\":\"WebPage\",\"@id\":\"https:\/\/cbndeutschland.org\/de\/dokus\/\",\"url\":\"https:\/\/cbndeutschland.org\/de\/dokus\/\",\"name\":\"Unsere Dokumentationen - CBN Deutschland\",\"isPartOf\":{\"@id\":\"https:\/\/cbndeutschland.org\/de\/#website\"},\"datePublished\":\"2020-05-11T13:52:13+00:00\",\"dateModified\":\"2025-11-17T12:45:24+00:00\",\"description\":\"Hochwertige Filme, die sich vor allem mit der j\u00fcdischen und christlichen Geschichte und biblischer Arch\u00e4ologie im Mittleren Osten befassen.\",\"breadcrumb\":{\"@id\":\"https:\/\/cbndeutschland.org\/de\/dokus\/#breadcrumb\"},\"inLanguage\":\"de-DE\",\"potentialAction\":[{\"@type\":\"ReadAction\",\"target\":[\"https:\/\/cbndeutschland.org\/de\/dokus\/\"]}]},{\"@type\":\"BreadcrumbList\",\"@id\":\"https:\/\/cbndeutschland.org\/de\/dokus\/#breadcrumb\",\"itemListElement\":[{\"@type\":\"ListItem\",\"position\":1,\"name\":\"Startseite\",\"item\":\"https:\/\/cbndeutschland.org\/de\/\"},{\"@type\":\"ListItem\",\"position\":2,\"name\":\"Unsere Dokumentationen\"}]},{\"@type\":\"WebSite\",\"@id\":\"https:\/\/cbndeutschland.org\/de\/#website\",\"url\":\"https:\/\/cbndeutschland.org\/de\/\",\"name\":\"CBN Deutschland\",\"description\":\"CBN Deutschland\",\"publisher\":{\"@id\":\"https:\/\/cbndeutschland.org\/de\/#organization\"},\"potentialAction\":[{\"@type\":\"SearchAction\",\"target\":{\"@type\":\"EntryPoint\",\"urlTemplate\":\"https:\/\/cbndeutschland.org\/de\/?s={search_term_string}\"},\"query-input\":{\"@type\":\"PropertyValueSpecification\",\"valueRequired\":true,\"valueName\":\"search_term_string\"}}],\"inLanguage\":\"de-DE\"},{\"@type\":\"Organization\",\"@id\":\"https:\/\/cbndeutschland.org\/de\/#organization\",\"name\":\"CBN Deutschland\",\"url\":\"https:\/\/cbndeutschland.org\/de\/\",\"logo\":{\"@type\":\"ImageObject\",\"inLanguage\":\"de-DE\",\"@id\":\"https:\/\/cbndeutschland.org\/de\/#\/schema\/logo\/image\/\",\"url\":\"https:\/\/cbndeutschland.org\/wp-content\/uploads\/2017\/02\/cbn-logo-web-blue.png\",\"contentUrl\":\"https:\/\/cbndeutschland.org\/wp-content\/uploads\/2017\/02\/cbn-logo-web-blue.png\",\"width\":385,\"height\":55,\"caption\":\"CBN Deutschland\"},\"image\":{\"@id\":\"https:\/\/cbndeutschland.org\/de\/#\/schema\/logo\/image\/\"}}]}<\/script>\n<!-- \/ Yoast SEO plugin. -->","yoast_head_json":{"title":"Unsere Dokumentationen - CBN Deutschland","description":"Hochwertige Filme, die sich vor allem mit der j\u00fcdischen und christlichen Geschichte und biblischer Arch\u00e4ologie im Mittleren Osten befassen.","robots":{"index":"index","follow":"follow","max-snippet":"max-snippet:-1","max-image-preview":"max-image-preview:large","max-video-preview":"max-video-preview:-1"},"canonical":"https:\/\/cbndeutschland.org\/de\/dokus\/","og_locale":"de_DE","og_type":"article","og_title":"Unsere Dokumentationen - CBN Deutschland","og_description":"Hochwertige Filme, die sich vor allem mit der j\u00fcdischen und christlichen Geschichte und biblischer Arch\u00e4ologie im Mittleren Osten befassen.","og_url":"https:\/\/cbndeutschland.org\/de\/dokus\/","og_site_name":"CBN Deutschland","article_modified_time":"2025-11-17T12:45:24+00:00","twitter_card":"summary_large_image","twitter_misc":{"Est. reading time":"4 Minuten"},"schema":{"@context":"https:\/\/schema.org","@graph":[{"@type":"WebPage","@id":"https:\/\/cbndeutschland.org\/de\/dokus\/","url":"https:\/\/cbndeutschland.org\/de\/dokus\/","name":"Unsere Dokumentationen - CBN Deutschland","isPartOf":{"@id":"https:\/\/cbndeutschland.org\/de\/#website"},"datePublished":"2020-05-11T13:52:13+00:00","dateModified":"2025-11-17T12:45:24+00:00","description":"Hochwertige Filme, die sich vor allem mit der j\u00fcdischen und christlichen Geschichte und biblischer Arch\u00e4ologie im Mittleren Osten befassen.","breadcrumb":{"@id":"https:\/\/cbndeutschland.org\/de\/dokus\/#breadcrumb"},"inLanguage":"de-DE","potentialAction":[{"@type":"ReadAction","target":["https:\/\/cbndeutschland.org\/de\/dokus\/"]}]},{"@type":"BreadcrumbList","@id":"https:\/\/cbndeutschland.org\/de\/dokus\/#breadcrumb","itemListElement":[{"@type":"ListItem","position":1,"name":"Startseite","item":"https:\/\/cbndeutschland.org\/de\/"},{"@type":"ListItem","position":2,"name":"Unsere Dokumentationen"}]},{"@type":"WebSite","@id":"https:\/\/cbndeutschland.org\/de\/#website","url":"https:\/\/cbndeutschland.org\/de\/","name":"CBN Deutschland","description":"CBN Deutschland","publisher":{"@id":"https:\/\/cbndeutschland.org\/de\/#organization"},"potentialAction":[{"@type":"SearchAction","target":{"@type":"EntryPoint","urlTemplate":"https:\/\/cbndeutschland.org\/de\/?s={search_term_string}"},"query-input":{"@type":"PropertyValueSpecification","valueRequired":true,"valueName":"search_term_string"}}],"inLanguage":"de-DE"},{"@type":"Organization","@id":"https:\/\/cbndeutschland.org\/de\/#organization","name":"CBN Deutschland","url":"https:\/\/cbndeutschland.org\/de\/","logo":{"@type":"ImageObject","inLanguage":"de-DE","@id":"https:\/\/cbndeutschland.org\/de\/#\/schema\/logo\/image\/","url":"https:\/\/cbndeutschland.org\/wp-content\/uploads\/2017\/02\/cbn-logo-web-blue.png","contentUrl":"https:\/\/cbndeutschland.org\/wp-content\/uploads\/2017\/02\/cbn-logo-web-blue.png","width":385,"height":55,"caption":"CBN Deutschland"},"image":{"@id":"https:\/\/cbndeutschland.org\/de\/#\/schema\/logo\/image\/"}}]}},"_links":{"self":[{"href":"https:\/\/cbndeutschland.org\/de\/wp-json\/wp\/v2\/pages\/6519","targetHints":{"allow":["GET"]}}],"collection":[{"href":"https:\/\/cbndeutschland.org\/de\/wp-json\/wp\/v2\/pages"}],"about":[{"href":"https:\/\/cbndeutschland.org\/de\/wp-json\/wp\/v2\/types\/page"}],"author":[{"embeddable":true,"href":"https:\/\/cbndeutschland.org\/de\/wp-json\/wp\/v2\/users\/2"}],"replies":[{"embeddable":true,"href":"https:\/\/cbndeutschland.org\/de\/wp-json\/wp\/v2\/comments?post=6519"}],"version-history":[{"count":50,"href":"https:\/\/cbndeutschland.org\/de\/wp-json\/wp\/v2\/pages\/6519\/revisions"}],"predecessor-version":[{"id":20068,"href":"https:\/\/cbndeutschland.org\/de\/wp-json\/wp\/v2\/pages\/6519\/revisions\/20068"}],"wp:attachment":[{"href":"https:\/\/cbndeutschland.org\/de\/wp-json\/wp\/v2\/media?parent=6519"}],"curies":[{"name":"wp","href":"https:\/\/api.w.org\/{rel}","templated":true}]}}