{"id":5502,"date":"2019-06-07T08:14:02","date_gmt":"2019-06-07T06:14:02","guid":{"rendered":"https:\/\/cbndeutschland.org\/?page_id=5502"},"modified":"2025-05-29T21:30:56","modified_gmt":"2025-05-29T19:30:56","slug":"spenden","status":"publish","type":"page","link":"https:\/\/cbndeutschland.org\/de\/spenden\/","title":{"rendered":"Spenden"},"content":{"rendered":"<div class=\"wpb-content-wrapper\">[vc_row fullwidth=&#8220;true&#8220;][vc_column][vc_single_image image=&#8220;18446&#8243; img_size=&#8220;full&#8220; css=&#8220;&#8220;][\/vc_column][\/vc_row][vc_row fullwidth=&#8220;true&#8220; fullwidth_content=&#8220;false&#8220; visibility=&#8220;hidden-sm&#8220; animation=&#8220;fade-in&#8220;][vc_column][vc_row_inner][vc_column_inner width=&#8220;3\/4&#8243;][vc_empty_space height=&#8220;60px&#8220;][mk_fancy_title tag_name=&#8220;span&#8220; font_family=&#8220;none&#8220;]\n<h1 style=\"text-align: center;\">Ver\u00e4ndern Sie mit uns die Welt<\/h1>\n[\/mk_fancy_title][vc_empty_space][\/vc_column_inner][vc_column_inner width=&#8220;1\/4&#8243;][vc_empty_space height=&#8220;30px&#8220;][vc_raw_html]JTNDZm9ybSUyMHN0eWxlJTNEJTIydGV4dC1hbGlnbiUzQWNlbnRlciUzQiUyMiUyMGFjdGlvbiUzRCUyMmh0dHBzJTNBJTJGJTJGd3d3LnBheXBhbC5jb20lMkZjZ2ktYmluJTJGd2Vic2NyJTIyJTIwbWV0aG9kJTNEJTIycG9zdCUyMiUyMHRhcmdldCUzRCUyMl90b3AlMjIlM0UlMEElM0NpbnB1dCUyMHR5cGUlM0QlMjJoaWRkZW4lMjIlMjBuYW1lJTNEJTIyY21kJTIyJTIwdmFsdWUlM0QlMjJfcy14Y2xpY2slMjIlMjAlMkYlM0UlMEElM0NpbnB1dCUyMHR5cGUlM0QlMjJoaWRkZW4lMjIlMjBuYW1lJTNEJTIyaG9zdGVkX2J1dHRvbl9pZCUyMiUyMHZhbHVlJTNEJTIyUkxVNEZYNzZRQkZOMiUyMiUyMCUyRiUzRSUwQSUzQ2lucHV0JTIwdHlwZSUzRCUyMmltYWdlJTIyJTIwc3R5bGUlM0QlMjJ3aWR0aCUzQTI1MHB4JTNCJTIyJTIwc3JjJTNEJTIyaHR0cHMlM0ElMkYlMkZjYm5kZXV0c2NobGFuZC5vcmclMkZ3cC1jb250ZW50JTJGdXBsb2FkcyUyRjIwMTklMkYwNiUyRnNwZW5kZW5idXR0b25fcGF5cGFsLnBuZyUyMiUyMGJvcmRlciUzRCUyMjAlMjIlMjBuYW1lJTNEJTIyc3VibWl0JTIyJTIwdGl0bGUlM0QlMjJQYXlQYWwlMjAtJTIwVGhlJTIwc2FmZXIlMkMlMjBlYXNpZXIlMjB3YXklMjB0byUyMHBheSUyMG9ubGluZSUyMSUyMiUyMGFsdCUzRCUyMlNwZW5kZW4lMjBtaXQlMjBkZW0lMjBQYXlQYWwtQnV0dG9uJTIyJTIwJTJGJTNFJTBBJTNDaW1nJTIwYWx0JTNEJTIyJTIyJTIwYm9yZGVyJTNEJTIyMCUyMiUyMHNyYyUzRCUyMmh0dHBzJTNBJTJGJTJGY2JuZGV1dHNjaGxhbmQub3JnJTJGd3AtY29udGVudCUyRnVwbG9hZHMlMkYyMDE5JTJGMDYlMkZzcGVuZGVuYnV0dG9uX3BheXBhbC5wbmclMjIlMjB3aWR0aCUzRCUyMjElMjIlMjBoZWlnaHQlM0QlMjIxJTIyJTIwJTJGJTNFJTBBJTNDJTJGZm9ybSUzRQ==[\/vc_raw_html][\/vc_column_inner][\/vc_row_inner][vc_row_inner][vc_column_inner][vc_column_text css=&#8220;.vc_custom_1714467845786{margin-bottom: 0px !important;}&#8220;]<span style=\"font-size: 120%;\">Wir brennen daf\u00fcr, Menschen von der Liebe Gottes zu berichten und w\u00fcnschen uns, dass immer mehr Menschen Gott pers\u00f6nlich kennenlernen! Sei es durch unsere Medienarbeit, Superbuch, die Gebetshotline oder durch praktische Hilfe in humanit\u00e4ren Projekten. <\/span><\/p>\n<p><span style=\"font-size: 120%;\">Sie haben dies auch auf dem Herzen? Dann lassen Sie uns gemeinsam am Reich Gottes bauen und ver\u00e4ndern Sie mit uns die Welt!\u00a0<strong>Ob Sie uns einmalig oder regelm\u00e4\u00dfig unterst\u00fctzen m\u00f6chten: Jede Spende ist f\u00fcr uns wertvoll \u2013 egal ob gro\u00df oder klein.<\/strong> <\/span><\/p>\n<p><span style=\"font-size: 120%;\">Spendenkonto:\u00a0\u00a0 IBAN: DE29 5009 2100 0001 4537 00\u00a0\u00a0\u00a0 BIC: GENODE51BH2<\/span>[\/vc_column_text][vc_empty_space height=&#8220;50px&#8220;][\/vc_column_inner][\/vc_row_inner][\/vc_column][\/vc_row][vc_row column_padding=&#8220;5&#8243; visibility=&#8220;visible-sm&#8220; animation=&#8220;fade-in&#8220; css=&#8220;.vc_custom_1714469491848{margin-top: 0px !important;}&#8220;][vc_column width=&#8220;3\/4&#8243;][vc_empty_space height=&#8220;50px&#8220;][mk_fancy_title tag_name=&#8220;span&#8220; font_family=&#8220;none&#8220;]\n<h1 style=\"text-align: center;\">Ver\u00e4ndern Sie mit uns die Welt<\/h1>\n[\/mk_fancy_title][vc_empty_space][vc_column_text css=&#8220;.vc_custom_1714467845786{margin-bottom: 0px !important;}&#8220;]<span style=\"font-size: 120%;\">Wir brennen daf\u00fcr, Menschen von der Liebe Gottes zu berichten und w\u00fcnschen uns, dass immer mehr Menschen Gott pers\u00f6nlich kennenlernen! Sei es durch unsere Medienarbeit, Superbuch, die Gebetshotline oder durch praktische Hilfe in humanit\u00e4ren Projekten. <\/span><\/p>\n<p><span style=\"font-size: 120%;\">Sie haben dies auch auf dem Herzen? Dann lassen Sie uns gemeinsam am Reich Gottes bauen und ver\u00e4ndern Sie mit uns die Welt!\u00a0<strong>Ob Sie uns einmalig oder regelm\u00e4\u00dfig unterst\u00fctzen m\u00f6chten: Jede Spende ist f\u00fcr uns wertvoll \u2013 egal ob gro\u00df oder klein.<\/strong> <\/span><\/p>\n<p><span style=\"font-size: 120%;\">Spendenkonto:\u00a0\u00a0 IBAN: DE29 5009 2100 0001 4537 00\u00a0\u00a0\u00a0 BIC: GENODE51BH2<\/span>[\/vc_column_text][vc_empty_space height=&#8220;15px&#8220;][\/vc_column][vc_column width=&#8220;1\/4&#8243;][vc_raw_html]JTNDZm9ybSUyMHN0eWxlJTNEJTIydGV4dC1hbGlnbiUzQWNlbnRlciUzQiUyMiUyMGFjdGlvbiUzRCUyMmh0dHBzJTNBJTJGJTJGd3d3LnBheXBhbC5jb20lMkZjZ2ktYmluJTJGd2Vic2NyJTIyJTIwbWV0aG9kJTNEJTIycG9zdCUyMiUyMHRhcmdldCUzRCUyMl90b3AlMjIlM0UlMEElM0NpbnB1dCUyMHR5cGUlM0QlMjJoaWRkZW4lMjIlMjBuYW1lJTNEJTIyY21kJTIyJTIwdmFsdWUlM0QlMjJfcy14Y2xpY2slMjIlMjAlMkYlM0UlMEElM0NpbnB1dCUyMHR5cGUlM0QlMjJoaWRkZW4lMjIlMjBuYW1lJTNEJTIyaG9zdGVkX2J1dHRvbl9pZCUyMiUyMHZhbHVlJTNEJTIyUkxVNEZYNzZRQkZOMiUyMiUyMCUyRiUzRSUwQSUzQ2lucHV0JTIwdHlwZSUzRCUyMmltYWdlJTIyJTIwc3R5bGUlM0QlMjJ3aWR0aCUzQTI1MHB4JTNCJTIyJTIwc3JjJTNEJTIyaHR0cHMlM0ElMkYlMkZjYm5kZXV0c2NobGFuZC5vcmclMkZ3cC1jb250ZW50JTJGdXBsb2FkcyUyRjIwMTklMkYwNiUyRnNwZW5kZW5idXR0b25fcGF5cGFsLnBuZyUyMiUyMGJvcmRlciUzRCUyMjAlMjIlMjBuYW1lJTNEJTIyc3VibWl0JTIyJTIwdGl0bGUlM0QlMjJQYXlQYWwlMjAtJTIwVGhlJTIwc2FmZXIlMkMlMjBlYXNpZXIlMjB3YXklMjB0byUyMHBheSUyMG9ubGluZSUyMSUyMiUyMGFsdCUzRCUyMlNwZW5kZW4lMjBtaXQlMjBkZW0lMjBQYXlQYWwtQnV0dG9uJTIyJTIwJTJGJTNFJTBBJTNDaW1nJTIwYWx0JTNEJTIyJTIyJTIwYm9yZGVyJTNEJTIyMCUyMiUyMHNyYyUzRCUyMmh0dHBzJTNBJTJGJTJGY2JuZGV1dHNjaGxhbmQub3JnJTJGd3AtY29udGVudCUyRnVwbG9hZHMlMkYyMDE5JTJGMDYlMkZzcGVuZGVuYnV0dG9uX3BheXBhbC5wbmclMjIlMjB3aWR0aCUzRCUyMjElMjIlMjBoZWlnaHQlM0QlMjIxJTIyJTIwJTJGJTNFJTBBJTNDJTJGZm9ybSUzRQ==[\/vc_raw_html][vc_empty_space height=&#8220;50px&#8220;][\/vc_column][\/vc_row][vc_row fullwidth=&#8220;true&#8220; fullwidth_content=&#8220;false&#8220; visibility=&#8220;hidden-sm&#8220; animation=&#8220;fade-in&#8220; css=&#8220;.vc_custom_1714469513453{padding-top: 30px !important;padding-bottom: 30px !important;background-color: #f2f2f2 !important;background-position: 0 0 !important;background-repeat: no-repeat !important;}&#8220;][vc_column][vc_empty_space height=&#8220;50px&#8220;][mk_fancy_title tag_name=&#8220;span&#8220; font_family=&#8220;none&#8220;]\n<h2 style=\"text-align: center;\">Jetzt spenden<\/h2>\n[\/mk_fancy_title][vc_empty_space height=&#8220;20px&#8220;][vc_row_inner css=&#8220;.vc_custom_1714468745788{background-color: #ffffff !important;}&#8220;][vc_column_inner width=&#8220;1\/4&#8243;][\/vc_column_inner][vc_column_inner width=&#8220;1\/2&#8243;][vc_empty_space height=&#8220;30px&#8220;][mk_icon_box icon=&#8220;mk-li-love&#8220; title=&#8220;Meine Spende an CBN Deutschland&#8220; text_size=&#8220;30&#8243; style=&#8220;simple_ultimate&#8220; icon_size=&#8220;large&#8220; icon_location=&#8220;top&#8220; icon_color=&#8220;#dd3333&#8243; margin=&#8220;0&#8243;][\/mk_icon_box][vc_raw_js]JTVCdHdpbmdsZSUyMHByb2plY3QlM0QlMjJ0dzVkMDIwNjhjOTY5NjElMjIlMjB0eXBlJTNEJTIyZm9ybSUyMiU1RA==[\/vc_raw_js][vc_empty_space height=&#8220;10&#8243;][vc_column_text css=&#8220;.vc_custom_1708600051467{margin-bottom: 0px !important;}&#8220;]\n<p style=\"text-align: center; font-size: 90%;\">Ihre Spende an CBN Deutschland k\u00f6nnen Sie steuerlich geltend machen.<\/p>\n[\/vc_column_text][vc_empty_space height=&#8220;20px&#8220;][\/vc_column_inner][vc_column_inner width=&#8220;1\/4&#8243;][\/vc_column_inner][\/vc_row_inner][\/vc_column][\/vc_row][vc_row fullwidth=&#8220;true&#8220; fullwidth_content=&#8220;false&#8220; visibility=&#8220;visible-sm&#8220; animation=&#8220;fade-in&#8220; css=&#8220;.vc_custom_1714469522035{padding-top: 30px !important;padding-bottom: 30px !important;background-color: #f3f3f3 !important;background-position: 0 0 !important;background-repeat: no-repeat !important;}&#8220;][vc_column][vc_empty_space height=&#8220;50px&#8220;][mk_fancy_title tag_name=&#8220;span&#8220; font_family=&#8220;none&#8220;]\n<h2 style=\"text-align: center;\">Ver\u00e4ndern Sie mit uns die Welt<\/h2>\n[\/mk_fancy_title][vc_empty_space height=&#8220;20px&#8220;][vc_row_inner css=&#8220;.vc_custom_1714468745788{background-color: #ffffff !important;}&#8220;][vc_column_inner width=&#8220;1\/4&#8243;][\/vc_column_inner][vc_column_inner width=&#8220;1\/2&#8243;][vc_empty_space height=&#8220;30px&#8220;][mk_icon_box icon=&#8220;mk-li-love&#8220; title=&#8220;Meine Spende an CBN Deutschland&#8220; text_size=&#8220;30&#8243; style=&#8220;simple_ultimate&#8220; icon_size=&#8220;large&#8220; icon_location=&#8220;top&#8220; icon_color=&#8220;#dd3333&#8243; margin=&#8220;0&#8243;][\/mk_icon_box][vc_raw_js]JTVCdHdpbmdsZSUyMHByb2plY3QlM0QlMjJ0dzVkMDIwNjhjOTY5NjElMjIlMjB0eXBlJTNEJTIyZm9ybSUyMiU1RA==[\/vc_raw_js][vc_empty_space height=&#8220;10&#8243;][vc_column_text css=&#8220;.vc_custom_1708600051467{margin-bottom: 0px !important;}&#8220;]\n<p style=\"text-align: center; font-size: 90%;\">Ihre Spende an CBN Deutschland k\u00f6nnen Sie steuerlich geltend machen.<\/p>\n[\/vc_column_text][vc_empty_space height=&#8220;20px&#8220;][\/vc_column_inner][vc_column_inner width=&#8220;1\/4&#8243;][\/vc_column_inner][\/vc_row_inner][\/vc_column][\/vc_row][vc_row animation=&#8220;fade-in&#8220;][vc_column][vc_row_inner][vc_column_inner][\/vc_column_inner][\/vc_row_inner][vc_empty_space height=&#8220;50px&#8220;][vc_row_inner][vc_column_inner width=&#8220;1\/4&#8243;][\/vc_column_inner][vc_column_inner width=&#8220;1\/2&#8243;][vc_column_text css=&#8220;.vc_custom_1714468934955{margin-bottom: 0px !important;}&#8220;]\n<h3><\/h3>\n<h3 style=\"text-align: center;\">Segen, der bleibt<\/h3>\n[\/vc_column_text][vc_empty_space height=&#8220;25px&#8220;][vc_column_text css=&#8220;.vc_custom_1714469162930{margin-bottom: 0px !important;}&#8220;]\n<p style=\"text-align: center;\"><strong>Sie m\u00f6chten auch \u00fcber das Leben hinaus CBN unterst\u00fctzen? Gerne informieren wir Sie \u00fcber die M\u00f6glichkeiten einer Testamentspende.<\/strong><\/p>\n[\/vc_column_text][vc_empty_space height=&#8220;25px&#8220;][mk_button dimension=&#8220;two&#8220; corner_style=&#8220;rounded&#8220; size=&#8220;large&#8220; url=&#8220;https:\/\/cbndeutschland.org\/spenden\/testamentspende\/&#8220; align=&#8220;center&#8220;]Mehr zur Testamentspende[\/mk_button][\/vc_column_inner][vc_column_inner width=&#8220;1\/4&#8243;][\/vc_column_inner][\/vc_row_inner][\/vc_column][\/vc_row][vc_row animation=&#8220;fade-in&#8220;][vc_column][vc_empty_space height=&#8220;60px&#8220;][vc_column_text css=&#8220;.vc_custom_1714468852068{margin-bottom: 0px !important;}&#8220;]\n<p style=\"text-align: center;\"><strong><span style=\"font-size: 180%;\">Herzlichen Dank f\u00fcr Ihre Unterst\u00fctzung!<\/span><\/strong><\/p>\n[\/vc_column_text][vc_empty_space height=&#8220;75px&#8220;][\/vc_column][\/vc_row]\n<\/div>","protected":false},"excerpt":{"rendered":"<p>[vc_row fullwidth=&#8220;true&#8220;][vc_column][vc_single_image image=&#8220;18446&#8243; img_size=&#8220;full&#8220; css=&#8220;&#8220;][\/vc_column][\/vc_row][vc_row fullwidth=&#8220;true&#8220; fullwidth_content=&#8220;false&#8220; visibility=&#8220;hidden-sm&#8220; animation=&#8220;fade-in&#8220;][vc_column][vc_row_inner][vc_column_inner width=&#8220;3\/4&#8243;][vc_empty_space height=&#8220;60px&#8220;][mk_fancy_title tag_name=&#8220;span&#8220; font_family=&#8220;none&#8220;] Ver\u00e4ndern Sie mit uns die Welt [\/mk_fancy_title][vc_empty_space][\/vc_column_inner][vc_column_inner width=&#8220;1\/4&#8243;][vc_empty_space height=&#8220;30px&#8220;][vc_raw_html]JTNDZm9ybSUyMHN0eWxlJTNEJTIydGV4dC1hbGlnbiUzQWNlbnRlciUzQiUyMiUyMGFjdGlvbiUzRCUyMmh0dHBzJTNBJTJGJTJGd3d3LnBheXBhbC5jb20lMkZjZ2ktYmluJTJGd2Vic2NyJTIyJTIwbWV0aG9kJTNEJTIycG9zdCUyMiUyMHRhcmdldCUzRCUyMl90b3AlMjIlM0UlMEElM0NpbnB1dCUyMHR5cGUlM0QlMjJoaWRkZW4lMjIlMjBuYW1lJTNEJTIyY21kJTIyJTIwdmFsdWUlM0QlMjJfcy14Y2xpY2slMjIlMjAlMkYlM0UlMEElM0NpbnB1dCUyMHR5cGUlM0QlMjJoaWRkZW4lMjIlMjBuYW1lJTNEJTIyaG9zdGVkX2J1dHRvbl9pZCUyMiUyMHZhbHVlJTNEJTIyUkxVNEZYNzZRQkZOMiUyMiUyMCUyRiUzRSUwQSUzQ2lucHV0JTIwdHlwZSUzRCUyMmltYWdlJTIyJTIwc3R5bGUlM0QlMjJ3aWR0aCUzQTI1MHB4JTNCJTIyJTIwc3JjJTNEJTIyaHR0cHMlM0ElMkYlMkZjYm5kZXV0c2NobGFuZC5vcmclMkZ3cC1jb250ZW50JTJGdXBsb2FkcyUyRjIwMTklMkYwNiUyRnNwZW5kZW5idXR0b25fcGF5cGFsLnBuZyUyMiUyMGJvcmRlciUzRCUyMjAlMjIlMjBuYW1lJTNEJTIyc3VibWl0JTIyJTIwdGl0bGUlM0QlMjJQYXlQYWwlMjAtJTIwVGhlJTIwc2FmZXIlMkMlMjBlYXNpZXIlMjB3YXklMjB0byUyMHBheSUyMG9ubGluZSUyMSUyMiUyMGFsdCUzRCUyMlNwZW5kZW4lMjBtaXQlMjBkZW0lMjBQYXlQYWwtQnV0dG9uJTIyJTIwJTJGJTNFJTBBJTNDaW1nJTIwYWx0JTNEJTIyJTIyJTIwYm9yZGVyJTNEJTIyMCUyMiUyMHNyYyUzRCUyMmh0dHBzJTNBJTJGJTJGY2JuZGV1dHNjaGxhbmQub3JnJTJGd3AtY29udGVudCUyRnVwbG9hZHMlMkYyMDE5JTJGMDYlMkZzcGVuZGVuYnV0dG9uX3BheXBhbC5wbmclMjIlMjB3aWR0aCUzRCUyMjElMjIlMjBoZWlnaHQlM0QlMjIxJTIyJTIwJTJGJTNFJTBBJTNDJTJGZm9ybSUzRQ==[\/vc_raw_html][\/vc_column_inner][\/vc_row_inner][vc_row_inner][vc_column_inner][vc_column_text css=&#8220;.vc_custom_1714467845786{margin-bottom: 0px !important;}&#8220;]Wir brennen daf\u00fcr, Menschen von der Liebe Gottes zu berichten und w\u00fcnschen uns, dass immer mehr Menschen Gott pers\u00f6nlich kennenlernen! Sei es durch unsere Medienarbeit, Superbuch, die Gebetshotline oder durch praktische [&hellip;]<\/p>\n","protected":false},"author":1,"featured_media":18446,"parent":0,"menu_order":95,"comment_status":"closed","ping_status":"closed","template":"","meta":{"footnotes":"","_links_to":"","_links_to_target":""},"class_list":["post-5502","page","type-page","status-publish","has-post-thumbnail","hentry"],"yoast_head":"<!-- This site is optimized with the Yoast SEO plugin v27.1.1 - https:\/\/yoast.com\/product\/yoast-seo-wordpress\/ -->\n<title>Ver\u00e4ndern Sie mit uns die Welt! - CBN Deutschland<\/title>\n<meta name=\"description\" content=\"Unsere Vision und Mission bei CBN DEUTSCHLAND ist, dass Menschen Gott erleben. Wir freuen uns, wenn Sie diese Arbeit unterst\u00fctzen.\" \/>\n<meta name=\"robots\" content=\"index, follow, max-snippet:-1, max-image-preview:large, max-video-preview:-1\" \/>\n<link rel=\"canonical\" href=\"https:\/\/cbndeutschland.org\/de\/spenden\/\" \/>\n<meta property=\"og:locale\" content=\"de_DE\" \/>\n<meta property=\"og:type\" content=\"article\" \/>\n<meta property=\"og:title\" content=\"Ver\u00e4ndern Sie mit uns die Welt! - CBN Deutschland\" \/>\n<meta property=\"og:description\" content=\"Unsere Vision und Mission bei CBN DEUTSCHLAND ist, dass Menschen Gott erleben. Wir freuen uns, wenn Sie diese Arbeit unterst\u00fctzen.\" \/>\n<meta property=\"og:url\" content=\"https:\/\/cbndeutschland.org\/de\/spenden\/\" \/>\n<meta property=\"og:site_name\" content=\"CBN Deutschland\" \/>\n<meta property=\"article:modified_time\" content=\"2025-05-29T19:30:56+00:00\" \/>\n<meta property=\"og:image\" content=\"https:\/\/cbndeutschland.org\/wp-content\/uploads\/2025\/05\/spenden_1.jpg\" \/>\n\t<meta property=\"og:image:width\" content=\"2126\" \/>\n\t<meta property=\"og:image:height\" content=\"664\" \/>\n\t<meta property=\"og:image:type\" content=\"image\/jpeg\" \/>\n<meta name=\"twitter:card\" content=\"summary_large_image\" \/>\n<meta name=\"twitter:label1\" content=\"Est. reading time\" \/>\n\t<meta name=\"twitter:data1\" content=\"3 Minuten\" \/>\n<script type=\"application\/ld+json\" class=\"yoast-schema-graph\">{\"@context\":\"https:\/\/schema.org\",\"@graph\":[{\"@type\":\"WebPage\",\"@id\":\"https:\/\/cbndeutschland.org\/de\/spenden\/\",\"url\":\"https:\/\/cbndeutschland.org\/de\/spenden\/\",\"name\":\"Ver\u00e4ndern Sie mit uns die Welt! - CBN Deutschland\",\"isPartOf\":{\"@id\":\"https:\/\/cbndeutschland.org\/de\/#website\"},\"primaryImageOfPage\":{\"@id\":\"https:\/\/cbndeutschland.org\/de\/spenden\/#primaryimage\"},\"image\":{\"@id\":\"https:\/\/cbndeutschland.org\/de\/spenden\/#primaryimage\"},\"thumbnailUrl\":\"https:\/\/cbndeutschland.org\/wp-content\/uploads\/2025\/05\/spenden_1.jpg\",\"datePublished\":\"2019-06-07T06:14:02+00:00\",\"dateModified\":\"2025-05-29T19:30:56+00:00\",\"description\":\"Unsere Vision und Mission bei CBN DEUTSCHLAND ist, dass Menschen Gott erleben. Wir freuen uns, wenn Sie diese Arbeit unterst\u00fctzen.\",\"breadcrumb\":{\"@id\":\"https:\/\/cbndeutschland.org\/de\/spenden\/#breadcrumb\"},\"inLanguage\":\"de-DE\",\"potentialAction\":[{\"@type\":\"ReadAction\",\"target\":[\"https:\/\/cbndeutschland.org\/de\/spenden\/\"]}]},{\"@type\":\"ImageObject\",\"inLanguage\":\"de-DE\",\"@id\":\"https:\/\/cbndeutschland.org\/de\/spenden\/#primaryimage\",\"url\":\"https:\/\/cbndeutschland.org\/wp-content\/uploads\/2025\/05\/spenden_1.jpg\",\"contentUrl\":\"https:\/\/cbndeutschland.org\/wp-content\/uploads\/2025\/05\/spenden_1.jpg\",\"width\":2126,\"height\":664,\"caption\":\"Globus\"},{\"@type\":\"BreadcrumbList\",\"@id\":\"https:\/\/cbndeutschland.org\/de\/spenden\/#breadcrumb\",\"itemListElement\":[{\"@type\":\"ListItem\",\"position\":1,\"name\":\"Startseite\",\"item\":\"https:\/\/cbndeutschland.org\/de\/\"},{\"@type\":\"ListItem\",\"position\":2,\"name\":\"Spenden\"}]},{\"@type\":\"WebSite\",\"@id\":\"https:\/\/cbndeutschland.org\/de\/#website\",\"url\":\"https:\/\/cbndeutschland.org\/de\/\",\"name\":\"CBN Deutschland\",\"description\":\"CBN Deutschland\",\"publisher\":{\"@id\":\"https:\/\/cbndeutschland.org\/de\/#organization\"},\"potentialAction\":[{\"@type\":\"SearchAction\",\"target\":{\"@type\":\"EntryPoint\",\"urlTemplate\":\"https:\/\/cbndeutschland.org\/de\/?s={search_term_string}\"},\"query-input\":{\"@type\":\"PropertyValueSpecification\",\"valueRequired\":true,\"valueName\":\"search_term_string\"}}],\"inLanguage\":\"de-DE\"},{\"@type\":\"Organization\",\"@id\":\"https:\/\/cbndeutschland.org\/de\/#organization\",\"name\":\"CBN Deutschland\",\"url\":\"https:\/\/cbndeutschland.org\/de\/\",\"logo\":{\"@type\":\"ImageObject\",\"inLanguage\":\"de-DE\",\"@id\":\"https:\/\/cbndeutschland.org\/de\/#\/schema\/logo\/image\/\",\"url\":\"https:\/\/cbndeutschland.org\/wp-content\/uploads\/2017\/02\/cbn-logo-web-blue.png\",\"contentUrl\":\"https:\/\/cbndeutschland.org\/wp-content\/uploads\/2017\/02\/cbn-logo-web-blue.png\",\"width\":385,\"height\":55,\"caption\":\"CBN Deutschland\"},\"image\":{\"@id\":\"https:\/\/cbndeutschland.org\/de\/#\/schema\/logo\/image\/\"}}]}<\/script>\n<!-- \/ Yoast SEO plugin. -->","yoast_head_json":{"title":"Ver\u00e4ndern Sie mit uns die Welt! - CBN Deutschland","description":"Unsere Vision und Mission bei CBN DEUTSCHLAND ist, dass Menschen Gott erleben. Wir freuen uns, wenn Sie diese Arbeit unterst\u00fctzen.","robots":{"index":"index","follow":"follow","max-snippet":"max-snippet:-1","max-image-preview":"max-image-preview:large","max-video-preview":"max-video-preview:-1"},"canonical":"https:\/\/cbndeutschland.org\/de\/spenden\/","og_locale":"de_DE","og_type":"article","og_title":"Ver\u00e4ndern Sie mit uns die Welt! - CBN Deutschland","og_description":"Unsere Vision und Mission bei CBN DEUTSCHLAND ist, dass Menschen Gott erleben. Wir freuen uns, wenn Sie diese Arbeit unterst\u00fctzen.","og_url":"https:\/\/cbndeutschland.org\/de\/spenden\/","og_site_name":"CBN Deutschland","article_modified_time":"2025-05-29T19:30:56+00:00","og_image":[{"width":2126,"height":664,"url":"https:\/\/cbndeutschland.org\/wp-content\/uploads\/2025\/05\/spenden_1.jpg","type":"image\/jpeg"}],"twitter_card":"summary_large_image","twitter_misc":{"Est. reading time":"3 Minuten"},"schema":{"@context":"https:\/\/schema.org","@graph":[{"@type":"WebPage","@id":"https:\/\/cbndeutschland.org\/de\/spenden\/","url":"https:\/\/cbndeutschland.org\/de\/spenden\/","name":"Ver\u00e4ndern Sie mit uns die Welt! - CBN Deutschland","isPartOf":{"@id":"https:\/\/cbndeutschland.org\/de\/#website"},"primaryImageOfPage":{"@id":"https:\/\/cbndeutschland.org\/de\/spenden\/#primaryimage"},"image":{"@id":"https:\/\/cbndeutschland.org\/de\/spenden\/#primaryimage"},"thumbnailUrl":"https:\/\/cbndeutschland.org\/wp-content\/uploads\/2025\/05\/spenden_1.jpg","datePublished":"2019-06-07T06:14:02+00:00","dateModified":"2025-05-29T19:30:56+00:00","description":"Unsere Vision und Mission bei CBN DEUTSCHLAND ist, dass Menschen Gott erleben. Wir freuen uns, wenn Sie diese Arbeit unterst\u00fctzen.","breadcrumb":{"@id":"https:\/\/cbndeutschland.org\/de\/spenden\/#breadcrumb"},"inLanguage":"de-DE","potentialAction":[{"@type":"ReadAction","target":["https:\/\/cbndeutschland.org\/de\/spenden\/"]}]},{"@type":"ImageObject","inLanguage":"de-DE","@id":"https:\/\/cbndeutschland.org\/de\/spenden\/#primaryimage","url":"https:\/\/cbndeutschland.org\/wp-content\/uploads\/2025\/05\/spenden_1.jpg","contentUrl":"https:\/\/cbndeutschland.org\/wp-content\/uploads\/2025\/05\/spenden_1.jpg","width":2126,"height":664,"caption":"Globus"},{"@type":"BreadcrumbList","@id":"https:\/\/cbndeutschland.org\/de\/spenden\/#breadcrumb","itemListElement":[{"@type":"ListItem","position":1,"name":"Startseite","item":"https:\/\/cbndeutschland.org\/de\/"},{"@type":"ListItem","position":2,"name":"Spenden"}]},{"@type":"WebSite","@id":"https:\/\/cbndeutschland.org\/de\/#website","url":"https:\/\/cbndeutschland.org\/de\/","name":"CBN Deutschland","description":"CBN Deutschland","publisher":{"@id":"https:\/\/cbndeutschland.org\/de\/#organization"},"potentialAction":[{"@type":"SearchAction","target":{"@type":"EntryPoint","urlTemplate":"https:\/\/cbndeutschland.org\/de\/?s={search_term_string}"},"query-input":{"@type":"PropertyValueSpecification","valueRequired":true,"valueName":"search_term_string"}}],"inLanguage":"de-DE"},{"@type":"Organization","@id":"https:\/\/cbndeutschland.org\/de\/#organization","name":"CBN Deutschland","url":"https:\/\/cbndeutschland.org\/de\/","logo":{"@type":"ImageObject","inLanguage":"de-DE","@id":"https:\/\/cbndeutschland.org\/de\/#\/schema\/logo\/image\/","url":"https:\/\/cbndeutschland.org\/wp-content\/uploads\/2017\/02\/cbn-logo-web-blue.png","contentUrl":"https:\/\/cbndeutschland.org\/wp-content\/uploads\/2017\/02\/cbn-logo-web-blue.png","width":385,"height":55,"caption":"CBN Deutschland"},"image":{"@id":"https:\/\/cbndeutschland.org\/de\/#\/schema\/logo\/image\/"}}]}},"_links":{"self":[{"href":"https:\/\/cbndeutschland.org\/de\/wp-json\/wp\/v2\/pages\/5502","targetHints":{"allow":["GET"]}}],"collection":[{"href":"https:\/\/cbndeutschland.org\/de\/wp-json\/wp\/v2\/pages"}],"about":[{"href":"https:\/\/cbndeutschland.org\/de\/wp-json\/wp\/v2\/types\/page"}],"author":[{"embeddable":true,"href":"https:\/\/cbndeutschland.org\/de\/wp-json\/wp\/v2\/users\/1"}],"replies":[{"embeddable":true,"href":"https:\/\/cbndeutschland.org\/de\/wp-json\/wp\/v2\/comments?post=5502"}],"version-history":[{"count":60,"href":"https:\/\/cbndeutschland.org\/de\/wp-json\/wp\/v2\/pages\/5502\/revisions"}],"predecessor-version":[{"id":20663,"href":"https:\/\/cbndeutschland.org\/de\/wp-json\/wp\/v2\/pages\/5502\/revisions\/20663"}],"wp:featuredmedia":[{"embeddable":true,"href":"https:\/\/cbndeutschland.org\/de\/wp-json\/wp\/v2\/media\/18446"}],"wp:attachment":[{"href":"https:\/\/cbndeutschland.org\/de\/wp-json\/wp\/v2\/media?parent=5502"}],"curies":[{"name":"wp","href":"https:\/\/api.w.org\/{rel}","templated":true}]}}