{"id":301,"date":"2017-01-20T13:50:55","date_gmt":"2017-01-20T12:50:55","guid":{"rendered":"https:\/\/cbndeutschland.org\/?page_id=301"},"modified":"2024-09-30T12:22:56","modified_gmt":"2024-09-30T10:22:56","slug":"impressum","status":"publish","type":"page","link":"https:\/\/cbndeutschland.org\/de\/impressum\/","title":{"rendered":"Impressum"},"content":{"rendered":"<div class=\"wpb-content-wrapper\">[vc_row][vc_column][vc_column_text css=&#8220;.vc_custom_1727691512839{margin-bottom: 0px !important;}&#8220;]\n<h1 style=\"text-align: center;\">Impressum<\/h1>\n<p>&nbsp;<\/p>\n<p id=\"e102\">Diese Webseite wird betrieben und inhaltlich gem\u00e4\u00df \u00a7 6 MDStV verantwortet von<\/p>\n<h4>CBN Deutschland e.V.<\/h4>\n<p>Gesch\u00e4ftsf\u00fchrender Vorstand: Andreas Heerwagen<\/p>\n<p><strong>B\u00fcroanschrift:<\/strong><\/p>\n<p>CBN Deutschland e.V.<br \/>\nGroten Hoff 6<br \/>\n22359 Hamburg<\/p>\n<p><strong>Postanschrift:<\/strong><\/p>\n<p>CBN Deutschland e.V.<br \/>\nPostfach 670222<br \/>\n22342 Hamburg<\/p>\n<p id=\"e219\"><strong>Web:<\/strong> <a href=\"https:\/\/cbndeutschland.org\" target=\"_blank\" rel=\"noopener noreferrer\">https:\/\/cbndeutschland.org<\/a><br \/>\n<strong>Email:<\/strong> <a href=\"mailto:kontakt@cbndeutschland.org\">kontakt@cbndeutschland.org<\/a><\/p>\n<p>Weitere M\u00f6glichkeiten, sich mit uns in Verbindung zu setzen, finden Sie auf unserer <a href=\"https:\/\/cbndeutschland.org\/ueber-uns\/kontakt\/\">Kontakt<\/a>-Seite.<\/p>\n<hr \/>\n<h4 id=\"e101\">Haftungshinweis:<\/h4>\n<p id=\"e100\">Trotz sorgf\u00e4ltiger inhaltlicher Kontrolle \u00fcbernehmen wir keine Haftung f\u00fcr die Inhalte externer Links. F\u00fcr den Inhalt der verlinkten Seiten sind ausschlie\u00dflich deren Betreiber verantwortlich.<\/p>\n<p id=\"e217\">CBN Deutschland e.V. ist ein Verein mit Sitz in Hamburg und wurde vom dortigen Finanzamt als gemeinn\u00fctzig anerkannt. Gef\u00fchrt wird der Verein beim Amtsgericht Hamburg mit der Vereinsregisternummer VR 23826.<\/p>\n<p>Diese Website benutzt Google Analytics, einen Webanalysedienst der Google Inc. (\u201eGoogle\u201c). Google Analytics verwendet sog. \u201eCookies\u201c, Textdateien, die auf Ihrem Computer gespeichert werden und die eine Analyse der Benutzung der Website durch Sie erm\u00f6glichen. Die durch den Cookie erzeugten Informationen \u00fcber Ihre Benutzung dieser Website werden in der Regel an einen Server von Google in den USA \u00fcbertragen und dort gespeichert. Im Auftrag des Betreibers dieser Website wird Google diese Informationen benutzen, um Ihre Nutzung der Website auszuwerten, um Reports \u00fcber die Websiteaktivit\u00e4ten zusammenzustellen und um weitere mit der Websitenutzung und der Internetnutzung verbundene Dienstleistungen gegen\u00fcber dem Websitebetreiber zu erbringen. Die im Rahmen von Google Analytics von Ihrem Browser \u00fcbermittelte IP-Adresse wird nicht mit anderen Daten von Google zusammengef\u00fchrt.<\/p>\n<p>Sie k\u00f6nnen die Speicherung der Cookies durch eine entsprechende Einstellung Ihrer Browser-Software verhindern; wir weisen Sie jedoch darauf hin, dass Sie in diesem Fall gegebenenfalls nicht s\u00e4mtliche Funktionen dieser Website vollumf\u00e4nglich werden nutzen k\u00f6nnen. Sie k\u00f6nnen dar\u00fcber hinaus die Erfassung der durch das Cookie erzeugten und auf Ihre Nutzung der Website bezogenen Daten (inkl. Ihrer IP-Adresse) an Google sowie die Verarbeitung dieser Daten durch Google verhindern, indem sie das unter dem folgenden Link verf\u00fcgbare Plugin herunterladen und installieren: (http:\/\/tools.google.com\/dlpage\/gaoptout?hl=de). Angesichts der Diskussion um den Einsatz von Analysetools mit vollst\u00e4ndigen IP-Adressen m\u00f6chten wir darauf hinweisen, dass diese Website Google Analytics mit der Erweiterung \u201c_anonymizeIp()\u201d verwendet und daher IP-Adressen nur gek\u00fcrzt weiterverarbeitet werden, um eine direkte Personenbeziehbarkeit auszuschlie\u00dfen.<\/p>\n<hr \/>\n<h4>Angaben gem\u00e4\u00df \u00a7 5 TMG:<\/h4>\n<p>CBN Deutschland e.V.<br \/>\nGroten Hoff 6<br \/>\n22359 Hamburg<\/p>\n<h4>Vertreten durch:<\/h4>\n<p>Andreas Heerwagen<\/p>\n<h4>Kontakt:<\/h4>\n<p><strong>Telefon:<\/strong> +49 (0)40 31 700 007-0<br \/>\n<strong>Telefax:<\/strong> +49 (0)40 31 700 007-5<br \/>\n<strong>E-Mail:<\/strong> <a href=\"mailto:kontakt@cbndeutschland.org\">kontakt@cbndeutschland.org<\/a><\/p>\n<hr \/>\n<h4>Registereintrag:<\/h4>\n<p>Eintragung im Vereinsregister.<br \/>\nRegistergericht: Amtsgericht Hamburg<br \/>\nRegisternummer: 23826 <b><\/b><\/p>\n<h4>Verantwortlich f\u00fcr den Inhalt nach \u00a7 55 Abs. 2 RStV:<\/h4>\n<p>Andreas Heerwagen<\/p>\n<p>Quelle: <em><a href=\"http:\/\/www.e-recht24.de\/impressum-generator.html\">http:\/\/www.e-recht24.de<\/a><\/em><\/p>\n<hr \/>\n<h4>Haftungsausschluss (Disclaimer)<\/h4>\n<p><strong>Haftung f\u00fcr Inhalte<\/strong><\/p>\n<p>Als Diensteanbieter sind wir gem\u00e4\u00df \u00a7 7 Abs.1 TMG f\u00fcr eigene Inhalte auf diesen Seiten nach den allgemeinen Gesetzen verantwortlich. Nach \u00a7\u00a7 8 bis 10 TMG sind wir als Diensteanbieter jedoch nicht verpflichtet, \u00fcbermittelte oder gespeicherte fremde Informationen zu \u00fcberwachen oder nach Umst\u00e4nden zu forschen, die auf eine rechtswidrige T\u00e4tigkeit hinweisen. Verpflichtungen zur Entfernung oder Sperrung der Nutzung von Informationen nach den allgemeinen Gesetzen bleiben hiervon unber\u00fchrt. Eine diesbez\u00fcgliche Haftung ist jedoch erst ab dem Zeitpunkt der Kenntnis einer konkreten Rechtsverletzung m\u00f6glich. Bei Bekanntwerden von entsprechenden Rechtsverletzungen werden wir diese Inhalte umgehend entfernen.<\/p>\n<p><strong>Haftung f\u00fcr Links<\/strong><\/p>\n<p>Unser Angebot enth\u00e4lt Links zu externen Webseiten Dritter, auf deren Inhalte wir keinen Einfluss haben. Deshalb k\u00f6nnen wir f\u00fcr diese fremden Inhalte auch keine Gew\u00e4hr \u00fcbernehmen. F\u00fcr die Inhalte der verlinkten Seiten ist stets der jeweilige Anbieter oder Betreiber der Seiten verantwortlich. Die verlinkten Seiten wurden zum Zeitpunkt der Verlinkung auf m\u00f6gliche Rechtsverst\u00f6\u00dfe \u00fcberpr\u00fcft. Rechtswidrige Inhalte waren zum Zeitpunkt der Verlinkung nicht erkennbar. Eine permanente inhaltliche Kontrolle der verlinkten Seiten ist jedoch ohne konkrete Anhaltspunkte einer Rechtsverletzung nicht zumutbar. Bei Bekanntwerden von Rechtsverletzungen werden wir derartige Links umgehend entfernen.<\/p>\n<p><strong>Urheberrecht<\/strong><\/p>\n<p>Die durch die Seitenbetreiber erstellten Inhalte und Werke auf diesen Seiten unterliegen dem deutschen Urheberrecht. Die Vervielf\u00e4ltigung, Bearbeitung, Verbreitung und jede Art der Verwertung au\u00dferhalb der Grenzen des Urheberrechtes bed\u00fcrfen der schriftlichen Zustimmung des jeweiligen Autors bzw. Erstellers. Downloads und Kopien dieser Seite sind nur f\u00fcr den privaten, nicht kommerziellen Gebrauch gestattet. Soweit die Inhalte auf dieser Seite nicht vom Betreiber erstellt wurden, werden die Urheberrechte Dritter beachtet. Insbesondere werden Inhalte Dritter als solche gekennzeichnet. Sollten Sie trotzdem auf eine Urheberrechtsverletzung aufmerksam werden, bitten wir um einen entsprechenden Hinweis. Bei Bekanntwerden von Rechtsverletzungen werden wir derartige Inhalte umgehend entfernen.[\/vc_column_text][\/vc_column][\/vc_row]\n<\/div>","protected":false},"excerpt":{"rendered":"<p>[vc_row][vc_column][vc_column_text css=&#8220;.vc_custom_1727691512839{margin-bottom: 0px !important;}&#8220;] Impressum &nbsp; Diese Webseite wird betrieben und inhaltlich gem\u00e4\u00df \u00a7 6 MDStV verantwortet von CBN Deutschland e.V. Gesch\u00e4ftsf\u00fchrender Vorstand: Andreas Heerwagen B\u00fcroanschrift: CBN Deutschland e.V. Groten Hoff 6 22359 Hamburg Postanschrift: CBN Deutschland e.V. Postfach 670222 22342 Hamburg Web: https:\/\/cbndeutschland.org Email: kontakt@cbndeutschland.org Weitere M\u00f6glichkeiten, sich mit uns in Verbindung zu setzen, [&hellip;]<\/p>\n","protected":false},"author":1,"featured_media":0,"parent":0,"menu_order":106,"comment_status":"closed","ping_status":"closed","template":"","meta":{"footnotes":"","_links_to":"","_links_to_target":""},"class_list":["post-301","page","type-page","status-publish","hentry"],"yoast_head":"<!-- This site is optimized with the Yoast SEO plugin v27.1.1 - https:\/\/yoast.com\/product\/yoast-seo-wordpress\/ -->\n<title>Impressum: CBN Deutschland - Menschen erleben Gott<\/title>\n<meta name=\"description\" content=\"Hier finden Sie alle wichtigen Informationen zum Betreiber dieser Website, inklusive Kontaktm\u00f6glichkeiten und weiterf\u00fchrenden Details.\" \/>\n<meta name=\"robots\" content=\"index, follow, max-snippet:-1, max-image-preview:large, max-video-preview:-1\" \/>\n<link rel=\"canonical\" href=\"https:\/\/cbndeutschland.org\/de\/impressum\/\" \/>\n<meta property=\"og:locale\" content=\"de_DE\" \/>\n<meta property=\"og:type\" content=\"article\" \/>\n<meta property=\"og:title\" content=\"Impressum: CBN Deutschland - Menschen erleben Gott\" \/>\n<meta property=\"og:description\" content=\"Hier finden Sie alle wichtigen Informationen zum Betreiber dieser Website, inklusive Kontaktm\u00f6glichkeiten und weiterf\u00fchrenden Details.\" \/>\n<meta property=\"og:url\" content=\"https:\/\/cbndeutschland.org\/de\/impressum\/\" \/>\n<meta property=\"og:site_name\" content=\"CBN Deutschland\" \/>\n<meta property=\"article:modified_time\" content=\"2024-09-30T10:22:56+00:00\" \/>\n<meta name=\"twitter:card\" content=\"summary_large_image\" \/>\n<meta name=\"twitter:label1\" content=\"Est. reading time\" \/>\n\t<meta name=\"twitter:data1\" content=\"4 Minuten\" \/>\n<script type=\"application\/ld+json\" class=\"yoast-schema-graph\">{\"@context\":\"https:\/\/schema.org\",\"@graph\":[{\"@type\":\"WebPage\",\"@id\":\"https:\/\/cbndeutschland.org\/de\/impressum\/\",\"url\":\"https:\/\/cbndeutschland.org\/de\/impressum\/\",\"name\":\"Impressum: CBN Deutschland - Menschen erleben Gott\",\"isPartOf\":{\"@id\":\"https:\/\/cbndeutschland.org\/de\/#website\"},\"datePublished\":\"2017-01-20T12:50:55+00:00\",\"dateModified\":\"2024-09-30T10:22:56+00:00\",\"description\":\"Hier finden Sie alle wichtigen Informationen zum Betreiber dieser Website, inklusive Kontaktm\u00f6glichkeiten und weiterf\u00fchrenden Details.\",\"breadcrumb\":{\"@id\":\"https:\/\/cbndeutschland.org\/de\/impressum\/#breadcrumb\"},\"inLanguage\":\"de-DE\",\"potentialAction\":[{\"@type\":\"ReadAction\",\"target\":[\"https:\/\/cbndeutschland.org\/de\/impressum\/\"]}]},{\"@type\":\"BreadcrumbList\",\"@id\":\"https:\/\/cbndeutschland.org\/de\/impressum\/#breadcrumb\",\"itemListElement\":[{\"@type\":\"ListItem\",\"position\":1,\"name\":\"Startseite\",\"item\":\"https:\/\/cbndeutschland.org\/de\/\"},{\"@type\":\"ListItem\",\"position\":2,\"name\":\"Impressum\"}]},{\"@type\":\"WebSite\",\"@id\":\"https:\/\/cbndeutschland.org\/de\/#website\",\"url\":\"https:\/\/cbndeutschland.org\/de\/\",\"name\":\"CBN Deutschland\",\"description\":\"CBN Deutschland\",\"publisher\":{\"@id\":\"https:\/\/cbndeutschland.org\/de\/#organization\"},\"potentialAction\":[{\"@type\":\"SearchAction\",\"target\":{\"@type\":\"EntryPoint\",\"urlTemplate\":\"https:\/\/cbndeutschland.org\/de\/?s={search_term_string}\"},\"query-input\":{\"@type\":\"PropertyValueSpecification\",\"valueRequired\":true,\"valueName\":\"search_term_string\"}}],\"inLanguage\":\"de-DE\"},{\"@type\":\"Organization\",\"@id\":\"https:\/\/cbndeutschland.org\/de\/#organization\",\"name\":\"CBN Deutschland\",\"url\":\"https:\/\/cbndeutschland.org\/de\/\",\"logo\":{\"@type\":\"ImageObject\",\"inLanguage\":\"de-DE\",\"@id\":\"https:\/\/cbndeutschland.org\/de\/#\/schema\/logo\/image\/\",\"url\":\"https:\/\/cbndeutschland.org\/wp-content\/uploads\/2017\/02\/cbn-logo-web-blue.png\",\"contentUrl\":\"https:\/\/cbndeutschland.org\/wp-content\/uploads\/2017\/02\/cbn-logo-web-blue.png\",\"width\":385,\"height\":55,\"caption\":\"CBN Deutschland\"},\"image\":{\"@id\":\"https:\/\/cbndeutschland.org\/de\/#\/schema\/logo\/image\/\"}}]}<\/script>\n<!-- \/ Yoast SEO plugin. -->","yoast_head_json":{"title":"Impressum: CBN Deutschland - Menschen erleben Gott","description":"Hier finden Sie alle wichtigen Informationen zum Betreiber dieser Website, inklusive Kontaktm\u00f6glichkeiten und weiterf\u00fchrenden Details.","robots":{"index":"index","follow":"follow","max-snippet":"max-snippet:-1","max-image-preview":"max-image-preview:large","max-video-preview":"max-video-preview:-1"},"canonical":"https:\/\/cbndeutschland.org\/de\/impressum\/","og_locale":"de_DE","og_type":"article","og_title":"Impressum: CBN Deutschland - Menschen erleben Gott","og_description":"Hier finden Sie alle wichtigen Informationen zum Betreiber dieser Website, inklusive Kontaktm\u00f6glichkeiten und weiterf\u00fchrenden Details.","og_url":"https:\/\/cbndeutschland.org\/de\/impressum\/","og_site_name":"CBN Deutschland","article_modified_time":"2024-09-30T10:22:56+00:00","twitter_card":"summary_large_image","twitter_misc":{"Est. reading time":"4 Minuten"},"schema":{"@context":"https:\/\/schema.org","@graph":[{"@type":"WebPage","@id":"https:\/\/cbndeutschland.org\/de\/impressum\/","url":"https:\/\/cbndeutschland.org\/de\/impressum\/","name":"Impressum: CBN Deutschland - Menschen erleben Gott","isPartOf":{"@id":"https:\/\/cbndeutschland.org\/de\/#website"},"datePublished":"2017-01-20T12:50:55+00:00","dateModified":"2024-09-30T10:22:56+00:00","description":"Hier finden Sie alle wichtigen Informationen zum Betreiber dieser Website, inklusive Kontaktm\u00f6glichkeiten und weiterf\u00fchrenden Details.","breadcrumb":{"@id":"https:\/\/cbndeutschland.org\/de\/impressum\/#breadcrumb"},"inLanguage":"de-DE","potentialAction":[{"@type":"ReadAction","target":["https:\/\/cbndeutschland.org\/de\/impressum\/"]}]},{"@type":"BreadcrumbList","@id":"https:\/\/cbndeutschland.org\/de\/impressum\/#breadcrumb","itemListElement":[{"@type":"ListItem","position":1,"name":"Startseite","item":"https:\/\/cbndeutschland.org\/de\/"},{"@type":"ListItem","position":2,"name":"Impressum"}]},{"@type":"WebSite","@id":"https:\/\/cbndeutschland.org\/de\/#website","url":"https:\/\/cbndeutschland.org\/de\/","name":"CBN Deutschland","description":"CBN Deutschland","publisher":{"@id":"https:\/\/cbndeutschland.org\/de\/#organization"},"potentialAction":[{"@type":"SearchAction","target":{"@type":"EntryPoint","urlTemplate":"https:\/\/cbndeutschland.org\/de\/?s={search_term_string}"},"query-input":{"@type":"PropertyValueSpecification","valueRequired":true,"valueName":"search_term_string"}}],"inLanguage":"de-DE"},{"@type":"Organization","@id":"https:\/\/cbndeutschland.org\/de\/#organization","name":"CBN Deutschland","url":"https:\/\/cbndeutschland.org\/de\/","logo":{"@type":"ImageObject","inLanguage":"de-DE","@id":"https:\/\/cbndeutschland.org\/de\/#\/schema\/logo\/image\/","url":"https:\/\/cbndeutschland.org\/wp-content\/uploads\/2017\/02\/cbn-logo-web-blue.png","contentUrl":"https:\/\/cbndeutschland.org\/wp-content\/uploads\/2017\/02\/cbn-logo-web-blue.png","width":385,"height":55,"caption":"CBN Deutschland"},"image":{"@id":"https:\/\/cbndeutschland.org\/de\/#\/schema\/logo\/image\/"}}]}},"_links":{"self":[{"href":"https:\/\/cbndeutschland.org\/de\/wp-json\/wp\/v2\/pages\/301","targetHints":{"allow":["GET"]}}],"collection":[{"href":"https:\/\/cbndeutschland.org\/de\/wp-json\/wp\/v2\/pages"}],"about":[{"href":"https:\/\/cbndeutschland.org\/de\/wp-json\/wp\/v2\/types\/page"}],"author":[{"embeddable":true,"href":"https:\/\/cbndeutschland.org\/de\/wp-json\/wp\/v2\/users\/1"}],"replies":[{"embeddable":true,"href":"https:\/\/cbndeutschland.org\/de\/wp-json\/wp\/v2\/comments?post=301"}],"version-history":[{"count":16,"href":"https:\/\/cbndeutschland.org\/de\/wp-json\/wp\/v2\/pages\/301\/revisions"}],"predecessor-version":[{"id":16283,"href":"https:\/\/cbndeutschland.org\/de\/wp-json\/wp\/v2\/pages\/301\/revisions\/16283"}],"wp:attachment":[{"href":"https:\/\/cbndeutschland.org\/de\/wp-json\/wp\/v2\/media?parent=301"}],"curies":[{"name":"wp","href":"https:\/\/api.w.org\/{rel}","templated":true}]}}