{"id":2801,"date":"2017-02-01T12:18:09","date_gmt":"2017-02-01T10:18:09","guid":{"rendered":"https:\/\/cbndeutschland.org\/?page_id=2801"},"modified":"2023-08-22T10:27:15","modified_gmt":"2023-08-22T08:27:15","slug":"partnerschaft","status":"publish","type":"page","link":"https:\/\/cbndeutschland.org\/de\/partnerschaft\/","title":{"rendered":"Partnerschaft"},"content":{"rendered":"<div class=\"wpb-content-wrapper\">[vc_row fullwidth=&#8220;true&#8220;][vc_column][vc_single_image image=&#8220;5476&#8243; img_size=&#8220;full&#8220; alignment=&#8220;center&#8220; css_animation=&#8220;fadeIn&#8220;][\/vc_column][\/vc_row][vc_row][vc_column][vc_column_text align=&#8220;center&#8220; css=&#8220;.vc_custom_1674212905893{margin-bottom: 0px !important;}&#8220;]\n<p style=\"text-align: justify;\">Wir bei CBN Deutschland machen einen Unterschied in dieser Welt und ver\u00e4ndern Menschenleben in Deutschland, Europa und der Welt. Das k\u00f6nnen wir nicht allein! Daf\u00fcr brauchen wir Sie! Durch Partner, die unsere Vision teilen und uns finanziell und im Gebet unterst\u00fctzen, lassen wir diese Vision Wirklichkeit werden. Wollen Sie auch f\u00fcr andere Menschen ein Segen sein?<br \/>\nMit Ihrer Spende k\u00f6nnen tausende Menschen von der Botschaft der Liebe Gottes ber\u00fchrt und ver\u00e4ndert werden!<\/p>\n[\/vc_column_text][vc_empty_space][vc_column_text css=&#8220;.vc_custom_1692692819758{margin-bottom: 0px !important;}&#8220;]\n<h2 style=\"text-align: center;\"><strong>Werden Sie Partner von CBN Deutschland<\/strong><\/h2>\n<p style=\"text-align: justify;\">Unsere CBN Partner bilden das wertvolle Fundament f\u00fcr unsere gesamte Arbeit. Ohne Ihre Unterst\u00fctzung ist unsere Arbeit nicht m\u00f6glich!<\/p>\n<h4 style=\"text-align: center;\" align=\"center\"><strong><img loading=\"lazy\" decoding=\"async\" class=\"aligncenter wp-image-11099\" src=\"https:\/\/cbndeutschland.org\/wp-content\/uploads\/2023\/05\/haus-1024x1024.jpg\" alt=\"\" width=\"499\" height=\"499\" srcset=\"https:\/\/cbndeutschland.org\/wp-content\/uploads\/2023\/05\/haus-1024x1024.jpg 1024w, https:\/\/cbndeutschland.org\/wp-content\/uploads\/2023\/05\/haus-300x300.jpg 300w, https:\/\/cbndeutschland.org\/wp-content\/uploads\/2023\/05\/haus-150x150.jpg 150w, https:\/\/cbndeutschland.org\/wp-content\/uploads\/2023\/05\/haus-768x768.jpg 768w, https:\/\/cbndeutschland.org\/wp-content\/uploads\/2023\/05\/haus-250x250.jpg 250w, https:\/\/cbndeutschland.org\/wp-content\/uploads\/2023\/05\/haus-600x600.jpg 600w, https:\/\/cbndeutschland.org\/wp-content\/uploads\/2023\/05\/haus.jpg 1500w\" sizes=\"auto, (max-width: 499px) 100vw, 499px\" \/>Die Kraft der Partnerschaft<\/strong><\/h4>\n<p style=\"text-align: justify;\">Wir glauben, dass durch die Kraft der Partnerschaft Segen flie\u00dft, sowohl in die Leben derjenigen, die von der Hilfe profitieren, als auch in die Leben derer, die geben. Zusammen k\u00f6nnen wir einen Unterschied machen! Sie als Partner von CBN Deutschland erm\u00f6glichen, dass Menschen Gott erleben und seine lebensver\u00e4ndernde Botschaft kennenlernen!<\/p>\n<p style=\"text-align: justify;\">Wir versprechen Ihnen als Partnern einen verantwortungsvollen Umgang und den effizientesten Einsatz Ihrer Spenden.<\/p>\n[\/vc_column_text][\/vc_column][\/vc_row][vc_row][vc_column][vc_text_separator title=&#8220;Vielen Dank f\u00fcr Ihre gro\u00dfz\u00fcgige Unterst\u00fctzung! Sie sind ein Segen!&#8220; border_width=&#8220;2&#8243; css=&#8220;.vc_custom_1692692830252{padding-top: 20px !important;padding-bottom: 20px !important;}&#8220;][\/vc_column][\/vc_row][vc_row css=&#8220;.vc_custom_1486028162335{margin-top: 20px !important;margin-bottom: 40px !important;padding-right: 20px !important;padding-left: 20px !important;background-color: #f7f7f7 !important;}&#8220; el_class=&#8220;spenden-partner&#8220;][vc_column][mk_icon_box2 icon_size=&#8220;64&#8243; icon=&#8220;mk-li-love&#8220; icon_color=&#8220;#e80007&#8243; title=&#8220;Partner von CBN DEUTSCHLAND werden&#8220; title_size=&#8220;27&#8243; title_top_padding=&#8220;0&#8243;][\/mk_icon_box2][vc_raw_js]JTNDZGl2JTIwc3R5bGUlM0QlMjJtYXJnaW4tdG9wJTNBLTEwcHglM0IlMjIlM0UlMEElM0MlMjEtLSUyMHR3aW5nbGUlMjAtLSUzRSUwQSUzQ3NjcmlwdCUyMHR5cGUlM0QlMjJ0ZXh0JTJGamF2YXNjcmlwdCUyMiUzRSUwQSUwOSUyOGZ1bmN0aW9uJTI4JTI5JTIwJTdCJTBBJTA5JTA5dmFyJTIwdSUzRCUyMmh0dHBzJTNBJTJGJTJGc3BlbmRlbi50d2luZ2xlLmRlJTJGZW1iZWQlMkZjYm4tZGV1dHNjaGxhbmQtY2x1Yi03MDAtZS12JTJGc3BlbmRlbi1jYm4td2Vic2l0ZSUyRnR3NWQwMjA2OGM5Njk2MSUyRndpZGdldCUyMiUzQiUwQSUwOSUwOXZhciUyMGlkJTIwJTNEJTIwJTI3XyUyNyUyMCUyQiUyME1hdGgucmFuZG9tJTI4JTI5LnRvU3RyaW5nJTI4MzYlMjkuc3Vic3RyJTI4MiUyQyUyMDklMjklM0IlMEElMDklMDl2YXIlMjBkJTNEZG9jdW1lbnQlMkMlMjBnJTNEZC5jcmVhdGVFbGVtZW50JTI4JTI3c2NyaXB0JTI3JTI5JTJDJTIwcyUzRGQuZ2V0RWxlbWVudHNCeVRhZ05hbWUlMjglMjdzY3JpcHQlMjclMjklNUIwJTVEJTNCJTBBJTA5JTA5ZG9jdW1lbnQud3JpdGUlMjglMjclM0NkaXYlMjBpZCUzRCUyMnR3aW5nbGUtcHVibGljLWVtYmVkLSUyNyUyMCUyQiUyMGlkJTIwJTJCJTIwJTI3JTIyJTNFJTNDJTJGZGl2JTNFJTI3JTI5JTNCJTBBJTA5JTA5Zy50eXBlJTNEJTI3dGV4dCUyRmphdmFzY3JpcHQlMjclM0IlMjBnLmFzeW5jJTNEdHJ1ZSUzQiUyMGcuZGVmZXIlM0R0cnVlJTNCJTIwZy5zcmMlM0R1JTJCJTI3JTJGJTI3JTJCaWQlM0IlMjBzLnBhcmVudE5vZGUuaW5zZXJ0QmVmb3JlJTI4ZyUyQ3MlMjklM0IlMEElMDklN0QlMjklMjglMjklM0IlMEElM0MlMkZzY3JpcHQlM0UlMEElM0MlMjEtLSUyMHR3aW5nbGUlMjAtLSUzRSUwQSUzQyUyRmRpdiUzRQ==[\/vc_raw_js][\/vc_column][\/vc_row][vc_row][vc_column][vc_row_inner][vc_column_inner width=&#8220;1\/6&#8243;][vc_single_image image=&#8220;5479&#8243; img_size=&#8220;60&#215;60&#8243; alignment=&#8220;center&#8220;][\/vc_column_inner][vc_column_inner width=&#8220;5\/6&#8243;][vc_column_text css=&#8220;.vc_custom_1559812592415{margin-bottom: 0px !important;}&#8220;]<strong>Sicheres Spenden <\/strong><em>Die Daten werden \u00fcber eine verschl\u00fcsselte SSL (Secure-Socket-Layer) <\/em><em>Internet-Verbindung \u00fcbertragen und sind zu jedem Zeitpunkt sicher.<\/em>[\/vc_column_text][\/vc_column_inner][\/vc_row_inner][\/vc_column][\/vc_row]\n<\/div>","protected":false},"excerpt":{"rendered":"<p>[vc_row fullwidth=&#8220;true&#8220;][vc_column][vc_single_image image=&#8220;5476&#8243; img_size=&#8220;full&#8220; alignment=&#8220;center&#8220; css_animation=&#8220;fadeIn&#8220;][\/vc_column][\/vc_row][vc_row][vc_column][vc_column_text align=&#8220;center&#8220; css=&#8220;.vc_custom_1674212905893{margin-bottom: 0px !important;}&#8220;] Wir bei CBN Deutschland machen einen Unterschied in dieser Welt und ver\u00e4ndern Menschenleben in Deutschland, Europa und der Welt. Das k\u00f6nnen wir nicht allein! Daf\u00fcr brauchen wir Sie! Durch Partner, die unsere Vision teilen und uns finanziell und im Gebet unterst\u00fctzen, lassen wir diese Vision [&hellip;]<\/p>\n","protected":false},"author":2,"featured_media":0,"parent":0,"menu_order":16,"comment_status":"closed","ping_status":"closed","template":"","meta":{"footnotes":"","_links_to":"","_links_to_target":""},"class_list":["post-2801","page","type-page","status-publish","hentry"],"yoast_head":"<!-- This site is optimized with the Yoast SEO plugin v27.1.1 - https:\/\/yoast.com\/product\/yoast-seo-wordpress\/ -->\n<title>Partnerschaft - CBN Deutschland<\/title>\n<meta name=\"description\" content=\"Unsere Vision und Mission bei CBN DEUTSCHLAND ist, dass Menschen Gott erleben. Daher steht unsere gesamte Arbeit unter dem Slogan \u201eMenschen erleben Gott\u201c.\" \/>\n<meta name=\"robots\" content=\"index, follow, max-snippet:-1, max-image-preview:large, max-video-preview:-1\" \/>\n<link rel=\"canonical\" href=\"https:\/\/cbndeutschland.org\/de\/partnerschaft\/\" \/>\n<meta property=\"og:locale\" content=\"de_DE\" \/>\n<meta property=\"og:type\" content=\"article\" \/>\n<meta property=\"og:title\" content=\"Partnerschaft - CBN Deutschland\" \/>\n<meta property=\"og:description\" content=\"Unsere Vision und Mission bei CBN DEUTSCHLAND ist, dass Menschen Gott erleben. Daher steht unsere gesamte Arbeit unter dem Slogan \u201eMenschen erleben Gott\u201c.\" \/>\n<meta property=\"og:url\" content=\"https:\/\/cbndeutschland.org\/de\/partnerschaft\/\" \/>\n<meta property=\"og:site_name\" content=\"CBN Deutschland\" \/>\n<meta property=\"article:modified_time\" content=\"2023-08-22T08:27:15+00:00\" \/>\n<meta property=\"og:image\" content=\"https:\/\/cbndeutschland.org\/wp-content\/uploads\/2023\/05\/haus-1024x1024.jpg\" \/>\n<meta name=\"twitter:card\" content=\"summary_large_image\" \/>\n<meta name=\"twitter:label1\" content=\"Est. reading time\" \/>\n\t<meta name=\"twitter:data1\" content=\"2 Minuten\" \/>\n<script type=\"application\/ld+json\" class=\"yoast-schema-graph\">{\"@context\":\"https:\/\/schema.org\",\"@graph\":[{\"@type\":\"WebPage\",\"@id\":\"https:\/\/cbndeutschland.org\/de\/partnerschaft\/\",\"url\":\"https:\/\/cbndeutschland.org\/de\/partnerschaft\/\",\"name\":\"Partnerschaft - CBN Deutschland\",\"isPartOf\":{\"@id\":\"https:\/\/cbndeutschland.org\/de\/#website\"},\"primaryImageOfPage\":{\"@id\":\"https:\/\/cbndeutschland.org\/de\/partnerschaft\/#primaryimage\"},\"image\":{\"@id\":\"https:\/\/cbndeutschland.org\/de\/partnerschaft\/#primaryimage\"},\"thumbnailUrl\":\"https:\/\/cbndeutschland.org\/wp-content\/uploads\/2023\/05\/haus-1024x1024.jpg\",\"datePublished\":\"2017-02-01T10:18:09+00:00\",\"dateModified\":\"2023-08-22T08:27:15+00:00\",\"description\":\"Unsere Vision und Mission bei CBN DEUTSCHLAND ist, dass Menschen Gott erleben. Daher steht unsere gesamte Arbeit unter dem Slogan \u201eMenschen erleben Gott\u201c.\",\"breadcrumb\":{\"@id\":\"https:\/\/cbndeutschland.org\/de\/partnerschaft\/#breadcrumb\"},\"inLanguage\":\"de-DE\",\"potentialAction\":[{\"@type\":\"ReadAction\",\"target\":[\"https:\/\/cbndeutschland.org\/de\/partnerschaft\/\"]}]},{\"@type\":\"ImageObject\",\"inLanguage\":\"de-DE\",\"@id\":\"https:\/\/cbndeutschland.org\/de\/partnerschaft\/#primaryimage\",\"url\":\"https:\/\/cbndeutschland.org\/wp-content\/uploads\/2023\/05\/haus-1024x1024.jpg\",\"contentUrl\":\"https:\/\/cbndeutschland.org\/wp-content\/uploads\/2023\/05\/haus-1024x1024.jpg\"},{\"@type\":\"BreadcrumbList\",\"@id\":\"https:\/\/cbndeutschland.org\/de\/partnerschaft\/#breadcrumb\",\"itemListElement\":[{\"@type\":\"ListItem\",\"position\":1,\"name\":\"Startseite\",\"item\":\"https:\/\/cbndeutschland.org\/de\/\"},{\"@type\":\"ListItem\",\"position\":2,\"name\":\"Partnerschaft\"}]},{\"@type\":\"WebSite\",\"@id\":\"https:\/\/cbndeutschland.org\/de\/#website\",\"url\":\"https:\/\/cbndeutschland.org\/de\/\",\"name\":\"CBN Deutschland\",\"description\":\"CBN Deutschland\",\"publisher\":{\"@id\":\"https:\/\/cbndeutschland.org\/de\/#organization\"},\"potentialAction\":[{\"@type\":\"SearchAction\",\"target\":{\"@type\":\"EntryPoint\",\"urlTemplate\":\"https:\/\/cbndeutschland.org\/de\/?s={search_term_string}\"},\"query-input\":{\"@type\":\"PropertyValueSpecification\",\"valueRequired\":true,\"valueName\":\"search_term_string\"}}],\"inLanguage\":\"de-DE\"},{\"@type\":\"Organization\",\"@id\":\"https:\/\/cbndeutschland.org\/de\/#organization\",\"name\":\"CBN Deutschland\",\"url\":\"https:\/\/cbndeutschland.org\/de\/\",\"logo\":{\"@type\":\"ImageObject\",\"inLanguage\":\"de-DE\",\"@id\":\"https:\/\/cbndeutschland.org\/de\/#\/schema\/logo\/image\/\",\"url\":\"https:\/\/cbndeutschland.org\/wp-content\/uploads\/2017\/02\/cbn-logo-web-blue.png\",\"contentUrl\":\"https:\/\/cbndeutschland.org\/wp-content\/uploads\/2017\/02\/cbn-logo-web-blue.png\",\"width\":385,\"height\":55,\"caption\":\"CBN Deutschland\"},\"image\":{\"@id\":\"https:\/\/cbndeutschland.org\/de\/#\/schema\/logo\/image\/\"}}]}<\/script>\n<!-- \/ Yoast SEO plugin. -->","yoast_head_json":{"title":"Partnerschaft - CBN Deutschland","description":"Unsere Vision und Mission bei CBN DEUTSCHLAND ist, dass Menschen Gott erleben. Daher steht unsere gesamte Arbeit unter dem Slogan \u201eMenschen erleben Gott\u201c.","robots":{"index":"index","follow":"follow","max-snippet":"max-snippet:-1","max-image-preview":"max-image-preview:large","max-video-preview":"max-video-preview:-1"},"canonical":"https:\/\/cbndeutschland.org\/de\/partnerschaft\/","og_locale":"de_DE","og_type":"article","og_title":"Partnerschaft - CBN Deutschland","og_description":"Unsere Vision und Mission bei CBN DEUTSCHLAND ist, dass Menschen Gott erleben. Daher steht unsere gesamte Arbeit unter dem Slogan \u201eMenschen erleben Gott\u201c.","og_url":"https:\/\/cbndeutschland.org\/de\/partnerschaft\/","og_site_name":"CBN Deutschland","article_modified_time":"2023-08-22T08:27:15+00:00","og_image":[{"url":"https:\/\/cbndeutschland.org\/wp-content\/uploads\/2023\/05\/haus-1024x1024.jpg","type":"","width":"","height":""}],"twitter_card":"summary_large_image","twitter_misc":{"Est. reading time":"2 Minuten"},"schema":{"@context":"https:\/\/schema.org","@graph":[{"@type":"WebPage","@id":"https:\/\/cbndeutschland.org\/de\/partnerschaft\/","url":"https:\/\/cbndeutschland.org\/de\/partnerschaft\/","name":"Partnerschaft - CBN Deutschland","isPartOf":{"@id":"https:\/\/cbndeutschland.org\/de\/#website"},"primaryImageOfPage":{"@id":"https:\/\/cbndeutschland.org\/de\/partnerschaft\/#primaryimage"},"image":{"@id":"https:\/\/cbndeutschland.org\/de\/partnerschaft\/#primaryimage"},"thumbnailUrl":"https:\/\/cbndeutschland.org\/wp-content\/uploads\/2023\/05\/haus-1024x1024.jpg","datePublished":"2017-02-01T10:18:09+00:00","dateModified":"2023-08-22T08:27:15+00:00","description":"Unsere Vision und Mission bei CBN DEUTSCHLAND ist, dass Menschen Gott erleben. Daher steht unsere gesamte Arbeit unter dem Slogan \u201eMenschen erleben Gott\u201c.","breadcrumb":{"@id":"https:\/\/cbndeutschland.org\/de\/partnerschaft\/#breadcrumb"},"inLanguage":"de-DE","potentialAction":[{"@type":"ReadAction","target":["https:\/\/cbndeutschland.org\/de\/partnerschaft\/"]}]},{"@type":"ImageObject","inLanguage":"de-DE","@id":"https:\/\/cbndeutschland.org\/de\/partnerschaft\/#primaryimage","url":"https:\/\/cbndeutschland.org\/wp-content\/uploads\/2023\/05\/haus-1024x1024.jpg","contentUrl":"https:\/\/cbndeutschland.org\/wp-content\/uploads\/2023\/05\/haus-1024x1024.jpg"},{"@type":"BreadcrumbList","@id":"https:\/\/cbndeutschland.org\/de\/partnerschaft\/#breadcrumb","itemListElement":[{"@type":"ListItem","position":1,"name":"Startseite","item":"https:\/\/cbndeutschland.org\/de\/"},{"@type":"ListItem","position":2,"name":"Partnerschaft"}]},{"@type":"WebSite","@id":"https:\/\/cbndeutschland.org\/de\/#website","url":"https:\/\/cbndeutschland.org\/de\/","name":"CBN Deutschland","description":"CBN Deutschland","publisher":{"@id":"https:\/\/cbndeutschland.org\/de\/#organization"},"potentialAction":[{"@type":"SearchAction","target":{"@type":"EntryPoint","urlTemplate":"https:\/\/cbndeutschland.org\/de\/?s={search_term_string}"},"query-input":{"@type":"PropertyValueSpecification","valueRequired":true,"valueName":"search_term_string"}}],"inLanguage":"de-DE"},{"@type":"Organization","@id":"https:\/\/cbndeutschland.org\/de\/#organization","name":"CBN Deutschland","url":"https:\/\/cbndeutschland.org\/de\/","logo":{"@type":"ImageObject","inLanguage":"de-DE","@id":"https:\/\/cbndeutschland.org\/de\/#\/schema\/logo\/image\/","url":"https:\/\/cbndeutschland.org\/wp-content\/uploads\/2017\/02\/cbn-logo-web-blue.png","contentUrl":"https:\/\/cbndeutschland.org\/wp-content\/uploads\/2017\/02\/cbn-logo-web-blue.png","width":385,"height":55,"caption":"CBN Deutschland"},"image":{"@id":"https:\/\/cbndeutschland.org\/de\/#\/schema\/logo\/image\/"}}]}},"_links":{"self":[{"href":"https:\/\/cbndeutschland.org\/de\/wp-json\/wp\/v2\/pages\/2801","targetHints":{"allow":["GET"]}}],"collection":[{"href":"https:\/\/cbndeutschland.org\/de\/wp-json\/wp\/v2\/pages"}],"about":[{"href":"https:\/\/cbndeutschland.org\/de\/wp-json\/wp\/v2\/types\/page"}],"author":[{"embeddable":true,"href":"https:\/\/cbndeutschland.org\/de\/wp-json\/wp\/v2\/users\/2"}],"replies":[{"embeddable":true,"href":"https:\/\/cbndeutschland.org\/de\/wp-json\/wp\/v2\/comments?post=2801"}],"version-history":[{"count":46,"href":"https:\/\/cbndeutschland.org\/de\/wp-json\/wp\/v2\/pages\/2801\/revisions"}],"predecessor-version":[{"id":11687,"href":"https:\/\/cbndeutschland.org\/de\/wp-json\/wp\/v2\/pages\/2801\/revisions\/11687"}],"wp:attachment":[{"href":"https:\/\/cbndeutschland.org\/de\/wp-json\/wp\/v2\/media?parent=2801"}],"curies":[{"name":"wp","href":"https:\/\/api.w.org\/{rel}","templated":true}]}}