{"id":20940,"date":"2026-03-20T13:25:49","date_gmt":"2026-03-20T12:25:49","guid":{"rendered":"https:\/\/cbndeutschland.org\/?page_id=20940"},"modified":"2026-04-01T17:54:38","modified_gmt":"2026-04-01T15:54:38","slug":"abmelden","status":"publish","type":"page","link":"https:\/\/cbndeutschland.org\/de\/abmelden\/","title":{"rendered":"Vom Newlsetter abmelden Vorlage"},"content":{"rendered":"<div class=\"wpb-content-wrapper\">[vc_row][vc_column][mk_fancy_title tag_name=&#8220;span&#8220; font_family=&#8220;none&#8220;]\n<h1 style=\"text-align: center;\">Schade, dass du uns verl\u00e4sst!<\/h1>\n[\/mk_fancy_title][mk_padding_divider size=&#8220;30&#8243;][\/vc_column][\/vc_row][vc_row][vc_column][vc_column_text css=&#8220;.vc_custom_1775058760500{margin-bottom: 0px !important;}&#8220;]\n<p style=\"font-size: 120%;\">Du m\u00f6chtest unseren Newsletter nicht mehr erhalten?\u00a0Kein Problem<\/p>\n<p style=\"font-size: 120%;\">Damit wir deine Anfrage korrekt bearbeiten k\u00f6nnen, w\u00e4hle bitte eine der folgenden Optionen, trage deine E-Mail-Adresse in das Eingabefeld ein und best\u00e4tige die Abmeldung.<\/p>\n[\/vc_column_text][mk_padding_divider size=&#8220;30&#8243;][\/vc_column][\/vc_row][vc_row][vc_column]<script type=\"text\/javascript\">\n\/* <![CDATA[ *\/\nvar gform;gform||(document.addEventListener(\"gform_main_scripts_loaded\",function(){gform.scriptsLoaded=!0}),document.addEventListener(\"gform\/theme\/scripts_loaded\",function(){gform.themeScriptsLoaded=!0}),window.addEventListener(\"DOMContentLoaded\",function(){gform.domLoaded=!0}),gform={domLoaded:!1,scriptsLoaded:!1,themeScriptsLoaded:!1,isFormEditor:()=>\"function\"==typeof InitializeEditor,callIfLoaded:function(o){return!(!gform.domLoaded||!gform.scriptsLoaded||!gform.themeScriptsLoaded&&!gform.isFormEditor()||(gform.isFormEditor()&&console.warn(\"The use of gform.initializeOnLoaded() is deprecated in the form editor context and will be removed in Gravity Forms 3.1.\"),o(),0))},initializeOnLoaded:function(o){gform.callIfLoaded(o)||(document.addEventListener(\"gform_main_scripts_loaded\",()=>{gform.scriptsLoaded=!0,gform.callIfLoaded(o)}),document.addEventListener(\"gform\/theme\/scripts_loaded\",()=>{gform.themeScriptsLoaded=!0,gform.callIfLoaded(o)}),window.addEventListener(\"DOMContentLoaded\",()=>{gform.domLoaded=!0,gform.callIfLoaded(o)}))},hooks:{action:{},filter:{}},addAction:function(o,r,e,t){gform.addHook(\"action\",o,r,e,t)},addFilter:function(o,r,e,t){gform.addHook(\"filter\",o,r,e,t)},doAction:function(o){gform.doHook(\"action\",o,arguments)},applyFilters:function(o){return gform.doHook(\"filter\",o,arguments)},removeAction:function(o,r){gform.removeHook(\"action\",o,r)},removeFilter:function(o,r,e){gform.removeHook(\"filter\",o,r,e)},addHook:function(o,r,e,t,n){null==gform.hooks[o][r]&&(gform.hooks[o][r]=[]);var d=gform.hooks[o][r];null==n&&(n=r+\"_\"+d.length),gform.hooks[o][r].push({tag:n,callable:e,priority:t=null==t?10:t})},doHook:function(r,o,e){var t;if(e=Array.prototype.slice.call(e,1),null!=gform.hooks[r][o]&&((o=gform.hooks[r][o]).sort(function(o,r){return o.priority-r.priority}),o.forEach(function(o){\"function\"!=typeof(t=o.callable)&&(t=window[t]),\"action\"==r?t.apply(null,e):e[0]=t.apply(null,e)})),\"filter\"==r)return e[0]},removeHook:function(o,r,t,n){var e;null!=gform.hooks[o][r]&&(e=(e=gform.hooks[o][r]).filter(function(o,r,e){return!!(null!=n&&n!=o.tag||null!=t&&t!=o.priority)}),gform.hooks[o][r]=e)}});\n\/* ]]> *\/\n<\/script>\n\n                <div class='gf_browser_gecko gform_wrapper gravity-theme gform-theme--no-framework' data-form-theme='gravity-theme' data-form-index='0' id='gform_wrapper_19' style='display:none'><form method='post' enctype='multipart\/form-data'  id='gform_19'  action='\/de\/wp-json\/wp\/v2\/pages\/20940' data-formid='19' novalidate> \r\n <input type='hidden' class='gforms-pum' value='{\"closepopup\":false,\"closedelay\":0,\"openpopup\":false,\"openpopup_id\":0}' \/>\n                        <div class='gform-body gform_body'><div id='gform_fields_19' class='gform_fields top_label form_sublabel_below description_below validation_below'><fieldset id=\"field_19_8\" class=\"gfield gfield--type-radio gfield--type-choice gfield--input-type-radio gfield--width-full field_sublabel_below gfield--no-description field_description_below field_validation_below gfield_visibility_visible\"  ><legend class='gfield_label gform-field-label' >Ich m\u00f6chte mich<\/legend><div class='ginput_container ginput_container_radio'><div class='gfield_radio' id='input_19_8'>\n\t\t\t<div class='gchoice gchoice_19_8_0'>\n\t\t\t\t\t<input class='gfield-choice-input' name='input_8' type='radio' value='vom CBN-XXX-Newsletter abmelden'  id='choice_19_8_0' onchange='gformToggleRadioOther( this )'    \/>\n\t\t\t\t\t<label for='choice_19_8_0' id='label_19_8_0' class='gform-field-label gform-field-label--type-inline'>vom CBN-XXX-Newsletter abmelden<\/label>\n\t\t\t<\/div>\n\t\t\t<div class='gchoice gchoice_19_8_1'>\n\t\t\t\t\t<input class='gfield-choice-input' name='input_8' type='radio' value='von allen CBN-Newslettern abmelden'  id='choice_19_8_1' onchange='gformToggleRadioOther( this )'    \/>\n\t\t\t\t\t<label for='choice_19_8_1' id='label_19_8_1' class='gform-field-label gform-field-label--type-inline'>von allen CBN-Newslettern abmelden<\/label>\n\t\t\t<\/div><\/div><\/div><\/fieldset><div id=\"field_19_1\" class=\"gfield gfield--type-email gfield--input-type-email field_sublabel_below gfield--no-description field_description_below field_validation_below gfield_visibility_visible\"  ><label class='gfield_label gform-field-label' for='input_19_1'>Bitte best\u00e4tige uns kurz deine E-Mail-Adresse, um dich vom CBN-XXX-Newsletter abzumelden:<\/label><div class='ginput_container ginput_container_email'>\n                            <input name='input_1' id='input_19_1' type='email' value='' class='large'     aria-invalid=\"false\"  \/>\n                        <\/div><\/div><div id=\"field_19_5\" class=\"gfield gfield--type-email gfield--input-type-email gfield--width-full field_sublabel_below gfield--no-description field_description_below field_validation_below gfield_visibility_visible\"  ><label class='gfield_label gform-field-label' for='input_19_5'>Bitte best\u00e4tige uns kurz deine E-Mail-Adresse, um dich von allen CBN-Newslettern abzumelden:<\/label><div class='ginput_container ginput_container_email'>\n                            <input name='input_5' id='input_19_5' type='email' value='' class='large'     aria-invalid=\"false\"  \/>\n                        <\/div><\/div><\/div><\/div>\n        <div class='gform-footer gform_footer top_label'> <input type='submit' id='gform_submit_button_19' class='gform_button button' onclick='gform.submission.handleButtonClick(this);' data-submission-type='submit' value='Abmeldung best\u00e4tigen'  \/> \n            <input type='hidden' class='gform_hidden' name='gform_submission_method' data-js='gform_submission_method_19' value='postback' \/>\n            <input type='hidden' class='gform_hidden' name='gform_theme' data-js='gform_theme_19' id='gform_theme_19' value='gravity-theme' \/>\n            <input type='hidden' class='gform_hidden' name='gform_style_settings' data-js='gform_style_settings_19' id='gform_style_settings_19' value='[]' \/>\n            <input type='hidden' class='gform_hidden' name='is_submit_19' value='1' \/>\n            <input type='hidden' class='gform_hidden' name='gform_submit' value='19' \/>\n            \n            <input type='hidden' class='gform_hidden' name='gform_currency' data-currency='EUR' value='O9G++binbpf6XYFwlk4x1S9soWd2bTVa\/w3N8bMA5kK9lK65o1zweDSvT9xi\/rVwa5W4rMYRzs40QB5Su+FU9ihuOn0AiyeE5eCqJ8zS8FyKXmE=' \/>\n            <input type='hidden' class='gform_hidden' name='gform_unique_id' value='' \/>\n            <input type='hidden' class='gform_hidden' name='state_19' value='WyJ7XCI4XCI6W1wiMWM1ZTE2MmMyYmJkZjNkOGE0NmJiZDliMDgxNGRhMmZcIixcIjcwYmQ3MDgyMjNlNTVjYmQ0OTMyOTY4ZDlkMjE1NTJhXCJdfSIsImYzYzM4OTU3OTM2ODhjMjE1MmRjYzc1N2M4ODZjNTZjIl0=' \/>\n            <input type='hidden' autocomplete='off' class='gform_hidden' name='gform_target_page_number_19' id='gform_target_page_number_19' value='0' \/>\n            <input type='hidden' autocomplete='off' class='gform_hidden' name='gform_source_page_number_19' id='gform_source_page_number_19' value='1' \/>\n            <input type='hidden' name='gform_field_values' value='' \/>\n            \n        <\/div>\n                        <p style=\"display: none !important;\" class=\"akismet-fields-container\" data-prefix=\"ak_\"><label>&#916;<textarea name=\"ak_hp_textarea\" cols=\"45\" rows=\"8\" maxlength=\"100\"><\/textarea><\/label><input type=\"hidden\" id=\"ak_js_1\" name=\"ak_js\" value=\"129\"\/><script>document.getElementById( \"ak_js_1\" ).setAttribute( \"value\", ( new Date() ).getTime() );<\/script><\/p><\/form>\n                        <\/div><script type=\"text\/javascript\">\n\/* <![CDATA[ *\/\n gform.initializeOnLoaded( function() {gformInitSpinner( 19, 'https:\/\/cbndeutschland.org\/wp-content\/plugins\/gravityforms\/images\/spinner.svg', true );jQuery('#gform_ajax_frame_19').on('load',function(){var contents = jQuery(this).contents().find('*').html();var is_postback = contents.indexOf('GF_AJAX_POSTBACK') >= 0;if(!is_postback){return;}var form_content = jQuery(this).contents().find('#gform_wrapper_19');var is_confirmation = jQuery(this).contents().find('#gform_confirmation_wrapper_19').length > 0;var is_redirect = contents.indexOf('gformRedirect(){') >= 0;var is_form = form_content.length > 0 && ! is_redirect && ! is_confirmation;var mt = parseInt(jQuery('html').css('margin-top'), 10) + parseInt(jQuery('body').css('margin-top'), 10) + 100;if(is_form){form_content.find('form').css('opacity', 0);jQuery('#gform_wrapper_19').html(form_content.html());if(form_content.hasClass('gform_validation_error')){jQuery('#gform_wrapper_19').addClass('gform_validation_error');} else {jQuery('#gform_wrapper_19').removeClass('gform_validation_error');}setTimeout( function() { \/* delay the scroll by 50 milliseconds to fix a bug in chrome *\/  }, 50 );if(window['gformInitDatepicker']) {gformInitDatepicker();}if(window['gformInitPriceFields']) {gformInitPriceFields();}var current_page = jQuery('#gform_source_page_number_19').val();gformInitSpinner( 19, 'https:\/\/cbndeutschland.org\/wp-content\/plugins\/gravityforms\/images\/spinner.svg', true );jQuery(document).trigger('gform_page_loaded', [19, current_page]);window['gf_submitting_19'] = false;}else if(!is_redirect){var confirmation_content = jQuery(this).contents().find('.GF_AJAX_POSTBACK').html();if(!confirmation_content){confirmation_content = contents;}jQuery('#gform_wrapper_19').replaceWith(confirmation_content);jQuery(document).trigger('gform_confirmation_loaded', [19]);window['gf_submitting_19'] = false;wp.a11y.speak(jQuery('#gform_confirmation_message_19').text());}else{jQuery('#gform_19').append(contents);if(window['gformRedirect']) {gformRedirect();}}jQuery(document).trigger(\"gform_pre_post_render\", [{ formId: \"19\", currentPage: \"current_page\", abort: function() { this.preventDefault(); } }]);        if (event && event.defaultPrevented) {                return;        }        const gformWrapperDiv = document.getElementById( \"gform_wrapper_19\" );        if ( gformWrapperDiv ) {            const visibilitySpan = document.createElement( \"span\" );            visibilitySpan.id = \"gform_visibility_test_19\";            gformWrapperDiv.insertAdjacentElement( \"afterend\", visibilitySpan );        }        const visibilityTestDiv = document.getElementById( \"gform_visibility_test_19\" );        let postRenderFired = false;        function triggerPostRender() {            if ( postRenderFired ) {                return;            }            postRenderFired = true;            gform.core.triggerPostRenderEvents( 19, current_page );            if ( visibilityTestDiv ) {                visibilityTestDiv.parentNode.removeChild( visibilityTestDiv );            }        }        function debounce( func, wait, immediate ) {            var timeout;            return function() {                var context = this, args = arguments;                var later = function() {                    timeout = null;                    if ( !immediate ) func.apply( context, args );                };                var callNow = immediate && !timeout;                clearTimeout( timeout );                timeout = setTimeout( later, wait );                if ( callNow ) func.apply( context, args );            };        }        const debouncedTriggerPostRender = debounce( function() {            triggerPostRender();        }, 200 );        if ( visibilityTestDiv && visibilityTestDiv.offsetParent === null ) {            const observer = new MutationObserver( ( mutations ) => {                mutations.forEach( ( mutation ) => {                    if ( mutation.type === 'attributes' && visibilityTestDiv.offsetParent !== null ) {                        debouncedTriggerPostRender();                        observer.disconnect();                    }                });            });            observer.observe( document.body, {                attributes: true,                childList: false,                subtree: true,                attributeFilter: [ 'style', 'class' ],            });        } else {            triggerPostRender();        }    } );} ); \n\/* ]]> *\/\n<\/script>\n[\/vc_column][\/vc_row][vc_row][vc_column][mk_padding_divider size=&#8220;30&#8243;][mk_padding_divider size=&#8220;30&#8243;][mk_padding_divider size=&#8220;30&#8243;][\/vc_column][\/vc_row]\n<\/div>","protected":false},"excerpt":{"rendered":"<p>[vc_row][vc_column][mk_fancy_title tag_name=&#8220;span&#8220; font_family=&#8220;none&#8220;] Schade, dass du uns verl\u00e4sst! [\/mk_fancy_title][mk_padding_divider size=&#8220;30&#8243;][\/vc_column][\/vc_row][vc_row][vc_column][vc_column_text css=&#8220;.vc_custom_1775058760500{margin-bottom: 0px !important;}&#8220;] Du m\u00f6chtest unseren Newsletter nicht mehr erhalten?\u00a0Kein Problem Damit wir deine Anfrage korrekt bearbeiten k\u00f6nnen, w\u00e4hle bitte eine der folgenden Optionen, trage deine E-Mail-Adresse in das Eingabefeld ein und best\u00e4tige die Abmeldung. [\/vc_column_text][mk_padding_divider size=&#8220;30&#8243;][\/vc_column][\/vc_row][vc_row][vc_column][\/vc_column][\/vc_row][vc_row][vc_column][mk_padding_divider size=&#8220;30&#8243;][mk_padding_divider size=&#8220;30&#8243;][mk_padding_divider size=&#8220;30&#8243;][\/vc_column][\/vc_row]<\/p>\n","protected":false},"author":975902,"featured_media":0,"parent":0,"menu_order":0,"comment_status":"closed","ping_status":"closed","template":"","meta":{"footnotes":"","_links_to":"","_links_to_target":""},"class_list":["post-20940","page","type-page","status-publish","hentry"],"yoast_head":"<!-- This site is optimized with the Yoast SEO plugin v27.1.1 - https:\/\/yoast.com\/product\/yoast-seo-wordpress\/ -->\n<title>Vom Newlsetter abmelden Vorlage - CBN Deutschland<\/title>\n<meta name=\"description\" content=\"Du m\u00f6chtest unseren Newsletter nicht mehr erhalten?\u00a0Hier kannst du dich abmelden.\" \/>\n<meta name=\"robots\" content=\"noindex, nofollow\" \/>\n<meta property=\"og:locale\" content=\"de_DE\" \/>\n<meta property=\"og:type\" content=\"article\" \/>\n<meta property=\"og:title\" content=\"Vom Newlsetter abmelden Vorlage - CBN Deutschland\" \/>\n<meta property=\"og:description\" content=\"Du m\u00f6chtest unseren Newsletter nicht mehr erhalten?\u00a0Hier kannst du dich abmelden.\" \/>\n<meta property=\"og:url\" content=\"https:\/\/cbndeutschland.org\/de\/abmelden\/\" \/>\n<meta property=\"og:site_name\" content=\"CBN Deutschland\" \/>\n<meta property=\"article:modified_time\" content=\"2026-04-01T15:54:38+00:00\" \/>\n<meta name=\"twitter:card\" content=\"summary_large_image\" \/>\n<meta name=\"twitter:label1\" content=\"Est. reading time\" \/>\n\t<meta name=\"twitter:data1\" content=\"1 Minute\" \/>\n<script type=\"application\/ld+json\" class=\"yoast-schema-graph\">{\"@context\":\"https:\/\/schema.org\",\"@graph\":[{\"@type\":\"WebPage\",\"@id\":\"https:\/\/cbndeutschland.org\/de\/abmelden\/\",\"url\":\"https:\/\/cbndeutschland.org\/de\/abmelden\/\",\"name\":\"Vom Newlsetter abmelden Vorlage - CBN Deutschland\",\"isPartOf\":{\"@id\":\"https:\/\/cbndeutschland.org\/de\/#website\"},\"datePublished\":\"2026-03-20T12:25:49+00:00\",\"dateModified\":\"2026-04-01T15:54:38+00:00\",\"description\":\"Du m\u00f6chtest unseren Newsletter nicht mehr erhalten?\u00a0Hier kannst du dich abmelden.\",\"breadcrumb\":{\"@id\":\"https:\/\/cbndeutschland.org\/de\/abmelden\/#breadcrumb\"},\"inLanguage\":\"de-DE\",\"potentialAction\":[{\"@type\":\"ReadAction\",\"target\":[\"https:\/\/cbndeutschland.org\/de\/abmelden\/\"]}]},{\"@type\":\"BreadcrumbList\",\"@id\":\"https:\/\/cbndeutschland.org\/de\/abmelden\/#breadcrumb\",\"itemListElement\":[{\"@type\":\"ListItem\",\"position\":1,\"name\":\"Startseite\",\"item\":\"https:\/\/cbndeutschland.org\/de\/\"},{\"@type\":\"ListItem\",\"position\":2,\"name\":\"Vom Newlsetter abmelden Vorlage\"}]},{\"@type\":\"WebSite\",\"@id\":\"https:\/\/cbndeutschland.org\/de\/#website\",\"url\":\"https:\/\/cbndeutschland.org\/de\/\",\"name\":\"CBN Deutschland\",\"description\":\"CBN Deutschland\",\"publisher\":{\"@id\":\"https:\/\/cbndeutschland.org\/de\/#organization\"},\"potentialAction\":[{\"@type\":\"SearchAction\",\"target\":{\"@type\":\"EntryPoint\",\"urlTemplate\":\"https:\/\/cbndeutschland.org\/de\/?s={search_term_string}\"},\"query-input\":{\"@type\":\"PropertyValueSpecification\",\"valueRequired\":true,\"valueName\":\"search_term_string\"}}],\"inLanguage\":\"de-DE\"},{\"@type\":\"Organization\",\"@id\":\"https:\/\/cbndeutschland.org\/de\/#organization\",\"name\":\"CBN Deutschland\",\"url\":\"https:\/\/cbndeutschland.org\/de\/\",\"logo\":{\"@type\":\"ImageObject\",\"inLanguage\":\"de-DE\",\"@id\":\"https:\/\/cbndeutschland.org\/de\/#\/schema\/logo\/image\/\",\"url\":\"https:\/\/cbndeutschland.org\/wp-content\/uploads\/2017\/02\/cbn-logo-web-blue.png\",\"contentUrl\":\"https:\/\/cbndeutschland.org\/wp-content\/uploads\/2017\/02\/cbn-logo-web-blue.png\",\"width\":385,\"height\":55,\"caption\":\"CBN Deutschland\"},\"image\":{\"@id\":\"https:\/\/cbndeutschland.org\/de\/#\/schema\/logo\/image\/\"}}]}<\/script>\n<!-- \/ Yoast SEO plugin. -->","yoast_head_json":{"title":"Vom Newlsetter abmelden Vorlage - CBN Deutschland","description":"Du m\u00f6chtest unseren Newsletter nicht mehr erhalten?\u00a0Hier kannst du dich abmelden.","robots":{"index":"noindex","follow":"nofollow"},"og_locale":"de_DE","og_type":"article","og_title":"Vom Newlsetter abmelden Vorlage - CBN Deutschland","og_description":"Du m\u00f6chtest unseren Newsletter nicht mehr erhalten?\u00a0Hier kannst du dich abmelden.","og_url":"https:\/\/cbndeutschland.org\/de\/abmelden\/","og_site_name":"CBN Deutschland","article_modified_time":"2026-04-01T15:54:38+00:00","twitter_card":"summary_large_image","twitter_misc":{"Est. reading time":"1 Minute"},"schema":{"@context":"https:\/\/schema.org","@graph":[{"@type":"WebPage","@id":"https:\/\/cbndeutschland.org\/de\/abmelden\/","url":"https:\/\/cbndeutschland.org\/de\/abmelden\/","name":"Vom Newlsetter abmelden Vorlage - CBN Deutschland","isPartOf":{"@id":"https:\/\/cbndeutschland.org\/de\/#website"},"datePublished":"2026-03-20T12:25:49+00:00","dateModified":"2026-04-01T15:54:38+00:00","description":"Du m\u00f6chtest unseren Newsletter nicht mehr erhalten?\u00a0Hier kannst du dich abmelden.","breadcrumb":{"@id":"https:\/\/cbndeutschland.org\/de\/abmelden\/#breadcrumb"},"inLanguage":"de-DE","potentialAction":[{"@type":"ReadAction","target":["https:\/\/cbndeutschland.org\/de\/abmelden\/"]}]},{"@type":"BreadcrumbList","@id":"https:\/\/cbndeutschland.org\/de\/abmelden\/#breadcrumb","itemListElement":[{"@type":"ListItem","position":1,"name":"Startseite","item":"https:\/\/cbndeutschland.org\/de\/"},{"@type":"ListItem","position":2,"name":"Vom Newlsetter abmelden Vorlage"}]},{"@type":"WebSite","@id":"https:\/\/cbndeutschland.org\/de\/#website","url":"https:\/\/cbndeutschland.org\/de\/","name":"CBN Deutschland","description":"CBN Deutschland","publisher":{"@id":"https:\/\/cbndeutschland.org\/de\/#organization"},"potentialAction":[{"@type":"SearchAction","target":{"@type":"EntryPoint","urlTemplate":"https:\/\/cbndeutschland.org\/de\/?s={search_term_string}"},"query-input":{"@type":"PropertyValueSpecification","valueRequired":true,"valueName":"search_term_string"}}],"inLanguage":"de-DE"},{"@type":"Organization","@id":"https:\/\/cbndeutschland.org\/de\/#organization","name":"CBN Deutschland","url":"https:\/\/cbndeutschland.org\/de\/","logo":{"@type":"ImageObject","inLanguage":"de-DE","@id":"https:\/\/cbndeutschland.org\/de\/#\/schema\/logo\/image\/","url":"https:\/\/cbndeutschland.org\/wp-content\/uploads\/2017\/02\/cbn-logo-web-blue.png","contentUrl":"https:\/\/cbndeutschland.org\/wp-content\/uploads\/2017\/02\/cbn-logo-web-blue.png","width":385,"height":55,"caption":"CBN Deutschland"},"image":{"@id":"https:\/\/cbndeutschland.org\/de\/#\/schema\/logo\/image\/"}}]}},"_links":{"self":[{"href":"https:\/\/cbndeutschland.org\/de\/wp-json\/wp\/v2\/pages\/20940","targetHints":{"allow":["GET"]}}],"collection":[{"href":"https:\/\/cbndeutschland.org\/de\/wp-json\/wp\/v2\/pages"}],"about":[{"href":"https:\/\/cbndeutschland.org\/de\/wp-json\/wp\/v2\/types\/page"}],"author":[{"embeddable":true,"href":"https:\/\/cbndeutschland.org\/de\/wp-json\/wp\/v2\/users\/975902"}],"replies":[{"embeddable":true,"href":"https:\/\/cbndeutschland.org\/de\/wp-json\/wp\/v2\/comments?post=20940"}],"version-history":[{"count":8,"href":"https:\/\/cbndeutschland.org\/de\/wp-json\/wp\/v2\/pages\/20940\/revisions"}],"predecessor-version":[{"id":21069,"href":"https:\/\/cbndeutschland.org\/de\/wp-json\/wp\/v2\/pages\/20940\/revisions\/21069"}],"wp:attachment":[{"href":"https:\/\/cbndeutschland.org\/de\/wp-json\/wp\/v2\/media?parent=20940"}],"curies":[{"name":"wp","href":"https:\/\/api.w.org\/{rel}","templated":true}]}}