{"id":17684,"date":"2025-03-24T19:10:41","date_gmt":"2025-03-24T18:10:41","guid":{"rendered":"https:\/\/cbndeutschland.org\/?page_id=17684"},"modified":"2025-06-17T11:40:16","modified_gmt":"2025-06-17T09:40:16","slug":"spende","status":"publish","type":"page","link":"https:\/\/cbndeutschland.org\/de\/superbuch\/spende\/","title":{"rendered":"Die Superbuch Mission unterst\u00fctzen"},"content":{"rendered":"<div class=\"wpb-content-wrapper\">[vc_row fullwidth=&#8220;true&#8220;][vc_column][vc_single_image image=&#8220;19134&#8243; img_size=&#8220;full&#8220; alignment=&#8220;center&#8220; css_animation=&#8220;fadeIn&#8220; css=&#8220;&#8220;][\/vc_column][\/vc_row][vc_row fullwidth=&#8220;true&#8220; fullwidth_content=&#8220;false&#8220; visibility=&#8220;hidden-sm&#8220; animation=&#8220;fade-in&#8220;][vc_column][vc_row_inner][vc_column_inner][vc_empty_space height=&#8220;60px&#8220;][mk_fancy_title tag_name=&#8220;span&#8220; font_family=&#8220;none&#8220;]\n<h1 style=\"text-align: center;\">Mach mit uns die Bibel f\u00fcr Kinder lebendig<\/h1>\n[\/mk_fancy_title][vc_empty_space][\/vc_column_inner][\/vc_row_inner][vc_row_inner][vc_column_inner][vc_column_text css=&#8220;.vc_custom_1742832545029{margin-bottom: 0px !important;}&#8220;]<span style=\"font-size: 120%;\">Mit Superbuch bringen wir bei CBN Deutschland Kindern auf spannende Weise die Geschichten der Bibel n\u00e4her. Wir sind davon \u00fcberzeugt, dass Kinder f\u00fcr ihr Leben ausger\u00fcstet werden, wenn sie schon fr\u00fch Jesus kennenlernen. Dieses Fundament schenkt ihnen Halt, Hoffnung und Orientierung. Um das zu erreichen, brauchen wir Dich!<\/span><\/p>\n<p><span style=\"font-size: 120%;\">Mit Deiner Spende hilfst Du dabei, dass noch mehr Kinder Gottes Liebe erfahren. Jeder Beitrag macht einen Unterschied!<\/span><\/p>\n<p><span style=\"font-size: 120%;\"><strong>Spendenkonto:<\/strong>\u00a0\u00a0 IBAN: DE29 5009 2100 0001 4537 00\u00a0\u00a0\u00a0 BIC: GENODE51BH2<\/span>[\/vc_column_text][vc_empty_space height=&#8220;50px&#8220;][\/vc_column_inner][\/vc_row_inner][\/vc_column][\/vc_row][vc_row column_padding=&#8220;5&#8243; visibility=&#8220;visible-sm&#8220; animation=&#8220;fade-in&#8220; css=&#8220;.vc_custom_1714469491848{margin-top: 0px !important;}&#8220;][vc_column][vc_empty_space height=&#8220;50px&#8220;][mk_fancy_title tag_name=&#8220;span&#8220; font_family=&#8220;none&#8220;]\n<h1 style=\"text-align: center;\">Mach mit uns die Bibel f\u00fcr Kinder lebendig<\/h1>\n[\/mk_fancy_title][vc_empty_space][vc_column_text css=&#8220;.vc_custom_1742904173387{margin-bottom: 0px !important;}&#8220;]<span style=\"font-size: 120%;\">Mit Superbuch bringen wir bei CBN Deutschland Kindern auf spannende Weise die Geschichten der Bibel n\u00e4her. Wir sind davon \u00fcberzeugt, dass Kinder f\u00fcr ihr Leben ausger\u00fcstet werden, wenn sie schon fr\u00fch Jesus kennenlernen. Dieses Fundament schenkt ihnen Halt, Hoffnung und Orientierung. Um das zu erreichen, brauchen wir Dich!<\/span><\/p>\n<p><span style=\"font-size: 120%;\">Mit Deiner Spende hilfst Du dabei, dass noch mehr Kinder Gottes Liebe erfahren. Jeder Beitrag macht einen Unterschied!<\/span><\/p>\n<p><span style=\"font-size: 120%;\"><strong>Spendenkonto:<\/strong>\u00a0\u00a0 <\/span><\/p>\n<p><span style=\"font-size: 120%;\">IBAN: DE29 5009 2100 0001 4537 00<br \/>\nBIC: GENODE51BH2<\/span>[\/vc_column_text][vc_empty_space height=&#8220;15px&#8220;][\/vc_column][\/vc_row][vc_row fullwidth=&#8220;true&#8220; fullwidth_content=&#8220;false&#8220; visibility=&#8220;hidden-sm&#8220; animation=&#8220;fade-in&#8220; css=&#8220;.vc_custom_1714469513453{padding-top: 30px !important;padding-bottom: 30px !important;background-color: #f2f2f2 !important;background-position: 0 0 !important;background-repeat: no-repeat !important;}&#8220;][vc_column][vc_empty_space height=&#8220;50px&#8220;][mk_fancy_title tag_name=&#8220;span&#8220; font_family=&#8220;none&#8220;]\n<h2 style=\"text-align: center;\">Bringe Kindern das Evangelium<\/h2>\n[\/mk_fancy_title][vc_empty_space height=&#8220;20px&#8220;][vc_row_inner css=&#8220;.vc_custom_1714468745788{background-color: #ffffff !important;}&#8220;][vc_column_inner width=&#8220;1\/4&#8243;][\/vc_column_inner][vc_column_inner width=&#8220;1\/2&#8243;][vc_empty_space height=&#8220;30px&#8220;][mk_icon_box icon=&#8220;mk-li-love&#8220; title=&#8220;Meine Superbuch-Spende&#8220; text_size=&#8220;30&#8243; style=&#8220;simple_ultimate&#8220; icon_size=&#8220;large&#8220; icon_location=&#8220;top&#8220; icon_color=&#8220;#dd3333&#8243; margin=&#8220;0&#8243;][\/mk_icon_box][vc_raw_js]JTVCdHdpbmdsZSUyMHByb2plY3QlM0QlMjJ0dzY3ZTE3Y2M1M2NiMDklMjIlMjB0eXBlJTNEJTIyZm9ybSUyMiU1RA==[\/vc_raw_js][vc_empty_space height=&#8220;10&#8243;][vc_column_text css=&#8220;.vc_custom_1742831304204{margin-bottom: 0px !important;}&#8220;]\n<p style=\"text-align: center; font-size: 90%;\">Spenden an CBN Deutschland k\u00f6nnen steuerlich geltend gemacht werden.<\/p>\n[\/vc_column_text][vc_empty_space height=&#8220;20px&#8220;][\/vc_column_inner][vc_column_inner width=&#8220;1\/4&#8243;][\/vc_column_inner][\/vc_row_inner][\/vc_column][\/vc_row][vc_row fullwidth=&#8220;true&#8220; fullwidth_content=&#8220;false&#8220; visibility=&#8220;visible-sm&#8220; animation=&#8220;fade-in&#8220; css=&#8220;.vc_custom_1714469522035{padding-top: 30px !important;padding-bottom: 30px !important;background-color: #f3f3f3 !important;background-position: 0 0 !important;background-repeat: no-repeat !important;}&#8220;][vc_column][vc_empty_space height=&#8220;50px&#8220;][mk_fancy_title tag_name=&#8220;span&#8220; font_family=&#8220;none&#8220;]\n<h2 style=\"text-align: center;\">Bringe Kindern das Evangelium<\/h2>\n[\/mk_fancy_title][vc_empty_space height=&#8220;20px&#8220;][vc_row_inner css=&#8220;.vc_custom_1714468745788{background-color: #ffffff !important;}&#8220;][vc_column_inner width=&#8220;1\/4&#8243;][\/vc_column_inner][vc_column_inner width=&#8220;1\/2&#8243;][vc_empty_space height=&#8220;30px&#8220;][mk_icon_box icon=&#8220;mk-li-love&#8220; title=&#8220;Meine Superbuch-Spende&#8220; text_size=&#8220;30&#8243; style=&#8220;simple_ultimate&#8220; icon_size=&#8220;large&#8220; icon_location=&#8220;top&#8220; icon_color=&#8220;#dd3333&#8243; margin=&#8220;0&#8243;][\/mk_icon_box][vc_raw_js]JTVCdHdpbmdsZSUyMHByb2plY3QlM0QlMjJ0dzY3ZTE3Y2M1M2NiMDklMjIlMjB0eXBlJTNEJTIyZm9ybSUyMiU1RA==[\/vc_raw_js][vc_column_text css=&#8220;.vc_custom_1742831291789{margin-bottom: 0px !important;}&#8220;]\n<p style=\"text-align: center; font-size: 90%;\">Spenden an CBN Deutschland k\u00f6nnen steuerlich geltend gemacht werden.<\/p>\n[\/vc_column_text][vc_empty_space height=&#8220;20px&#8220;][\/vc_column_inner][vc_column_inner width=&#8220;1\/4&#8243;][\/vc_column_inner][\/vc_row_inner][\/vc_column][\/vc_row][vc_row animation=&#8220;fade-in&#8220;][vc_column][vc_row_inner][vc_column_inner][\/vc_column_inner][\/vc_row_inner][vc_empty_space height=&#8220;50px&#8220;][\/vc_column][\/vc_row][vc_row animation=&#8220;fade-in&#8220;][vc_column][vc_empty_space height=&#8220;60px&#8220;][vc_column_text css=&#8220;.vc_custom_1742831268145{margin-bottom: 0px !important;}&#8220;]\n<p style=\"text-align: center;\"><strong><span style=\"font-size: 180%;\">Herzlichen Dank f\u00fcr Deine Unterst\u00fctzung!<\/span><\/strong><\/p>\n[\/vc_column_text][vc_empty_space height=&#8220;75px&#8220;][\/vc_column][\/vc_row]\n<\/div>","protected":false},"excerpt":{"rendered":"<p>[vc_row fullwidth=&#8220;true&#8220;][vc_column][vc_single_image image=&#8220;19134&#8243; img_size=&#8220;full&#8220; alignment=&#8220;center&#8220; css_animation=&#8220;fadeIn&#8220; css=&#8220;&#8220;][\/vc_column][\/vc_row][vc_row fullwidth=&#8220;true&#8220; fullwidth_content=&#8220;false&#8220; visibility=&#8220;hidden-sm&#8220; animation=&#8220;fade-in&#8220;][vc_column][vc_row_inner][vc_column_inner][vc_empty_space height=&#8220;60px&#8220;][mk_fancy_title tag_name=&#8220;span&#8220; font_family=&#8220;none&#8220;] Mach mit uns die Bibel f\u00fcr Kinder lebendig [\/mk_fancy_title][vc_empty_space][\/vc_column_inner][\/vc_row_inner][vc_row_inner][vc_column_inner][vc_column_text css=&#8220;.vc_custom_1742832545029{margin-bottom: 0px !important;}&#8220;]Mit Superbuch bringen wir bei CBN Deutschland Kindern auf spannende Weise die Geschichten der Bibel n\u00e4her. Wir sind davon \u00fcberzeugt, dass Kinder f\u00fcr ihr Leben ausger\u00fcstet werden, wenn sie schon [&hellip;]<\/p>\n","protected":false},"author":975902,"featured_media":0,"parent":19,"menu_order":95,"comment_status":"closed","ping_status":"closed","template":"","meta":{"footnotes":"","_links_to":"","_links_to_target":""},"class_list":["post-17684","page","type-page","status-publish","hentry"],"yoast_head":"<!-- This site is optimized with the Yoast SEO plugin v27.1.1 - https:\/\/yoast.com\/product\/yoast-seo-wordpress\/ -->\n<title>Die Superbuch-Mission unterst\u00fctzen! - CBN Deutschland<\/title>\n<meta name=\"description\" content=\"Hilf uns dabei, Kinder mit den Geschichten der Bibel vertraut zu machen und unterst\u00fctze unsere Superbuch-Mission!\" \/>\n<meta name=\"robots\" content=\"index, follow, max-snippet:-1, max-image-preview:large, max-video-preview:-1\" \/>\n<link rel=\"canonical\" href=\"https:\/\/cbndeutschland.org\/de\/superbuch\/spende\/\" \/>\n<meta property=\"og:locale\" content=\"de_DE\" \/>\n<meta property=\"og:type\" content=\"article\" \/>\n<meta property=\"og:title\" content=\"Die Superbuch-Mission unterst\u00fctzen! - CBN Deutschland\" \/>\n<meta property=\"og:description\" content=\"Hilf uns dabei, Kinder mit den Geschichten der Bibel vertraut zu machen und unterst\u00fctze unsere Superbuch-Mission!\" \/>\n<meta property=\"og:url\" content=\"https:\/\/cbndeutschland.org\/de\/superbuch\/spende\/\" \/>\n<meta property=\"og:site_name\" content=\"CBN Deutschland\" \/>\n<meta property=\"article:modified_time\" content=\"2025-06-17T09:40:16+00:00\" \/>\n<meta name=\"twitter:card\" content=\"summary_large_image\" \/>\n<meta name=\"twitter:label1\" content=\"Est. reading time\" \/>\n\t<meta name=\"twitter:data1\" content=\"3 Minuten\" \/>\n<script type=\"application\/ld+json\" class=\"yoast-schema-graph\">{\"@context\":\"https:\/\/schema.org\",\"@graph\":[{\"@type\":\"WebPage\",\"@id\":\"https:\/\/cbndeutschland.org\/de\/superbuch\/spende\/\",\"url\":\"https:\/\/cbndeutschland.org\/de\/superbuch\/spende\/\",\"name\":\"Die Superbuch-Mission unterst\u00fctzen! - CBN Deutschland\",\"isPartOf\":{\"@id\":\"https:\/\/cbndeutschland.org\/de\/#website\"},\"datePublished\":\"2025-03-24T18:10:41+00:00\",\"dateModified\":\"2025-06-17T09:40:16+00:00\",\"description\":\"Hilf uns dabei, Kinder mit den Geschichten der Bibel vertraut zu machen und unterst\u00fctze unsere Superbuch-Mission!\",\"breadcrumb\":{\"@id\":\"https:\/\/cbndeutschland.org\/de\/superbuch\/spende\/#breadcrumb\"},\"inLanguage\":\"de-DE\",\"potentialAction\":[{\"@type\":\"ReadAction\",\"target\":[\"https:\/\/cbndeutschland.org\/de\/superbuch\/spende\/\"]}]},{\"@type\":\"BreadcrumbList\",\"@id\":\"https:\/\/cbndeutschland.org\/de\/superbuch\/spende\/#breadcrumb\",\"itemListElement\":[{\"@type\":\"ListItem\",\"position\":1,\"name\":\"Startseite\",\"item\":\"https:\/\/cbndeutschland.org\/de\/\"},{\"@type\":\"ListItem\",\"position\":2,\"name\":\"Superbuch\",\"item\":\"\/superbuch\/ueber-superbuch\/\"},{\"@type\":\"ListItem\",\"position\":3,\"name\":\"Die Superbuch Mission unterst\u00fctzen\"}]},{\"@type\":\"WebSite\",\"@id\":\"https:\/\/cbndeutschland.org\/de\/#website\",\"url\":\"https:\/\/cbndeutschland.org\/de\/\",\"name\":\"CBN Deutschland\",\"description\":\"CBN Deutschland\",\"publisher\":{\"@id\":\"https:\/\/cbndeutschland.org\/de\/#organization\"},\"potentialAction\":[{\"@type\":\"SearchAction\",\"target\":{\"@type\":\"EntryPoint\",\"urlTemplate\":\"https:\/\/cbndeutschland.org\/de\/?s={search_term_string}\"},\"query-input\":{\"@type\":\"PropertyValueSpecification\",\"valueRequired\":true,\"valueName\":\"search_term_string\"}}],\"inLanguage\":\"de-DE\"},{\"@type\":\"Organization\",\"@id\":\"https:\/\/cbndeutschland.org\/de\/#organization\",\"name\":\"CBN Deutschland\",\"url\":\"https:\/\/cbndeutschland.org\/de\/\",\"logo\":{\"@type\":\"ImageObject\",\"inLanguage\":\"de-DE\",\"@id\":\"https:\/\/cbndeutschland.org\/de\/#\/schema\/logo\/image\/\",\"url\":\"https:\/\/cbndeutschland.org\/wp-content\/uploads\/2017\/02\/cbn-logo-web-blue.png\",\"contentUrl\":\"https:\/\/cbndeutschland.org\/wp-content\/uploads\/2017\/02\/cbn-logo-web-blue.png\",\"width\":385,\"height\":55,\"caption\":\"CBN Deutschland\"},\"image\":{\"@id\":\"https:\/\/cbndeutschland.org\/de\/#\/schema\/logo\/image\/\"}}]}<\/script>\n<!-- \/ Yoast SEO plugin. -->","yoast_head_json":{"title":"Die Superbuch-Mission unterst\u00fctzen! - CBN Deutschland","description":"Hilf uns dabei, Kinder mit den Geschichten der Bibel vertraut zu machen und unterst\u00fctze unsere Superbuch-Mission!","robots":{"index":"index","follow":"follow","max-snippet":"max-snippet:-1","max-image-preview":"max-image-preview:large","max-video-preview":"max-video-preview:-1"},"canonical":"https:\/\/cbndeutschland.org\/de\/superbuch\/spende\/","og_locale":"de_DE","og_type":"article","og_title":"Die Superbuch-Mission unterst\u00fctzen! - CBN Deutschland","og_description":"Hilf uns dabei, Kinder mit den Geschichten der Bibel vertraut zu machen und unterst\u00fctze unsere Superbuch-Mission!","og_url":"https:\/\/cbndeutschland.org\/de\/superbuch\/spende\/","og_site_name":"CBN Deutschland","article_modified_time":"2025-06-17T09:40:16+00:00","twitter_card":"summary_large_image","twitter_misc":{"Est. reading time":"3 Minuten"},"schema":{"@context":"https:\/\/schema.org","@graph":[{"@type":"WebPage","@id":"https:\/\/cbndeutschland.org\/de\/superbuch\/spende\/","url":"https:\/\/cbndeutschland.org\/de\/superbuch\/spende\/","name":"Die Superbuch-Mission unterst\u00fctzen! - CBN Deutschland","isPartOf":{"@id":"https:\/\/cbndeutschland.org\/de\/#website"},"datePublished":"2025-03-24T18:10:41+00:00","dateModified":"2025-06-17T09:40:16+00:00","description":"Hilf uns dabei, Kinder mit den Geschichten der Bibel vertraut zu machen und unterst\u00fctze unsere Superbuch-Mission!","breadcrumb":{"@id":"https:\/\/cbndeutschland.org\/de\/superbuch\/spende\/#breadcrumb"},"inLanguage":"de-DE","potentialAction":[{"@type":"ReadAction","target":["https:\/\/cbndeutschland.org\/de\/superbuch\/spende\/"]}]},{"@type":"BreadcrumbList","@id":"https:\/\/cbndeutschland.org\/de\/superbuch\/spende\/#breadcrumb","itemListElement":[{"@type":"ListItem","position":1,"name":"Startseite","item":"https:\/\/cbndeutschland.org\/de\/"},{"@type":"ListItem","position":2,"name":"Superbuch","item":"\/superbuch\/ueber-superbuch\/"},{"@type":"ListItem","position":3,"name":"Die Superbuch Mission unterst\u00fctzen"}]},{"@type":"WebSite","@id":"https:\/\/cbndeutschland.org\/de\/#website","url":"https:\/\/cbndeutschland.org\/de\/","name":"CBN Deutschland","description":"CBN Deutschland","publisher":{"@id":"https:\/\/cbndeutschland.org\/de\/#organization"},"potentialAction":[{"@type":"SearchAction","target":{"@type":"EntryPoint","urlTemplate":"https:\/\/cbndeutschland.org\/de\/?s={search_term_string}"},"query-input":{"@type":"PropertyValueSpecification","valueRequired":true,"valueName":"search_term_string"}}],"inLanguage":"de-DE"},{"@type":"Organization","@id":"https:\/\/cbndeutschland.org\/de\/#organization","name":"CBN Deutschland","url":"https:\/\/cbndeutschland.org\/de\/","logo":{"@type":"ImageObject","inLanguage":"de-DE","@id":"https:\/\/cbndeutschland.org\/de\/#\/schema\/logo\/image\/","url":"https:\/\/cbndeutschland.org\/wp-content\/uploads\/2017\/02\/cbn-logo-web-blue.png","contentUrl":"https:\/\/cbndeutschland.org\/wp-content\/uploads\/2017\/02\/cbn-logo-web-blue.png","width":385,"height":55,"caption":"CBN Deutschland"},"image":{"@id":"https:\/\/cbndeutschland.org\/de\/#\/schema\/logo\/image\/"}}]}},"_links":{"self":[{"href":"https:\/\/cbndeutschland.org\/de\/wp-json\/wp\/v2\/pages\/17684","targetHints":{"allow":["GET"]}}],"collection":[{"href":"https:\/\/cbndeutschland.org\/de\/wp-json\/wp\/v2\/pages"}],"about":[{"href":"https:\/\/cbndeutschland.org\/de\/wp-json\/wp\/v2\/types\/page"}],"author":[{"embeddable":true,"href":"https:\/\/cbndeutschland.org\/de\/wp-json\/wp\/v2\/users\/975902"}],"replies":[{"embeddable":true,"href":"https:\/\/cbndeutschland.org\/de\/wp-json\/wp\/v2\/comments?post=17684"}],"version-history":[{"count":9,"href":"https:\/\/cbndeutschland.org\/de\/wp-json\/wp\/v2\/pages\/17684\/revisions"}],"predecessor-version":[{"id":17705,"href":"https:\/\/cbndeutschland.org\/de\/wp-json\/wp\/v2\/pages\/17684\/revisions\/17705"}],"up":[{"embeddable":true,"href":"https:\/\/cbndeutschland.org\/de\/wp-json\/wp\/v2\/pages\/19"}],"wp:attachment":[{"href":"https:\/\/cbndeutschland.org\/de\/wp-json\/wp\/v2\/media?parent=17684"}],"curies":[{"name":"wp","href":"https:\/\/api.w.org\/{rel}","templated":true}]}}