{"id":143,"date":"2017-01-16T16:23:17","date_gmt":"2017-01-16T15:23:17","guid":{"rendered":"https:\/\/cbndeutschland.org\/?page_id=143"},"modified":"2025-11-17T15:39:48","modified_gmt":"2025-11-17T14:39:48","slug":"erlebttv","status":"publish","type":"page","link":"https:\/\/cbndeutschland.org\/de\/tv\/erlebttv\/","title":{"rendered":"\u00dcber Erlebt TV"},"content":{"rendered":"<div class=\"wpb-content-wrapper\">[vc_row fullwidth=&#8220;true&#8220; animation=&#8220;fade-in&#8220;][vc_column][vc_single_image image=&#8220;14396&#8243; img_size=&#8220;full&#8220; alignment=&#8220;center&#8220; css_animation=&#8220;fadeIn&#8220;][vc_empty_space height=&#8220;50px&#8220;][mk_fancy_title tag_name=&#8220;span&#8220; font_family=&#8220;none&#8220;]\n<h1 style=\"text-align: center;\">ERLEBT TV \u2013 Menschen erleben Gott<\/h1>\n[\/mk_fancy_title][vc_empty_space height=&#8220;30px&#8220;][vc_row_inner is_fullwidth_content=&#8220;false&#8220;][vc_column_inner][vc_column_text align=&#8220;center&#8220; css=&#8220;.vc_custom_1714726419712{margin-bottom: 0px !important;}&#8220;]\n<p style=\"text-align: left;\"><span style=\"font-size: 120%;\">Sucht, Beziehungsprobleme, Krankheiten und Schicksalsschl\u00e4ge \u2013 von diesen und weiteren Herausforderungen berichten die Menschen in ERLEBT TV. Doch eines haben die Geschichten der Betroffenen gemeinsam: Sie haben darin Gott erlebt. Die Sendung vermittelt Zuschauern Hoffnung in schwierigen Situationen. Das Miterleben der authentischen Erz\u00e4hlungen anderer ermutigt und st\u00e4rkt das eigene Gottvertrauen. Das Magazin mit den Moderatoren Marzia Plichta, Sabine Bhandari, Mirjam Nitsch und Andreas Waldmann l\u00e4dt Menschen dazu ein, Gott zu begegnen.<\/span><\/p>\n[\/vc_column_text][vc_empty_space height=&#8220;50px&#8220;][\/vc_column_inner][\/vc_row_inner][\/vc_column][\/vc_row][vc_row fullwidth=&#8220;true&#8220; fullwidth_content=&#8220;false&#8220; animation=&#8220;fade-in&#8220; disable_element=&#8220;yes&#8220; css=&#8220;.vc_custom_1763033755637{background-color: #f3f3f3 !important;}&#8220;][vc_column][vc_empty_space height=&#8220;70px&#8220;][mk_fancy_title tag_name=&#8220;span&#8220; font_family=&#8220;none&#8220;]\n<h2 style=\"text-align: center;\">\u00dcber die Produktion<\/h2>\n[\/mk_fancy_title][vc_empty_space height=&#8220;30px&#8220;][vc_row_inner][vc_column_inner width=&#8220;1\/2&#8243;][vc_column_text align=&#8220;center&#8220; css=&#8220;.vc_custom_1714728064280{margin-bottom: 0px !important;}&#8220;]\n<p style=\"text-align: left;\">ERLEBT TV (ehemals Club<em>700)<\/em> wird \u00fcber verschiedene TV-Sender in Deutschland, \u00d6sterreich und der Schweiz ausgestrahlt und ist auch \u00fcber <a href=\"http:\/\/www.youtube.com\/Club700tv\" target=\"_blank\" rel=\"noopener noreferrer\">Youtube<\/a> abrufbar. Seit 2007 ist die deutschsprachige Ausgabe auf Sendung. Sie ist eine <a href=\"https:\/\/cbndeutschland.org\/ueber-uns\/unsere-geschichte\/\">Adaption des amerikanischen The 700 Club<\/a>, dem Flagschiff im TV-Bereich von CBN. Im Dezember 2019 wurde Club<em>700<\/em> zu ERLEBT TV. Die Sendung wurde lange vom deutschen Produktionsteam mit einer internationalen Crew im CBN Studio der franz\u00f6sischen Kollegen in Br\u00fcssel aufgezeichnet, doch seit dem Jahr 2022 findet die Produktion im hauseigenen Studio von CBN Deutschland statt. Mit einem neuen Set, Design und Namen aber gewohnten Inhalten startete ERLEBT TV in eine neue \u00c4ra. In ERLEBT TV berichten Menschen aus aller Welt, wie sie Gott begegnet sind und wie er ihr Leben vollkommen ver\u00e4ndert hat.<\/p>\n<p style=\"text-align: left;\">Immer wieder werden Zuschauer von den Lebensberichten stark ber\u00fchrt. CBN bietet daher die M\u00f6glichkeit zu gemeinsamen Gebet an. Die Mitarbeiter der <a href=\"https:\/\/cbndeutschland.org\/gebetshotline\/\">Gebetshotline<\/a> beten in einem vertraulichen Rahmen f\u00fcr und mit den Zuschauern.<\/p>\n[\/vc_column_text][\/vc_column_inner][vc_column_inner width=&#8220;1\/2&#8243;][mk_image_slideshow images=&#8220;6068,6085,6062,6066,2713,6081,6072,6064,6079,6083&#8243; image_height=&#8220;542&#8243; margin_top=&#8220;8&#8243; margin_bottom=&#8220;20&#8243; effect=&#8220;slide&#8220; pause_on_hover=&#8220;true&#8220;][\/vc_column_inner][\/vc_row_inner][vc_row_inner][vc_column_inner][vc_empty_space height=&#8220;50px&#8220;][mk_button dimension=&#8220;two&#8220; corner_style=&#8220;rounded&#8220; size=&#8220;x-large&#8220; url=&#8220;\/mediathek&#8220; align=&#8220;center&#8220; animation=&#8220;fade-in&#8220;]Jetzt die Sendungen online anschauen![\/mk_button][vc_empty_space height=&#8220;50px&#8220;][\/vc_column_inner][\/vc_row_inner][\/vc_column][\/vc_row][vc_row animation=&#8220;fade-in&#8220;][vc_column width=&#8220;1\/6&#8243;][\/vc_column][vc_column width=&#8220;2\/3&#8243;][vc_single_image image=&#8220;19032&#8243; img_size=&#8220;full&#8220; css=&#8220;&#8220;][vc_empty_space height=&#8220;50px&#8220;][\/vc_column][vc_column width=&#8220;1\/6&#8243;][\/vc_column][\/vc_row][vc_row fullwidth=&#8220;true&#8220; fullwidth_content=&#8220;false&#8220; css=&#8220;.vc_custom_1763034982895{background-color: #F3F3F3 !important;}&#8220;][vc_column][vc_empty_space height=&#8220;62px&#8220;][vc_empty_space height=&#8220;10px&#8220;][mk_fancy_title tag_name=&#8220;span&#8220; font_family=&#8220;none&#8220;]\n<h2 style=\"text-align: center;\">Jetzt spenden<\/h2>\n[\/mk_fancy_title][vc_empty_space height=&#8220;10px&#8220;][vc_column_text css=&#8220;.vc_custom_1763390259321{margin-bottom: 0px !important;}&#8220;]\n<p style=\"font-size: 130%; text-align: center;\"><strong>Werden Sie Teil der Produktion und spenden Sie f\u00fcr ERLEBT TV!<\/strong><\/p>\n<p style=\"font-size: 120%; text-align: left;\">Jede einzelne Produktion entsteht durch Gebet, Engagement und die gro\u00dfz\u00fcgige Unterst\u00fctzung von Partnern wie Ihnen. Monatlich erreichen wir durchschnittlich 475.000 Menschen mit ERLEBT TV. Wenn 70 Menschen 100 \u20ac spenden, k\u00f6nnen wir eine weitere Folge ERLEBT TV produzieren und ver\u00f6ffentlichen.<\/p>\n[\/vc_column_text][vc_empty_space height=&#8220;40px&#8220;][vc_row_inner css=&#8220;.vc_custom_1763389408929{background-color: #FFFFFF !important;}&#8220;][vc_column_inner][vc_empty_space height=&#8220;40px&#8220;][vc_empty_space height=&#8220;20px&#8220;][mk_icon_box icon=&#8220;mk-li-love&#8220; title=&#8220;Meine Spende an CBN Deutschland&#8220; text_size=&#8220;30&#8243; style=&#8220;simple_ultimate&#8220; icon_size=&#8220;large&#8220; icon_location=&#8220;top&#8220; icon_color=&#8220;#ff0707&#8243;][\/mk_icon_box][vc_raw_html css=&#8220;&#8220;]JTVCdHdpbmdsZSUyMHByb2plY3QlM0QlMjJ0dzY5MTU4ZTRiOTNiMGMlMjIlMjB0eXBlJTNEZm9ybSU1RCUwQQ==[\/vc_raw_html][vc_column_text css=&#8220;.vc_custom_1763390063632{margin-bottom: 0px !important;}&#8220;]\n<p style=\"text-align: center; font-size: 90%;\">Ihre Spende an CBN Deutschland k\u00f6nnen Sie steuerlich geltend machen.<\/p>\n[\/vc_column_text][vc_empty_space height=&#8220;40px&#8220;][\/vc_column_inner][\/vc_row_inner][vc_empty_space height=&#8220;62px&#8220;][\/vc_column][\/vc_row][vc_row][vc_column][vc_empty_space height=&#8220;62px&#8220;][vc_empty_space height=&#8220;62px&#8220;][vc_empty_space height=&#8220;62px&#8220;][\/vc_column][\/vc_row]\n<\/div>","protected":false},"excerpt":{"rendered":"<p>[vc_row fullwidth=&#8220;true&#8220; animation=&#8220;fade-in&#8220;][vc_column][vc_single_image image=&#8220;14396&#8243; img_size=&#8220;full&#8220; alignment=&#8220;center&#8220; css_animation=&#8220;fadeIn&#8220;][vc_empty_space height=&#8220;50px&#8220;][mk_fancy_title tag_name=&#8220;span&#8220; font_family=&#8220;none&#8220;] ERLEBT TV \u2013 Menschen erleben Gott [\/mk_fancy_title][vc_empty_space height=&#8220;30px&#8220;][vc_row_inner is_fullwidth_content=&#8220;false&#8220;][vc_column_inner][vc_column_text align=&#8220;center&#8220; css=&#8220;.vc_custom_1714726419712{margin-bottom: 0px !important;}&#8220;] Sucht, Beziehungsprobleme, Krankheiten und Schicksalsschl\u00e4ge \u2013 von diesen und weiteren Herausforderungen berichten die Menschen in ERLEBT TV. Doch eines haben die Geschichten der Betroffenen gemeinsam: Sie haben darin Gott erlebt. Die Sendung [&hellip;]<\/p>\n","protected":false},"author":1,"featured_media":0,"parent":15,"menu_order":30,"comment_status":"closed","ping_status":"closed","template":"","meta":{"footnotes":"","_links_to":"","_links_to_target":""},"class_list":["post-143","page","type-page","status-publish","hentry"],"yoast_head":"<!-- This site is optimized with the Yoast SEO plugin v27.1.1 - https:\/\/yoast.com\/product\/yoast-seo-wordpress\/ -->\n<title>ERLEBT TV | \u00dcber das TV-Magazin - CBN Deutschland<\/title>\n<meta name=\"description\" content=\"Die Sendung ERLEBT TV berichtet dar\u00fcber, wie Menschen Gott in ihrem Leben erlebt haben. Erfahren Sie hier mehr \u00fcber die Hintergr\u00fcnde.\" \/>\n<meta name=\"robots\" content=\"index, follow, max-snippet:-1, max-image-preview:large, max-video-preview:-1\" \/>\n<link rel=\"canonical\" href=\"https:\/\/cbndeutschland.org\/de\/tv\/erlebttv\/\" \/>\n<meta property=\"og:locale\" content=\"de_DE\" \/>\n<meta property=\"og:type\" content=\"article\" \/>\n<meta property=\"og:title\" content=\"ERLEBT TV | \u00dcber das TV-Magazin - CBN Deutschland\" \/>\n<meta property=\"og:description\" content=\"Die Sendung ERLEBT TV berichtet dar\u00fcber, wie Menschen Gott in ihrem Leben erlebt haben. Erfahren Sie hier mehr \u00fcber die Hintergr\u00fcnde.\" \/>\n<meta property=\"og:url\" content=\"https:\/\/cbndeutschland.org\/de\/tv\/erlebttv\/\" \/>\n<meta property=\"og:site_name\" content=\"CBN Deutschland\" \/>\n<meta property=\"article:modified_time\" content=\"2025-11-17T14:39:48+00:00\" \/>\n<meta name=\"twitter:card\" content=\"summary_large_image\" \/>\n<meta name=\"twitter:label1\" content=\"Est. reading time\" \/>\n\t<meta name=\"twitter:data1\" content=\"5 Minuten\" \/>\n<script type=\"application\/ld+json\" class=\"yoast-schema-graph\">{\"@context\":\"https:\/\/schema.org\",\"@graph\":[{\"@type\":\"WebPage\",\"@id\":\"https:\/\/cbndeutschland.org\/de\/tv\/erlebttv\/\",\"url\":\"https:\/\/cbndeutschland.org\/de\/tv\/erlebttv\/\",\"name\":\"ERLEBT TV | \u00dcber das TV-Magazin - CBN Deutschland\",\"isPartOf\":{\"@id\":\"https:\/\/cbndeutschland.org\/de\/#website\"},\"datePublished\":\"2017-01-16T15:23:17+00:00\",\"dateModified\":\"2025-11-17T14:39:48+00:00\",\"description\":\"Die Sendung ERLEBT TV berichtet dar\u00fcber, wie Menschen Gott in ihrem Leben erlebt haben. Erfahren Sie hier mehr \u00fcber die Hintergr\u00fcnde.\",\"breadcrumb\":{\"@id\":\"https:\/\/cbndeutschland.org\/de\/tv\/erlebttv\/#breadcrumb\"},\"inLanguage\":\"de-DE\",\"potentialAction\":[{\"@type\":\"ReadAction\",\"target\":[\"https:\/\/cbndeutschland.org\/de\/tv\/erlebttv\/\"]}]},{\"@type\":\"BreadcrumbList\",\"@id\":\"https:\/\/cbndeutschland.org\/de\/tv\/erlebttv\/#breadcrumb\",\"itemListElement\":[{\"@type\":\"ListItem\",\"position\":1,\"name\":\"Startseite\",\"item\":\"https:\/\/cbndeutschland.org\/de\/\"},{\"@type\":\"ListItem\",\"position\":2,\"name\":\"TV\",\"item\":\"\/tv\/erlebttv\/\"},{\"@type\":\"ListItem\",\"position\":3,\"name\":\"\u00dcber Erlebt TV\"}]},{\"@type\":\"WebSite\",\"@id\":\"https:\/\/cbndeutschland.org\/de\/#website\",\"url\":\"https:\/\/cbndeutschland.org\/de\/\",\"name\":\"CBN Deutschland\",\"description\":\"CBN Deutschland\",\"publisher\":{\"@id\":\"https:\/\/cbndeutschland.org\/de\/#organization\"},\"potentialAction\":[{\"@type\":\"SearchAction\",\"target\":{\"@type\":\"EntryPoint\",\"urlTemplate\":\"https:\/\/cbndeutschland.org\/de\/?s={search_term_string}\"},\"query-input\":{\"@type\":\"PropertyValueSpecification\",\"valueRequired\":true,\"valueName\":\"search_term_string\"}}],\"inLanguage\":\"de-DE\"},{\"@type\":\"Organization\",\"@id\":\"https:\/\/cbndeutschland.org\/de\/#organization\",\"name\":\"CBN Deutschland\",\"url\":\"https:\/\/cbndeutschland.org\/de\/\",\"logo\":{\"@type\":\"ImageObject\",\"inLanguage\":\"de-DE\",\"@id\":\"https:\/\/cbndeutschland.org\/de\/#\/schema\/logo\/image\/\",\"url\":\"https:\/\/cbndeutschland.org\/wp-content\/uploads\/2017\/02\/cbn-logo-web-blue.png\",\"contentUrl\":\"https:\/\/cbndeutschland.org\/wp-content\/uploads\/2017\/02\/cbn-logo-web-blue.png\",\"width\":385,\"height\":55,\"caption\":\"CBN Deutschland\"},\"image\":{\"@id\":\"https:\/\/cbndeutschland.org\/de\/#\/schema\/logo\/image\/\"}}]}<\/script>\n<!-- \/ Yoast SEO plugin. -->","yoast_head_json":{"title":"ERLEBT TV | \u00dcber das TV-Magazin - CBN Deutschland","description":"Die Sendung ERLEBT TV berichtet dar\u00fcber, wie Menschen Gott in ihrem Leben erlebt haben. Erfahren Sie hier mehr \u00fcber die Hintergr\u00fcnde.","robots":{"index":"index","follow":"follow","max-snippet":"max-snippet:-1","max-image-preview":"max-image-preview:large","max-video-preview":"max-video-preview:-1"},"canonical":"https:\/\/cbndeutschland.org\/de\/tv\/erlebttv\/","og_locale":"de_DE","og_type":"article","og_title":"ERLEBT TV | \u00dcber das TV-Magazin - CBN Deutschland","og_description":"Die Sendung ERLEBT TV berichtet dar\u00fcber, wie Menschen Gott in ihrem Leben erlebt haben. Erfahren Sie hier mehr \u00fcber die Hintergr\u00fcnde.","og_url":"https:\/\/cbndeutschland.org\/de\/tv\/erlebttv\/","og_site_name":"CBN Deutschland","article_modified_time":"2025-11-17T14:39:48+00:00","twitter_card":"summary_large_image","twitter_misc":{"Est. reading time":"5 Minuten"},"schema":{"@context":"https:\/\/schema.org","@graph":[{"@type":"WebPage","@id":"https:\/\/cbndeutschland.org\/de\/tv\/erlebttv\/","url":"https:\/\/cbndeutschland.org\/de\/tv\/erlebttv\/","name":"ERLEBT TV | \u00dcber das TV-Magazin - CBN Deutschland","isPartOf":{"@id":"https:\/\/cbndeutschland.org\/de\/#website"},"datePublished":"2017-01-16T15:23:17+00:00","dateModified":"2025-11-17T14:39:48+00:00","description":"Die Sendung ERLEBT TV berichtet dar\u00fcber, wie Menschen Gott in ihrem Leben erlebt haben. Erfahren Sie hier mehr \u00fcber die Hintergr\u00fcnde.","breadcrumb":{"@id":"https:\/\/cbndeutschland.org\/de\/tv\/erlebttv\/#breadcrumb"},"inLanguage":"de-DE","potentialAction":[{"@type":"ReadAction","target":["https:\/\/cbndeutschland.org\/de\/tv\/erlebttv\/"]}]},{"@type":"BreadcrumbList","@id":"https:\/\/cbndeutschland.org\/de\/tv\/erlebttv\/#breadcrumb","itemListElement":[{"@type":"ListItem","position":1,"name":"Startseite","item":"https:\/\/cbndeutschland.org\/de\/"},{"@type":"ListItem","position":2,"name":"TV","item":"\/tv\/erlebttv\/"},{"@type":"ListItem","position":3,"name":"\u00dcber Erlebt TV"}]},{"@type":"WebSite","@id":"https:\/\/cbndeutschland.org\/de\/#website","url":"https:\/\/cbndeutschland.org\/de\/","name":"CBN Deutschland","description":"CBN Deutschland","publisher":{"@id":"https:\/\/cbndeutschland.org\/de\/#organization"},"potentialAction":[{"@type":"SearchAction","target":{"@type":"EntryPoint","urlTemplate":"https:\/\/cbndeutschland.org\/de\/?s={search_term_string}"},"query-input":{"@type":"PropertyValueSpecification","valueRequired":true,"valueName":"search_term_string"}}],"inLanguage":"de-DE"},{"@type":"Organization","@id":"https:\/\/cbndeutschland.org\/de\/#organization","name":"CBN Deutschland","url":"https:\/\/cbndeutschland.org\/de\/","logo":{"@type":"ImageObject","inLanguage":"de-DE","@id":"https:\/\/cbndeutschland.org\/de\/#\/schema\/logo\/image\/","url":"https:\/\/cbndeutschland.org\/wp-content\/uploads\/2017\/02\/cbn-logo-web-blue.png","contentUrl":"https:\/\/cbndeutschland.org\/wp-content\/uploads\/2017\/02\/cbn-logo-web-blue.png","width":385,"height":55,"caption":"CBN Deutschland"},"image":{"@id":"https:\/\/cbndeutschland.org\/de\/#\/schema\/logo\/image\/"}}]}},"_links":{"self":[{"href":"https:\/\/cbndeutschland.org\/de\/wp-json\/wp\/v2\/pages\/143","targetHints":{"allow":["GET"]}}],"collection":[{"href":"https:\/\/cbndeutschland.org\/de\/wp-json\/wp\/v2\/pages"}],"about":[{"href":"https:\/\/cbndeutschland.org\/de\/wp-json\/wp\/v2\/types\/page"}],"author":[{"embeddable":true,"href":"https:\/\/cbndeutschland.org\/de\/wp-json\/wp\/v2\/users\/1"}],"replies":[{"embeddable":true,"href":"https:\/\/cbndeutschland.org\/de\/wp-json\/wp\/v2\/comments?post=143"}],"version-history":[{"count":74,"href":"https:\/\/cbndeutschland.org\/de\/wp-json\/wp\/v2\/pages\/143\/revisions"}],"predecessor-version":[{"id":20127,"href":"https:\/\/cbndeutschland.org\/de\/wp-json\/wp\/v2\/pages\/143\/revisions\/20127"}],"up":[{"embeddable":true,"href":"https:\/\/cbndeutschland.org\/de\/wp-json\/wp\/v2\/pages\/15"}],"wp:attachment":[{"href":"https:\/\/cbndeutschland.org\/de\/wp-json\/wp\/v2\/media?parent=143"}],"curies":[{"name":"wp","href":"https:\/\/api.w.org\/{rel}","templated":true}]}}