{"id":139,"date":"2017-01-16T16:22:39","date_gmt":"2017-01-16T15:22:39","guid":{"rendered":"https:\/\/cbndeutschland.org\/?page_id=139"},"modified":"2024-10-24T09:16:08","modified_gmt":"2024-10-24T07:16:08","slug":"mediathek","status":"publish","type":"page","link":"https:\/\/cbndeutschland.org\/de\/tv\/mediathek\/","title":{"rendered":"Mediathek | Erlebt TV online schauen"},"content":{"rendered":"<div class=\"wpb-content-wrapper\">[vc_row fullwidth=&#8220;true&#8220;][vc_column][vc_single_image image=&#8220;14404&#8243; img_size=&#8220;full&#8220; alignment=&#8220;center&#8220;][\/vc_column][\/vc_row][vc_row][vc_column][vc_empty_space][mk_fancy_title tag_name=&#8220;span&#8220; font_family=&#8220;none&#8220;]\n<h1 style=\"text-align: center;\">ERLEBT TV online schauen<\/h1>\n[\/mk_fancy_title][vc_empty_space height=&#8220;30px&#8220;][vc_column_text css=&#8220;.vc_custom_1715330820464{margin-bottom: 0px !important;}&#8220;]\n<h2 style=\"text-align: center;\"><strong>Herzlich willkommen in unserer Mediathek!<\/strong><\/h2>\n<p>&nbsp;<\/p>\n<p><span style=\"font-size: 120%;\">In ERLEBT TV berichten Menschen dar\u00fcber, wie sie in ihrem Leben Gott erlebt haben. Die Sendung ermutigt zu einer Gottesbegegnung und neuem Vertrauen. Hier k\u00f6nnen Sie ERLEBT TV online schauen. Die Sendungen sind nach Ausstrahlungsdatum sortiert! \u00dcber die Suchfunktion oder die Schlagwort-Wolke k\u00f6nnen Sie auch nach allen Sendungen zu einem speziellen Thema suchen.<\/span>[\/vc_column_text][vc_empty_space][\/vc_column][\/vc_row][vc_row][vc_column][vc_wp_search][vc_wp_tagcloud title=&#8220;&#8220; taxonomy=&#8220;post_tag&#8220;][mk_blog style=&#8220;newspaper&#8220; image_size=&#8220;full&#8220; post_count=&#8220;6&#8243; cat=&#8220;3&#8243;][\/vc_column][\/vc_row]\n<\/div>","protected":false},"excerpt":{"rendered":"<p>[vc_row fullwidth=&#8220;true&#8220;][vc_column][vc_single_image image=&#8220;14404&#8243; img_size=&#8220;full&#8220; alignment=&#8220;center&#8220;][\/vc_column][\/vc_row][vc_row][vc_column][vc_empty_space][mk_fancy_title tag_name=&#8220;span&#8220; font_family=&#8220;none&#8220;] ERLEBT TV online schauen [\/mk_fancy_title][vc_empty_space height=&#8220;30px&#8220;][vc_column_text css=&#8220;.vc_custom_1715330820464{margin-bottom: 0px !important;}&#8220;] Herzlich willkommen in unserer Mediathek! &nbsp; In ERLEBT TV berichten Menschen dar\u00fcber, wie sie in ihrem Leben Gott erlebt haben. Die Sendung ermutigt zu einer Gottesbegegnung und neuem Vertrauen. Hier k\u00f6nnen Sie ERLEBT TV online schauen. Die Sendungen sind [&hellip;]<\/p>\n","protected":false},"author":1,"featured_media":0,"parent":15,"menu_order":0,"comment_status":"closed","ping_status":"closed","template":"","meta":{"footnotes":"","_links_to":"","_links_to_target":""},"class_list":["post-139","page","type-page","status-publish","hentry"],"yoast_head":"<!-- This site is optimized with the Yoast SEO plugin v27.1.1 - https:\/\/yoast.com\/product\/yoast-seo-wordpress\/ -->\n<title>ERLEBT TV online schauen Mediathek | Erlebt TV online schauen - CBN Deutschland<\/title>\n<meta name=\"description\" content=\"Sehen Sie ERLEBT TV jetzt online. In den Folgen berichten Menschen aus aller Welt von ihren pers\u00f6nlichen Erfahrungen mit Gott.\" \/>\n<meta name=\"robots\" content=\"index, follow, max-snippet:-1, max-image-preview:large, max-video-preview:-1\" \/>\n<link rel=\"canonical\" href=\"https:\/\/cbndeutschland.org\/de\/tv\/mediathek\/\" \/>\n<meta property=\"og:locale\" content=\"de_DE\" \/>\n<meta property=\"og:type\" content=\"article\" \/>\n<meta property=\"og:title\" content=\"ERLEBT TV online schauen Mediathek | Erlebt TV online schauen - CBN Deutschland\" \/>\n<meta property=\"og:description\" content=\"Sehen Sie ERLEBT TV jetzt online. In den Folgen berichten Menschen aus aller Welt von ihren pers\u00f6nlichen Erfahrungen mit Gott.\" \/>\n<meta property=\"og:url\" content=\"https:\/\/cbndeutschland.org\/de\/tv\/mediathek\/\" \/>\n<meta property=\"og:site_name\" content=\"CBN Deutschland\" \/>\n<meta property=\"article:modified_time\" content=\"2024-10-24T07:16:08+00:00\" \/>\n<meta name=\"twitter:card\" content=\"summary_large_image\" \/>\n<meta name=\"twitter:label1\" content=\"Est. reading time\" \/>\n\t<meta name=\"twitter:data1\" content=\"1 Minute\" \/>\n<script type=\"application\/ld+json\" class=\"yoast-schema-graph\">{\"@context\":\"https:\/\/schema.org\",\"@graph\":[{\"@type\":\"WebPage\",\"@id\":\"https:\/\/cbndeutschland.org\/de\/tv\/mediathek\/\",\"url\":\"https:\/\/cbndeutschland.org\/de\/tv\/mediathek\/\",\"name\":\"ERLEBT TV online schauen Mediathek | Erlebt TV online schauen - CBN Deutschland\",\"isPartOf\":{\"@id\":\"https:\/\/cbndeutschland.org\/de\/#website\"},\"datePublished\":\"2017-01-16T15:22:39+00:00\",\"dateModified\":\"2024-10-24T07:16:08+00:00\",\"description\":\"Sehen Sie ERLEBT TV jetzt online. In den Folgen berichten Menschen aus aller Welt von ihren pers\u00f6nlichen Erfahrungen mit Gott.\",\"breadcrumb\":{\"@id\":\"https:\/\/cbndeutschland.org\/de\/tv\/mediathek\/#breadcrumb\"},\"inLanguage\":\"de-DE\",\"potentialAction\":[{\"@type\":\"ReadAction\",\"target\":[\"https:\/\/cbndeutschland.org\/de\/tv\/mediathek\/\"]}]},{\"@type\":\"BreadcrumbList\",\"@id\":\"https:\/\/cbndeutschland.org\/de\/tv\/mediathek\/#breadcrumb\",\"itemListElement\":[{\"@type\":\"ListItem\",\"position\":1,\"name\":\"Startseite\",\"item\":\"https:\/\/cbndeutschland.org\/de\/\"},{\"@type\":\"ListItem\",\"position\":2,\"name\":\"TV\",\"item\":\"\/tv\/erlebttv\/\"},{\"@type\":\"ListItem\",\"position\":3,\"name\":\"Mediathek | Erlebt TV online schauen\"}]},{\"@type\":\"WebSite\",\"@id\":\"https:\/\/cbndeutschland.org\/de\/#website\",\"url\":\"https:\/\/cbndeutschland.org\/de\/\",\"name\":\"CBN Deutschland\",\"description\":\"CBN Deutschland\",\"publisher\":{\"@id\":\"https:\/\/cbndeutschland.org\/de\/#organization\"},\"potentialAction\":[{\"@type\":\"SearchAction\",\"target\":{\"@type\":\"EntryPoint\",\"urlTemplate\":\"https:\/\/cbndeutschland.org\/de\/?s={search_term_string}\"},\"query-input\":{\"@type\":\"PropertyValueSpecification\",\"valueRequired\":true,\"valueName\":\"search_term_string\"}}],\"inLanguage\":\"de-DE\"},{\"@type\":\"Organization\",\"@id\":\"https:\/\/cbndeutschland.org\/de\/#organization\",\"name\":\"CBN Deutschland\",\"url\":\"https:\/\/cbndeutschland.org\/de\/\",\"logo\":{\"@type\":\"ImageObject\",\"inLanguage\":\"de-DE\",\"@id\":\"https:\/\/cbndeutschland.org\/de\/#\/schema\/logo\/image\/\",\"url\":\"https:\/\/cbndeutschland.org\/wp-content\/uploads\/2017\/02\/cbn-logo-web-blue.png\",\"contentUrl\":\"https:\/\/cbndeutschland.org\/wp-content\/uploads\/2017\/02\/cbn-logo-web-blue.png\",\"width\":385,\"height\":55,\"caption\":\"CBN Deutschland\"},\"image\":{\"@id\":\"https:\/\/cbndeutschland.org\/de\/#\/schema\/logo\/image\/\"}}]}<\/script>\n<!-- \/ Yoast SEO plugin. -->","yoast_head_json":{"title":"ERLEBT TV online schauen Mediathek | Erlebt TV online schauen - CBN Deutschland","description":"Sehen Sie ERLEBT TV jetzt online. In den Folgen berichten Menschen aus aller Welt von ihren pers\u00f6nlichen Erfahrungen mit Gott.","robots":{"index":"index","follow":"follow","max-snippet":"max-snippet:-1","max-image-preview":"max-image-preview:large","max-video-preview":"max-video-preview:-1"},"canonical":"https:\/\/cbndeutschland.org\/de\/tv\/mediathek\/","og_locale":"de_DE","og_type":"article","og_title":"ERLEBT TV online schauen Mediathek | Erlebt TV online schauen - CBN Deutschland","og_description":"Sehen Sie ERLEBT TV jetzt online. In den Folgen berichten Menschen aus aller Welt von ihren pers\u00f6nlichen Erfahrungen mit Gott.","og_url":"https:\/\/cbndeutschland.org\/de\/tv\/mediathek\/","og_site_name":"CBN Deutschland","article_modified_time":"2024-10-24T07:16:08+00:00","twitter_card":"summary_large_image","twitter_misc":{"Est. reading time":"1 Minute"},"schema":{"@context":"https:\/\/schema.org","@graph":[{"@type":"WebPage","@id":"https:\/\/cbndeutschland.org\/de\/tv\/mediathek\/","url":"https:\/\/cbndeutschland.org\/de\/tv\/mediathek\/","name":"ERLEBT TV online schauen Mediathek | Erlebt TV online schauen - CBN Deutschland","isPartOf":{"@id":"https:\/\/cbndeutschland.org\/de\/#website"},"datePublished":"2017-01-16T15:22:39+00:00","dateModified":"2024-10-24T07:16:08+00:00","description":"Sehen Sie ERLEBT TV jetzt online. In den Folgen berichten Menschen aus aller Welt von ihren pers\u00f6nlichen Erfahrungen mit Gott.","breadcrumb":{"@id":"https:\/\/cbndeutschland.org\/de\/tv\/mediathek\/#breadcrumb"},"inLanguage":"de-DE","potentialAction":[{"@type":"ReadAction","target":["https:\/\/cbndeutschland.org\/de\/tv\/mediathek\/"]}]},{"@type":"BreadcrumbList","@id":"https:\/\/cbndeutschland.org\/de\/tv\/mediathek\/#breadcrumb","itemListElement":[{"@type":"ListItem","position":1,"name":"Startseite","item":"https:\/\/cbndeutschland.org\/de\/"},{"@type":"ListItem","position":2,"name":"TV","item":"\/tv\/erlebttv\/"},{"@type":"ListItem","position":3,"name":"Mediathek | Erlebt TV online schauen"}]},{"@type":"WebSite","@id":"https:\/\/cbndeutschland.org\/de\/#website","url":"https:\/\/cbndeutschland.org\/de\/","name":"CBN Deutschland","description":"CBN Deutschland","publisher":{"@id":"https:\/\/cbndeutschland.org\/de\/#organization"},"potentialAction":[{"@type":"SearchAction","target":{"@type":"EntryPoint","urlTemplate":"https:\/\/cbndeutschland.org\/de\/?s={search_term_string}"},"query-input":{"@type":"PropertyValueSpecification","valueRequired":true,"valueName":"search_term_string"}}],"inLanguage":"de-DE"},{"@type":"Organization","@id":"https:\/\/cbndeutschland.org\/de\/#organization","name":"CBN Deutschland","url":"https:\/\/cbndeutschland.org\/de\/","logo":{"@type":"ImageObject","inLanguage":"de-DE","@id":"https:\/\/cbndeutschland.org\/de\/#\/schema\/logo\/image\/","url":"https:\/\/cbndeutschland.org\/wp-content\/uploads\/2017\/02\/cbn-logo-web-blue.png","contentUrl":"https:\/\/cbndeutschland.org\/wp-content\/uploads\/2017\/02\/cbn-logo-web-blue.png","width":385,"height":55,"caption":"CBN Deutschland"},"image":{"@id":"https:\/\/cbndeutschland.org\/de\/#\/schema\/logo\/image\/"}}]}},"_links":{"self":[{"href":"https:\/\/cbndeutschland.org\/de\/wp-json\/wp\/v2\/pages\/139","targetHints":{"allow":["GET"]}}],"collection":[{"href":"https:\/\/cbndeutschland.org\/de\/wp-json\/wp\/v2\/pages"}],"about":[{"href":"https:\/\/cbndeutschland.org\/de\/wp-json\/wp\/v2\/types\/page"}],"author":[{"embeddable":true,"href":"https:\/\/cbndeutschland.org\/de\/wp-json\/wp\/v2\/users\/1"}],"replies":[{"embeddable":true,"href":"https:\/\/cbndeutschland.org\/de\/wp-json\/wp\/v2\/comments?post=139"}],"version-history":[{"count":29,"href":"https:\/\/cbndeutschland.org\/de\/wp-json\/wp\/v2\/pages\/139\/revisions"}],"predecessor-version":[{"id":16336,"href":"https:\/\/cbndeutschland.org\/de\/wp-json\/wp\/v2\/pages\/139\/revisions\/16336"}],"up":[{"embeddable":true,"href":"https:\/\/cbndeutschland.org\/de\/wp-json\/wp\/v2\/pages\/15"}],"wp:attachment":[{"href":"https:\/\/cbndeutschland.org\/de\/wp-json\/wp\/v2\/media?parent=139"}],"curies":[{"name":"wp","href":"https:\/\/api.w.org\/{rel}","templated":true}]}}