{"id":12221,"date":"2023-12-23T11:29:51","date_gmt":"2023-12-23T10:29:51","guid":{"rendered":"https:\/\/cbndeutschland.org\/?page_id=12221"},"modified":"2025-03-19T18:00:35","modified_gmt":"2025-03-19T17:00:35","slug":"superbuch-app","status":"publish","type":"page","link":"https:\/\/cbndeutschland.org\/de\/superbuch\/superbuch-app\/","title":{"rendered":"Die Superbuch App"},"content":{"rendered":"<div class=\"wpb-content-wrapper\">[vc_row fullwidth=&#8220;true&#8220; animation=&#8220;fade-in&#8220;][vc_column][vc_single_image image=&#8220;12223&#8243; img_size=&#8220;full&#8220; alignment=&#8220;center&#8220; onclick=&#8220;custom_link&#8220; link=&#8220;http:\/\/shop-cbn.eu&#8220;][\/vc_column][\/vc_row][vc_row animation=&#8220;fade-in&#8220;][vc_column][vc_empty_space height=&#8220;50px&#8220;][mk_fancy_title color=&#8220;#05718e&#8220; size=&#8220;31&#8243; font_family=&#8220;none&#8220; align=&#8220;center&#8220;]\n<h1 style=\"text-align: center;\"><strong>Die neue Superbuch App<\/strong><\/h1>\n[\/mk_fancy_title][vc_column_text animation=&#8220;fade-in&#8220; css=&#8220;.vc_custom_1714736804814{margin-bottom: 0px !important;}&#8220;]<img loading=\"lazy\" decoding=\"async\" class=\"alignleft wp-image-12235 size-thumbnail\" src=\"https:\/\/cbndeutschland.org\/wp-content\/uploads\/2023\/12\/logo-app-150x150.png\" alt=\"\" width=\"150\" height=\"150\" srcset=\"https:\/\/cbndeutschland.org\/wp-content\/uploads\/2023\/12\/logo-app-150x150.png 150w, https:\/\/cbndeutschland.org\/wp-content\/uploads\/2023\/12\/logo-app-250x250.png 250w, https:\/\/cbndeutschland.org\/wp-content\/uploads\/2023\/12\/logo-app-300x300.png 300w, https:\/\/cbndeutschland.org\/wp-content\/uploads\/2023\/12\/logo-app-1024x1024.png 1024w\" sizes=\"auto, (max-width: 150px) 100vw, 150px\" \/><span style=\"font-size: 120%;\">Die kostenlose Kinderbibel-App macht die Bibel f\u00fcr die ganze Familie lebendig \u2013 mit einer vollst\u00e4ndigen Bibel, Videos, Bildern und fesselnden interaktiven Spielen. Mit 26 kostenlosen Episoden der Emmy-nominierten Serie Superbuch in voller L\u00e4nge, darunter Das erste Weihnachten, Ein Riesen Abenteuer (David und Goliat), Die Zehn Gebote, Roar! (Daniel in der L\u00f6wengrube) und weiteren Bibelgeschichten!<\/span><\/p>\n<p><span style=\"font-size: 120%;\">Die Superbuch App ist ein wunderbares Bibelerlebnis f\u00fcr die ganze Familie. Lade dir die Superbuch App noch heute herunter und beginne das Abenteuer deines Lebens!<\/span>[\/vc_column_text][vc_empty_space][\/vc_column][\/vc_row][vc_row visibility=&#8220;hidden-sm&#8220; animation=&#8220;fade-in&#8220;][vc_column width=&#8220;1\/4&#8243;][\/vc_column][vc_column width=&#8220;1\/4&#8243;][vc_single_image image=&#8220;12248&#8243; alignment=&#8220;center&#8220;][vc_single_image image=&#8220;12242&#8243; img_size=&#8220;full&#8220; alignment=&#8220;center&#8220; onclick=&#8220;custom_link&#8220; link=&#8220;https:\/\/apps.apple.com\/de\/app\/superbuch-bibel-app-f%C3%BCr-kinder\/id606378030&#8243;][\/vc_column][vc_column width=&#8220;1\/4&#8243;][vc_single_image image=&#8220;12250&#8243; alignment=&#8220;center&#8220;][vc_single_image image=&#8220;12262&#8243; img_size=&#8220;full&#8220; alignment=&#8220;center&#8220; onclick=&#8220;custom_link&#8220; link=&#8220;https:\/\/play.google.com\/store\/search?q=superbuch&amp;c=apps&amp;gl=DE&#8220;][\/vc_column][vc_column width=&#8220;1\/4&#8243;][\/vc_column][\/vc_row][vc_row visibility=&#8220;visible-sm&#8220; animation=&#8220;fade-in&#8220;][vc_column width=&#8220;1\/4&#8243;][\/vc_column][vc_column width=&#8220;1\/4&#8243;][vc_single_image image=&#8220;12242&#8243; img_size=&#8220;full&#8220; alignment=&#8220;center&#8220; onclick=&#8220;custom_link&#8220; link=&#8220;https:\/\/apps.apple.com\/de\/app\/superbuch-bibel-app-f%C3%BCr-kinder\/id606378030&#8243;][\/vc_column][vc_column width=&#8220;1\/4&#8243;][vc_single_image image=&#8220;12262&#8243; img_size=&#8220;full&#8220; alignment=&#8220;center&#8220; onclick=&#8220;custom_link&#8220; link=&#8220;https:\/\/play.google.com\/store\/search?q=superbuch&amp;c=apps&amp;gl=DE&#8220;][\/vc_column][vc_column width=&#8220;1\/4&#8243;][\/vc_column][\/vc_row][vc_row animation=&#8220;fade-in&#8220;][vc_column][vc_empty_space height=&#8220;50px&#8220;][vc_row_inner][vc_column_inner][vc_video link=&#8220;https:\/\/www.youtube.com\/watch?v=RzVVoiO-NPg&#8220; autoplay=&#8220;true&#8220; loop=&#8220;true&#8220; muted=&#8220;true&#8220;][\/vc_column_inner][\/vc_row_inner][vc_empty_space height=&#8220;50px&#8220;][\/vc_column][\/vc_row][vc_row fullwidth=&#8220;true&#8220; fullwidth_content=&#8220;false&#8220; visibility=&#8220;hidden-sm&#8220; animation=&#8220;fade-in&#8220; css=&#8220;.vc_custom_1714737164762{background-color: #f3f3f3 !important;}&#8220;][vc_column][vc_empty_space height=&#8220;50px&#8220;][mk_fancy_title font_family=&#8220;none&#8220;]\n<h2 style=\"text-align: center;\">Die Superbuch-App ist kostenlos und bietet folgende Optionen:<\/h2>\n[\/mk_fancy_title][vc_column_text css=&#8220;.vc_custom_1714738222596{margin-bottom: 0px !important;}&#8220;]<img loading=\"lazy\" decoding=\"async\" class=\"alignright wp-image-14195\" src=\"https:\/\/cbndeutschland.org\/wp-content\/uploads\/2024\/05\/gizmo-app-freigestellt-175x300.png\" alt=\"Gizmo mit der Superbuch App\" width=\"300\" height=\"515\" srcset=\"https:\/\/cbndeutschland.org\/wp-content\/uploads\/2024\/05\/gizmo-app-freigestellt-175x300.png 175w, https:\/\/cbndeutschland.org\/wp-content\/uploads\/2024\/05\/gizmo-app-freigestellt-600x1030.png 600w, https:\/\/cbndeutschland.org\/wp-content\/uploads\/2024\/05\/gizmo-app-freigestellt.png 596w\" sizes=\"auto, (max-width: 300px) 100vw, 300px\" \/><strong>EINE BIBEL F\u00dcR KINDER<\/strong><\/p>\n<ul>\n<li>Eine leicht verst\u00e4ndliche Kinderbibel in mehreren Sprachen und eine Audio-Bibel f\u00fcr Kinder jeden Alters zum Anh\u00f6ren.<\/li>\n<\/ul>\n<p><strong>20 UNTERHALTSAME BIBELSPIELE<\/strong><\/p>\n<ul>\n<li>Zum spielerischen Kennenlernen der Bibel.<\/li>\n<li>Eine t\u00e4gliche Bibel-Challenge, mit der jeden Tag ein neuer Bibelvers entdeckt werden kann.<\/li>\n<\/ul>\n<p><strong>SPANNENDE SUPERBUCH-FOLGEN<\/strong><\/p>\n<ul>\n<li>26 kostenlose Episoden der Emmy-nominierten Bibel-Animationsserie Superbuch in voller L\u00e4nge \u2013 mit Download-Funktion.<\/li>\n<\/ul>\n<p><strong>ANTWORTEN AUF FRAGEN ZUR BIBEL<\/strong><\/p>\n<ul>\n<li>Entdecke Antworten auf h\u00e4ufig gestellte Fragen von Kindern zu Gott, Jesus und der Bibel.<\/li>\n<li>Du findest hunderte Steckbriefe und ausf\u00fchrliche Biografien zu Personen, Orten und Artefakten aus der Bibel.<\/li>\n<\/ul>\n<p><strong>DIE M\u00d6GLICHKEIT, GOTT KENNENZULERNEN<\/strong><\/p>\n<ul>\n<li>Die Botschaft des Evangeliums in kindgerechter Darstellung.<\/li>\n<li>Erfahre, wie du eine Freundschaft mit Gott f\u00fchren kannst.<\/li>\n<\/ul>\n<p><strong>PERSONALISIERUNG<\/strong><\/p>\n<ul>\n<li>Erstelle dir Notizen, Lesezeichen, Favoriten, Markierungen und f\u00fcge sie Bibelversen hinzu.<\/li>\n<li>H\u00e4nge zur Erinnerung eigene Fotos an Bibelverse an, mit denen du etwas Pers\u00f6nliches verbindest. Wenn du beispielsweise daran denken m\u00f6chtest, f\u00fcr einen Freund zu beten, kannst du ein Foto dieses Freundes an einen Vers anh\u00e4ngen, der dich daran erinnern kann, f\u00fcr ihn zu beten.<\/li>\n<li>Erstelle deinen eigenen Charakter und nimm an spannenden Wettbewerben teil.<\/li>\n<\/ul>\n<p><strong>EINSTELLUNGEN F\u00dcR ELTERN<\/strong><\/p>\n<ul>\n<li>Sensible Inhalte (beispielsweise Informationen \u00fcber den Teufel) k\u00f6nnen durch die Eltern in den Inhaltseinstellungen blockiert werden.<\/li>\n<\/ul>\n[\/vc_column_text][vc_empty_space height=&#8220;50px&#8220;][\/vc_column][\/vc_row][vc_row fullwidth=&#8220;true&#8220; fullwidth_content=&#8220;false&#8220; visibility=&#8220;visible-sm&#8220; animation=&#8220;fade-in&#8220; css=&#8220;.vc_custom_1714737180415{background-color: #f3f3f3 !important;}&#8220;][vc_column][vc_empty_space height=&#8220;50px&#8220;][mk_fancy_title font_family=&#8220;none&#8220;]\n<h2 style=\"text-align: center;\">Die Superbuch-App ist kostenlos und bietet folgende Optionen:<\/h2>\n[\/mk_fancy_title][vc_column_text css=&#8220;.vc_custom_1714738275968{margin-bottom: 0px !important;}&#8220;]<img loading=\"lazy\" decoding=\"async\" class=\"alignright wp-image-14195 size-medium\" src=\"https:\/\/cbndeutschland.org\/wp-content\/uploads\/2024\/05\/gizmo-app-freigestellt-175x300.png\" alt=\"Gizmo mit der Superbuch App\" width=\"175\" height=\"300\" srcset=\"https:\/\/cbndeutschland.org\/wp-content\/uploads\/2024\/05\/gizmo-app-freigestellt-175x300.png 175w, https:\/\/cbndeutschland.org\/wp-content\/uploads\/2024\/05\/gizmo-app-freigestellt-600x1030.png 600w, https:\/\/cbndeutschland.org\/wp-content\/uploads\/2024\/05\/gizmo-app-freigestellt.png 596w\" sizes=\"auto, (max-width: 175px) 100vw, 175px\" \/><strong>EINE BIBEL F\u00dcR KINDER<\/strong><\/p>\n<ul>\n<li>Eine leicht verst\u00e4ndliche Kinderbibel in mehreren Sprachen und eine Audio-Bibel f\u00fcr Kinder jeden Alters zum Anh\u00f6ren.<\/li>\n<\/ul>\n<p><strong>20 UNTERHALTSAME BIBELSPIELE<\/strong><\/p>\n<ul>\n<li>Zum spielerischen Kennenlernen der Bibel.<\/li>\n<li>Eine t\u00e4gliche Bibel-Challenge, mit der jeden Tag ein neuer Bibelvers entdeckt werden kann.<\/li>\n<\/ul>\n<p><strong>SPANNENDE SUPERBUCH-FOLGEN<\/strong><\/p>\n<ul>\n<li>26 kostenlose Episoden der Emmy-nominierten Bibel-Animationsserie Superbuch in voller L\u00e4nge \u2013 mit Download-Funktion.<\/li>\n<\/ul>\n<p><strong>ANTWORTEN AUF FRAGEN ZUR BIBEL<\/strong><\/p>\n<ul>\n<li>Entdecke Antworten auf h\u00e4ufig gestellte Fragen von Kindern zu Gott, Jesus und der Bibel.<\/li>\n<li>Du findest hunderte Steckbriefe und ausf\u00fchrliche Biografien zu Personen, Orten und Artefakten aus der Bibel.<\/li>\n<\/ul>\n<p><strong>DIE M\u00d6GLICHKEIT, GOTT KENNENZULERNEN<\/strong><\/p>\n<ul>\n<li>Die Botschaft des Evangeliums in kindgerechter Darstellung.<\/li>\n<li>Erfahre, wie du eine Freundschaft mit Gott f\u00fchren kannst.<\/li>\n<\/ul>\n<p><strong>PERSONALISIERUNG<\/strong><\/p>\n<ul>\n<li>Erstelle dir Notizen, Lesezeichen, Favoriten, Markierungen und f\u00fcge sie Bibelversen hinzu.<\/li>\n<li>H\u00e4nge zur Erinnerung eigene Fotos an Bibelverse an, mit denen du etwas Pers\u00f6nliches verbindest. Wenn du beispielsweise daran denken m\u00f6chtest, f\u00fcr einen Freund zu beten, kannst du ein Foto dieses Freundes an einen Vers anh\u00e4ngen, der dich daran erinnern kann, f\u00fcr ihn zu beten.<\/li>\n<li>Erstelle deinen eigenen Charakter und nimm an spannenden Wettbewerben teil.<\/li>\n<\/ul>\n<p><strong>EINSTELLUNGEN F\u00dcR ELTERN<\/strong><\/p>\n<ul>\n<li>Sensible Inhalte (beispielsweise Informationen \u00fcber den Teufel) k\u00f6nnen durch die Eltern in den Inhaltseinstellungen blockiert werden.<\/li>\n<\/ul>\n[\/vc_column_text][vc_empty_space height=&#8220;50px&#8220;][\/vc_column][\/vc_row][vc_row animation=&#8220;fade-in&#8220;][vc_column][vc_empty_space][vc_empty_space][vc_single_image image=&#8220;12258&#8243; img_size=&#8220;400&#8243; alignment=&#8220;center&#8220;][vc_empty_space][\/vc_column][\/vc_row][vc_row][vc_column][vc_empty_space][\/vc_column][\/vc_row]\n<\/div>","protected":false},"excerpt":{"rendered":"<p>[vc_row fullwidth=&#8220;true&#8220; animation=&#8220;fade-in&#8220;][vc_column][vc_single_image image=&#8220;12223&#8243; img_size=&#8220;full&#8220; alignment=&#8220;center&#8220; onclick=&#8220;custom_link&#8220; link=&#8220;http:\/\/shop-cbn.eu&#8220;][\/vc_column][\/vc_row][vc_row animation=&#8220;fade-in&#8220;][vc_column][vc_empty_space height=&#8220;50px&#8220;][mk_fancy_title color=&#8220;#05718e&#8220; size=&#8220;31&#8243; font_family=&#8220;none&#8220; align=&#8220;center&#8220;] Die neue Superbuch App [\/mk_fancy_title][vc_column_text animation=&#8220;fade-in&#8220; css=&#8220;.vc_custom_1714736804814{margin-bottom: 0px !important;}&#8220;]Die kostenlose Kinderbibel-App macht die Bibel f\u00fcr die ganze Familie lebendig \u2013 mit einer vollst\u00e4ndigen Bibel, Videos, Bildern und fesselnden interaktiven Spielen. Mit 26 kostenlosen Episoden der Emmy-nominierten Serie Superbuch in voller L\u00e4nge, [&hellip;]<\/p>\n","protected":false},"author":975902,"featured_media":0,"parent":19,"menu_order":0,"comment_status":"closed","ping_status":"closed","template":"","meta":{"footnotes":"","_links_to":"","_links_to_target":""},"class_list":["post-12221","page","type-page","status-publish","hentry"],"yoast_head":"<!-- This site is optimized with the Yoast SEO plugin v27.1.1 - https:\/\/yoast.com\/product\/yoast-seo-wordpress\/ -->\n<title>Die Superbuch App f\u00fcr KinderDie Superbuch App - CBN Deutschland<\/title>\n<meta name=\"description\" content=\"Die Superbuch App ist ein wunderbares Bibelerlebnis f\u00fcr die ganze Familie. Lade dir die App herunter und beginne das Abenteuer deines Lebens!\" \/>\n<meta name=\"robots\" content=\"index, follow, max-snippet:-1, max-image-preview:large, max-video-preview:-1\" \/>\n<link rel=\"canonical\" href=\"https:\/\/cbndeutschland.org\/de\/superbuch\/superbuch-app\/\" \/>\n<meta property=\"og:locale\" content=\"de_DE\" \/>\n<meta property=\"og:type\" content=\"article\" \/>\n<meta property=\"og:title\" content=\"Die Superbuch App f\u00fcr KinderDie Superbuch App - CBN Deutschland\" \/>\n<meta property=\"og:description\" content=\"Die Superbuch App ist ein wunderbares Bibelerlebnis f\u00fcr die ganze Familie. Lade dir die App herunter und beginne das Abenteuer deines Lebens!\" \/>\n<meta property=\"og:url\" content=\"https:\/\/cbndeutschland.org\/de\/superbuch\/superbuch-app\/\" \/>\n<meta property=\"og:site_name\" content=\"CBN Deutschland\" \/>\n<meta property=\"article:modified_time\" content=\"2025-03-19T17:00:35+00:00\" \/>\n<meta property=\"og:image\" content=\"https:\/\/cbndeutschland.org\/wp-content\/uploads\/2023\/12\/logo-app-150x150.png\" \/>\n<meta name=\"twitter:card\" content=\"summary_large_image\" \/>\n<meta name=\"twitter:label1\" content=\"Est. reading time\" \/>\n\t<meta name=\"twitter:data1\" content=\"6 Minuten\" \/>\n<script type=\"application\/ld+json\" class=\"yoast-schema-graph\">{\"@context\":\"https:\/\/schema.org\",\"@graph\":[{\"@type\":\"WebPage\",\"@id\":\"https:\/\/cbndeutschland.org\/de\/superbuch\/superbuch-app\/\",\"url\":\"https:\/\/cbndeutschland.org\/de\/superbuch\/superbuch-app\/\",\"name\":\"Die Superbuch App f\u00fcr KinderDie Superbuch App - CBN Deutschland\",\"isPartOf\":{\"@id\":\"https:\/\/cbndeutschland.org\/de\/#website\"},\"primaryImageOfPage\":{\"@id\":\"https:\/\/cbndeutschland.org\/de\/superbuch\/superbuch-app\/#primaryimage\"},\"image\":{\"@id\":\"https:\/\/cbndeutschland.org\/de\/superbuch\/superbuch-app\/#primaryimage\"},\"thumbnailUrl\":\"https:\/\/cbndeutschland.org\/wp-content\/uploads\/2023\/12\/logo-app-150x150.png\",\"datePublished\":\"2023-12-23T10:29:51+00:00\",\"dateModified\":\"2025-03-19T17:00:35+00:00\",\"description\":\"Die Superbuch App ist ein wunderbares Bibelerlebnis f\u00fcr die ganze Familie. Lade dir die App herunter und beginne das Abenteuer deines Lebens!\",\"breadcrumb\":{\"@id\":\"https:\/\/cbndeutschland.org\/de\/superbuch\/superbuch-app\/#breadcrumb\"},\"inLanguage\":\"de-DE\",\"potentialAction\":[{\"@type\":\"ReadAction\",\"target\":[\"https:\/\/cbndeutschland.org\/de\/superbuch\/superbuch-app\/\"]}]},{\"@type\":\"ImageObject\",\"inLanguage\":\"de-DE\",\"@id\":\"https:\/\/cbndeutschland.org\/de\/superbuch\/superbuch-app\/#primaryimage\",\"url\":\"https:\/\/cbndeutschland.org\/wp-content\/uploads\/2023\/12\/logo-app-150x150.png\",\"contentUrl\":\"https:\/\/cbndeutschland.org\/wp-content\/uploads\/2023\/12\/logo-app-150x150.png\"},{\"@type\":\"BreadcrumbList\",\"@id\":\"https:\/\/cbndeutschland.org\/de\/superbuch\/superbuch-app\/#breadcrumb\",\"itemListElement\":[{\"@type\":\"ListItem\",\"position\":1,\"name\":\"Startseite\",\"item\":\"https:\/\/cbndeutschland.org\/de\/\"},{\"@type\":\"ListItem\",\"position\":2,\"name\":\"Superbuch\",\"item\":\"\/superbuch\/ueber-superbuch\/\"},{\"@type\":\"ListItem\",\"position\":3,\"name\":\"Die Superbuch App\"}]},{\"@type\":\"WebSite\",\"@id\":\"https:\/\/cbndeutschland.org\/de\/#website\",\"url\":\"https:\/\/cbndeutschland.org\/de\/\",\"name\":\"CBN Deutschland\",\"description\":\"CBN Deutschland\",\"publisher\":{\"@id\":\"https:\/\/cbndeutschland.org\/de\/#organization\"},\"potentialAction\":[{\"@type\":\"SearchAction\",\"target\":{\"@type\":\"EntryPoint\",\"urlTemplate\":\"https:\/\/cbndeutschland.org\/de\/?s={search_term_string}\"},\"query-input\":{\"@type\":\"PropertyValueSpecification\",\"valueRequired\":true,\"valueName\":\"search_term_string\"}}],\"inLanguage\":\"de-DE\"},{\"@type\":\"Organization\",\"@id\":\"https:\/\/cbndeutschland.org\/de\/#organization\",\"name\":\"CBN Deutschland\",\"url\":\"https:\/\/cbndeutschland.org\/de\/\",\"logo\":{\"@type\":\"ImageObject\",\"inLanguage\":\"de-DE\",\"@id\":\"https:\/\/cbndeutschland.org\/de\/#\/schema\/logo\/image\/\",\"url\":\"https:\/\/cbndeutschland.org\/wp-content\/uploads\/2017\/02\/cbn-logo-web-blue.png\",\"contentUrl\":\"https:\/\/cbndeutschland.org\/wp-content\/uploads\/2017\/02\/cbn-logo-web-blue.png\",\"width\":385,\"height\":55,\"caption\":\"CBN Deutschland\"},\"image\":{\"@id\":\"https:\/\/cbndeutschland.org\/de\/#\/schema\/logo\/image\/\"}}]}<\/script>\n<!-- \/ Yoast SEO plugin. -->","yoast_head_json":{"title":"Die Superbuch App f\u00fcr KinderDie Superbuch App - CBN Deutschland","description":"Die Superbuch App ist ein wunderbares Bibelerlebnis f\u00fcr die ganze Familie. Lade dir die App herunter und beginne das Abenteuer deines Lebens!","robots":{"index":"index","follow":"follow","max-snippet":"max-snippet:-1","max-image-preview":"max-image-preview:large","max-video-preview":"max-video-preview:-1"},"canonical":"https:\/\/cbndeutschland.org\/de\/superbuch\/superbuch-app\/","og_locale":"de_DE","og_type":"article","og_title":"Die Superbuch App f\u00fcr KinderDie Superbuch App - CBN Deutschland","og_description":"Die Superbuch App ist ein wunderbares Bibelerlebnis f\u00fcr die ganze Familie. Lade dir die App herunter und beginne das Abenteuer deines Lebens!","og_url":"https:\/\/cbndeutschland.org\/de\/superbuch\/superbuch-app\/","og_site_name":"CBN Deutschland","article_modified_time":"2025-03-19T17:00:35+00:00","og_image":[{"url":"https:\/\/cbndeutschland.org\/wp-content\/uploads\/2023\/12\/logo-app-150x150.png","type":"","width":"","height":""}],"twitter_card":"summary_large_image","twitter_misc":{"Est. reading time":"6 Minuten"},"schema":{"@context":"https:\/\/schema.org","@graph":[{"@type":"WebPage","@id":"https:\/\/cbndeutschland.org\/de\/superbuch\/superbuch-app\/","url":"https:\/\/cbndeutschland.org\/de\/superbuch\/superbuch-app\/","name":"Die Superbuch App f\u00fcr KinderDie Superbuch App - CBN Deutschland","isPartOf":{"@id":"https:\/\/cbndeutschland.org\/de\/#website"},"primaryImageOfPage":{"@id":"https:\/\/cbndeutschland.org\/de\/superbuch\/superbuch-app\/#primaryimage"},"image":{"@id":"https:\/\/cbndeutschland.org\/de\/superbuch\/superbuch-app\/#primaryimage"},"thumbnailUrl":"https:\/\/cbndeutschland.org\/wp-content\/uploads\/2023\/12\/logo-app-150x150.png","datePublished":"2023-12-23T10:29:51+00:00","dateModified":"2025-03-19T17:00:35+00:00","description":"Die Superbuch App ist ein wunderbares Bibelerlebnis f\u00fcr die ganze Familie. Lade dir die App herunter und beginne das Abenteuer deines Lebens!","breadcrumb":{"@id":"https:\/\/cbndeutschland.org\/de\/superbuch\/superbuch-app\/#breadcrumb"},"inLanguage":"de-DE","potentialAction":[{"@type":"ReadAction","target":["https:\/\/cbndeutschland.org\/de\/superbuch\/superbuch-app\/"]}]},{"@type":"ImageObject","inLanguage":"de-DE","@id":"https:\/\/cbndeutschland.org\/de\/superbuch\/superbuch-app\/#primaryimage","url":"https:\/\/cbndeutschland.org\/wp-content\/uploads\/2023\/12\/logo-app-150x150.png","contentUrl":"https:\/\/cbndeutschland.org\/wp-content\/uploads\/2023\/12\/logo-app-150x150.png"},{"@type":"BreadcrumbList","@id":"https:\/\/cbndeutschland.org\/de\/superbuch\/superbuch-app\/#breadcrumb","itemListElement":[{"@type":"ListItem","position":1,"name":"Startseite","item":"https:\/\/cbndeutschland.org\/de\/"},{"@type":"ListItem","position":2,"name":"Superbuch","item":"\/superbuch\/ueber-superbuch\/"},{"@type":"ListItem","position":3,"name":"Die Superbuch App"}]},{"@type":"WebSite","@id":"https:\/\/cbndeutschland.org\/de\/#website","url":"https:\/\/cbndeutschland.org\/de\/","name":"CBN Deutschland","description":"CBN Deutschland","publisher":{"@id":"https:\/\/cbndeutschland.org\/de\/#organization"},"potentialAction":[{"@type":"SearchAction","target":{"@type":"EntryPoint","urlTemplate":"https:\/\/cbndeutschland.org\/de\/?s={search_term_string}"},"query-input":{"@type":"PropertyValueSpecification","valueRequired":true,"valueName":"search_term_string"}}],"inLanguage":"de-DE"},{"@type":"Organization","@id":"https:\/\/cbndeutschland.org\/de\/#organization","name":"CBN Deutschland","url":"https:\/\/cbndeutschland.org\/de\/","logo":{"@type":"ImageObject","inLanguage":"de-DE","@id":"https:\/\/cbndeutschland.org\/de\/#\/schema\/logo\/image\/","url":"https:\/\/cbndeutschland.org\/wp-content\/uploads\/2017\/02\/cbn-logo-web-blue.png","contentUrl":"https:\/\/cbndeutschland.org\/wp-content\/uploads\/2017\/02\/cbn-logo-web-blue.png","width":385,"height":55,"caption":"CBN Deutschland"},"image":{"@id":"https:\/\/cbndeutschland.org\/de\/#\/schema\/logo\/image\/"}}]}},"_links":{"self":[{"href":"https:\/\/cbndeutschland.org\/de\/wp-json\/wp\/v2\/pages\/12221","targetHints":{"allow":["GET"]}}],"collection":[{"href":"https:\/\/cbndeutschland.org\/de\/wp-json\/wp\/v2\/pages"}],"about":[{"href":"https:\/\/cbndeutschland.org\/de\/wp-json\/wp\/v2\/types\/page"}],"author":[{"embeddable":true,"href":"https:\/\/cbndeutschland.org\/de\/wp-json\/wp\/v2\/users\/975902"}],"replies":[{"embeddable":true,"href":"https:\/\/cbndeutschland.org\/de\/wp-json\/wp\/v2\/comments?post=12221"}],"version-history":[{"count":29,"href":"https:\/\/cbndeutschland.org\/de\/wp-json\/wp\/v2\/pages\/12221\/revisions"}],"predecessor-version":[{"id":17681,"href":"https:\/\/cbndeutschland.org\/de\/wp-json\/wp\/v2\/pages\/12221\/revisions\/17681"}],"up":[{"embeddable":true,"href":"https:\/\/cbndeutschland.org\/de\/wp-json\/wp\/v2\/pages\/19"}],"wp:attachment":[{"href":"https:\/\/cbndeutschland.org\/de\/wp-json\/wp\/v2\/media?parent=12221"}],"curies":[{"name":"wp","href":"https:\/\/api.w.org\/{rel}","templated":true}]}}