{"id":11928,"date":"2023-10-10T10:34:50","date_gmt":"2023-10-10T08:34:50","guid":{"rendered":"https:\/\/cbndeutschland.org\/?page_id=11928"},"modified":"2026-02-11T09:09:56","modified_gmt":"2026-02-11T08:09:56","slug":"gemeinsam-fuer-israel","status":"publish","type":"page","link":"https:\/\/cbndeutschland.org\/de\/gemeinsam-fuer-israel\/","title":{"rendered":"An der Seite Israels"},"content":{"rendered":"<div class=\"wpb-content-wrapper\">[vc_row fullwidth=&#8220;true&#8220; fullwidth_content=&#8220;false&#8220; visibility=&#8220;hidden-sm&#8220;][vc_column]\n\t\t\t<!-- START IsraelSeite REVOLUTION SLIDER 6.7.37 --><p class=\"rs-p-wp-fix\"><\/p>\n\t\t\t<rs-module-wrap id=\"rev_slider_43_1_wrapper\" data-source=\"gallery\" style=\"visibility:hidden;background:transparent;padding:0;margin:0px auto;margin-top:0;margin-bottom:0;\">\n\t\t\t\t<rs-module id=\"rev_slider_43_1\" style=\"\" data-version=\"6.7.37\">\n\t\t\t\t\t<rs-slides style=\"overflow: hidden; position: absolute;\">\n\t\t\t\t\t\t<rs-slide style=\"position: absolute;\" data-key=\"rs-77\" data-title=\"Slide\" data-in=\"o:0;\" data-out=\"a:false;\">\n\t\t\t\t\t\t\t<img decoding=\"async\" src=\"\/\/cbndeutschland.org\/wp-content\/plugins\/revslider\/sr6\/assets\/assets\/dummy.png\" alt=\"Medizinische Versorgung Banner\" title=\"header-med_1\" width=\"2183\" height=\"667\" class=\"rev-slidebg tp-rs-img rs-lazyload\" data-lazyload=\"\/\/cbndeutschland.org\/wp-content\/plugins\/revslider\/sr6\/assets\/assets\/transparent.png\" data-bg=\"p:center top;\" data-no-retina>\n<!--\n\t\t\t\t\t\t\t--><rs-layer\n\t\t\t\t\t\t\t\tid=\"slider-43-slide-77-layer-0\" \n\t\t\t\t\t\t\t\tdata-type=\"image\"\n\t\t\t\t\t\t\t\tdata-rsp_ch=\"on\"\n\t\t\t\t\t\t\t\tdata-xy=\"xo:-500px,-500px,-500px,-193px;\"\n\t\t\t\t\t\t\t\tdata-text=\"w:normal;s:20,20,20,7;l:0,0,0,9;\"\n\t\t\t\t\t\t\t\tdata-dim=\"w:2291px,2291px,2291px,885px;h:700px,700px,700px,270px;\"\n\t\t\t\t\t\t\t\tdata-frame_999=\"o:0;st:w;\"\n\t\t\t\t\t\t\t\tstyle=\"z-index:6;\"\n\t\t\t\t\t\t\t><img decoding=\"async\" src=\"\/\/cbndeutschland.org\/wp-content\/plugins\/revslider\/sr6\/assets\/assets\/dummy.png\" alt=\"\" class=\"tp-rs-img rs-lazyload\" width=\"2183\" height=\"667\" data-lazyload=\"\/\/cbndeutschland.org\/wp-content\/uploads\/2026\/01\/1-Webstite-Header_Israel.jpg\" data-no-retina> \n\t\t\t\t\t\t\t<\/rs-layer><!--\n\n\t\t\t\t\t\t\t--><h1\n\t\t\t\t\t\t\t\tid=\"slider-43-slide-77-layer-1\" \n\t\t\t\t\t\t\t\tclass=\"rs-layer\"\n\t\t\t\t\t\t\t\tdata-type=\"text\"\n\t\t\t\t\t\t\t\tdata-rsp_ch=\"on\"\n\t\t\t\t\t\t\t\tdata-xy=\"xo:125px,125px,125px,48px;yo:436px,436px,436px,168px;\"\n\t\t\t\t\t\t\t\tdata-text=\"w:normal;s:65,65,65,24;l:50,50,50,19;ls:1px,1px,1px,0px;fw:700;\"\n\t\t\t\t\t\t\t\tdata-dim=\"w:847px,847px,847px,327px;\"\n\t\t\t\t\t\t\t\tdata-frame_999=\"o:0;st:w;\"\n\t\t\t\t\t\t\t\tstyle=\"z-index:9;font-family:'Arial', 'Helvetica', 'sans-serif';text-transform:uppercase;\"\n\t\t\t\t\t\t\t>an der Seite Israels \n\t\t\t\t\t\t\t<\/h1><!--\n\n\t\t\t\t\t\t\t--><span\n\t\t\t\t\t\t\t\tid=\"slider-43-slide-77-layer-2\" \n\t\t\t\t\t\t\t\tclass=\"rs-layer\"\n\t\t\t\t\t\t\t\tdata-type=\"text\"\n\t\t\t\t\t\t\t\tdata-rsp_ch=\"on\"\n\t\t\t\t\t\t\t\tdata-xy=\"xo:20px,20px,20px,7px;yo:368px,368px,368px,141px;\"\n\t\t\t\t\t\t\t\tdata-text=\"w:normal;s:54,54,54,20;l:50,50,50,19;ls:1px,1px,1px,0px;fw:300;\"\n\t\t\t\t\t\t\t\tdata-dim=\"w:793px,793px,793px,306px;\"\n\t\t\t\t\t\t\t\tdata-frame_999=\"o:0;st:w;\"\n\t\t\t\t\t\t\t\tstyle=\"z-index:9;font-family:'Arial', 'Helvetica', 'sans-serif';text-transform:uppercase;\"\n\t\t\t\t\t\t\t>Stehen sie mit uns \n\t\t\t\t\t\t\t<\/span><!--\n\n\t\t\t\t\t\t\t--><a\n\t\t\t\t\t\t\t\tid=\"slider-43-slide-77-layer-5\" \n\t\t\t\t\t\t\t\tclass=\"rs-layer rev-btn\"\n\t\t\t\t\t\t\t\thref=\"\" target=\"_self\"\n\t\t\t\t\t\t\t\tdata-type=\"button\"\n\t\t\t\t\t\t\t\tdata-rsp_ch=\"on\"\n\t\t\t\t\t\t\t\tdata-xy=\"xo:724px,724px,724px,279px;yo:527px,527px,527px,213px;\"\n\t\t\t\t\t\t\t\tdata-text=\"w:nowrap;s:20,20,20,12;l:63,63,63,42;ls:2px,2px,2px,0px;fw:500;\"\n\t\t\t\t\t\t\t\tdata-dim=\"minh:0,0,0,none;\"\n\t\t\t\t\t\t\t\tdata-vbility=\"t,t,t,f\"\n\t\t\t\t\t\t\t\tdata-actions='o:click;a:menulink;target:_self;anchor:spendenlink;sp:1000ms;e:power1.inOut;'\n\t\t\t\t\t\t\t\tdata-padding=\"r:40,40,40,26;l:40,40,40,26;\"\n\t\t\t\t\t\t\t\tdata-border=\"bos:solid;boc:#ffffff;bow:3px,3px,3px,3px;bor:2px,2px,2px,2px;\"\n\t\t\t\t\t\t\t\tdata-frame_0=\"x:-50,-50,-50,-33px;y:0,0,0,0px;\"\n\t\t\t\t\t\t\t\tdata-frame_1=\"x:0,0,0,0px;y:0,0,0,0px;sp:1000;\"\n\t\t\t\t\t\t\t\tdata-frame_999=\"o:0;st:w;sR:8000;\"\n\t\t\t\t\t\t\t\tdata-frame_hover=\"bgc:#0e709e;boc:#fff;bor:3px,3px,3px,3px;bos:solid;bow:3px,3px,3px,3px;bri:120%;iC:true;\"\n\t\t\t\t\t\t\t\tstyle=\"z-index:8;background-color:#079bdf;font-family:'Arial', 'Helvetica', 'sans-serif';\"\n\t\t\t\t\t\t\t>JETZT SPENDEN \n\t\t\t\t\t\t\t<\/a><!--\n\n\t\t\t\t\t\t\t--><a\n\t\t\t\t\t\t\t\tid=\"slider-43-slide-77-layer-8\" \n\t\t\t\t\t\t\t\tclass=\"rs-layer rev-btn\"\n\t\t\t\t\t\t\t\thref=\"\" target=\"_self\"\n\t\t\t\t\t\t\t\tdata-type=\"button\"\n\t\t\t\t\t\t\t\tdata-rsp_ch=\"on\"\n\t\t\t\t\t\t\t\tdata-xy=\"xo:724px,724px,724px,279px;yo:527px,527px,527px,213px;\"\n\t\t\t\t\t\t\t\tdata-text=\"w:nowrap;s:20,20,20,12;l:63,63,63,42;ls:2px,2px,2px,0px;fw:500;\"\n\t\t\t\t\t\t\t\tdata-dim=\"minh:0,0,0,none;\"\n\t\t\t\t\t\t\t\tdata-vbility=\"f,f,f,t\"\n\t\t\t\t\t\t\t\tdata-actions='o:click;a:menulink;target:_self;anchor:Israel-spende;sp:1000ms;e:power1.inOut;'\n\t\t\t\t\t\t\t\tdata-padding=\"r:40,40,40,26;l:40,40,40,26;\"\n\t\t\t\t\t\t\t\tdata-border=\"bos:solid;boc:#ffffff;bow:3px,3px,3px,3px;bor:2px,2px,2px,2px;\"\n\t\t\t\t\t\t\t\tdata-frame_0=\"x:-50,-50,-50,-33px;y:0,0,0,0px;\"\n\t\t\t\t\t\t\t\tdata-frame_1=\"x:0,0,0,0px;y:0,0,0,0px;sp:1000;\"\n\t\t\t\t\t\t\t\tdata-frame_999=\"o:0;st:w;sR:8000;\"\n\t\t\t\t\t\t\t\tdata-frame_hover=\"bgc:#0e709e;boc:#fff;bor:3px,3px,3px,3px;bos:solid;bow:3px,3px,3px,3px;bri:120%;iC:true;\"\n\t\t\t\t\t\t\t\tstyle=\"z-index:7;background-color:#079bdf;font-family:'Arial', 'Helvetica', 'sans-serif';\"\n\t\t\t\t\t\t\t>JETZT SPENDEN \n\t\t\t\t\t\t\t<\/a><!--\n-->\t\t\t\t\t<\/rs-slide>\n\t\t\t\t\t<\/rs-slides>\n\t\t\t\t<\/rs-module>\n\t\t\t\t<script>\n\t\t\t\t\tsetREVStartSize({c: 'rev_slider_43_1',rl:[1240,1240,1240,480],el:[700,700,700,300],gw:[1240,1240,1240,480],gh:[700,700,700,300],type:'standard',justify:'',layout:'fullwidth',mh:\"0\"});if (window.RS_MODULES!==undefined && window.RS_MODULES.modules!==undefined && window.RS_MODULES.modules[\"revslider431\"]!==undefined) {window.RS_MODULES.modules[\"revslider431\"].once = false;window.revapi43 = undefined;if (window.RS_MODULES.checkMinimal!==undefined) window.RS_MODULES.checkMinimal()}\n\t\t\t\t<\/script>\n\t\t\t<\/rs-module-wrap>\n\t\t\t<!-- END REVOLUTION SLIDER -->\n[\/vc_column][\/vc_row][vc_row][vc_column][vc_empty_space][vc_empty_space][vc_empty_space][mk_fancy_title font_family=&#8220;none&#8220;]\n<h2 style=\"text-align: center;\">Solidarit\u00e4t, Hilfe, Hoffnung<\/h2>\n[\/mk_fancy_title][vc_empty_space height=&#8220;30px&#8220;][vc_column_text css=&#8220;.vc_custom_1769782053772{margin-bottom: 0px !important;}&#8220;]<span style=\"font-size: 120%;\">Die Stimmung wandelt sich. Wir merken ein Aufflammen des Antisemitismus&#8216; und das nicht nur in Deutschland. In Folge der kriegerischen Auseinandersetzung zwischen der Hamas und Israel ist auch nach dem Waffenstillstand im Oktober 2025 die politische Stimmung weiter aufgeheizt. Nicht nur die Juden, die in Deutschland leben, f\u00fchlen sich nicht mehr sicher.<\/span>[\/vc_column_text][vc_empty_space height=&#8220;30px&#8220;][vc_empty_space height=&#8220;30px&#8220;][\/vc_column][\/vc_row][vc_row fullwidth=&#8220;true&#8220; fullwidth_content=&#8220;false&#8220; css=&#8220;.vc_custom_1768992516482{background-color: #F3F3F3 !important;}&#8220;][vc_column][vc_empty_space][vc_empty_space][mk_fancy_title font_family=&#8220;none&#8220;]\n<h3 style=\"text-align: center;\">Warum wir uns an die Seite Israels stellen<\/h3>\n[\/mk_fancy_title][vc_empty_space height=&#8220;10px&#8220;][vc_column_text css=&#8220;.vc_custom_1769157957539{margin-bottom: 0px !important;}&#8220;]Berichte gehen um die Welt von Menschen, die sich nicht mehr trauen, zu sagen, dass sie Juden sind. <strong>Synagogen werden beschmiert, Holocoust-Gedanktafeln mit Hakenkreuzen entweiht und Juden \u00f6ffentlich angefeindet.<\/strong> Stefan Hensel trat im Dezember 2025 von seinem Amt als Antisemitismusbeauftragter zur\u00fcck, weil sich die Sicherheitslage von Juden in Deutschland drastisch verschlechtert hat und er sich durch fehlende politische Unterst\u00fctzung nicht mehr in der Lage sah, sein Amt auszuf\u00fcllen. <strong>Und nicht zu letzt schockierte im Dezember der Angriff auf eine Channukka-Feier am Bondi Beach in Australien<\/strong>, bei dem 15 Menschen starben. Er markiert einen traurigen H\u00f6hepunkt des weltweit ansteigenden Judenhasses. <strong>Das Team von CBN \u2013 wir m\u00f6chten uns als Christen und als Deutsche, sehr bewusst an der Seite Israels positionieren.<\/strong> Wir Christen sind \u201eeingepfropft\u201c in das Volk Gottes (nach R\u00f6mer 11,11-24) und tragen eine Verantwortung aufzustehen und uns klar gegen Judenhass zu stellen. Wir tun das, <strong>indem wir zum einen nicht schweigen, sondern mit einem neuen Israel-Newsletter informieren und zum anderen verschiedene Hilfsprojekte in Israel unterst\u00fctzen.\u00a0<\/strong>[\/vc_column_text][vc_empty_space height=&#8220;30px&#8220;][vc_empty_space height=&#8220;30px&#8220;][\/vc_column][\/vc_row][vc_row fullwidth=&#8220;true&#8220; fullwidth_content=&#8220;false&#8220; css=&#8220;.vc_custom_1768992379644{background-color: #FFFFFF !important;}&#8220;][vc_column][vc_empty_space height=&#8220;30px&#8220;][vc_empty_space height=&#8220;30px&#8220;][mk_fancy_title tag_name=&#8220;span&#8220; font_family=&#8220;none&#8220;]\n<h2 style=\"text-align: center;\">Informiert bleiben mit dem Israel-Newsletter von CBN<\/h2>\n[\/mk_fancy_title][vc_row_inner][vc_column_inner width=&#8220;2\/3&#8243;][vc_empty_space height=&#8220;10px&#8220;][vc_column_text css=&#8220;.vc_custom_1769598433647{margin-bottom: 0px !important;}&#8220;]Mit unserem Israel-Newsletter erhalten Sie regelm\u00e4\u00dfig ermutigende Andachten, biblisches Hintergrundwissen, sowie informative Artikel und Videos zu unserer Arbeit und aktuellen und geschichtlichen Themen aus dem Gelobten Land \u2013 alles aus einer christlichen Perspektive![\/vc_column_text][vc_empty_space height=&#8220;10px&#8220;][vc_empty_space height=&#8220;10px&#8220;][vc_empty_space height=&#8220;10px&#8220;][mk_button dimension=&#8220;two&#8220; corner_style=&#8220;rounded&#8220; size=&#8220;large&#8220; url=&#8220;https:\/\/cbndeutschland.org\/newsletter&#8220; align=&#8220;center&#8220;]ZUM NEWSLETTER-ANGEBOT VON CBN[\/mk_button][vc_empty_space height=&#8220;30px&#8220;][\/vc_column_inner][vc_column_inner width=&#8220;1\/3&#8243;][vc_single_image image=&#8220;20540&#8243; img_size=&#8220;full&#8220; alignment=&#8220;center&#8220; onclick=&#8220;custom_link&#8220; css=&#8220;&#8220; link=&#8220;https:\/\/cbndeutschland.org\/newsletter&#8220;][\/vc_column_inner][\/vc_row_inner][vc_empty_space height=&#8220;30px&#8220;][\/vc_column][\/vc_row][vc_row fullwidth=&#8220;true&#8220; fullwidth_content=&#8220;false&#8220; css=&#8220;.vc_custom_1768992405891{background-color: #F3F3F3 !important;}&#8220;][vc_column][vc_empty_space height=&#8220;40px&#8220;][vc_empty_space height=&#8220;40px&#8220;][vc_column_text css=&#8220;.vc_custom_1768825737078{margin-bottom: 0px !important;}&#8220;]\n<h2 style=\"text-align: center;\"><strong>Die Arbeit von CBN in Israel<\/strong><\/h2>\n[\/vc_column_text][vc_empty_space height=&#8220;30px&#8220;][vc_column_text css=&#8220;.vc_custom_1768826668167{margin-bottom: 0px !important;}&#8220;]\n<p style=\"text-align: left;\">CBN in Israel hat zwei Arbeitsschwerpunkte, die nur mit der Hilfe von Unterst\u00fctzern wie Ihnen m\u00f6glich sind: Zum einen gibt es ein Medien-Team, das \u00fcber die Lage vor Ort berichtet. Und ein weiteres Team f\u00fchrt eine Vielzahl unterschiedlicher humanit\u00e4rer Projekte mit unterschiedlichen Personengruppen durch:<\/p>\n[\/vc_column_text][vc_row_inner][vc_column_inner][vc_column_text css=&#8220;.vc_custom_1769003360202{margin-bottom: 0px !important;}&#8220;]\n<ul>\n<li>CBN unterst\u00fctzt Menschen in Israel, die von Krieg, Terror und Gewalt betroffen sind, mit <strong>Nothilfe<\/strong>, neuen <strong>Luftschutzbunkern<\/strong> und <strong>Traumaberatung<\/strong>.<\/li>\n<li>Von Armut betroffene <strong>Holocaust-\u00dcberlebende<\/strong> <strong>und \u00e4ltere Menschen<\/strong> erhalten nahrhafte Mahlzeiten, medizinische Versorgung und pers\u00f6nliche Besuche.<\/li>\n<\/ul>\n[\/vc_column_text][vc_single_image image=&#8220;20550&#8243; img_size=&#8220;large&#8220; add_caption=&#8220;yes&#8220; alignment=&#8220;center&#8220; css=&#8220;&#8220;][vc_column_text css=&#8220;.vc_custom_1769003450564{margin-bottom: 0px !important;}&#8220;]\n<ul>\n<li><strong>J\u00fcdische Einwanderer und Gefl\u00fcchtete<\/strong> werden mit Lebensmitteln, Unterk\u00fcnften, medizinischer Hilfe und Berufsausbildung beim Neustart begleitet.<\/li>\n<li><strong>Alleinerziehende Frauen und Familien sowie gef\u00e4hrdete ethnische oder religi\u00f6se Minderheiten<\/strong> profitieren von grundlegender Versorgung und finanzieller Unterst\u00fctzung.<\/li>\n<li>CBN arbeitet mit lokalen Organisationen, um <strong>Lebensmittelpakete und Haushaltswaren an von Armut Betroffene<\/strong> zu verteilen und betreibt sein eigenes Lager mit gesunden Lebensmitteln und wichtigen Haushaltsartikeln.<\/li>\n<li><strong>Waisen und gef\u00e4hrdete Jugendliche<\/strong> erhalten gezielte Hilfe f\u00fcr ihre allt\u00e4glichen Bed\u00fcrfnisse.<\/li>\n<\/ul>\n[\/vc_column_text][vc_single_image image=&#8220;20554&#8243; img_size=&#8220;large&#8220; add_caption=&#8220;yes&#8220; alignment=&#8220;center&#8220; css=&#8220;&#8220;][vc_column_text css=&#8220;.vc_custom_1769003442744{margin-bottom: 0px !important;}&#8220;]\n<ul>\n<li>Viele Israelis sind durch die Kriegshandlungen der letzten Jahre traumatisiert. Nach dem Einstellen der Kampfhandlungen im Oktober 2025 kann nun begonnen werden, das Erlebte zu verarbeiten. CBN <strong>bietet daher traumatisierten Menschen professionelle Beratung und Workshops zur St\u00e4rkung der Resilienz<\/strong> CBN Israel hat eigens daf\u00fcr ein <strong>Resilienzzentrum<\/strong> gegr\u00fcndet, das Betroffenen Fachkr\u00e4fte wie Psychiater und Therapeuten zur Seite stellt.<\/li>\n<\/ul>\n[\/vc_column_text][\/vc_column_inner][\/vc_row_inner][vc_empty_space height=&#8220;30px&#8220;][vc_column_text css=&#8220;.vc_custom_1768831107238{margin-bottom: 0px !important;}&#8220;]\n<p style=\"text-align: center;\"><span style=\"font-size: 120%;\"><strong>Bitte unterst\u00fctzen Sie die Arbeit von CBN im Gebet und, wenn es Ihnen m\u00f6glich ist, mit einer Spende.<\/strong><\/span><\/p>\n[\/vc_column_text][vc_empty_space height=&#8220;30px&#8220;][mk_button dimension=&#8220;two&#8220; corner_style=&#8220;rounded&#8220; size=&#8220;large&#8220; url=&#8220;#spendenlink&#8220; align=&#8220;center&#8220;]PROJEKTE UNTERST\u00dcTZEN[\/mk_button][vc_empty_space height=&#8220;30px&#8220;][vc_empty_space height=&#8220;30px&#8220;][\/vc_column][\/vc_row][vc_row fullwidth=&#8220;true&#8220; fullwidth_content=&#8220;false&#8220; css=&#8220;.vc_custom_1768992424418{background-color: #FFFFFF !important;}&#8220;][vc_column][vc_empty_space height=&#8220;30px&#8220;][vc_empty_space height=&#8220;30px&#8220;][mk_fancy_title tag_name=&#8220;span&#8220; font_family=&#8220;none&#8220;]\n<h2 style=\"text-align: center;\">Israel-Inhalte auf YouTube<\/h2>\n[\/mk_fancy_title][vc_row_inner][vc_column_inner][vc_column_text css=&#8220;.vc_custom_1768992220506{margin-bottom: 0px !important;}&#8220;]In unserer YouTube-Playlist zum Thema Israel finden Sie Beitr\u00e4ge aus Israel: aktuelle News, pers\u00f6nliche Erfahrungsberichte und Hintergr\u00fcnde zur Situation vor Ort \u2013 kompakt gesammelt.[\/vc_column_text][vc_empty_space height=&#8220;10px&#8220;][vc_video link=&#8220;https:\/\/www.youtube.com\/watch?v=2Pl-ku9rREo&amp;list=PLZhWdRCbaipP6AemdJy2KMGs5YXp02rk6&amp;index=1&#8243;][vc_empty_space height=&#8220;10px&#8220;][vc_empty_space height=&#8220;30px&#8220;][vc_empty_space height=&#8220;30px&#8220;][mk_button dimension=&#8220;two&#8220; corner_style=&#8220;rounded&#8220; size=&#8220;large&#8220; url=&#8220;https:\/\/www.youtube.com\/playlist?list=PLZhWdRCbaipP6AemdJy2KMGs5YXp02rk6&#8243; align=&#8220;center&#8220;]ZU ALLEN ISRAEL-INHALTEN AUF YOUTUBE[\/mk_button][vc_empty_space height=&#8220;30px&#8220;][\/vc_column_inner][\/vc_row_inner][vc_empty_space height=&#8220;30px&#8220;][\/vc_column][\/vc_row][vc_row fullwidth=&#8220;true&#8220; fullwidth_content=&#8220;false&#8220; css=&#8220;.vc_custom_1751016072624{background-color: #f2f2f2 !important;}&#8220;][vc_column width=&#8220;1\/6&#8243;][\/vc_column][vc_column width=&#8220;2\/3&#8243;][vc_empty_space height=&#8220;30px&#8220;][vc_empty_space height=&#8220;30px&#8220; el_id=&#8220;spendenlink&#8220;][vc_column_text css=&#8220;.vc_custom_1768828425815{margin-bottom: 0px !important;}&#8220;]\n<h3 style=\"text-align: center;\">Jetzt spenden<\/h3>\n[\/vc_column_text][vc_empty_space][vc_row_inner css=&#8220;.vc_custom_1751016760747{background-color: #FFFFFF !important;}&#8220;][vc_column_inner][vc_empty_space height=&#8220;30px&#8220;][mk_icon_box icon=&#8220;mk-li-love&#8220; title=&#8220;Meine Spende an CBN&#8220; text_size=&#8220;30&#8243; style=&#8220;simple_ultimate&#8220; icon_size=&#8220;large&#8220; icon_location=&#8220;top&#8220; icon_color=&#8220;#dd3333&#8243;][\/mk_icon_box][vc_raw_js el_id=&#8220;Israel-Spende&#8220;]JTVCdHdpbmdsZSUyMHByb2plY3QlM0QlMjJ0dzVkMDIwNjhjOTY5NjElMjIlMjB0eXBlJTNEJTIyZm9ybSUyMiU1RA==[\/vc_raw_js][vc_empty_space height=&#8220;20px&#8220;][\/vc_column_inner][\/vc_row_inner][vc_empty_space height=&#8220;50px&#8220;][vc_empty_space][\/vc_column][vc_column width=&#8220;1\/6&#8243;][\/vc_column][\/vc_row][vc_row][vc_column][vc_empty_space][vc_empty_space][\/vc_column][\/vc_row][vc_row][vc_column][vc_column_text css=&#8220;.vc_custom_1768830100867{margin-bottom: 0px !important;}&#8220;]\n<h2 style=\"text-align: center;\">\u00a0Erfahren Sie <strong>mehr \u00fcber unsere Arbeit in Israel<\/strong><\/h2>\n[\/vc_column_text][\/vc_column][\/vc_row][vc_row][vc_column][vc_empty_space height=&#8220;50px&#8220;][mk_blog style=&#8220;newspaper&#8220; image_size=&#8220;full&#8220; post_count=&#8220;6&#8243; comments_share=&#8220;false&#8220; cat=&#8220;3504&#8243;][vc_empty_space height=&#8220;50px&#8220;][\/vc_column][\/vc_row]\n<\/div>","protected":false},"excerpt":{"rendered":"<p>[vc_row fullwidth=&#8220;true&#8220; fullwidth_content=&#8220;false&#8220; visibility=&#8220;hidden-sm&#8220;][vc_column][\/vc_column][\/vc_row][vc_row][vc_column][vc_empty_space][vc_empty_space][vc_empty_space][mk_fancy_title font_family=&#8220;none&#8220;] Solidarit\u00e4t, Hilfe, Hoffnung [\/mk_fancy_title][vc_empty_space height=&#8220;30px&#8220;][vc_column_text css=&#8220;.vc_custom_1769782053772{margin-bottom: 0px !important;}&#8220;]Die Stimmung wandelt sich. Wir merken ein Aufflammen des Antisemitismus&#8216; und das nicht nur in Deutschland. In Folge der kriegerischen Auseinandersetzung zwischen der Hamas und Israel ist auch nach dem Waffenstillstand im Oktober 2025 die politische Stimmung weiter aufgeheizt. Nicht nur die Juden, [&hellip;]<\/p>\n","protected":false},"author":975902,"featured_media":0,"parent":0,"menu_order":0,"comment_status":"closed","ping_status":"closed","template":"","meta":{"footnotes":"","_links_to":"","_links_to_target":""},"class_list":["post-11928","page","type-page","status-publish","hentry"],"yoast_head":"<!-- This site is optimized with the Yoast SEO plugin v27.1.1 - https:\/\/yoast.com\/product\/yoast-seo-wordpress\/ -->\n<title>An der Seite Israels - CBN Deutschland<\/title>\n<meta name=\"description\" content=\"Wir stellen uns bewusset an die Seite Israels. Warum das so ist und wie wir Israel unterst\u00fctzen, erf\u00e4hrst du hier.\" \/>\n<meta name=\"robots\" content=\"index, follow, max-snippet:-1, max-image-preview:large, max-video-preview:-1\" \/>\n<link rel=\"canonical\" href=\"https:\/\/cbndeutschland.org\/de\/gemeinsam-fuer-israel\/\" \/>\n<meta property=\"og:locale\" content=\"de_DE\" \/>\n<meta property=\"og:type\" content=\"article\" \/>\n<meta property=\"og:title\" content=\"An der Seite Israels - CBN Deutschland\" \/>\n<meta property=\"og:description\" content=\"Wir stellen uns bewusset an die Seite Israels. Warum das so ist und wie wir Israel unterst\u00fctzen, erf\u00e4hrst du hier.\" \/>\n<meta property=\"og:url\" content=\"https:\/\/cbndeutschland.org\/de\/gemeinsam-fuer-israel\/\" \/>\n<meta property=\"og:site_name\" content=\"CBN Deutschland\" \/>\n<meta property=\"article:modified_time\" content=\"2026-02-11T08:09:56+00:00\" \/>\n<meta name=\"twitter:card\" content=\"summary_large_image\" \/>\n<meta name=\"twitter:label1\" content=\"Est. reading time\" \/>\n\t<meta name=\"twitter:data1\" content=\"4 Minuten\" \/>\n<script type=\"application\/ld+json\" class=\"yoast-schema-graph\">{\"@context\":\"https:\/\/schema.org\",\"@graph\":[{\"@type\":\"WebPage\",\"@id\":\"https:\/\/cbndeutschland.org\/de\/gemeinsam-fuer-israel\/\",\"url\":\"https:\/\/cbndeutschland.org\/de\/gemeinsam-fuer-israel\/\",\"name\":\"An der Seite Israels - CBN Deutschland\",\"isPartOf\":{\"@id\":\"https:\/\/cbndeutschland.org\/de\/#website\"},\"datePublished\":\"2023-10-10T08:34:50+00:00\",\"dateModified\":\"2026-02-11T08:09:56+00:00\",\"description\":\"Wir stellen uns bewusset an die Seite Israels. Warum das so ist und wie wir Israel unterst\u00fctzen, erf\u00e4hrst du hier.\",\"breadcrumb\":{\"@id\":\"https:\/\/cbndeutschland.org\/de\/gemeinsam-fuer-israel\/#breadcrumb\"},\"inLanguage\":\"de-DE\",\"potentialAction\":[{\"@type\":\"ReadAction\",\"target\":[\"https:\/\/cbndeutschland.org\/de\/gemeinsam-fuer-israel\/\"]}]},{\"@type\":\"BreadcrumbList\",\"@id\":\"https:\/\/cbndeutschland.org\/de\/gemeinsam-fuer-israel\/#breadcrumb\",\"itemListElement\":[{\"@type\":\"ListItem\",\"position\":1,\"name\":\"Startseite\",\"item\":\"https:\/\/cbndeutschland.org\/de\/\"},{\"@type\":\"ListItem\",\"position\":2,\"name\":\"An der Seite Israels\"}]},{\"@type\":\"WebSite\",\"@id\":\"https:\/\/cbndeutschland.org\/de\/#website\",\"url\":\"https:\/\/cbndeutschland.org\/de\/\",\"name\":\"CBN Deutschland\",\"description\":\"CBN Deutschland\",\"publisher\":{\"@id\":\"https:\/\/cbndeutschland.org\/de\/#organization\"},\"potentialAction\":[{\"@type\":\"SearchAction\",\"target\":{\"@type\":\"EntryPoint\",\"urlTemplate\":\"https:\/\/cbndeutschland.org\/de\/?s={search_term_string}\"},\"query-input\":{\"@type\":\"PropertyValueSpecification\",\"valueRequired\":true,\"valueName\":\"search_term_string\"}}],\"inLanguage\":\"de-DE\"},{\"@type\":\"Organization\",\"@id\":\"https:\/\/cbndeutschland.org\/de\/#organization\",\"name\":\"CBN Deutschland\",\"url\":\"https:\/\/cbndeutschland.org\/de\/\",\"logo\":{\"@type\":\"ImageObject\",\"inLanguage\":\"de-DE\",\"@id\":\"https:\/\/cbndeutschland.org\/de\/#\/schema\/logo\/image\/\",\"url\":\"https:\/\/cbndeutschland.org\/wp-content\/uploads\/2017\/02\/cbn-logo-web-blue.png\",\"contentUrl\":\"https:\/\/cbndeutschland.org\/wp-content\/uploads\/2017\/02\/cbn-logo-web-blue.png\",\"width\":385,\"height\":55,\"caption\":\"CBN Deutschland\"},\"image\":{\"@id\":\"https:\/\/cbndeutschland.org\/de\/#\/schema\/logo\/image\/\"}}]}<\/script>\n<!-- \/ Yoast SEO plugin. -->","yoast_head_json":{"title":"An der Seite Israels - CBN Deutschland","description":"Wir stellen uns bewusset an die Seite Israels. Warum das so ist und wie wir Israel unterst\u00fctzen, erf\u00e4hrst du hier.","robots":{"index":"index","follow":"follow","max-snippet":"max-snippet:-1","max-image-preview":"max-image-preview:large","max-video-preview":"max-video-preview:-1"},"canonical":"https:\/\/cbndeutschland.org\/de\/gemeinsam-fuer-israel\/","og_locale":"de_DE","og_type":"article","og_title":"An der Seite Israels - CBN Deutschland","og_description":"Wir stellen uns bewusset an die Seite Israels. Warum das so ist und wie wir Israel unterst\u00fctzen, erf\u00e4hrst du hier.","og_url":"https:\/\/cbndeutschland.org\/de\/gemeinsam-fuer-israel\/","og_site_name":"CBN Deutschland","article_modified_time":"2026-02-11T08:09:56+00:00","twitter_card":"summary_large_image","twitter_misc":{"Est. reading time":"4 Minuten"},"schema":{"@context":"https:\/\/schema.org","@graph":[{"@type":"WebPage","@id":"https:\/\/cbndeutschland.org\/de\/gemeinsam-fuer-israel\/","url":"https:\/\/cbndeutschland.org\/de\/gemeinsam-fuer-israel\/","name":"An der Seite Israels - CBN Deutschland","isPartOf":{"@id":"https:\/\/cbndeutschland.org\/de\/#website"},"datePublished":"2023-10-10T08:34:50+00:00","dateModified":"2026-02-11T08:09:56+00:00","description":"Wir stellen uns bewusset an die Seite Israels. Warum das so ist und wie wir Israel unterst\u00fctzen, erf\u00e4hrst du hier.","breadcrumb":{"@id":"https:\/\/cbndeutschland.org\/de\/gemeinsam-fuer-israel\/#breadcrumb"},"inLanguage":"de-DE","potentialAction":[{"@type":"ReadAction","target":["https:\/\/cbndeutschland.org\/de\/gemeinsam-fuer-israel\/"]}]},{"@type":"BreadcrumbList","@id":"https:\/\/cbndeutschland.org\/de\/gemeinsam-fuer-israel\/#breadcrumb","itemListElement":[{"@type":"ListItem","position":1,"name":"Startseite","item":"https:\/\/cbndeutschland.org\/de\/"},{"@type":"ListItem","position":2,"name":"An der Seite Israels"}]},{"@type":"WebSite","@id":"https:\/\/cbndeutschland.org\/de\/#website","url":"https:\/\/cbndeutschland.org\/de\/","name":"CBN Deutschland","description":"CBN Deutschland","publisher":{"@id":"https:\/\/cbndeutschland.org\/de\/#organization"},"potentialAction":[{"@type":"SearchAction","target":{"@type":"EntryPoint","urlTemplate":"https:\/\/cbndeutschland.org\/de\/?s={search_term_string}"},"query-input":{"@type":"PropertyValueSpecification","valueRequired":true,"valueName":"search_term_string"}}],"inLanguage":"de-DE"},{"@type":"Organization","@id":"https:\/\/cbndeutschland.org\/de\/#organization","name":"CBN Deutschland","url":"https:\/\/cbndeutschland.org\/de\/","logo":{"@type":"ImageObject","inLanguage":"de-DE","@id":"https:\/\/cbndeutschland.org\/de\/#\/schema\/logo\/image\/","url":"https:\/\/cbndeutschland.org\/wp-content\/uploads\/2017\/02\/cbn-logo-web-blue.png","contentUrl":"https:\/\/cbndeutschland.org\/wp-content\/uploads\/2017\/02\/cbn-logo-web-blue.png","width":385,"height":55,"caption":"CBN Deutschland"},"image":{"@id":"https:\/\/cbndeutschland.org\/de\/#\/schema\/logo\/image\/"}}]}},"_links":{"self":[{"href":"https:\/\/cbndeutschland.org\/de\/wp-json\/wp\/v2\/pages\/11928","targetHints":{"allow":["GET"]}}],"collection":[{"href":"https:\/\/cbndeutschland.org\/de\/wp-json\/wp\/v2\/pages"}],"about":[{"href":"https:\/\/cbndeutschland.org\/de\/wp-json\/wp\/v2\/types\/page"}],"author":[{"embeddable":true,"href":"https:\/\/cbndeutschland.org\/de\/wp-json\/wp\/v2\/users\/975902"}],"replies":[{"embeddable":true,"href":"https:\/\/cbndeutschland.org\/de\/wp-json\/wp\/v2\/comments?post=11928"}],"version-history":[{"count":62,"href":"https:\/\/cbndeutschland.org\/de\/wp-json\/wp\/v2\/pages\/11928\/revisions"}],"predecessor-version":[{"id":20661,"href":"https:\/\/cbndeutschland.org\/de\/wp-json\/wp\/v2\/pages\/11928\/revisions\/20661"}],"wp:attachment":[{"href":"https:\/\/cbndeutschland.org\/de\/wp-json\/wp\/v2\/media?parent=11928"}],"curies":[{"name":"wp","href":"https:\/\/api.w.org\/{rel}","templated":true}]}}