{"id":11698,"date":"2023-09-11T15:58:54","date_gmt":"2023-09-11T13:58:54","guid":{"rendered":"https:\/\/cbndeutschland.org\/?page_id=11698"},"modified":"2024-02-22T17:14:53","modified_gmt":"2024-02-22T16:14:53","slug":"spenden-marokko","status":"publish","type":"page","link":"https:\/\/cbndeutschland.org\/de\/spenden-marokko\/","title":{"rendered":"Hilfe f\u00fcr Marokko nach der Erdbebenkatastrophe"},"content":{"rendered":"<div class=\"wpb-content-wrapper\">[vc_row fullwidth=&#8220;true&#8220; fullwidth_content=&#8220;false&#8220; visibility=&#8220;hidden-sm&#8220;][vc_column][vc_single_image image=&#8220;11708&#8243; img_size=&#8220;full&#8220; alignment=&#8220;center&#8220; el_class=&#8220;full&#8220;][vc_empty_space][\/vc_column][\/vc_row][vc_row fullwidth=&#8220;true&#8220; visibility=&#8220;visible-sm&#8220;][vc_column][vc_single_image image=&#8220;11705&#8243; img_size=&#8220;1100&#215;995&#8243;][vc_empty_space][\/vc_column][\/vc_row][vc_row][vc_column][vc_btn title=&#8220;JETZT SPENDEN&#8220; color=&#8220;primary&#8220; align=&#8220;center&#8220; link=&#8220;url:%23Marokko&#8220;][vc_empty_space][vc_column_text css=&#8220;.vc_custom_1694434143336{margin-bottom: 0px !important;}&#8220;]\n<h1 style=\"text-align: center;\">Hilfe f\u00fcr Marokko nach der Erdbebenkatastrophe<\/h1>\n[\/vc_column_text][vc_column_text css=&#8220;.vc_custom_1696426530759{margin-bottom: 0px !important;}&#8220;]<em>\u00dcber 2.800 Toten und mindestens genausoviele Verletzte werden nach dem verheerenden Erdbeben in der Nacht auf den 9. September in Marokko gemeldet. Tausende Menschen sind obdachlos geworden, es gibt kein Wasser und keinen Strom. CBN versorgt die Menschen vor Ort.<\/em>[\/vc_column_text][vc_column_text css=&#8220;.vc_custom_1696427676693{margin-bottom: 0px !important;}&#8220;]<strong>Allein in den ersten beiden Wochen nach dem Erdbeben wurden durch CBN mit Hilfe von freiwilligen Helfern bereits viele Hilfsg\u00fcter verteilt:<\/strong><\/p>\n<ul>\n<li>\u00fcber 6.000 kg Nahrungsmittel,<\/li>\n<li>100 Hygyienesets und<\/li>\n<li>388 Solarlampen.<\/li>\n<\/ul>\n<p>Dar\u00fcber hinaus werden die obdachlos gewordenen mit Zelten versorgt, die ihnen Zuflucht bieten.<\/p>\n<p>Besonders die Bergregionen sind sehr schlecht zu erreichen, da durch das Erdbeben einige Stra\u00dfen besch\u00e4digt wurden. Auch der nahende Winter stellt die Helfer vor neue Herausforderungen. Mehr zur Situation erfahren Sie im Video. Christoph Scheytt von CBN Deutschland war als Ersthelfer vor Ort:[\/vc_column_text][vc_row_inner][vc_column_inner width=&#8220;1\/4&#8243;][\/vc_column_inner][vc_column_inner width=&#8220;1\/2&#8243;][vc_video link=&#8220;https:\/\/www.youtube.com\/watch?v=FXDP_aHTl1M&#8220;][\/vc_column_inner][vc_column_inner width=&#8220;1\/4&#8243;][\/vc_column_inner][\/vc_row_inner][vc_row_inner][vc_column_inner][vc_empty_space][vc_column_text css=&#8220;.vc_custom_1696427747723{margin-bottom: 0px !important;}&#8220;]Die Welt kommt nicht zur Ruhe. Nur sieben Monate nach der Katastrophe in der T\u00fcrkei ersch\u00fcttert erneut ein schweres Erdbeben \u2013 diesmal den Nordwesten Afrikas. Das CBN Hilfswerk Operation Blessing sendet erneut Mitarbeiter in ein Krisengebiet, um die Hilfsma\u00dfnahmen nach einem t\u00f6dlichen Erdbeben zu unterst\u00fctzen.[\/vc_column_text][vc_column_text css=&#8220;.vc_custom_1708618457252{margin-bottom: 0px !important;}&#8220;]\n<div id=\"attachment_11730\" style=\"width: 204px\" class=\"wp-caption alignright\"><img loading=\"lazy\" decoding=\"async\" aria-describedby=\"caption-attachment-11730\" class=\"wp-image-11730 size-medium\" src=\"https:\/\/cbndeutschland.org\/wp-content\/uploads\/2023\/09\/vlcsnap-2023-02-13-13h06m24s180-194x300.png\" alt=\"Diego Traverso in der T\u00fcrkei\" width=\"194\" height=\"300\" srcset=\"https:\/\/cbndeutschland.org\/wp-content\/uploads\/2023\/09\/vlcsnap-2023-02-13-13h06m24s180-194x300.png 194w, https:\/\/cbndeutschland.org\/wp-content\/uploads\/2023\/09\/vlcsnap-2023-02-13-13h06m24s180-664x1024.png 664w, https:\/\/cbndeutschland.org\/wp-content\/uploads\/2023\/09\/vlcsnap-2023-02-13-13h06m24s180-600x925.png 600w, https:\/\/cbndeutschland.org\/wp-content\/uploads\/2023\/09\/vlcsnap-2023-02-13-13h06m24s180.png 700w\" sizes=\"auto, (max-width: 194px) 100vw, 194px\" \/><p id=\"caption-attachment-11730\" class=\"wp-caption-text\">Diego Traverso<\/p><\/div>\n<p>Diego Traverso, der Leiter der internationalen Katastrophenhilfe, wird zusammen mit einem Team aus Spanien und Virginia Beach erste Hilfsg\u00fcter verteilen, darunter solarbetriebene Lampen und Wasserfilteranlagen. Das Team wird sich dann mit \u00f6rtlichen Beh\u00f6rdenvertretern treffen, um die besten Ma\u00dfnahmen f\u00fcr die kommenden Tage und Wochen festzulegen.<\/p>\n<p>Traverso leitete bereits nach dem <a href=\"https:\/\/cbndeutschland.org\/de\/nothilfe-erdbebenopfer\/\">Erdbeben in der T\u00fcrkei<\/a> die Bem\u00fchungen von Operation Blessing vor Ort.<\/p>\n<p>Laut der Weltgesundheitsorganisation WHO sind mehr als 300.000 Menschen von dem Erdbeben und seinen Folgen betroffen. Viele der einfachen Lehmh\u00e4user sind eingest\u00fcrzt. Das Beben in der Nacht auf Samstag hatte Medienberichten zufolge eine St\u00e4rke von 6,8 und ist damit das st\u00e4rkste instrumentell gemessene Erdbeben in dem Land. Viele Stra\u00dfen sind unpassierbar, sodass gerade in die d\u00f6rflichen Regionen keine Hilfe vordringen kann. In weiten Teilen der betroffenen Region gibt es nur wenig Nahrungsmittel und Wasser, keinen Strom und keine medizinische Versorgung.<\/p>\n<p><strong>Bitte beten Sie f\u00fcr die Betroffenen und f\u00fcr die Sicherheit unseres Teams vor Ort.<\/strong>[\/vc_column_text][vc_empty_space el_id=&#8220;Marokko&#8220;][\/vc_column_inner][\/vc_row_inner][\/vc_column][\/vc_row][vc_row fullwidth=&#8220;true&#8220; css=&#8220;.vc_custom_1708618180412{background-color: #f2f2f2 !important;}&#8220;][vc_column width=&#8220;1\/4&#8243;][\/vc_column][vc_column width=&#8220;1\/2&#8243;][vc_empty_space][\/vc_column][vc_column width=&#8220;1\/4&#8243;][\/vc_column][\/vc_row][vc_row fullwidth=&#8220;true&#8220; css=&#8220;.vc_custom_1708618180412{background-color: #f2f2f2 !important;}&#8220;][vc_column width=&#8220;1\/4&#8243;][\/vc_column][vc_column border_color=&#8220;#ffffff&#8220; width=&#8220;1\/2&#8243; css=&#8220;.vc_custom_1708618342046{background-color: #ffffff !important;}&#8220;][vc_empty_space][vc_column_text css=&#8220;.vc_custom_1708618200172{margin-bottom: 0px !important;}&#8220;]\n<h2 style=\"text-align: center;\">Unterst\u00fctzen Sie jetzt Menschen in Katastrophengebieten!<\/h2>\n[\/vc_column_text][vc_empty_space][vc_raw_js]JTVCdHdpbmdsZSUyMHByb2plY3QlM0QlMjJ0dzY1ZDc2NDM2ZGZiMTclMjIlMjB0eXBlJTNEZm9ybSU1RA==[\/vc_raw_js][vc_column_text css=&#8220;.vc_custom_1708600178226{margin-bottom: 0px !important;}&#8220;]\n<p style=\"text-align: center; font-size: 90%;\">Ihre Spende an CBN Deutschland k\u00f6nnen Sie steuerlich geltend machen.<\/p>\n[\/vc_column_text][\/vc_column][vc_column width=&#8220;1\/4&#8243;][\/vc_column][\/vc_row][vc_row fullwidth=&#8220;true&#8220; css=&#8220;.vc_custom_1708618180412{background-color: #f2f2f2 !important;}&#8220;][vc_column width=&#8220;1\/4&#8243;][\/vc_column][vc_column width=&#8220;1\/2&#8243;][vc_empty_space][\/vc_column][vc_column width=&#8220;1\/4&#8243;][\/vc_column][\/vc_row][vc_row][vc_column][vc_empty_space][\/vc_column][\/vc_row][vc_row][vc_column][vc_column_text css=&#8220;.vc_custom_1646128035069{margin-bottom: 0px !important;}&#8220;]\n<h2 style=\"text-align: center;\">\u00a0<strong>Herzlichen Dank f\u00fcr Ihre Unterst\u00fctzung.<\/strong><\/h2>\n[\/vc_column_text][\/vc_column][\/vc_row][vc_row][vc_column][vc_empty_space height=&#8220;50px&#8220;][\/vc_column][\/vc_row]\n<\/div>","protected":false},"excerpt":{"rendered":"<p>[vc_row fullwidth=&#8220;true&#8220; fullwidth_content=&#8220;false&#8220; visibility=&#8220;hidden-sm&#8220;][vc_column][vc_single_image image=&#8220;11708&#8243; img_size=&#8220;full&#8220; alignment=&#8220;center&#8220; el_class=&#8220;full&#8220;][vc_empty_space][\/vc_column][\/vc_row][vc_row fullwidth=&#8220;true&#8220; visibility=&#8220;visible-sm&#8220;][vc_column][vc_single_image image=&#8220;11705&#8243; img_size=&#8220;1100&#215;995&#8243;][vc_empty_space][\/vc_column][\/vc_row][vc_row][vc_column][vc_btn title=&#8220;JETZT SPENDEN&#8220; color=&#8220;primary&#8220; align=&#8220;center&#8220; link=&#8220;url:%23Marokko&#8220;][vc_empty_space][vc_column_text css=&#8220;.vc_custom_1694434143336{margin-bottom: 0px !important;}&#8220;] Hilfe f\u00fcr Marokko nach der Erdbebenkatastrophe [\/vc_column_text][vc_column_text css=&#8220;.vc_custom_1696426530759{margin-bottom: 0px !important;}&#8220;]\u00dcber 2.800 Toten und mindestens genausoviele Verletzte werden nach dem verheerenden Erdbeben in der Nacht auf den 9. September in Marokko gemeldet. Tausende Menschen sind obdachlos [&hellip;]<\/p>\n","protected":false},"author":975902,"featured_media":0,"parent":0,"menu_order":0,"comment_status":"closed","ping_status":"closed","template":"","meta":{"footnotes":"","_links_to":"","_links_to_target":""},"class_list":["post-11698","page","type-page","status-publish","hentry"],"yoast_head":"<!-- This site is optimized with the Yoast SEO plugin v27.1.1 - https:\/\/yoast.com\/product\/yoast-seo-wordpress\/ -->\n<title>Hilfe f\u00fcr Marokko nach der Erdbebenkatastrophe - CBN Deutschland<\/title>\n<meta name=\"description\" content=\"Die CBN Hilfswerke Orphan\u2019s Promise und Operation Blessing arbeiten weiter in der Ukraine. Helfen Sie jetzt mit Ihrer Spende!\" \/>\n<meta name=\"robots\" content=\"index, follow, max-snippet:-1, max-image-preview:large, max-video-preview:-1\" \/>\n<link rel=\"canonical\" href=\"https:\/\/cbndeutschland.org\/de\/spenden-marokko\/\" \/>\n<meta property=\"og:locale\" content=\"de_DE\" \/>\n<meta property=\"og:type\" content=\"article\" \/>\n<meta property=\"og:title\" content=\"Hilfe f\u00fcr Marokko nach der Erdbebenkatastrophe - CBN Deutschland\" \/>\n<meta property=\"og:description\" content=\"Die CBN Hilfswerke Orphan\u2019s Promise und Operation Blessing arbeiten weiter in der Ukraine. Helfen Sie jetzt mit Ihrer Spende!\" \/>\n<meta property=\"og:url\" content=\"https:\/\/cbndeutschland.org\/de\/spenden-marokko\/\" \/>\n<meta property=\"og:site_name\" content=\"CBN Deutschland\" \/>\n<meta property=\"article:modified_time\" content=\"2024-02-22T16:14:53+00:00\" \/>\n<meta property=\"og:image\" content=\"https:\/\/cbndeutschland.org\/wp-content\/uploads\/2023\/09\/vlcsnap-2023-02-13-13h06m24s180-194x300.png\" \/>\n<meta name=\"twitter:card\" content=\"summary_large_image\" \/>\n<meta name=\"twitter:label1\" content=\"Est. reading time\" \/>\n\t<meta name=\"twitter:data1\" content=\"3 Minuten\" \/>\n<script type=\"application\/ld+json\" class=\"yoast-schema-graph\">{\"@context\":\"https:\/\/schema.org\",\"@graph\":[{\"@type\":\"WebPage\",\"@id\":\"https:\/\/cbndeutschland.org\/de\/spenden-marokko\/\",\"url\":\"https:\/\/cbndeutschland.org\/de\/spenden-marokko\/\",\"name\":\"Hilfe f\u00fcr Marokko nach der Erdbebenkatastrophe - CBN Deutschland\",\"isPartOf\":{\"@id\":\"https:\/\/cbndeutschland.org\/de\/#website\"},\"primaryImageOfPage\":{\"@id\":\"https:\/\/cbndeutschland.org\/de\/spenden-marokko\/#primaryimage\"},\"image\":{\"@id\":\"https:\/\/cbndeutschland.org\/de\/spenden-marokko\/#primaryimage\"},\"thumbnailUrl\":\"https:\/\/cbndeutschland.org\/wp-content\/uploads\/2023\/09\/vlcsnap-2023-02-13-13h06m24s180-194x300.png\",\"datePublished\":\"2023-09-11T13:58:54+00:00\",\"dateModified\":\"2024-02-22T16:14:53+00:00\",\"description\":\"Die CBN Hilfswerke Orphan\u2019s Promise und Operation Blessing arbeiten weiter in der Ukraine. Helfen Sie jetzt mit Ihrer Spende!\",\"breadcrumb\":{\"@id\":\"https:\/\/cbndeutschland.org\/de\/spenden-marokko\/#breadcrumb\"},\"inLanguage\":\"de-DE\",\"potentialAction\":[{\"@type\":\"ReadAction\",\"target\":[\"https:\/\/cbndeutschland.org\/de\/spenden-marokko\/\"]}]},{\"@type\":\"ImageObject\",\"inLanguage\":\"de-DE\",\"@id\":\"https:\/\/cbndeutschland.org\/de\/spenden-marokko\/#primaryimage\",\"url\":\"https:\/\/cbndeutschland.org\/wp-content\/uploads\/2023\/09\/vlcsnap-2023-02-13-13h06m24s180-194x300.png\",\"contentUrl\":\"https:\/\/cbndeutschland.org\/wp-content\/uploads\/2023\/09\/vlcsnap-2023-02-13-13h06m24s180-194x300.png\"},{\"@type\":\"BreadcrumbList\",\"@id\":\"https:\/\/cbndeutschland.org\/de\/spenden-marokko\/#breadcrumb\",\"itemListElement\":[{\"@type\":\"ListItem\",\"position\":1,\"name\":\"Startseite\",\"item\":\"https:\/\/cbndeutschland.org\/de\/\"},{\"@type\":\"ListItem\",\"position\":2,\"name\":\"Hilfe f\u00fcr Marokko nach der Erdbebenkatastrophe\"}]},{\"@type\":\"WebSite\",\"@id\":\"https:\/\/cbndeutschland.org\/de\/#website\",\"url\":\"https:\/\/cbndeutschland.org\/de\/\",\"name\":\"CBN Deutschland\",\"description\":\"CBN Deutschland\",\"publisher\":{\"@id\":\"https:\/\/cbndeutschland.org\/de\/#organization\"},\"potentialAction\":[{\"@type\":\"SearchAction\",\"target\":{\"@type\":\"EntryPoint\",\"urlTemplate\":\"https:\/\/cbndeutschland.org\/de\/?s={search_term_string}\"},\"query-input\":{\"@type\":\"PropertyValueSpecification\",\"valueRequired\":true,\"valueName\":\"search_term_string\"}}],\"inLanguage\":\"de-DE\"},{\"@type\":\"Organization\",\"@id\":\"https:\/\/cbndeutschland.org\/de\/#organization\",\"name\":\"CBN Deutschland\",\"url\":\"https:\/\/cbndeutschland.org\/de\/\",\"logo\":{\"@type\":\"ImageObject\",\"inLanguage\":\"de-DE\",\"@id\":\"https:\/\/cbndeutschland.org\/de\/#\/schema\/logo\/image\/\",\"url\":\"https:\/\/cbndeutschland.org\/wp-content\/uploads\/2017\/02\/cbn-logo-web-blue.png\",\"contentUrl\":\"https:\/\/cbndeutschland.org\/wp-content\/uploads\/2017\/02\/cbn-logo-web-blue.png\",\"width\":385,\"height\":55,\"caption\":\"CBN Deutschland\"},\"image\":{\"@id\":\"https:\/\/cbndeutschland.org\/de\/#\/schema\/logo\/image\/\"}}]}<\/script>\n<!-- \/ Yoast SEO plugin. -->","yoast_head_json":{"title":"Hilfe f\u00fcr Marokko nach der Erdbebenkatastrophe - CBN Deutschland","description":"Die CBN Hilfswerke Orphan\u2019s Promise und Operation Blessing arbeiten weiter in der Ukraine. Helfen Sie jetzt mit Ihrer Spende!","robots":{"index":"index","follow":"follow","max-snippet":"max-snippet:-1","max-image-preview":"max-image-preview:large","max-video-preview":"max-video-preview:-1"},"canonical":"https:\/\/cbndeutschland.org\/de\/spenden-marokko\/","og_locale":"de_DE","og_type":"article","og_title":"Hilfe f\u00fcr Marokko nach der Erdbebenkatastrophe - CBN Deutschland","og_description":"Die CBN Hilfswerke Orphan\u2019s Promise und Operation Blessing arbeiten weiter in der Ukraine. Helfen Sie jetzt mit Ihrer Spende!","og_url":"https:\/\/cbndeutschland.org\/de\/spenden-marokko\/","og_site_name":"CBN Deutschland","article_modified_time":"2024-02-22T16:14:53+00:00","og_image":[{"url":"https:\/\/cbndeutschland.org\/wp-content\/uploads\/2023\/09\/vlcsnap-2023-02-13-13h06m24s180-194x300.png","type":"","width":"","height":""}],"twitter_card":"summary_large_image","twitter_misc":{"Est. reading time":"3 Minuten"},"schema":{"@context":"https:\/\/schema.org","@graph":[{"@type":"WebPage","@id":"https:\/\/cbndeutschland.org\/de\/spenden-marokko\/","url":"https:\/\/cbndeutschland.org\/de\/spenden-marokko\/","name":"Hilfe f\u00fcr Marokko nach der Erdbebenkatastrophe - CBN Deutschland","isPartOf":{"@id":"https:\/\/cbndeutschland.org\/de\/#website"},"primaryImageOfPage":{"@id":"https:\/\/cbndeutschland.org\/de\/spenden-marokko\/#primaryimage"},"image":{"@id":"https:\/\/cbndeutschland.org\/de\/spenden-marokko\/#primaryimage"},"thumbnailUrl":"https:\/\/cbndeutschland.org\/wp-content\/uploads\/2023\/09\/vlcsnap-2023-02-13-13h06m24s180-194x300.png","datePublished":"2023-09-11T13:58:54+00:00","dateModified":"2024-02-22T16:14:53+00:00","description":"Die CBN Hilfswerke Orphan\u2019s Promise und Operation Blessing arbeiten weiter in der Ukraine. Helfen Sie jetzt mit Ihrer Spende!","breadcrumb":{"@id":"https:\/\/cbndeutschland.org\/de\/spenden-marokko\/#breadcrumb"},"inLanguage":"de-DE","potentialAction":[{"@type":"ReadAction","target":["https:\/\/cbndeutschland.org\/de\/spenden-marokko\/"]}]},{"@type":"ImageObject","inLanguage":"de-DE","@id":"https:\/\/cbndeutschland.org\/de\/spenden-marokko\/#primaryimage","url":"https:\/\/cbndeutschland.org\/wp-content\/uploads\/2023\/09\/vlcsnap-2023-02-13-13h06m24s180-194x300.png","contentUrl":"https:\/\/cbndeutschland.org\/wp-content\/uploads\/2023\/09\/vlcsnap-2023-02-13-13h06m24s180-194x300.png"},{"@type":"BreadcrumbList","@id":"https:\/\/cbndeutschland.org\/de\/spenden-marokko\/#breadcrumb","itemListElement":[{"@type":"ListItem","position":1,"name":"Startseite","item":"https:\/\/cbndeutschland.org\/de\/"},{"@type":"ListItem","position":2,"name":"Hilfe f\u00fcr Marokko nach der Erdbebenkatastrophe"}]},{"@type":"WebSite","@id":"https:\/\/cbndeutschland.org\/de\/#website","url":"https:\/\/cbndeutschland.org\/de\/","name":"CBN Deutschland","description":"CBN Deutschland","publisher":{"@id":"https:\/\/cbndeutschland.org\/de\/#organization"},"potentialAction":[{"@type":"SearchAction","target":{"@type":"EntryPoint","urlTemplate":"https:\/\/cbndeutschland.org\/de\/?s={search_term_string}"},"query-input":{"@type":"PropertyValueSpecification","valueRequired":true,"valueName":"search_term_string"}}],"inLanguage":"de-DE"},{"@type":"Organization","@id":"https:\/\/cbndeutschland.org\/de\/#organization","name":"CBN Deutschland","url":"https:\/\/cbndeutschland.org\/de\/","logo":{"@type":"ImageObject","inLanguage":"de-DE","@id":"https:\/\/cbndeutschland.org\/de\/#\/schema\/logo\/image\/","url":"https:\/\/cbndeutschland.org\/wp-content\/uploads\/2017\/02\/cbn-logo-web-blue.png","contentUrl":"https:\/\/cbndeutschland.org\/wp-content\/uploads\/2017\/02\/cbn-logo-web-blue.png","width":385,"height":55,"caption":"CBN Deutschland"},"image":{"@id":"https:\/\/cbndeutschland.org\/de\/#\/schema\/logo\/image\/"}}]}},"_links":{"self":[{"href":"https:\/\/cbndeutschland.org\/de\/wp-json\/wp\/v2\/pages\/11698","targetHints":{"allow":["GET"]}}],"collection":[{"href":"https:\/\/cbndeutschland.org\/de\/wp-json\/wp\/v2\/pages"}],"about":[{"href":"https:\/\/cbndeutschland.org\/de\/wp-json\/wp\/v2\/types\/page"}],"author":[{"embeddable":true,"href":"https:\/\/cbndeutschland.org\/de\/wp-json\/wp\/v2\/users\/975902"}],"replies":[{"embeddable":true,"href":"https:\/\/cbndeutschland.org\/de\/wp-json\/wp\/v2\/comments?post=11698"}],"version-history":[{"count":47,"href":"https:\/\/cbndeutschland.org\/de\/wp-json\/wp\/v2\/pages\/11698\/revisions"}],"predecessor-version":[{"id":11923,"href":"https:\/\/cbndeutschland.org\/de\/wp-json\/wp\/v2\/pages\/11698\/revisions\/11923"}],"wp:attachment":[{"href":"https:\/\/cbndeutschland.org\/de\/wp-json\/wp\/v2\/media?parent=11698"}],"curies":[{"name":"wp","href":"https:\/\/api.w.org\/{rel}","templated":true}]}}