{"id":11168,"date":"2023-05-25T12:48:24","date_gmt":"2023-05-25T10:48:24","guid":{"rendered":"https:\/\/cbndeutschland.org\/?page_id=11168"},"modified":"2024-10-10T07:07:55","modified_gmt":"2024-10-10T05:07:55","slug":"staffel-5","status":"publish","type":"page","link":"https:\/\/cbndeutschland.org\/de\/superbuch\/staffel-5\/","title":{"rendered":"Superbuch Staffel 5"},"content":{"rendered":"<div class=\"wpb-content-wrapper\">[vc_row fullwidth=&#8220;true&#8220;][vc_column][vc_single_image image=&#8220;11223&#8243; img_size=&#8220;full&#8220; alignment=&#8220;center&#8220; onclick=&#8220;custom_link&#8220; link=&#8220;http:\/\/shop-cbn.eu&#8220;][\/vc_column][\/vc_row][vc_row][vc_column][vc_btn title=&#8220;Jetzt bestellen&#8220; color=&#8220;primary&#8220; align=&#8220;center&#8220; i_icon_fontawesome=&#8220;fas fa-shopping-cart&#8220; add_icon=&#8220;true&#8220; link=&#8220;url:https%3A%2F%2Fshop-cbn.eu%2Fcollections%2Fstaffeln%2Fproducts%2Fsuperbuch-staffel-5-komplettpaket&#8220;][vc_empty_space][mk_fancy_title color=&#8220;#05718e&#8220; size=&#8220;31&#8243; font_family=&#8220;none&#8220; align=&#8220;center&#8220;]\n<h1 style=\"text-align: center;\"><strong>Superbuch Staffel 5<\/strong><\/h1>\n[\/mk_fancy_title][\/vc_column][\/vc_row][vc_row][vc_column width=&#8220;1\/4&#8243;][\/vc_column][vc_column width=&#8220;1\/2&#8243;][\/vc_column][vc_column width=&#8220;1\/4&#8243;][\/vc_column][\/vc_row][vc_row][vc_column width=&#8220;1\/2&#8243;][mk_fancy_title color=&#8220;#05718e&#8220; size=&#8220;31&#8243; font_family=&#8220;none&#8220; align=&#8220;center&#8220;]\n<h3 style=\"text-align: center;\"><strong>Das erwartet Dich in Staffel 5:<\/strong><\/h3>\n[\/mk_fancy_title][vc_column_text css=&#8220;.vc_custom_1707930624956{margin-bottom: 0px !important;}&#8220;]Seit dem<strong> 1. Oktober gibt es Superbuch Staffel 5 im Handel<\/strong>.\u00a0In Staffel 5 erwarten Dich <strong>16 spannende neue Abenteuer<\/strong> und interessante Begegnungen mit Menschen aus der Bibel u. a.<strong> mit Mose, dem Z\u00f6llner Zach\u00e4us, dem Propheten Jesaja und nat\u00fcrlich Jesus!<\/strong> Werde mit Chris, Joy und Gizmo <strong>Zeuge der Bergpredigt<\/strong> und erfahre, <strong>wie man auch in schweren Zeiten am Glauben festhalten kann<\/strong>. Au\u00dferdem gibt es ein <strong>weiteres Highlight in dieser Staffel: Chris und Joy lassen sich taufen.<\/strong>[\/vc_column_text][\/vc_column][vc_column width=&#8220;1\/2&#8243;][vc_video link=&#8220;https:\/\/youtu.be\/SC_Prynxtlk&#8220;][vc_empty_space][\/vc_column][\/vc_row][vc_row][vc_column width=&#8220;1\/2&#8243;][vc_empty_space height=&#8220;60px&#8220;][vc_single_image image=&#8220;11229&#8243; img_size=&#8220;410&#215;510&#8243; alignment=&#8220;center&#8220;][\/vc_column][vc_column width=&#8220;1\/2&#8243;][vc_empty_space height=&#8220;40px&#8220;][vc_column_text css=&#8220;.vc_custom_1684997047492{margin-bottom: 0px !important;}&#8220;]<strong>Alle Folgen im \u00dcberblick:<\/strong><\/p>\n<p>1. Die Geburt von Mose<br \/>\n2. Nikodemus<br \/>\n3. Zach\u00e4us<br \/>\n4. Die Bergpredigt<br \/>\n5. Jesaja<br \/>\n6. Getauft<br \/>\n7. Jesus \u2013 Freund der S\u00fcnder<br \/>\n8. Paulus h\u00e4lt am Glauben fest<br \/>\n9. Liebe deine Feinde<br \/>\n10. Paulus und der unbekannte Gott \u2013 Teil 1<br \/>\n11. Paulus und der unbekannte Gott \u2013 Teil 2<br \/>\n12. Der zweifelnde Thomas<br \/>\n13. Die Verhei\u00dfung eines Kindes<br \/>\n14. Gerettet<br \/>\n15. Helden der Bibel<br \/>\n16. Das Opfer der armen Witwe[\/vc_column_text][vc_column_text css=&#8220;.vc_custom_1684997818570{margin-bottom: 0px !important;}&#8220;]Laufzeit pro Folge ca. 26 min.<br \/>\nDVD: Deutsch: Stereo, Surround 5.1, UT; Englisch: Stereo, UT[\/vc_column_text][\/vc_column][\/vc_row][vc_row][vc_column][vc_empty_space][vc_empty_space][mk_title_box highlight_color=&#8220;#eded7b&#8220; highlight_opacity=&#8220;1&#8243; font_weight=&#8220;600&#8243; letter_spacing=&#8220;5&#8243; stroke=&#8220;5&#8243; stroke_color=&#8220;#eeee22&#8243; font_family=&#8220;none&#8220; align=&#8220;center&#8220;]FSK Empfehlung: Ab 6 Jahren[\/mk_title_box][vc_empty_space][\/vc_column][\/vc_row][vc_row][vc_column][vc_btn title=&#8220;Jetzt bestellen&#8220; color=&#8220;primary&#8220; align=&#8220;center&#8220; i_icon_fontawesome=&#8220;fas fa-shopping-cart&#8220; add_icon=&#8220;true&#8220; link=&#8220;url:https%3A%2F%2Fshop-cbn.eu%2Fcollections%2Fstaffeln%2Fproducts%2Fsuperbuch-staffel-5-komplettpaket&#8220;][\/vc_column][\/vc_row][vc_row][vc_column][vc_empty_space][\/vc_column][\/vc_row]\n<\/div>","protected":false},"excerpt":{"rendered":"<p>[vc_row fullwidth=&#8220;true&#8220;][vc_column][vc_single_image image=&#8220;11223&#8243; img_size=&#8220;full&#8220; alignment=&#8220;center&#8220; onclick=&#8220;custom_link&#8220; link=&#8220;http:\/\/shop-cbn.eu&#8220;][\/vc_column][\/vc_row][vc_row][vc_column][vc_btn title=&#8220;Jetzt bestellen&#8220; color=&#8220;primary&#8220; align=&#8220;center&#8220; i_icon_fontawesome=&#8220;fas fa-shopping-cart&#8220; add_icon=&#8220;true&#8220; link=&#8220;url:https%3A%2F%2Fshop-cbn.eu%2Fcollections%2Fstaffeln%2Fproducts%2Fsuperbuch-staffel-5-komplettpaket&#8220;][vc_empty_space][mk_fancy_title color=&#8220;#05718e&#8220; size=&#8220;31&#8243; font_family=&#8220;none&#8220; align=&#8220;center&#8220;] Superbuch Staffel 5 [\/mk_fancy_title][\/vc_column][\/vc_row][vc_row][vc_column width=&#8220;1\/4&#8243;][\/vc_column][vc_column width=&#8220;1\/2&#8243;][\/vc_column][vc_column width=&#8220;1\/4&#8243;][\/vc_column][\/vc_row][vc_row][vc_column width=&#8220;1\/2&#8243;][mk_fancy_title color=&#8220;#05718e&#8220; size=&#8220;31&#8243; font_family=&#8220;none&#8220; align=&#8220;center&#8220;] Das erwartet Dich in Staffel 5: [\/mk_fancy_title][vc_column_text css=&#8220;.vc_custom_1707930624956{margin-bottom: 0px !important;}&#8220;]Seit dem 1. Oktober gibt es Superbuch Staffel 5 im Handel.\u00a0In Staffel 5 erwarten Dich [&hellip;]<\/p>\n","protected":false},"author":2,"featured_media":0,"parent":19,"menu_order":0,"comment_status":"closed","ping_status":"closed","template":"","meta":{"footnotes":"","_links_to":"","_links_to_target":""},"class_list":["post-11168","page","type-page","status-publish","hentry"],"yoast_head":"<!-- This site is optimized with the Yoast SEO plugin v27.1.1 - https:\/\/yoast.com\/product\/yoast-seo-wordpress\/ -->\n<title>Die neue Staffel 5 von SuperbuchSuperbuch Staffel 5 - CBN Deutschland<\/title>\n<meta name=\"description\" content=\"Die Staffel 5 mit 16 neuen Superbuch-Abenteuern mit spannenden Begegnungen mit Figuren aus der Bibel. Jetzt erh\u00e4ltlich!\" \/>\n<meta name=\"robots\" content=\"index, follow, max-snippet:-1, max-image-preview:large, max-video-preview:-1\" \/>\n<link rel=\"canonical\" href=\"https:\/\/cbndeutschland.org\/de\/superbuch\/staffel-5\/\" \/>\n<meta property=\"og:locale\" content=\"de_DE\" \/>\n<meta property=\"og:type\" content=\"article\" \/>\n<meta property=\"og:title\" content=\"Die neue Staffel 5 von SuperbuchSuperbuch Staffel 5 - CBN Deutschland\" \/>\n<meta property=\"og:description\" content=\"Die Staffel 5 mit 16 neuen Superbuch-Abenteuern mit spannenden Begegnungen mit Figuren aus der Bibel. Jetzt erh\u00e4ltlich!\" \/>\n<meta property=\"og:url\" content=\"https:\/\/cbndeutschland.org\/de\/superbuch\/staffel-5\/\" \/>\n<meta property=\"og:site_name\" content=\"CBN Deutschland\" \/>\n<meta property=\"article:modified_time\" content=\"2024-10-10T05:07:55+00:00\" \/>\n<meta name=\"twitter:card\" content=\"summary_large_image\" \/>\n<meta name=\"twitter:label1\" content=\"Est. reading time\" \/>\n\t<meta name=\"twitter:data1\" content=\"2 Minuten\" \/>\n<script type=\"application\/ld+json\" class=\"yoast-schema-graph\">{\"@context\":\"https:\/\/schema.org\",\"@graph\":[{\"@type\":\"WebPage\",\"@id\":\"https:\/\/cbndeutschland.org\/de\/superbuch\/staffel-5\/\",\"url\":\"https:\/\/cbndeutschland.org\/de\/superbuch\/staffel-5\/\",\"name\":\"Die neue Staffel 5 von SuperbuchSuperbuch Staffel 5 - CBN Deutschland\",\"isPartOf\":{\"@id\":\"https:\/\/cbndeutschland.org\/de\/#website\"},\"datePublished\":\"2023-05-25T10:48:24+00:00\",\"dateModified\":\"2024-10-10T05:07:55+00:00\",\"description\":\"Die Staffel 5 mit 16 neuen Superbuch-Abenteuern mit spannenden Begegnungen mit Figuren aus der Bibel. Jetzt erh\u00e4ltlich!\",\"breadcrumb\":{\"@id\":\"https:\/\/cbndeutschland.org\/de\/superbuch\/staffel-5\/#breadcrumb\"},\"inLanguage\":\"de-DE\",\"potentialAction\":[{\"@type\":\"ReadAction\",\"target\":[\"https:\/\/cbndeutschland.org\/de\/superbuch\/staffel-5\/\"]}]},{\"@type\":\"BreadcrumbList\",\"@id\":\"https:\/\/cbndeutschland.org\/de\/superbuch\/staffel-5\/#breadcrumb\",\"itemListElement\":[{\"@type\":\"ListItem\",\"position\":1,\"name\":\"Startseite\",\"item\":\"https:\/\/cbndeutschland.org\/de\/\"},{\"@type\":\"ListItem\",\"position\":2,\"name\":\"Superbuch\",\"item\":\"\/superbuch\/ueber-superbuch\/\"},{\"@type\":\"ListItem\",\"position\":3,\"name\":\"Superbuch Staffel 5\"}]},{\"@type\":\"WebSite\",\"@id\":\"https:\/\/cbndeutschland.org\/de\/#website\",\"url\":\"https:\/\/cbndeutschland.org\/de\/\",\"name\":\"CBN Deutschland\",\"description\":\"CBN Deutschland\",\"publisher\":{\"@id\":\"https:\/\/cbndeutschland.org\/de\/#organization\"},\"potentialAction\":[{\"@type\":\"SearchAction\",\"target\":{\"@type\":\"EntryPoint\",\"urlTemplate\":\"https:\/\/cbndeutschland.org\/de\/?s={search_term_string}\"},\"query-input\":{\"@type\":\"PropertyValueSpecification\",\"valueRequired\":true,\"valueName\":\"search_term_string\"}}],\"inLanguage\":\"de-DE\"},{\"@type\":\"Organization\",\"@id\":\"https:\/\/cbndeutschland.org\/de\/#organization\",\"name\":\"CBN Deutschland\",\"url\":\"https:\/\/cbndeutschland.org\/de\/\",\"logo\":{\"@type\":\"ImageObject\",\"inLanguage\":\"de-DE\",\"@id\":\"https:\/\/cbndeutschland.org\/de\/#\/schema\/logo\/image\/\",\"url\":\"https:\/\/cbndeutschland.org\/wp-content\/uploads\/2017\/02\/cbn-logo-web-blue.png\",\"contentUrl\":\"https:\/\/cbndeutschland.org\/wp-content\/uploads\/2017\/02\/cbn-logo-web-blue.png\",\"width\":385,\"height\":55,\"caption\":\"CBN Deutschland\"},\"image\":{\"@id\":\"https:\/\/cbndeutschland.org\/de\/#\/schema\/logo\/image\/\"}}]}<\/script>\n<!-- \/ Yoast SEO plugin. -->","yoast_head_json":{"title":"Die neue Staffel 5 von SuperbuchSuperbuch Staffel 5 - CBN Deutschland","description":"Die Staffel 5 mit 16 neuen Superbuch-Abenteuern mit spannenden Begegnungen mit Figuren aus der Bibel. Jetzt erh\u00e4ltlich!","robots":{"index":"index","follow":"follow","max-snippet":"max-snippet:-1","max-image-preview":"max-image-preview:large","max-video-preview":"max-video-preview:-1"},"canonical":"https:\/\/cbndeutschland.org\/de\/superbuch\/staffel-5\/","og_locale":"de_DE","og_type":"article","og_title":"Die neue Staffel 5 von SuperbuchSuperbuch Staffel 5 - CBN Deutschland","og_description":"Die Staffel 5 mit 16 neuen Superbuch-Abenteuern mit spannenden Begegnungen mit Figuren aus der Bibel. Jetzt erh\u00e4ltlich!","og_url":"https:\/\/cbndeutschland.org\/de\/superbuch\/staffel-5\/","og_site_name":"CBN Deutschland","article_modified_time":"2024-10-10T05:07:55+00:00","twitter_card":"summary_large_image","twitter_misc":{"Est. reading time":"2 Minuten"},"schema":{"@context":"https:\/\/schema.org","@graph":[{"@type":"WebPage","@id":"https:\/\/cbndeutschland.org\/de\/superbuch\/staffel-5\/","url":"https:\/\/cbndeutschland.org\/de\/superbuch\/staffel-5\/","name":"Die neue Staffel 5 von SuperbuchSuperbuch Staffel 5 - CBN Deutschland","isPartOf":{"@id":"https:\/\/cbndeutschland.org\/de\/#website"},"datePublished":"2023-05-25T10:48:24+00:00","dateModified":"2024-10-10T05:07:55+00:00","description":"Die Staffel 5 mit 16 neuen Superbuch-Abenteuern mit spannenden Begegnungen mit Figuren aus der Bibel. Jetzt erh\u00e4ltlich!","breadcrumb":{"@id":"https:\/\/cbndeutschland.org\/de\/superbuch\/staffel-5\/#breadcrumb"},"inLanguage":"de-DE","potentialAction":[{"@type":"ReadAction","target":["https:\/\/cbndeutschland.org\/de\/superbuch\/staffel-5\/"]}]},{"@type":"BreadcrumbList","@id":"https:\/\/cbndeutschland.org\/de\/superbuch\/staffel-5\/#breadcrumb","itemListElement":[{"@type":"ListItem","position":1,"name":"Startseite","item":"https:\/\/cbndeutschland.org\/de\/"},{"@type":"ListItem","position":2,"name":"Superbuch","item":"\/superbuch\/ueber-superbuch\/"},{"@type":"ListItem","position":3,"name":"Superbuch Staffel 5"}]},{"@type":"WebSite","@id":"https:\/\/cbndeutschland.org\/de\/#website","url":"https:\/\/cbndeutschland.org\/de\/","name":"CBN Deutschland","description":"CBN Deutschland","publisher":{"@id":"https:\/\/cbndeutschland.org\/de\/#organization"},"potentialAction":[{"@type":"SearchAction","target":{"@type":"EntryPoint","urlTemplate":"https:\/\/cbndeutschland.org\/de\/?s={search_term_string}"},"query-input":{"@type":"PropertyValueSpecification","valueRequired":true,"valueName":"search_term_string"}}],"inLanguage":"de-DE"},{"@type":"Organization","@id":"https:\/\/cbndeutschland.org\/de\/#organization","name":"CBN Deutschland","url":"https:\/\/cbndeutschland.org\/de\/","logo":{"@type":"ImageObject","inLanguage":"de-DE","@id":"https:\/\/cbndeutschland.org\/de\/#\/schema\/logo\/image\/","url":"https:\/\/cbndeutschland.org\/wp-content\/uploads\/2017\/02\/cbn-logo-web-blue.png","contentUrl":"https:\/\/cbndeutschland.org\/wp-content\/uploads\/2017\/02\/cbn-logo-web-blue.png","width":385,"height":55,"caption":"CBN Deutschland"},"image":{"@id":"https:\/\/cbndeutschland.org\/de\/#\/schema\/logo\/image\/"}}]}},"_links":{"self":[{"href":"https:\/\/cbndeutschland.org\/de\/wp-json\/wp\/v2\/pages\/11168","targetHints":{"allow":["GET"]}}],"collection":[{"href":"https:\/\/cbndeutschland.org\/de\/wp-json\/wp\/v2\/pages"}],"about":[{"href":"https:\/\/cbndeutschland.org\/de\/wp-json\/wp\/v2\/types\/page"}],"author":[{"embeddable":true,"href":"https:\/\/cbndeutschland.org\/de\/wp-json\/wp\/v2\/users\/2"}],"replies":[{"embeddable":true,"href":"https:\/\/cbndeutschland.org\/de\/wp-json\/wp\/v2\/comments?post=11168"}],"version-history":[{"count":95,"href":"https:\/\/cbndeutschland.org\/de\/wp-json\/wp\/v2\/pages\/11168\/revisions"}],"predecessor-version":[{"id":12876,"href":"https:\/\/cbndeutschland.org\/de\/wp-json\/wp\/v2\/pages\/11168\/revisions\/12876"}],"up":[{"embeddable":true,"href":"https:\/\/cbndeutschland.org\/de\/wp-json\/wp\/v2\/pages\/19"}],"wp:attachment":[{"href":"https:\/\/cbndeutschland.org\/de\/wp-json\/wp\/v2\/media?parent=11168"}],"curies":[{"name":"wp","href":"https:\/\/api.w.org\/{rel}","templated":true}]}}