{"id":11,"date":"2017-01-10T13:34:25","date_gmt":"2017-01-10T12:34:25","guid":{"rendered":"https:\/\/cbndeutschland.org\/?page_id=11"},"modified":"2025-06-06T15:51:36","modified_gmt":"2025-06-06T13:51:36","slug":"unsere-vision","status":"publish","type":"page","link":"https:\/\/cbndeutschland.org\/de\/ueber-uns\/unsere-vision\/","title":{"rendered":"Unsere Vision"},"content":{"rendered":"<div class=\"wpb-content-wrapper\">[vc_row fullwidth=&#8220;true&#8220;][vc_column][vc_single_image image=&#8220;6921&#8243; img_size=&#8220;full&#8220; alignment=&#8220;center&#8220; css_animation=&#8220;fadeIn&#8220;][vc_empty_space height=&#8220;50px&#8220;][\/vc_column][\/vc_row][vc_row fullwidth=&#8220;true&#8220; fullwidth_content=&#8220;false&#8220;][vc_column][mk_fancy_title tag_name=&#8220;span&#8220; font_family=&#8220;none&#8220; animation=&#8220;fade-in&#8220;]\n<h1 style=\"text-align: center;\">Die Vision von CBN Deutschland<\/h1>\n[\/mk_fancy_title][vc_column_text animation=&#8220;fade-in&#8220; css=&#8220;.vc_custom_1749217894860{margin-bottom: 0px !important;}&#8220;]<span style=\"font-size: 120%;\">Unsere Vision ist es, Jesus Christus allen Menschen im deutschsprachigen Raum bekannt zu machen. Daher steht unsere gesamte Arbeit unter dem Motto: Menschen erleben Gott. CBN Deutschland ist Teil des weltweiten christlichen Medien-Netzwerks <em>Christian Broadcasting Network (CBN)<\/em>, das es sich zur Aufgabe gemacht hat, Jesus Christus \u00fcber verschiedene Medien und Gebetsangebote bekannt zu machen. Zum CBN Netzwerk geh\u00f6rt dar\u00fcber hinaus das humanit\u00e4re Hilfswerk <em>Operation Blessing<\/em>, das die Liebe Jesu praktisch weitergibt.<\/span>[\/vc_column_text][vc_empty_space height=&#8220;50px&#8220;][\/vc_column][\/vc_row][vc_row][vc_column][vc_raw_html]JTNDZGl2JTIwc3R5bGUlM0QlMjJ0ZXh0LWFsaWduJTNBJTIwY2VudGVyJTNCJTIyJTNFJTBBJTNDaWZyYW1lJTIwd2lkdGglM0QlMjI1NjAlMjIlMjBoZWlnaHQlM0QlMjIzMTUlMjIlMjBzcmMlM0QlMjJodHRwcyUzQSUyRiUyRnd3dy55b3V0dWJlLmNvbSUyRmVtYmVkJTJGQVFsZzZUS05La2slM0ZzaSUzRGZVMHRhRlI1OWlyTzBpbVUlMjIlMjB0aXRsZSUzRCUyMllvdVR1YmUlMjB2aWRlbyUyMHBsYXllciUyMiUyMGZyYW1lYm9yZGVyJTNEJTIyMCUyMiUyMGFsbG93JTNEJTIyYWNjZWxlcm9tZXRlciUzQiUyMGF1dG9wbGF5JTNCJTIwY2xpcGJvYXJkLXdyaXRlJTNCJTIwZW5jcnlwdGVkLW1lZGlhJTNCJTIwZ3lyb3Njb3BlJTNCJTIwcGljdHVyZS1pbi1waWN0dXJlJTNCJTIwd2ViLXNoYXJlJTIyJTIwcmVmZXJyZXJwb2xpY3klM0QlMjJzdHJpY3Qtb3JpZ2luLXdoZW4tY3Jvc3Mtb3JpZ2luJTIyJTIwYWxsb3dmdWxsc2NyZWVuJTNFJTNDJTJGaWZyYW1lJTNFJTBBJTNDJTJGZGl2JTNF[\/vc_raw_html][vc_empty_space][vc_empty_space][\/vc_column][\/vc_row][vc_row fullwidth=&#8220;true&#8220; fullwidth_content=&#8220;false&#8220; css=&#8220;.vc_custom_1714408599401{background-color: #f3f3f3 !important;}&#8220;][vc_column][vc_empty_space height=&#8220;75px&#8220;][vc_column_text animation=&#8220;fade-in&#8220; css=&#8220;.vc_custom_1714465188312{margin-bottom: 0px !important;}&#8220;]\n<h2 style=\"text-align: center;\">Was wir tun:<\/h2>\n[\/vc_column_text][vc_empty_space][vc_row_inner][vc_column_inner width=&#8220;1\/4&#8243;][vc_empty_space][vc_icon icon_fontawesome=&#8220;fas fa-tv&#8220; color=&#8220;custom&#8220; size=&#8220;xl&#8220; align=&#8220;center&#8220; css_animation=&#8220;fadeIn&#8220; css=&#8220;.vc_custom_1714408231713{background-position: center !important;background-repeat: no-repeat !important;background-size: cover !important;}&#8220; custom_color=&#8220;#079bdf&#8220;][\/vc_column_inner][vc_column_inner width=&#8220;1\/2&#8243;][vc_column_text animation=&#8220;fade-in&#8220; css=&#8220;.vc_custom_1714462434275{margin-bottom: 0px !important;}&#8220;]\n<h2 style=\"text-align: left;\"><strong>MEDIEN <\/strong><\/h2>\n<p style=\"text-align: left;\">Als Teil eines weltweiten, \u00fcberkonfessionellen christlichen Medien-Netzwerks publizieren wir \u00fcber \u00a0die g\u00e4ngigen Medienkan\u00e4le kostenlose TV-, Print- und Onlineangebote, die von Menschen und ihren Erlebnissen mit Gott berichten und unsere Zuschauer und Leser informieren, unterhalten und ermutigen m\u00f6chten. Mit unseren verschiedenen Sendungen und Angeboten wollen wir jede Zielgruppe individuell ansprechen.<\/p>\n[\/vc_column_text][vc_empty_space height=&#8220;75px&#8220;][\/vc_column_inner][vc_column_inner width=&#8220;1\/4&#8243;][vc_empty_space height=&#8220;55px&#8220;][mk_image_slideshow images=&#8220;6928,2713,3572,6930,3570,3574,6926&#8243; image_width=&#8220;698&#8243; image_height=&#8220;438&#8243; slideshow_speed=&#8220;4999&#8243;][\/vc_column_inner][\/vc_row_inner][vc_row_inner][vc_column_inner width=&#8220;1\/4&#8243;][vc_empty_space][vc_icon icon_fontawesome=&#8220;fas fa-praying-hands&#8220; color=&#8220;custom&#8220; size=&#8220;xl&#8220; align=&#8220;center&#8220; css_animation=&#8220;fadeIn&#8220; custom_color=&#8220;#079bdf&#8220;][\/vc_column_inner][vc_column_inner width=&#8220;1\/2&#8243;][vc_column_text animation=&#8220;fade-in&#8220; css=&#8220;.vc_custom_1714409347589{margin-bottom: 0px !important;}&#8220;]\n<h2 style=\"text-align: left;\"><strong>GEBET<\/strong><\/h2>\n<p style=\"text-align: left;\">Wir bei CBN Deutschland glauben an die Kraft des gemeinsamen Gebets und unterst\u00fctzen Menschen in ihren Anliegen und Sorgen pers\u00f6nlich. In unserer <a href=\"https:\/\/cbndeutschland.org\/de\/gebetshotline\/\">Gebetshotline<\/a> beten unsere Mitarbeiter in einem vertraulichen Rahmen gerne mit und f\u00fcr unsere Anrufer.<\/p>\n[\/vc_column_text][vc_empty_space height=&#8220;75px&#8220;][\/vc_column_inner][vc_column_inner width=&#8220;1\/4&#8243;][vc_empty_space height=&#8220;55px&#8220;][mk_image_slideshow images=&#8220;3575,3576,3577&#8243; image_width=&#8220;600&#8243; image_height=&#8220;400&#8243; slideshow_speed=&#8220;4999&#8243;][\/vc_column_inner][\/vc_row_inner][vc_row_inner animation=&#8220;fade-in&#8220;][vc_column_inner width=&#8220;1\/4&#8243;][vc_empty_space][vc_icon icon_fontawesome=&#8220;fas fa-heart&#8220; color=&#8220;custom&#8220; size=&#8220;xl&#8220; align=&#8220;center&#8220; css_animation=&#8220;fadeIn&#8220; custom_color=&#8220;#079bdf&#8220;][\/vc_column_inner][vc_column_inner width=&#8220;1\/2&#8243;][vc_column_text css=&#8220;.vc_custom_1714409341346{margin-bottom: 0px !important;}&#8220;]\n<h2 style=\"text-align: left;\"><strong>HUMANIT\u00c4RES ENGAGEMENT<br \/>\n<\/strong><\/h2>\n<p style=\"text-align: left;\">Wir wollen als Christen ein Licht in der Welt sein und mit dem was wir haben, auch andere unterst\u00fctzen. Das tun wir mit unseren Partnern: den CBN-Hilfswerken Operation Blessing und Orphan&#8217;s Promise. Sie f\u00fchren <a href=\"https:\/\/cbndeutschland.org\/de\/humanitaere-hilfe\/\">humanit\u00e4re Projekte<\/a> in den Bereichen Hilfe f\u00fcr Kinder in Not, Katastrophenhilfe, Hungerhilfe, Wasserversorgung und Medizinische Hilfe durch.<\/p>\n[\/vc_column_text][vc_empty_space height=&#8220;75px&#8220;][\/vc_column_inner][vc_column_inner width=&#8220;1\/4&#8243;][vc_empty_space height=&#8220;55px&#8220;][mk_image_slideshow images=&#8220;4434,4443,4435,4436,4442,4439,4445&#8243; image_width=&#8220;698&#8243; image_height=&#8220;438&#8243; slideshow_speed=&#8220;4999&#8243;][\/vc_column_inner][\/vc_row_inner][vc_row_inner animation=&#8220;fade-in&#8220;][vc_column_inner width=&#8220;1\/4&#8243;][vc_empty_space][vc_icon icon_fontawesome=&#8220;fas fa-child&#8220; color=&#8220;custom&#8220; size=&#8220;xl&#8220; align=&#8220;center&#8220; css_animation=&#8220;fadeIn&#8220; custom_color=&#8220;#079bdf&#8220;][\/vc_column_inner][vc_column_inner width=&#8220;1\/2&#8243;][vc_column_text css=&#8220;.vc_custom_1714462369410{margin-bottom: 0px !important;}&#8220;]\n<h2 style=\"text-align: left;\"><strong>SUPERBUCH<br \/>\n<\/strong><\/h2>\n<p style=\"text-align: left;\">Auch die n\u00e4chste Generation liegt uns am Herzen. Daher haben wir mit der animierten Serie <a href=\"https:\/\/cbndeutschland.org\/de\/superbuch\/ueber-superbuch\/\">Superbuch<\/a> speziell ein Angebot f\u00fcr Kinder im Programm. Weltweit haben mit der Erfolgsserie schon tausende Kinder die Botschaft von Gottes Liebe kennengelernt. Das w\u00fcnschen wir uns auch f\u00fcr den deutschsprachigen Raum.<\/p>\n[\/vc_column_text][vc_empty_space height=&#8220;75px&#8220;][\/vc_column_inner][vc_column_inner width=&#8220;1\/4&#8243;][vc_empty_space height=&#8220;55px&#8220;][mk_image_slideshow images=&#8220;6934,3571&#8243; image_width=&#8220;698&#8243; image_height=&#8220;438&#8243; slideshow_speed=&#8220;4999&#8243;][vc_empty_space height=&#8220;75px&#8220;][\/vc_column_inner][\/vc_row_inner][\/vc_column][\/vc_row][vc_row][vc_column][vc_empty_space height=&#8220;50px&#8220;][vc_empty_space height=&#8220;50px&#8220;][vc_column_text align=&#8220;center&#8220; animation=&#8220;fade-in&#8220; css=&#8220;.vc_custom_1714463301437{margin-bottom: 0px !important;}&#8220;]\n<h2 style=\"text-align: center;\"><strong>Werden Sie Teil von CBN!<\/strong><\/h2>\n<p style=\"text-align: center; font-size: 120%;\"><strong>Erfahren Sie, wie Sie <a href=\"https:\/\/cbndeutschland.org\/spenden\/partnerschaft\/\">Partner von CBN DEUTSCHLAND<\/a> werden k\u00f6nnen!<\/strong><\/p>\n[\/vc_column_text][vc_empty_space height=&#8220;50px&#8220;][\/vc_column][\/vc_row][vc_row animation=&#8220;fade-in&#8220;][vc_column width=&#8220;1\/4&#8243;][\/vc_column][vc_column width=&#8220;1\/2&#8243;][vc_single_image image=&#8220;11099&#8243; img_size=&#8220;400&#215;400&#8243; alignment=&#8220;center&#8220;][mk_button dimension=&#8220;two&#8220; corner_style=&#8220;rounded&#8220; size=&#8220;large&#8220; url=&#8220;https:\/\/cbndeutschland.org\/partnerschaft&#8220; target=&#8220;_blank&#8220; align=&#8220;center&#8220;]Partner werden[\/mk_button][vc_empty_space height=&#8220;50px&#8220;][\/vc_column][vc_column width=&#8220;1\/4&#8243;][\/vc_column][\/vc_row][vc_row][vc_column][vc_empty_space height=&#8220;50px&#8220;][\/vc_column][\/vc_row]\n<\/div>","protected":false},"excerpt":{"rendered":"<p>[vc_row fullwidth=&#8220;true&#8220;][vc_column][vc_single_image image=&#8220;6921&#8243; img_size=&#8220;full&#8220; alignment=&#8220;center&#8220; css_animation=&#8220;fadeIn&#8220;][vc_empty_space height=&#8220;50px&#8220;][\/vc_column][\/vc_row][vc_row fullwidth=&#8220;true&#8220; fullwidth_content=&#8220;false&#8220;][vc_column][mk_fancy_title tag_name=&#8220;span&#8220; font_family=&#8220;none&#8220; animation=&#8220;fade-in&#8220;] Die Vision von CBN Deutschland [\/mk_fancy_title][vc_column_text animation=&#8220;fade-in&#8220; css=&#8220;.vc_custom_1749217894860{margin-bottom: 0px !important;}&#8220;]Unsere Vision ist es, Jesus Christus allen Menschen im deutschsprachigen Raum bekannt zu machen. Daher steht unsere gesamte Arbeit unter dem Motto: Menschen erleben Gott. CBN Deutschland ist Teil des weltweiten christlichen Medien-Netzwerks Christian [&hellip;]<\/p>\n","protected":false},"author":1,"featured_media":0,"parent":180,"menu_order":7,"comment_status":"closed","ping_status":"closed","template":"","meta":{"footnotes":"","_links_to":"","_links_to_target":""},"class_list":["post-11","page","type-page","status-publish","hentry"],"yoast_head":"<!-- This site is optimized with the Yoast SEO plugin v27.1.1 - https:\/\/yoast.com\/product\/yoast-seo-wordpress\/ -->\n<title>Die Vision von CBN Deutschland Unsere Vision - CBN Deutschland<\/title>\n<meta name=\"description\" content=\"Unsere Vision und Mission bei CBN Deutschland ist es, Jesus Christus allen Menschen im deutschsprachigen Raum bekannt zu machen.\" \/>\n<meta name=\"robots\" content=\"index, follow, max-snippet:-1, max-image-preview:large, max-video-preview:-1\" \/>\n<link rel=\"canonical\" href=\"https:\/\/cbndeutschland.org\/de\/ueber-uns\/unsere-vision\/\" \/>\n<meta property=\"og:locale\" content=\"de_DE\" \/>\n<meta property=\"og:type\" content=\"article\" \/>\n<meta property=\"og:title\" content=\"Die Vision von CBN Deutschland Unsere Vision - CBN Deutschland\" \/>\n<meta property=\"og:description\" content=\"Unsere Vision und Mission bei CBN Deutschland ist es, Jesus Christus allen Menschen im deutschsprachigen Raum bekannt zu machen.\" \/>\n<meta property=\"og:url\" content=\"https:\/\/cbndeutschland.org\/de\/ueber-uns\/unsere-vision\/\" \/>\n<meta property=\"og:site_name\" content=\"CBN Deutschland\" \/>\n<meta property=\"article:modified_time\" content=\"2025-06-06T13:51:36+00:00\" \/>\n<meta name=\"twitter:card\" content=\"summary_large_image\" \/>\n<meta name=\"twitter:label1\" content=\"Est. reading time\" \/>\n\t<meta name=\"twitter:data1\" content=\"3 Minuten\" \/>\n<script type=\"application\/ld+json\" class=\"yoast-schema-graph\">{\"@context\":\"https:\/\/schema.org\",\"@graph\":[{\"@type\":\"WebPage\",\"@id\":\"https:\/\/cbndeutschland.org\/de\/ueber-uns\/unsere-vision\/\",\"url\":\"https:\/\/cbndeutschland.org\/de\/ueber-uns\/unsere-vision\/\",\"name\":\"Die Vision von CBN Deutschland Unsere Vision - CBN Deutschland\",\"isPartOf\":{\"@id\":\"https:\/\/cbndeutschland.org\/de\/#website\"},\"datePublished\":\"2017-01-10T12:34:25+00:00\",\"dateModified\":\"2025-06-06T13:51:36+00:00\",\"description\":\"Unsere Vision und Mission bei CBN Deutschland ist es, Jesus Christus allen Menschen im deutschsprachigen Raum bekannt zu machen.\",\"breadcrumb\":{\"@id\":\"https:\/\/cbndeutschland.org\/de\/ueber-uns\/unsere-vision\/#breadcrumb\"},\"inLanguage\":\"de-DE\",\"potentialAction\":[{\"@type\":\"ReadAction\",\"target\":[\"https:\/\/cbndeutschland.org\/de\/ueber-uns\/unsere-vision\/\"]}]},{\"@type\":\"BreadcrumbList\",\"@id\":\"https:\/\/cbndeutschland.org\/de\/ueber-uns\/unsere-vision\/#breadcrumb\",\"itemListElement\":[{\"@type\":\"ListItem\",\"position\":1,\"name\":\"Startseite\",\"item\":\"https:\/\/cbndeutschland.org\/de\/\"},{\"@type\":\"ListItem\",\"position\":2,\"name\":\"\u00dcber uns\",\"item\":\"\/unsere-vision\/\"},{\"@type\":\"ListItem\",\"position\":3,\"name\":\"Unsere Vision\"}]},{\"@type\":\"WebSite\",\"@id\":\"https:\/\/cbndeutschland.org\/de\/#website\",\"url\":\"https:\/\/cbndeutschland.org\/de\/\",\"name\":\"CBN Deutschland\",\"description\":\"CBN Deutschland\",\"publisher\":{\"@id\":\"https:\/\/cbndeutschland.org\/de\/#organization\"},\"potentialAction\":[{\"@type\":\"SearchAction\",\"target\":{\"@type\":\"EntryPoint\",\"urlTemplate\":\"https:\/\/cbndeutschland.org\/de\/?s={search_term_string}\"},\"query-input\":{\"@type\":\"PropertyValueSpecification\",\"valueRequired\":true,\"valueName\":\"search_term_string\"}}],\"inLanguage\":\"de-DE\"},{\"@type\":\"Organization\",\"@id\":\"https:\/\/cbndeutschland.org\/de\/#organization\",\"name\":\"CBN Deutschland\",\"url\":\"https:\/\/cbndeutschland.org\/de\/\",\"logo\":{\"@type\":\"ImageObject\",\"inLanguage\":\"de-DE\",\"@id\":\"https:\/\/cbndeutschland.org\/de\/#\/schema\/logo\/image\/\",\"url\":\"https:\/\/cbndeutschland.org\/wp-content\/uploads\/2017\/02\/cbn-logo-web-blue.png\",\"contentUrl\":\"https:\/\/cbndeutschland.org\/wp-content\/uploads\/2017\/02\/cbn-logo-web-blue.png\",\"width\":385,\"height\":55,\"caption\":\"CBN Deutschland\"},\"image\":{\"@id\":\"https:\/\/cbndeutschland.org\/de\/#\/schema\/logo\/image\/\"}}]}<\/script>\n<!-- \/ Yoast SEO plugin. -->","yoast_head_json":{"title":"Die Vision von CBN Deutschland Unsere Vision - CBN Deutschland","description":"Unsere Vision und Mission bei CBN Deutschland ist es, Jesus Christus allen Menschen im deutschsprachigen Raum bekannt zu machen.","robots":{"index":"index","follow":"follow","max-snippet":"max-snippet:-1","max-image-preview":"max-image-preview:large","max-video-preview":"max-video-preview:-1"},"canonical":"https:\/\/cbndeutschland.org\/de\/ueber-uns\/unsere-vision\/","og_locale":"de_DE","og_type":"article","og_title":"Die Vision von CBN Deutschland Unsere Vision - CBN Deutschland","og_description":"Unsere Vision und Mission bei CBN Deutschland ist es, Jesus Christus allen Menschen im deutschsprachigen Raum bekannt zu machen.","og_url":"https:\/\/cbndeutschland.org\/de\/ueber-uns\/unsere-vision\/","og_site_name":"CBN Deutschland","article_modified_time":"2025-06-06T13:51:36+00:00","twitter_card":"summary_large_image","twitter_misc":{"Est. reading time":"3 Minuten"},"schema":{"@context":"https:\/\/schema.org","@graph":[{"@type":"WebPage","@id":"https:\/\/cbndeutschland.org\/de\/ueber-uns\/unsere-vision\/","url":"https:\/\/cbndeutschland.org\/de\/ueber-uns\/unsere-vision\/","name":"Die Vision von CBN Deutschland Unsere Vision - CBN Deutschland","isPartOf":{"@id":"https:\/\/cbndeutschland.org\/de\/#website"},"datePublished":"2017-01-10T12:34:25+00:00","dateModified":"2025-06-06T13:51:36+00:00","description":"Unsere Vision und Mission bei CBN Deutschland ist es, Jesus Christus allen Menschen im deutschsprachigen Raum bekannt zu machen.","breadcrumb":{"@id":"https:\/\/cbndeutschland.org\/de\/ueber-uns\/unsere-vision\/#breadcrumb"},"inLanguage":"de-DE","potentialAction":[{"@type":"ReadAction","target":["https:\/\/cbndeutschland.org\/de\/ueber-uns\/unsere-vision\/"]}]},{"@type":"BreadcrumbList","@id":"https:\/\/cbndeutschland.org\/de\/ueber-uns\/unsere-vision\/#breadcrumb","itemListElement":[{"@type":"ListItem","position":1,"name":"Startseite","item":"https:\/\/cbndeutschland.org\/de\/"},{"@type":"ListItem","position":2,"name":"\u00dcber uns","item":"\/unsere-vision\/"},{"@type":"ListItem","position":3,"name":"Unsere Vision"}]},{"@type":"WebSite","@id":"https:\/\/cbndeutschland.org\/de\/#website","url":"https:\/\/cbndeutschland.org\/de\/","name":"CBN Deutschland","description":"CBN Deutschland","publisher":{"@id":"https:\/\/cbndeutschland.org\/de\/#organization"},"potentialAction":[{"@type":"SearchAction","target":{"@type":"EntryPoint","urlTemplate":"https:\/\/cbndeutschland.org\/de\/?s={search_term_string}"},"query-input":{"@type":"PropertyValueSpecification","valueRequired":true,"valueName":"search_term_string"}}],"inLanguage":"de-DE"},{"@type":"Organization","@id":"https:\/\/cbndeutschland.org\/de\/#organization","name":"CBN Deutschland","url":"https:\/\/cbndeutschland.org\/de\/","logo":{"@type":"ImageObject","inLanguage":"de-DE","@id":"https:\/\/cbndeutschland.org\/de\/#\/schema\/logo\/image\/","url":"https:\/\/cbndeutschland.org\/wp-content\/uploads\/2017\/02\/cbn-logo-web-blue.png","contentUrl":"https:\/\/cbndeutschland.org\/wp-content\/uploads\/2017\/02\/cbn-logo-web-blue.png","width":385,"height":55,"caption":"CBN Deutschland"},"image":{"@id":"https:\/\/cbndeutschland.org\/de\/#\/schema\/logo\/image\/"}}]}},"_links":{"self":[{"href":"https:\/\/cbndeutschland.org\/de\/wp-json\/wp\/v2\/pages\/11","targetHints":{"allow":["GET"]}}],"collection":[{"href":"https:\/\/cbndeutschland.org\/de\/wp-json\/wp\/v2\/pages"}],"about":[{"href":"https:\/\/cbndeutschland.org\/de\/wp-json\/wp\/v2\/types\/page"}],"author":[{"embeddable":true,"href":"https:\/\/cbndeutschland.org\/de\/wp-json\/wp\/v2\/users\/1"}],"replies":[{"embeddable":true,"href":"https:\/\/cbndeutschland.org\/de\/wp-json\/wp\/v2\/comments?post=11"}],"version-history":[{"count":50,"href":"https:\/\/cbndeutschland.org\/de\/wp-json\/wp\/v2\/pages\/11\/revisions"}],"predecessor-version":[{"id":19004,"href":"https:\/\/cbndeutschland.org\/de\/wp-json\/wp\/v2\/pages\/11\/revisions\/19004"}],"up":[{"embeddable":true,"href":"https:\/\/cbndeutschland.org\/de\/wp-json\/wp\/v2\/pages\/180"}],"wp:attachment":[{"href":"https:\/\/cbndeutschland.org\/de\/wp-json\/wp\/v2\/media?parent=11"}],"curies":[{"name":"wp","href":"https:\/\/api.w.org\/{rel}","templated":true}]}}