{"id":10835,"date":"2023-02-23T11:00:49","date_gmt":"2023-02-23T10:00:49","guid":{"rendered":"https:\/\/cbndeutschland.org\/?page_id=10835"},"modified":"2023-02-23T17:29:17","modified_gmt":"2023-02-23T16:29:17","slug":"spendenlauf-tuerkei","status":"publish","type":"page","link":"https:\/\/cbndeutschland.org\/de\/spendenlauf-tuerkei\/","title":{"rendered":"Spendenlauf f\u00fcr Erdbebenopfer in der T\u00fcrkei"},"content":{"rendered":"<div class=\"wpb-content-wrapper\">[vc_row fullwidth=&#8220;true&#8220;][vc_column][vc_single_image image=&#8220;10938&#8243; img_size=&#8220;full&#8220;][vc_empty_space][mk_countdown date=&#8220;04\/02\/2023 09:15:00&#8243;][\/vc_column][\/vc_row][vc_row][vc_column][vc_btn title=&#8220;JETZT SPENDEN&#8220; color=&#8220;primary&#8220; align=&#8220;center&#8220; link=&#8220;url:%23SpendenTuerkei&#8220;][vc_empty_space][vc_column_text css=&#8220;.vc_custom_1676445806162{margin-bottom: 0px !important;}&#8220;]\n<h3 style=\"text-align: center; color: #2c35dd;\"><strong>CBN Deutschland Team l\u00e4uft f\u00fcr Erdbebenopfer in der T\u00fcrkei<\/strong><\/h3>\n[\/vc_column_text][vc_empty_space][\/vc_column][\/vc_row][vc_row][vc_column][vc_column_text css=&#8220;.vc_custom_1677149568091{margin-bottom: 0px !important;}&#8220;]<strong>CBN Deutschland l\u00e4uft f\u00fcr die Erdbebenopfer in der T\u00fcrkei und Syrien beim Londoner Landmark Halbmarathon am Sonntag, den 02.04.2023. CBN Deutschland Gesch\u00e4ftsf\u00fchrer Andreas &#8222;Pitti&#8220; Heerwagen und Diana Jeruto Lagat, Managerin f\u00fcr humanit\u00e4re Projekte bei CBN, gehen bei dem Lauf f\u00fcr Charity-Organisationen an den Start, um mit Ihrer Hilfe Spenden f\u00fcr die humanit\u00e4ren Hilfsprojekte von Operation Blessing in der T\u00fcrkei zu sammeln.<\/strong>[\/vc_column_text][mk_fancy_title font_family=&#8220;none&#8220;]\n<h3 style=\"text-align: center;\">Unser Spendenziel: 42.000 \u20ac<\/h3>\n[\/mk_fancy_title][\/vc_column][\/vc_row][vc_row id=&#8220;#SpendenTuerkei&#8220;][vc_column width=&#8220;1\/4&#8243;][\/vc_column][vc_column width=&#8220;1\/2&#8243;][vc_video link=&#8220;https:\/\/youtu.be\/HSvtLNJCVxc&#8220;][vc_empty_space][\/vc_column][vc_column width=&#8220;1\/4&#8243;][\/vc_column][\/vc_row][vc_row][vc_column][vc_column_text css=&#8220;.vc_custom_1677149866980{margin-bottom: 0px !important;}&#8220;]<strong>Das CBN Hilfswerk Operation Blessing ist seit Beginn der Erdbebenkatastrophe mit einem Team vor Ort, um den Menschen zu helfen.<\/strong> Gleich zu Beginn begannen die Helfer <strong>Notfallbeutel mit Nahrungsmitteln, Hygieneartikeln und Solarlampen<\/strong> zu verteilen, um der akuten Not der Menschen zu begegnen. <strong>Lebensmittelverteilstationen<\/strong> wurden aufgebaut und eine <strong>Suppenk\u00fcche<\/strong> eingerichtet, die Helfer und Betroffene in der Region mit einer warmen Mahlzeit versorgen. Aktuell werden\u00a0<strong>1000 Mahlzeiten<\/strong> zubereitet und ausgegeben,\u00a0jeweils 500 morgens und abends. \u2014 Das Ausma\u00df der Katastrophe ist betr\u00e4chtlich, sodass wir einen l\u00e4ngerer Einsatz zur Unterst\u00fctzung der Menschen in Not planen.[\/vc_column_text][vc_column_text css=&#8220;.vc_custom_1677045140376{margin-bottom: 0px !important;}&#8220;]\n<p style=\"text-align: center;\"><strong>Unterst\u00fctzen Sie unsere L\u00e4ufer mit Ihrer Spende, damit wir noch mehr Menschen in der T\u00fcrkei helfen k\u00f6nnen.<\/strong><\/p>\n[\/vc_column_text][vc_empty_space][\/vc_column][\/vc_row][vc_row fullwidth=&#8220;true&#8220; css=&#8220;.vc_custom_1677147798843{background-color: #e8e8e8 !important;}&#8220;][vc_column width=&#8220;1\/4&#8243;][\/vc_column][vc_column width=&#8220;1\/2&#8243;][vc_empty_space el_id=&#8220;SpendenTuerkei&#8220;][vc_raw_js]JTNDZGl2JTIwc3R5bGUlM0QlMjJtYXJnaW4tdG9wJTNBLTEwcHglM0IlMjIlM0UlMEElM0MlMjEtLSUyMHR3aW5nbGUlMjAtLSUzRSUwQSUzQ3NjcmlwdCUyMHR5cGUlM0QlMjJ0ZXh0JTJGamF2YXNjcmlwdCUyMiUzRSUwQSUwOSUyOGZ1bmN0aW9uJTI4JTI5JTIwJTdCJTBBJTA5JTA5dmFyJTIwdSUzRCUyMmh0dHBzJTNBJTJGJTJGc3BlbmRlbi50d2luZ2xlLmRlJTJGZW1iZWQlMkZjYm4tZGV1dHNjaGxhbmQtZS12JTJGZXJkYmViZW4lMkZ0dzYzZTIxOGI4NzhkNzklMkZ3aWRnZXQlMjIlM0IlMEElMDklMDl2YXIlMjBpZCUyMCUzRCUyMCUyN18lMjclMjAlMkIlMjBNYXRoLnJhbmRvbSUyOCUyOS50b1N0cmluZyUyODM2JTI5LnN1YnN0ciUyODIlMkMlMjA5JTI5JTNCJTBBJTA5JTA5dmFyJTIwZCUzRGRvY3VtZW50JTJDJTIwZyUzRGQuY3JlYXRlRWxlbWVudCUyOCUyN3NjcmlwdCUyNyUyOSUyQyUyMHMlM0RkLmdldEVsZW1lbnRzQnlUYWdOYW1lJTI4JTI3c2NyaXB0JTI3JTI5JTVCMCU1RCUzQiUwQSUwOSUwOWRvY3VtZW50LndyaXRlJTI4JTI3JTNDZGl2JTIwaWQlM0QlMjJ0d2luZ2xlLXB1YmxpYy1lbWJlZC0lMjclMjAlMkIlMjBpZCUyMCUyQiUyMCUyNyUyMiUzRSUzQyUyRmRpdiUzRSUyNyUyOSUzQiUwQSUwOSUwOWcudHlwZSUzRCUyN3RleHQlMkZqYXZhc2NyaXB0JTI3JTNCJTIwZy5hc3luYyUzRHRydWUlM0IlMjBnLmRlZmVyJTNEdHJ1ZSUzQiUyMGcuc3JjJTNEdSUyQiUyNyUyRiUyNyUyQmlkJTNCJTIwcy5wYXJlbnROb2RlLmluc2VydEJlZm9yZSUyOGclMkNzJTI5JTNCJTBBJTA5JTdEJTI5JTI4JTI5JTNCJTBBJTNDJTJGc2NyaXB0JTNFJTBBJTNDJTIxLS0lMjB0d2luZ2xlJTIwLS0lM0UlMEElM0MlMkZkaXYlM0U=[\/vc_raw_js][vc_empty_space][\/vc_column][vc_column width=&#8220;1\/4&#8243;][\/vc_column][\/vc_row][vc_row][vc_column][vc_empty_space][vc_column_text css=&#8220;.vc_custom_1676446382637{margin-bottom: 0px !important;}&#8220;]\n<h1 style=\"text-align: center;\"><strong>Herzlichen Dank f\u00fcr Ihre Unterst\u00fctzung!<\/strong><\/h1>\n[\/vc_column_text][\/vc_column][\/vc_row][vc_row][vc_column][vc_empty_space][\/vc_column][\/vc_row][vc_row][vc_column width=&#8220;1\/5&#8243;][vc_single_image image=&#8220;5479&#8243; img_size=&#8220;40&#215;40&#8243;][\/vc_column][vc_column width=&#8220;4\/5&#8243;][vc_column_text css=&#8220;.vc_custom_1676446083962{margin-bottom: 0px !important;}&#8220;]<strong>Sicheres Spenden <\/strong><em>Die Daten werden \u00fcber eine verschl\u00fcsselte SSL (Secure-Socket-Layer) <\/em><em>Internet-Verbindung \u00fcbertragen und sind zu jedem Zeitpunkt sicher.<\/em>[\/vc_column_text][\/vc_column][\/vc_row][vc_row][vc_column][vc_empty_space height=&#8220;70px&#8220;][\/vc_column][\/vc_row][vc_row][vc_column][\/vc_column][\/vc_row]\n<\/div>","protected":false},"excerpt":{"rendered":"<p>[vc_row fullwidth=&#8220;true&#8220;][vc_column][vc_single_image image=&#8220;10938&#8243; img_size=&#8220;full&#8220;][vc_empty_space][mk_countdown date=&#8220;04\/02\/2023 09:15:00&#8243;][\/vc_column][\/vc_row][vc_row][vc_column][vc_btn title=&#8220;JETZT SPENDEN&#8220; color=&#8220;primary&#8220; align=&#8220;center&#8220; link=&#8220;url:%23SpendenTuerkei&#8220;][vc_empty_space][vc_column_text css=&#8220;.vc_custom_1676445806162{margin-bottom: 0px !important;}&#8220;] CBN Deutschland Team l\u00e4uft f\u00fcr Erdbebenopfer in der T\u00fcrkei [\/vc_column_text][vc_empty_space][\/vc_column][\/vc_row][vc_row][vc_column][vc_column_text css=&#8220;.vc_custom_1677149568091{margin-bottom: 0px !important;}&#8220;]CBN Deutschland l\u00e4uft f\u00fcr die Erdbebenopfer in der T\u00fcrkei und Syrien beim Londoner Landmark Halbmarathon am Sonntag, den 02.04.2023. CBN Deutschland Gesch\u00e4ftsf\u00fchrer Andreas &#8222;Pitti&#8220; Heerwagen und Diana Jeruto Lagat, [&hellip;]<\/p>\n","protected":false},"author":2,"featured_media":0,"parent":0,"menu_order":0,"comment_status":"closed","ping_status":"closed","template":"","meta":{"footnotes":"","_links_to":"","_links_to_target":""},"class_list":["post-10835","page","type-page","status-publish","hentry"],"yoast_head":"<!-- This site is optimized with the Yoast SEO plugin v27.1.1 - https:\/\/yoast.com\/product\/yoast-seo-wordpress\/ -->\n<title>Spendenlauf f\u00fcr Erdbebenopfer in der T\u00fcrkei - CBN Deutschland<\/title>\n<meta name=\"description\" content=\"Unsere Vision und Mission bei CBN DEUTSCHLAND ist, dass Menschen Gott erleben. Daher steht unsere gesamte Arbeit unter dem Slogan \u201eMenschen erleben Gott\u201c.\" \/>\n<meta name=\"robots\" content=\"index, follow, max-snippet:-1, max-image-preview:large, max-video-preview:-1\" \/>\n<link rel=\"canonical\" href=\"https:\/\/cbndeutschland.org\/de\/spendenlauf-tuerkei\/\" \/>\n<meta property=\"og:locale\" content=\"de_DE\" \/>\n<meta property=\"og:type\" content=\"article\" \/>\n<meta property=\"og:title\" content=\"Spendenlauf f\u00fcr Erdbebenopfer in der T\u00fcrkei - CBN Deutschland\" \/>\n<meta property=\"og:description\" content=\"Unsere Vision und Mission bei CBN DEUTSCHLAND ist, dass Menschen Gott erleben. Daher steht unsere gesamte Arbeit unter dem Slogan \u201eMenschen erleben Gott\u201c.\" \/>\n<meta property=\"og:url\" content=\"https:\/\/cbndeutschland.org\/de\/spendenlauf-tuerkei\/\" \/>\n<meta property=\"og:site_name\" content=\"CBN Deutschland\" \/>\n<meta property=\"article:modified_time\" content=\"2023-02-23T16:29:17+00:00\" \/>\n<meta name=\"twitter:card\" content=\"summary_large_image\" \/>\n<meta name=\"twitter:label1\" content=\"Est. reading time\" \/>\n\t<meta name=\"twitter:data1\" content=\"2 Minuten\" \/>\n<script type=\"application\/ld+json\" class=\"yoast-schema-graph\">{\"@context\":\"https:\/\/schema.org\",\"@graph\":[{\"@type\":\"WebPage\",\"@id\":\"https:\/\/cbndeutschland.org\/de\/spendenlauf-tuerkei\/\",\"url\":\"https:\/\/cbndeutschland.org\/de\/spendenlauf-tuerkei\/\",\"name\":\"Spendenlauf f\u00fcr Erdbebenopfer in der T\u00fcrkei - CBN Deutschland\",\"isPartOf\":{\"@id\":\"https:\/\/cbndeutschland.org\/de\/#website\"},\"datePublished\":\"2023-02-23T10:00:49+00:00\",\"dateModified\":\"2023-02-23T16:29:17+00:00\",\"description\":\"Unsere Vision und Mission bei CBN DEUTSCHLAND ist, dass Menschen Gott erleben. Daher steht unsere gesamte Arbeit unter dem Slogan \u201eMenschen erleben Gott\u201c.\",\"breadcrumb\":{\"@id\":\"https:\/\/cbndeutschland.org\/de\/spendenlauf-tuerkei\/#breadcrumb\"},\"inLanguage\":\"de-DE\",\"potentialAction\":[{\"@type\":\"ReadAction\",\"target\":[\"https:\/\/cbndeutschland.org\/de\/spendenlauf-tuerkei\/\"]}]},{\"@type\":\"BreadcrumbList\",\"@id\":\"https:\/\/cbndeutschland.org\/de\/spendenlauf-tuerkei\/#breadcrumb\",\"itemListElement\":[{\"@type\":\"ListItem\",\"position\":1,\"name\":\"Startseite\",\"item\":\"https:\/\/cbndeutschland.org\/de\/\"},{\"@type\":\"ListItem\",\"position\":2,\"name\":\"Spendenlauf f\u00fcr Erdbebenopfer in der T\u00fcrkei\"}]},{\"@type\":\"WebSite\",\"@id\":\"https:\/\/cbndeutschland.org\/de\/#website\",\"url\":\"https:\/\/cbndeutschland.org\/de\/\",\"name\":\"CBN Deutschland\",\"description\":\"CBN Deutschland\",\"publisher\":{\"@id\":\"https:\/\/cbndeutschland.org\/de\/#organization\"},\"potentialAction\":[{\"@type\":\"SearchAction\",\"target\":{\"@type\":\"EntryPoint\",\"urlTemplate\":\"https:\/\/cbndeutschland.org\/de\/?s={search_term_string}\"},\"query-input\":{\"@type\":\"PropertyValueSpecification\",\"valueRequired\":true,\"valueName\":\"search_term_string\"}}],\"inLanguage\":\"de-DE\"},{\"@type\":\"Organization\",\"@id\":\"https:\/\/cbndeutschland.org\/de\/#organization\",\"name\":\"CBN Deutschland\",\"url\":\"https:\/\/cbndeutschland.org\/de\/\",\"logo\":{\"@type\":\"ImageObject\",\"inLanguage\":\"de-DE\",\"@id\":\"https:\/\/cbndeutschland.org\/de\/#\/schema\/logo\/image\/\",\"url\":\"https:\/\/cbndeutschland.org\/wp-content\/uploads\/2017\/02\/cbn-logo-web-blue.png\",\"contentUrl\":\"https:\/\/cbndeutschland.org\/wp-content\/uploads\/2017\/02\/cbn-logo-web-blue.png\",\"width\":385,\"height\":55,\"caption\":\"CBN Deutschland\"},\"image\":{\"@id\":\"https:\/\/cbndeutschland.org\/de\/#\/schema\/logo\/image\/\"}}]}<\/script>\n<!-- \/ Yoast SEO plugin. -->","yoast_head_json":{"title":"Spendenlauf f\u00fcr Erdbebenopfer in der T\u00fcrkei - CBN Deutschland","description":"Unsere Vision und Mission bei CBN DEUTSCHLAND ist, dass Menschen Gott erleben. Daher steht unsere gesamte Arbeit unter dem Slogan \u201eMenschen erleben Gott\u201c.","robots":{"index":"index","follow":"follow","max-snippet":"max-snippet:-1","max-image-preview":"max-image-preview:large","max-video-preview":"max-video-preview:-1"},"canonical":"https:\/\/cbndeutschland.org\/de\/spendenlauf-tuerkei\/","og_locale":"de_DE","og_type":"article","og_title":"Spendenlauf f\u00fcr Erdbebenopfer in der T\u00fcrkei - CBN Deutschland","og_description":"Unsere Vision und Mission bei CBN DEUTSCHLAND ist, dass Menschen Gott erleben. Daher steht unsere gesamte Arbeit unter dem Slogan \u201eMenschen erleben Gott\u201c.","og_url":"https:\/\/cbndeutschland.org\/de\/spendenlauf-tuerkei\/","og_site_name":"CBN Deutschland","article_modified_time":"2023-02-23T16:29:17+00:00","twitter_card":"summary_large_image","twitter_misc":{"Est. reading time":"2 Minuten"},"schema":{"@context":"https:\/\/schema.org","@graph":[{"@type":"WebPage","@id":"https:\/\/cbndeutschland.org\/de\/spendenlauf-tuerkei\/","url":"https:\/\/cbndeutschland.org\/de\/spendenlauf-tuerkei\/","name":"Spendenlauf f\u00fcr Erdbebenopfer in der T\u00fcrkei - CBN Deutschland","isPartOf":{"@id":"https:\/\/cbndeutschland.org\/de\/#website"},"datePublished":"2023-02-23T10:00:49+00:00","dateModified":"2023-02-23T16:29:17+00:00","description":"Unsere Vision und Mission bei CBN DEUTSCHLAND ist, dass Menschen Gott erleben. Daher steht unsere gesamte Arbeit unter dem Slogan \u201eMenschen erleben Gott\u201c.","breadcrumb":{"@id":"https:\/\/cbndeutschland.org\/de\/spendenlauf-tuerkei\/#breadcrumb"},"inLanguage":"de-DE","potentialAction":[{"@type":"ReadAction","target":["https:\/\/cbndeutschland.org\/de\/spendenlauf-tuerkei\/"]}]},{"@type":"BreadcrumbList","@id":"https:\/\/cbndeutschland.org\/de\/spendenlauf-tuerkei\/#breadcrumb","itemListElement":[{"@type":"ListItem","position":1,"name":"Startseite","item":"https:\/\/cbndeutschland.org\/de\/"},{"@type":"ListItem","position":2,"name":"Spendenlauf f\u00fcr Erdbebenopfer in der T\u00fcrkei"}]},{"@type":"WebSite","@id":"https:\/\/cbndeutschland.org\/de\/#website","url":"https:\/\/cbndeutschland.org\/de\/","name":"CBN Deutschland","description":"CBN Deutschland","publisher":{"@id":"https:\/\/cbndeutschland.org\/de\/#organization"},"potentialAction":[{"@type":"SearchAction","target":{"@type":"EntryPoint","urlTemplate":"https:\/\/cbndeutschland.org\/de\/?s={search_term_string}"},"query-input":{"@type":"PropertyValueSpecification","valueRequired":true,"valueName":"search_term_string"}}],"inLanguage":"de-DE"},{"@type":"Organization","@id":"https:\/\/cbndeutschland.org\/de\/#organization","name":"CBN Deutschland","url":"https:\/\/cbndeutschland.org\/de\/","logo":{"@type":"ImageObject","inLanguage":"de-DE","@id":"https:\/\/cbndeutschland.org\/de\/#\/schema\/logo\/image\/","url":"https:\/\/cbndeutschland.org\/wp-content\/uploads\/2017\/02\/cbn-logo-web-blue.png","contentUrl":"https:\/\/cbndeutschland.org\/wp-content\/uploads\/2017\/02\/cbn-logo-web-blue.png","width":385,"height":55,"caption":"CBN Deutschland"},"image":{"@id":"https:\/\/cbndeutschland.org\/de\/#\/schema\/logo\/image\/"}}]}},"_links":{"self":[{"href":"https:\/\/cbndeutschland.org\/de\/wp-json\/wp\/v2\/pages\/10835","targetHints":{"allow":["GET"]}}],"collection":[{"href":"https:\/\/cbndeutschland.org\/de\/wp-json\/wp\/v2\/pages"}],"about":[{"href":"https:\/\/cbndeutschland.org\/de\/wp-json\/wp\/v2\/types\/page"}],"author":[{"embeddable":true,"href":"https:\/\/cbndeutschland.org\/de\/wp-json\/wp\/v2\/users\/2"}],"replies":[{"embeddable":true,"href":"https:\/\/cbndeutschland.org\/de\/wp-json\/wp\/v2\/comments?post=10835"}],"version-history":[{"count":60,"href":"https:\/\/cbndeutschland.org\/de\/wp-json\/wp\/v2\/pages\/10835\/revisions"}],"predecessor-version":[{"id":10974,"href":"https:\/\/cbndeutschland.org\/de\/wp-json\/wp\/v2\/pages\/10835\/revisions\/10974"}],"wp:attachment":[{"href":"https:\/\/cbndeutschland.org\/de\/wp-json\/wp\/v2\/media?parent=10835"}],"curies":[{"name":"wp","href":"https:\/\/api.w.org\/{rel}","templated":true}]}}