{"id":10694,"date":"2023-02-07T12:18:55","date_gmt":"2023-02-07T11:18:55","guid":{"rendered":"https:\/\/cbndeutschland.org\/?page_id=10694"},"modified":"2024-02-22T17:04:06","modified_gmt":"2024-02-22T16:04:06","slug":"spenden-tuerkei","status":"publish","type":"page","link":"https:\/\/cbndeutschland.org\/de\/spenden-tuerkei\/","title":{"rendered":"Katastrophenhilfe nach Erdbeben in der T\u00fcrkei und Syrien \u2013 Helfen Sie jetzt"},"content":{"rendered":"<div class=\"wpb-content-wrapper\">[vc_row fullwidth=&#8220;true&#8220;][vc_column visibility=&#8220;hidden-sm&#8220;][vc_single_image image=&#8220;10879&#8243; img_size=&#8220;full&#8220; alignment=&#8220;center&#8220;][\/vc_column][\/vc_row][vc_row fullwidth=&#8220;true&#8220;][vc_column visibility=&#8220;visible-sm&#8220;][vc_single_image image=&#8220;10740&#8243; img_size=&#8220;full&#8220; alignment=&#8220;center&#8220;][\/vc_column][\/vc_row][vc_row][vc_column][vc_btn title=&#8220;JETZT SPENDEN&#8220; color=&#8220;primary&#8220; align=&#8220;center&#8220; link=&#8220;url:%23SpendeTuerkei&#8220;][vc_empty_space el_id=&#8220;SpendeUkraine&#8220;][vc_column_text css=&#8220;.vc_custom_1675801313850{margin-bottom: 0px !important;}&#8220;]\n<h1 style=\"text-align: center; color: #2c35dd;\"><strong>Die T\u00fcrkei und Syrien brauchen Ihre Hilfe!<\/strong><\/h1>\n[\/vc_column_text][vc_column_text css=&#8220;.vc_custom_1676443312341{margin-bottom: 0px !important;}&#8220;]<strong><span class=\"TextRun SCXW70488557 BCX0\" lang=\"DE-DE\" xml:lang=\"DE-DE\" data-contrast=\"none\"><span class=\"NormalTextRun SCXW70488557 BCX0\">Ein massives Erdbeben ersch\u00fctterte in der Nacht zu Montag, dem 06.02.2023, das Grenzgebiet von T\u00fcrkei und Syrien. Das zweitschwerste Erdbeben in der Geschichte der Region hinterlie\u00df ein Feld der Verw\u00fcstung. Zahlreiche Geb\u00e4ude st\u00fcrzten ein und begruben die Menschen unter sich, die im Schlaf von der Katastrophe \u00fcberrascht wurden. Es gibt zehntausende Verletzte, die Krankenh\u00e4user sind \u00fcberf\u00fcllt. Mehr als 40.000 Tote sind bereits zu beklagen, die Zahlen steigen<\/span><span class=\"NormalTextRun SCXW70488557 BCX0\"> weiter. <\/span><\/span><span class=\"EOP SCXW70488557 BCX0\" data-ccp-props=\"{&quot;201341983&quot;:0,&quot;335559739&quot;:160,&quot;335559740&quot;:259}\">\u00a0<\/span><\/strong>[\/vc_column_text][vc_column_text css=&#8220;.vc_custom_1676443336922{margin-bottom: 0px !important;}&#8220;]<span data-contrast=\"none\">Einsatzkr\u00e4fte aus aller Welt str\u00f6men in das Krisengebiet, um mit aller Kraft der Bev\u00f6lkerung beizustehen, Opfer zu bergen und Nothilfe zu leisten.<\/span> <span data-contrast=\"none\">Auch CBN ist als erfahrene Organisation in der Katastrophenhilfe bereits mit Einsatzkr\u00e4ften vor Ort, um aktiv Hilfe zu leisten und weitere Ma\u00dfnahmen zu koordinieren. Ein erstes Team flog bereits wenige Stunden nach der Katastrophe ins Krisengebiet, die Taschen bepackt mit Solarlampen und Ausr\u00fcstung zur Herstellung von sauberem Trinkwasser. Jede Hilfe wird ben\u00f6tigt. Diego Traverso von CBN gibt ein Update aus dem Katastrophengebiet:<\/span>[\/vc_column_text][vc_row_inner][vc_column_inner][vc_empty_space el_id=&#8220;SpendeTuerkei&#8220;][\/vc_column_inner][\/vc_row_inner][\/vc_column][\/vc_row][vc_row][vc_column width=&#8220;1\/2&#8243;][vc_video link=&#8220;https:\/\/youtu.be\/A2Hp8yIP2Qo&#8220;][vc_empty_space][\/vc_column][vc_column width=&#8220;1\/2&#8243;][vc_video link=&#8220;https:\/\/youtu.be\/M5stnQO2Pec&#8220;][vc_empty_space][\/vc_column][\/vc_row][vc_row][vc_column][\/vc_column][\/vc_row][vc_row fullwidth=&#8220;true&#8220; css=&#8220;.vc_custom_1708617545737{background-color: #f2f2f2 !important;}&#8220;][vc_column width=&#8220;1\/4&#8243;][\/vc_column][vc_column width=&#8220;1\/2&#8243;][vc_empty_space][\/vc_column][vc_column width=&#8220;1\/4&#8243;][\/vc_column][\/vc_row][vc_row fullwidth=&#8220;true&#8220; css=&#8220;.vc_custom_1708617545737{background-color: #f2f2f2 !important;}&#8220;][vc_column width=&#8220;1\/4&#8243;][\/vc_column][vc_column width=&#8220;1\/2&#8243; css=&#8220;.vc_custom_1708617681786{background-color: #ffffff !important;}&#8220;][vc_empty_space][vc_column_text css=&#8220;.vc_custom_1708617786482{margin-bottom: 0px !important;}&#8220;]\n<h2 style=\"text-align: center;\"><strong>Helfen Sie mit Ihrer Spende den Menschen in Katastrophengebieten. <\/strong><\/h2>\n<p>&nbsp;<\/p>\n<p style=\"text-align: center; font-size: 140%;\"><strong>Jede Spende z\u00e4hlt. Lassen wir die Betroffenen wissen, dass sie in dieser schweren Zeit nicht allein sind, sondern dass wir an ihrer Seite stehen.\u00a0<\/strong><\/p>\n[\/vc_column_text][vc_empty_space][vc_raw_js]JTVCdHdpbmdsZSUyMHByb2plY3QlM0QlMjJ0dzY1ZDc2NDM2ZGZiMTclMjIlMjB0eXBlJTNEZm9ybSU1RA==[\/vc_raw_js][vc_column_text css=&#8220;.vc_custom_1708617059100{margin-bottom: 0px !important;}&#8220;]\n<p style=\"text-align: center; font-size: 90%;\">Ihre Spende an CBN Deutschland k\u00f6nnen Sie steuerlich geltend machen.<\/p>\n[\/vc_column_text][vc_empty_space][vc_column_text css=&#8220;.vc_custom_1708617478593{margin-bottom: 0px !important;}&#8220;]\n<p style=\"font-size: 200%; text-align: center; color: #2c35dd;\"><strong>Danke f\u00fcr alles, was sie geben!<\/strong><\/p>\n[\/vc_column_text][vc_empty_space height=&#8220;50px&#8220;][\/vc_column][vc_column width=&#8220;1\/4&#8243;][\/vc_column][\/vc_row][vc_row fullwidth=&#8220;true&#8220; css=&#8220;.vc_custom_1708617545737{background-color: #f2f2f2 !important;}&#8220;][vc_column width=&#8220;1\/4&#8243;][\/vc_column][vc_column width=&#8220;1\/2&#8243;][vc_empty_space][\/vc_column][vc_column width=&#8220;1\/4&#8243;][\/vc_column][\/vc_row]\n<\/div>","protected":false},"excerpt":{"rendered":"<p>[vc_row fullwidth=&#8220;true&#8220;][vc_column visibility=&#8220;hidden-sm&#8220;][vc_single_image image=&#8220;10879&#8243; img_size=&#8220;full&#8220; alignment=&#8220;center&#8220;][\/vc_column][\/vc_row][vc_row fullwidth=&#8220;true&#8220;][vc_column visibility=&#8220;visible-sm&#8220;][vc_single_image image=&#8220;10740&#8243; img_size=&#8220;full&#8220; alignment=&#8220;center&#8220;][\/vc_column][\/vc_row][vc_row][vc_column][vc_btn title=&#8220;JETZT SPENDEN&#8220; color=&#8220;primary&#8220; align=&#8220;center&#8220; link=&#8220;url:%23SpendeTuerkei&#8220;][vc_empty_space el_id=&#8220;SpendeUkraine&#8220;][vc_column_text css=&#8220;.vc_custom_1675801313850{margin-bottom: 0px !important;}&#8220;] Die T\u00fcrkei und Syrien brauchen Ihre Hilfe! [\/vc_column_text][vc_column_text css=&#8220;.vc_custom_1676443312341{margin-bottom: 0px !important;}&#8220;]Ein massives Erdbeben ersch\u00fctterte in der Nacht zu Montag, dem 06.02.2023, das Grenzgebiet von T\u00fcrkei und Syrien. Das zweitschwerste Erdbeben in der Geschichte der Region [&hellip;]<\/p>\n","protected":false},"author":2,"featured_media":0,"parent":0,"menu_order":0,"comment_status":"closed","ping_status":"closed","template":"","meta":{"footnotes":"","_links_to":"","_links_to_target":""},"class_list":["post-10694","page","type-page","status-publish","hentry"],"yoast_head":"<!-- This site is optimized with the Yoast SEO plugin v27.1.1 - https:\/\/yoast.com\/product\/yoast-seo-wordpress\/ -->\n<title>Spenden f\u00fcr T\u00fcrkei &amp; Syrien | Katastrophenhilfe - CBN Deutschland<\/title>\n<meta name=\"description\" content=\"Helfen Sie nach dem Erdbeben der Bev\u00f6lkerung in der T\u00fcrkei und Syrien. Jede Spende z\u00e4hlt. CBN ist mit Teams vor Ort, um aktiv Hilfe zu leisten.\" \/>\n<meta name=\"robots\" content=\"index, follow, max-snippet:-1, max-image-preview:large, max-video-preview:-1\" \/>\n<link rel=\"canonical\" href=\"https:\/\/cbndeutschland.org\/de\/spenden-tuerkei\/\" \/>\n<meta property=\"og:locale\" content=\"de_DE\" \/>\n<meta property=\"og:type\" content=\"article\" \/>\n<meta property=\"og:title\" content=\"Spenden f\u00fcr T\u00fcrkei &amp; Syrien | Katastrophenhilfe - CBN Deutschland\" \/>\n<meta property=\"og:description\" content=\"Helfen Sie nach dem Erdbeben der Bev\u00f6lkerung in der T\u00fcrkei und Syrien. Jede Spende z\u00e4hlt. CBN ist mit Teams vor Ort, um aktiv Hilfe zu leisten.\" \/>\n<meta property=\"og:url\" content=\"https:\/\/cbndeutschland.org\/de\/spenden-tuerkei\/\" \/>\n<meta property=\"og:site_name\" content=\"CBN Deutschland\" \/>\n<meta property=\"article:modified_time\" content=\"2024-02-22T16:04:06+00:00\" \/>\n<meta name=\"twitter:card\" content=\"summary_large_image\" \/>\n<meta name=\"twitter:label1\" content=\"Est. reading time\" \/>\n\t<meta name=\"twitter:data1\" content=\"2 Minuten\" \/>\n<script type=\"application\/ld+json\" class=\"yoast-schema-graph\">{\"@context\":\"https:\/\/schema.org\",\"@graph\":[{\"@type\":\"WebPage\",\"@id\":\"https:\/\/cbndeutschland.org\/de\/spenden-tuerkei\/\",\"url\":\"https:\/\/cbndeutschland.org\/de\/spenden-tuerkei\/\",\"name\":\"Spenden f\u00fcr T\u00fcrkei & Syrien | Katastrophenhilfe - CBN Deutschland\",\"isPartOf\":{\"@id\":\"https:\/\/cbndeutschland.org\/de\/#website\"},\"datePublished\":\"2023-02-07T11:18:55+00:00\",\"dateModified\":\"2024-02-22T16:04:06+00:00\",\"description\":\"Helfen Sie nach dem Erdbeben der Bev\u00f6lkerung in der T\u00fcrkei und Syrien. Jede Spende z\u00e4hlt. CBN ist mit Teams vor Ort, um aktiv Hilfe zu leisten.\",\"breadcrumb\":{\"@id\":\"https:\/\/cbndeutschland.org\/de\/spenden-tuerkei\/#breadcrumb\"},\"inLanguage\":\"de-DE\",\"potentialAction\":[{\"@type\":\"ReadAction\",\"target\":[\"https:\/\/cbndeutschland.org\/de\/spenden-tuerkei\/\"]}]},{\"@type\":\"BreadcrumbList\",\"@id\":\"https:\/\/cbndeutschland.org\/de\/spenden-tuerkei\/#breadcrumb\",\"itemListElement\":[{\"@type\":\"ListItem\",\"position\":1,\"name\":\"Startseite\",\"item\":\"https:\/\/cbndeutschland.org\/de\/\"},{\"@type\":\"ListItem\",\"position\":2,\"name\":\"Katastrophenhilfe nach Erdbeben in der T\u00fcrkei und Syrien \u2013 Helfen Sie jetzt\"}]},{\"@type\":\"WebSite\",\"@id\":\"https:\/\/cbndeutschland.org\/de\/#website\",\"url\":\"https:\/\/cbndeutschland.org\/de\/\",\"name\":\"CBN Deutschland\",\"description\":\"CBN Deutschland\",\"publisher\":{\"@id\":\"https:\/\/cbndeutschland.org\/de\/#organization\"},\"potentialAction\":[{\"@type\":\"SearchAction\",\"target\":{\"@type\":\"EntryPoint\",\"urlTemplate\":\"https:\/\/cbndeutschland.org\/de\/?s={search_term_string}\"},\"query-input\":{\"@type\":\"PropertyValueSpecification\",\"valueRequired\":true,\"valueName\":\"search_term_string\"}}],\"inLanguage\":\"de-DE\"},{\"@type\":\"Organization\",\"@id\":\"https:\/\/cbndeutschland.org\/de\/#organization\",\"name\":\"CBN Deutschland\",\"url\":\"https:\/\/cbndeutschland.org\/de\/\",\"logo\":{\"@type\":\"ImageObject\",\"inLanguage\":\"de-DE\",\"@id\":\"https:\/\/cbndeutschland.org\/de\/#\/schema\/logo\/image\/\",\"url\":\"https:\/\/cbndeutschland.org\/wp-content\/uploads\/2017\/02\/cbn-logo-web-blue.png\",\"contentUrl\":\"https:\/\/cbndeutschland.org\/wp-content\/uploads\/2017\/02\/cbn-logo-web-blue.png\",\"width\":385,\"height\":55,\"caption\":\"CBN Deutschland\"},\"image\":{\"@id\":\"https:\/\/cbndeutschland.org\/de\/#\/schema\/logo\/image\/\"}}]}<\/script>\n<!-- \/ Yoast SEO plugin. -->","yoast_head_json":{"title":"Spenden f\u00fcr T\u00fcrkei & Syrien | Katastrophenhilfe - CBN Deutschland","description":"Helfen Sie nach dem Erdbeben der Bev\u00f6lkerung in der T\u00fcrkei und Syrien. Jede Spende z\u00e4hlt. CBN ist mit Teams vor Ort, um aktiv Hilfe zu leisten.","robots":{"index":"index","follow":"follow","max-snippet":"max-snippet:-1","max-image-preview":"max-image-preview:large","max-video-preview":"max-video-preview:-1"},"canonical":"https:\/\/cbndeutschland.org\/de\/spenden-tuerkei\/","og_locale":"de_DE","og_type":"article","og_title":"Spenden f\u00fcr T\u00fcrkei & Syrien | Katastrophenhilfe - CBN Deutschland","og_description":"Helfen Sie nach dem Erdbeben der Bev\u00f6lkerung in der T\u00fcrkei und Syrien. Jede Spende z\u00e4hlt. CBN ist mit Teams vor Ort, um aktiv Hilfe zu leisten.","og_url":"https:\/\/cbndeutschland.org\/de\/spenden-tuerkei\/","og_site_name":"CBN Deutschland","article_modified_time":"2024-02-22T16:04:06+00:00","twitter_card":"summary_large_image","twitter_misc":{"Est. reading time":"2 Minuten"},"schema":{"@context":"https:\/\/schema.org","@graph":[{"@type":"WebPage","@id":"https:\/\/cbndeutschland.org\/de\/spenden-tuerkei\/","url":"https:\/\/cbndeutschland.org\/de\/spenden-tuerkei\/","name":"Spenden f\u00fcr T\u00fcrkei & Syrien | Katastrophenhilfe - CBN Deutschland","isPartOf":{"@id":"https:\/\/cbndeutschland.org\/de\/#website"},"datePublished":"2023-02-07T11:18:55+00:00","dateModified":"2024-02-22T16:04:06+00:00","description":"Helfen Sie nach dem Erdbeben der Bev\u00f6lkerung in der T\u00fcrkei und Syrien. Jede Spende z\u00e4hlt. CBN ist mit Teams vor Ort, um aktiv Hilfe zu leisten.","breadcrumb":{"@id":"https:\/\/cbndeutschland.org\/de\/spenden-tuerkei\/#breadcrumb"},"inLanguage":"de-DE","potentialAction":[{"@type":"ReadAction","target":["https:\/\/cbndeutschland.org\/de\/spenden-tuerkei\/"]}]},{"@type":"BreadcrumbList","@id":"https:\/\/cbndeutschland.org\/de\/spenden-tuerkei\/#breadcrumb","itemListElement":[{"@type":"ListItem","position":1,"name":"Startseite","item":"https:\/\/cbndeutschland.org\/de\/"},{"@type":"ListItem","position":2,"name":"Katastrophenhilfe nach Erdbeben in der T\u00fcrkei und Syrien \u2013 Helfen Sie jetzt"}]},{"@type":"WebSite","@id":"https:\/\/cbndeutschland.org\/de\/#website","url":"https:\/\/cbndeutschland.org\/de\/","name":"CBN Deutschland","description":"CBN Deutschland","publisher":{"@id":"https:\/\/cbndeutschland.org\/de\/#organization"},"potentialAction":[{"@type":"SearchAction","target":{"@type":"EntryPoint","urlTemplate":"https:\/\/cbndeutschland.org\/de\/?s={search_term_string}"},"query-input":{"@type":"PropertyValueSpecification","valueRequired":true,"valueName":"search_term_string"}}],"inLanguage":"de-DE"},{"@type":"Organization","@id":"https:\/\/cbndeutschland.org\/de\/#organization","name":"CBN Deutschland","url":"https:\/\/cbndeutschland.org\/de\/","logo":{"@type":"ImageObject","inLanguage":"de-DE","@id":"https:\/\/cbndeutschland.org\/de\/#\/schema\/logo\/image\/","url":"https:\/\/cbndeutschland.org\/wp-content\/uploads\/2017\/02\/cbn-logo-web-blue.png","contentUrl":"https:\/\/cbndeutschland.org\/wp-content\/uploads\/2017\/02\/cbn-logo-web-blue.png","width":385,"height":55,"caption":"CBN Deutschland"},"image":{"@id":"https:\/\/cbndeutschland.org\/de\/#\/schema\/logo\/image\/"}}]}},"_links":{"self":[{"href":"https:\/\/cbndeutschland.org\/de\/wp-json\/wp\/v2\/pages\/10694","targetHints":{"allow":["GET"]}}],"collection":[{"href":"https:\/\/cbndeutschland.org\/de\/wp-json\/wp\/v2\/pages"}],"about":[{"href":"https:\/\/cbndeutschland.org\/de\/wp-json\/wp\/v2\/types\/page"}],"author":[{"embeddable":true,"href":"https:\/\/cbndeutschland.org\/de\/wp-json\/wp\/v2\/users\/2"}],"replies":[{"embeddable":true,"href":"https:\/\/cbndeutschland.org\/de\/wp-json\/wp\/v2\/comments?post=10694"}],"version-history":[{"count":50,"href":"https:\/\/cbndeutschland.org\/de\/wp-json\/wp\/v2\/pages\/10694\/revisions"}],"predecessor-version":[{"id":13025,"href":"https:\/\/cbndeutschland.org\/de\/wp-json\/wp\/v2\/pages\/10694\/revisions\/13025"}],"wp:attachment":[{"href":"https:\/\/cbndeutschland.org\/de\/wp-json\/wp\/v2\/media?parent=10694"}],"curies":[{"name":"wp","href":"https:\/\/api.w.org\/{rel}","templated":true}]}}